{"id":46,"date":"2014-09-17T16:53:45","date_gmt":"2014-09-17T16:53:45","guid":{"rendered":"http:\/\/agora.xtec.cat\/insaltfoix\/?page_id=46"},"modified":"2025-12-15T11:21:24","modified_gmt":"2025-12-15T10:21:24","slug":"organigrama","status":"publish","type":"page","link":"https:\/\/agora.xtec.cat\/insaltfoix\/linstitut\/organigrama\/","title":{"rendered":"Organigrama"},"content":{"rendered":"<h6>Equip directiu<\/h6>\n<ul>\n<li>Director: Jordi del Barrio<\/li>\n<li>Cap d&#8217;estudis: Isabel Riera<\/li>\n<li>Secret\u00e0ria: Eva Aud\u00ed<\/li>\n<li>Coordinadora pedag\u00f2gica: Joana Pena<\/li>\n<\/ul>\n<h6>Coordinadors\/es de nivell<\/h6>\n<ul>\n<li>Primer d&#8217;ESO: Elvira Raim\u00ednguez<\/li>\n<li>Segon d&#8217;ESO: Carla Chiloeches<\/li>\n<li>Tercer d&#8217;ESO: Judith Tutusaus<\/li>\n<li>Quart d&#8217;ESO: Luc\u00eda Godoy<\/li>\n<li>Batxillerat: Laia Castej\u00f3n<\/li>\n<\/ul>\n<h6>Caps de seminari<\/h6>\n<ul>\n<li>Llengua catalana: Luc\u00eda Godoy<\/li>\n<li>Llengua castellana: M\u00f2nica Zan\u00f3n<\/li>\n<li>Lleng\u00fces estrangeres: Roser Saperas<\/li>\n<li>Matem\u00e0tiques: Santiago Cucala<\/li>\n<li>Ci\u00e8ncies naturals: Isabel Moreno<\/li>\n<li>Tecnologia: F\u00e8lix Casanellas<\/li>\n<li>Ci\u00e8ncies socials: Albert Labranya<\/li>\n<li>Expressi\u00f3: Cristina Oliv\u00e9<\/li>\n<li>Orientaci\u00f3: Patr\u00edcia de Andr\u00e9s<\/li>\n<\/ul>\n<h6><\/h6>\n<h6>Tutories i cotutories<\/h6>\n<ul>\n<li>1r d&#8217;ESO: F\u00e8lix Casanellas (A); Cecilia Campos (B); Elvira Raim\u00ednguez i Marta Plans (cotutories)<\/li>\n<li>2n d&#8217;ESO: Alejandro Peir\u00f3 (A); Cristina Oliver (B); Carla Chiloeches (C); Isabel Moreno i \u00d3scar Mu\u00f1oz (cotutories)<\/li>\n<li>3r d&#8217;ESO: Judith Tutusaus (A); Joan Roman\u00ed (B) i Imma Juan\u00ed (C); Toni Rigol, \u00c0lex Franco i Santiago Cucala (cotutories)<\/li>\n<li>4t d&#8217;ESO: Cristina Font (A); M\u00e9lanie Miklanek (B); Josep Miquel Ubalde (C); Aleix Prats i Luc\u00eda Godoy (cotutories)<\/li>\n<li>1r de Batxillerat: Carlos Jurado; Albert Labranya (cotutoria)<\/li>\n<li>2n de Batxillerat: Laia Castej\u00f3n; Josep M. Roca (cotutoria)<\/li>\n<\/ul>\n<h6>Personal d&#8217;administraci\u00f3 i serveis<\/h6>\n<ul>\n<li>Secretaria: Consol Barrero<\/li>\n<li>Consergeria: Dolors Tubella<\/li>\n<li>Consergeria: Em\u00edlia Acinas<\/li>\n<\/ul>\n","protected":false},"excerpt":{"rendered":"<p>Equip directiu<\/p>\n<ul>\n<li>Director: Jordi del Barrio<\/li>\n<li>Cap d&#8217;estudis: Isabel Riera<\/li>\n<li>Secret\u00e0ria: Eva Aud\u00ed<\/li>\n<li>Coordinadora pedag\u00f2gica: Joana Pena<\/li>\n<\/ul>\n<p>Coordinadors\/es de nivell<\/p>\n<ul>\n<li>Primer d&#8217;ESO: Elvira Raim\u00ednguez<\/li>\n<li>Segon d&#8217;ESO: Carla Chiloeches<\/li>\n<li>Tercer d&#8217;ESO: Judith Tutusaus<\/li>\n<li>Quart d&#8217;ESO: Luc\u00eda Godoy<\/li>\n<li>Batxillerat: Laia Castej\u00f3n<\/li>\n<\/ul>\n<p>Caps de seminari<\/p>\n<ul>\n<li>Llengua catalana: Luc\u00eda Godoy<\/li>\n<li>Llengua castellana: M\u00f2nica Zan\u00f3n<\/li>\n<li>Lleng\u00fces estrangeres: Roser Saperas<\/li>\n<li>Matem\u00e0tiques: Santiago Cucala<\/li>\n<li>Ci\u00e8ncies naturals: Isabel Moreno<\/li>\n<li>Tecnologia:&hellip;  <a href=\"https:\/\/agora.xtec.cat\/insaltfoix\/linstitut\/organigrama\/\" title=\"Read Organigrama\">Llegeix m\u00e9s\u00bb<\/a><br \/>\n","protected":false},"author":1,"featured_media":0,"parent":19,"menu_order":50,"comment_status":"closed","ping_status":"closed","template":"page-templates\/side-menu.php","meta":{"_bbp_topic_count":0,"_bbp_reply_count":0,"_bbp_total_topic_count":0,"_bbp_total_reply_count":0,"_bbp_voice_count":0,"_bbp_anonymous_reply_count":0,"_bbp_topic_count_hidden":0,"_bbp_reply_count_hidden":0,"_bbp_forum_subforum_count":0,"footnotes":""},"class_list":["post-46","page","type-page","status-publish","hentry"],"post_mailing_queue_ids":[],"_links":{"self":[{"href":"https:\/\/agora.xtec.cat\/insaltfoix\/wp-json\/wp\/v2\/pages\/46","targetHints":{"allow":["GET"]}}],"collection":[{"href":"https:\/\/agora.xtec.cat\/insaltfoix\/wp-json\/wp\/v2\/pages"}],"about":[{"href":"https:\/\/agora.xtec.cat\/insaltfoix\/wp-json\/wp\/v2\/types\/page"}],"author":[{"embeddable":true,"href":"https:\/\/agora.xtec.cat\/insaltfoix\/wp-json\/wp\/v2\/users\/1"}],"replies":[{"embeddable":true,"href":"https:\/\/agora.xtec.cat\/insaltfoix\/wp-json\/wp\/v2\/comments?post=46"}],"version-history":[{"count":6,"href":"https:\/\/agora.xtec.cat\/insaltfoix\/wp-json\/wp\/v2\/pages\/46\/revisions"}],"predecessor-version":[{"id":5239,"href":"https:\/\/agora.xtec.cat\/insaltfoix\/wp-json\/wp\/v2\/pages\/46\/revisions\/5239"}],"up":[{"embeddable":true,"href":"https:\/\/agora.xtec.cat\/insaltfoix\/wp-json\/wp\/v2\/pages\/19"}],"wp:attachment":[{"href":"https:\/\/agora.xtec.cat\/insaltfoix\/wp-json\/wp\/v2\/media?parent=46"}],"curies":[{"name":"wp","href":"https:\/\/api.w.org\/{rel}","templated":true}]}}