{"id":39,"date":"2014-09-17T16:36:44","date_gmt":"2014-09-17T16:36:44","guid":{"rendered":"http:\/\/agora.xtec.cat\/insaltfoix\/?page_id=39"},"modified":"2018-08-11T20:41:18","modified_gmt":"2018-08-11T18:41:18","slug":"instal%c2%b7lacions","status":"publish","type":"page","link":"https:\/\/agora.xtec.cat\/insaltfoix\/linstitut\/instal%c2%b7lacions\/","title":{"rendered":"Instal\u00b7lacions"},"content":{"rendered":"<p>Estem en un edifici constru\u00eft l\u2019any <strong>2014<\/strong> de gai\u00adreb\u00e9 <strong>500<\/strong> m<sup>2<\/sup> de superf\u00edcie \u00fatil, amb <strong>1.155<\/strong> m<sup>2<\/sup> d\u2019aules i una \u00e0rea poliesportiva i recreativa de <strong>1.065<\/strong> m<sup>2<\/sup>, funcional i acollidor que t\u00e9 totes les comoditats i possibilitats que aporta l\u2019arquitectura actual.<\/p>\n<p style=\"text-align: center;\"><a href=\"http:\/\/agora.xtec.cat\/insaltfoix\/wp-content\/uploads\/usu1745\/2014\/09\/Exterior.jpg\"><img loading=\"lazy\" decoding=\"async\" class=\"alignnone size-full wp-image-576\" src=\"http:\/\/agora.xtec.cat\/insaltfoix\/wp-content\/uploads\/usu1745\/2014\/09\/Exterior.jpg\" alt=\"\" width=\"600\" height=\"450\" srcset=\"https:\/\/agora.xtec.cat\/insaltfoix\/wp-content\/uploads\/usu1745\/2014\/09\/Exterior.jpg 600w, https:\/\/agora.xtec.cat\/insaltfoix\/wp-content\/uploads\/usu1745\/2014\/09\/Exterior-300x225.jpg 300w, https:\/\/agora.xtec.cat\/insaltfoix\/wp-content\/uploads\/usu1745\/2014\/09\/Exterior-200x150.jpg 200w\" sizes=\"auto, (max-width: 600px) 100vw, 600px\" \/><\/a><\/p>\n<p>Tenim <strong>13 aules de grup classe<\/strong> i <strong>2<\/strong> m\u00e9s de <strong>grup redu\u00eft<\/strong>, totes elles dotades d\u2019ordinador port\u00e0til i pissarra digital. Tamb\u00e9 comptem amb <strong>9 aules espec\u00edfiques<\/strong>: biblioteca escolar, inform\u00e0tica, tecnologia, taller, laboratori, m\u00fasica, visual i pl\u00e0stica, SIEI (Suport Intensiu a l&#8217;Educaci\u00f3 Inclusiva), treball IOC (Institut Obert de Catalunya), a part d\u2019aules destinades a grups petits i tutories individualitzades, carros d\u2019ordinadors port\u00e0tils.<\/p>\n<p style=\"text-align: center;\"><a href=\"http:\/\/agora.xtec.cat\/insaltfoix\/wp-content\/uploads\/usu1745\/2014\/09\/Inform\u00e0tica.jpg\"><img loading=\"lazy\" decoding=\"async\" class=\"alignnone size-full wp-image-577\" src=\"http:\/\/agora.xtec.cat\/insaltfoix\/wp-content\/uploads\/usu1745\/2014\/09\/Inform\u00e0tica.jpg\" alt=\"\" width=\"600\" height=\"450\" srcset=\"https:\/\/agora.xtec.cat\/insaltfoix\/wp-content\/uploads\/usu1745\/2014\/09\/Inform\u00e0tica.jpg 600w, https:\/\/agora.xtec.cat\/insaltfoix\/wp-content\/uploads\/usu1745\/2014\/09\/Inform\u00e0tica-300x225.jpg 300w, https:\/\/agora.xtec.cat\/insaltfoix\/wp-content\/uploads\/usu1745\/2014\/09\/Inform\u00e0tica-200x150.jpg 200w\" sizes=\"auto, (max-width: 600px) 100vw, 600px\" \/><\/a><\/p>\n<p>Per a la gesti\u00f3 disposem de <strong>m\u00faltiples espais<\/strong>: sala d\u2019actes, sala de professorat, admi\u00adnistraci\u00f3, consergeria \/ copisteria, 3 departaments, 2 despatxos de direcci\u00f3 i 2 de tuto\u00adria. Per a les activitats d\u2019educaci\u00f3 f\u00edsica fem \u00fas del pavell\u00f3 poliesportiu i del camp de futbol municipals.<\/p>\n<p style=\"text-align: center;\"><a href=\"http:\/\/agora.xtec.cat\/insaltfoix\/wp-content\/uploads\/usu1745\/2014\/09\/Sala-profes.jpg\"><img loading=\"lazy\" decoding=\"async\" class=\"alignnone size-full wp-image-578\" src=\"http:\/\/agora.xtec.cat\/insaltfoix\/wp-content\/uploads\/usu1745\/2014\/09\/Sala-profes.jpg\" alt=\"\" width=\"600\" height=\"450\" srcset=\"https:\/\/agora.xtec.cat\/insaltfoix\/wp-content\/uploads\/usu1745\/2014\/09\/Sala-profes.jpg 600w, https:\/\/agora.xtec.cat\/insaltfoix\/wp-content\/uploads\/usu1745\/2014\/09\/Sala-profes-300x225.jpg 300w, https:\/\/agora.xtec.cat\/insaltfoix\/wp-content\/uploads\/usu1745\/2014\/09\/Sala-profes-200x150.jpg 200w\" sizes=\"auto, (max-width: 600px) 100vw, 600px\" \/><\/a><\/p>\n","protected":false},"excerpt":{"rendered":"<p>Estem en un edifici constru\u00eft l\u2019any 2014 de gai\u00adreb\u00e9 500 m2 de superf\u00edcie \u00fatil, amb 1.155 m2 d\u2019aules i una \u00e0rea poliesportiva i recreativa de 1.065 m2, funcional i acollidor que t\u00e9 totes les comoditats i possibilitats que aporta l\u2019arquitectura actual.<br \/>\n<a href=\"http:\/\/agora.xtec.cat\/insaltfoix\/wp-content\/uploads\/usu1745\/2014\/09\/Exterior.jpg\"><\/a><br \/>\nTenim 13 aules de&hellip;  <a href=\"https:\/\/agora.xtec.cat\/insaltfoix\/linstitut\/instal%c2%b7lacions\/\" title=\"Read Instal\u00b7lacions\">Llegeix m\u00e9s\u00bb<\/a><\/p>\n","protected":false},"author":1,"featured_media":0,"parent":19,"menu_order":30,"comment_status":"closed","ping_status":"closed","template":"page-templates\/side-menu.php","meta":{"_bbp_topic_count":0,"_bbp_reply_count":0,"_bbp_total_topic_count":0,"_bbp_total_reply_count":0,"_bbp_voice_count":0,"_bbp_anonymous_reply_count":0,"_bbp_topic_count_hidden":0,"_bbp_reply_count_hidden":0,"_bbp_forum_subforum_count":0,"footnotes":""},"class_list":["post-39","page","type-page","status-publish","hentry"],"post_mailing_queue_ids":[],"_links":{"self":[{"href":"https:\/\/agora.xtec.cat\/insaltfoix\/wp-json\/wp\/v2\/pages\/39","targetHints":{"allow":["GET"]}}],"collection":[{"href":"https:\/\/agora.xtec.cat\/insaltfoix\/wp-json\/wp\/v2\/pages"}],"about":[{"href":"https:\/\/agora.xtec.cat\/insaltfoix\/wp-json\/wp\/v2\/types\/page"}],"author":[{"embeddable":true,"href":"https:\/\/agora.xtec.cat\/insaltfoix\/wp-json\/wp\/v2\/users\/1"}],"replies":[{"embeddable":true,"href":"https:\/\/agora.xtec.cat\/insaltfoix\/wp-json\/wp\/v2\/comments?post=39"}],"version-history":[{"count":2,"href":"https:\/\/agora.xtec.cat\/insaltfoix\/wp-json\/wp\/v2\/pages\/39\/revisions"}],"predecessor-version":[{"id":579,"href":"https:\/\/agora.xtec.cat\/insaltfoix\/wp-json\/wp\/v2\/pages\/39\/revisions\/579"}],"up":[{"embeddable":true,"href":"https:\/\/agora.xtec.cat\/insaltfoix\/wp-json\/wp\/v2\/pages\/19"}],"wp:attachment":[{"href":"https:\/\/agora.xtec.cat\/insaltfoix\/wp-json\/wp\/v2\/media?parent=39"}],"curies":[{"name":"wp","href":"https:\/\/api.w.org\/{rel}","templated":true}]}}