{"id":27,"date":"2014-09-17T16:24:03","date_gmt":"2014-09-17T16:24:03","guid":{"rendered":"http:\/\/agora.xtec.cat\/insaltfoix\/?page_id=27"},"modified":"2018-08-11T20:15:16","modified_gmt":"2018-08-11T18:15:16","slug":"historia","status":"publish","type":"page","link":"https:\/\/agora.xtec.cat\/insaltfoix\/linstitut\/historia\/","title":{"rendered":"Hist\u00f2ria"},"content":{"rendered":"<p>L&#8217;Alt Foix \u00e9s una agrupaci\u00f3 nascuda el 2001 per la necessitat d\u2019aplegar els cinc municipis de la subcomarca: Sant Mart\u00ed Sarroca, Torrelles de Foix, Font-rub\u00ed, Pontons i Vilob\u00ed del Pened\u00e8s. Aquesta uni\u00f3 responia a la necessitat de compartir recursos i personal entre cinc consistoris petits i amb recursos limitats.<\/p>\n<p>L&#8217;Institut de l\u2019Alt Foix va iniciar les seves activitats l\u2019any 2006 com a resultat del projecte de descentralitzaci\u00f3 de Vilafranca, la capital de comarca que va dur a terme el Departament d\u2019Ensenyament. Els representants pol\u00edtics de Vilob\u00ed, per\u00f2, van decidir adscriure el seu alumnat als instituts de Vilafranca del Pened\u00e8s.<\/p>\n<p>Durant els primers cursos el centre va estar instal\u00b7lat en m\u00f2duls prefabricats, ubicats en dues zones diferenciades, fins que el desembre de l&#8217;any 2014 es va realitzar el trasllat a un edifici de nova construcci\u00f3.<\/p>\n<p>En el mateix acte d&#8217;inauguraci\u00f3 de l&#8217;edifici es va comunicar que l&#8217;oferta educativa del centre s&#8217;ampliaria amb el Batxillerat, i aix\u00ed va ser a partir del curs 2015\/2016.<\/p>\n<p>&nbsp;<\/p>\n<p>&nbsp;<\/p>\n<p>&nbsp;<\/p>\n","protected":false},"excerpt":{"rendered":"<p>L&#8217;Alt Foix \u00e9s una agrupaci\u00f3 nascuda el 2001 per la necessitat d\u2019aplegar els cinc municipis de la subcomarca: Sant Mart\u00ed Sarroca, Torrelles de Foix, Font-rub\u00ed, Pontons i Vilob\u00ed del Pened\u00e8s. Aquesta uni\u00f3 responia a la necessitat de compartir recursos i personal entre cinc consistoris petits&hellip;  <a href=\"https:\/\/agora.xtec.cat\/insaltfoix\/linstitut\/historia\/\" title=\"Read Hist\u00f2ria\">Llegeix m\u00e9s\u00bb<\/a><\/p>\n","protected":false},"author":1,"featured_media":0,"parent":19,"menu_order":20,"comment_status":"closed","ping_status":"closed","template":"page-templates\/side-menu.php","meta":{"_bbp_topic_count":0,"_bbp_reply_count":0,"_bbp_total_topic_count":0,"_bbp_total_reply_count":0,"_bbp_voice_count":0,"_bbp_anonymous_reply_count":0,"_bbp_topic_count_hidden":0,"_bbp_reply_count_hidden":0,"_bbp_forum_subforum_count":0,"footnotes":""},"class_list":["post-27","page","type-page","status-publish","hentry"],"post_mailing_queue_ids":[],"_links":{"self":[{"href":"https:\/\/agora.xtec.cat\/insaltfoix\/wp-json\/wp\/v2\/pages\/27","targetHints":{"allow":["GET"]}}],"collection":[{"href":"https:\/\/agora.xtec.cat\/insaltfoix\/wp-json\/wp\/v2\/pages"}],"about":[{"href":"https:\/\/agora.xtec.cat\/insaltfoix\/wp-json\/wp\/v2\/types\/page"}],"author":[{"embeddable":true,"href":"https:\/\/agora.xtec.cat\/insaltfoix\/wp-json\/wp\/v2\/users\/1"}],"replies":[{"embeddable":true,"href":"https:\/\/agora.xtec.cat\/insaltfoix\/wp-json\/wp\/v2\/comments?post=27"}],"version-history":[{"count":3,"href":"https:\/\/agora.xtec.cat\/insaltfoix\/wp-json\/wp\/v2\/pages\/27\/revisions"}],"predecessor-version":[{"id":572,"href":"https:\/\/agora.xtec.cat\/insaltfoix\/wp-json\/wp\/v2\/pages\/27\/revisions\/572"}],"up":[{"embeddable":true,"href":"https:\/\/agora.xtec.cat\/insaltfoix\/wp-json\/wp\/v2\/pages\/19"}],"wp:attachment":[{"href":"https:\/\/agora.xtec.cat\/insaltfoix\/wp-json\/wp\/v2\/media?parent=27"}],"curies":[{"name":"wp","href":"https:\/\/api.w.org\/{rel}","templated":true}]}}