{"id":1864,"date":"2019-02-07T21:23:30","date_gmt":"2019-02-07T20:23:30","guid":{"rendered":"http:\/\/agora.xtec.cat\/insaltfoix\/?page_id=1864"},"modified":"2019-02-07T21:41:50","modified_gmt":"2019-02-07T20:41:50","slug":"revista","status":"publish","type":"page","link":"https:\/\/agora.xtec.cat\/insaltfoix\/revista\/","title":{"rendered":"Revista"},"content":{"rendered":"<p><strong>SomIA<\/strong> (Som Institut Alt Foix), la revista de l&#8217;Institut.<a href=\"https:\/\/agora.xtec.cat\/insaltfoix\/wp-content\/uploads\/usu1745\/2019\/02\/Portada-1.png\"><img loading=\"lazy\" decoding=\"async\" class=\"alignright wp-image-1865 size-medium\" src=\"https:\/\/agora.xtec.cat\/insaltfoix\/wp-content\/uploads\/usu1745\/2019\/02\/Portada-1-300x199.png\" alt=\"\" width=\"300\" height=\"199\" srcset=\"https:\/\/agora.xtec.cat\/insaltfoix\/wp-content\/uploads\/usu1745\/2019\/02\/Portada-1-300x199.png 300w, https:\/\/agora.xtec.cat\/insaltfoix\/wp-content\/uploads\/usu1745\/2019\/02\/Portada-1-768x510.png 768w, https:\/\/agora.xtec.cat\/insaltfoix\/wp-content\/uploads\/usu1745\/2019\/02\/Portada-1-1024x680.png 1024w, https:\/\/agora.xtec.cat\/insaltfoix\/wp-content\/uploads\/usu1745\/2019\/02\/Portada-1.png 1308w\" sizes=\"auto, (max-width: 300px) 100vw, 300px\" \/><\/a><\/p>\n<p align=\"LEFT\"><strong>SomIA<\/strong>: una revista per ser vista i revista, visitada i revisada. Una revista en suport digital, multim\u00e8dia, oberta a la participaci\u00f3 de tota la comunitat i distribu\u00efda a les persones i entitats de l\u2019entorn. Un revista viva, oberta als canvis i a l\u2019evoluci\u00f3.<\/p>\n<p align=\"LEFT\"><strong>SomIA la revista<\/strong>: imagina com la vols i converteix-la en una realitat.<\/p>\n<p align=\"LEFT\"><strong>SomIA, la revista<\/strong>.<\/p>\n<p>&nbsp;<\/p>\n","protected":false},"excerpt":{"rendered":"<p>SomIA (Som Institut Alt Foix), la revista de l&#8217;Institut.<a href=\"https:\/\/agora.xtec.cat\/insaltfoix\/wp-content\/uploads\/usu1745\/2019\/02\/Portada-1.png\"><\/a><br \/>\nSomIA: una revista per ser vista i revista, visitada i revisada. Una revista en suport digital, multim\u00e8dia, oberta a la participaci\u00f3 de tota la comunitat i distribu\u00efda a les persones i entitats de l\u2019entorn. Un revista&hellip;  <a href=\"https:\/\/agora.xtec.cat\/insaltfoix\/revista\/\" title=\"Read Revista\">Llegeix m\u00e9s\u00bb<\/a><\/p>\n","protected":false},"author":1,"featured_media":0,"parent":0,"menu_order":0,"comment_status":"closed","ping_status":"closed","template":"","meta":{"_bbp_topic_count":0,"_bbp_reply_count":0,"_bbp_total_topic_count":0,"_bbp_total_reply_count":0,"_bbp_voice_count":0,"_bbp_anonymous_reply_count":0,"_bbp_topic_count_hidden":0,"_bbp_reply_count_hidden":0,"_bbp_forum_subforum_count":0,"footnotes":""},"class_list":["post-1864","page","type-page","status-publish","hentry"],"post_mailing_queue_ids":[],"_links":{"self":[{"href":"https:\/\/agora.xtec.cat\/insaltfoix\/wp-json\/wp\/v2\/pages\/1864","targetHints":{"allow":["GET"]}}],"collection":[{"href":"https:\/\/agora.xtec.cat\/insaltfoix\/wp-json\/wp\/v2\/pages"}],"about":[{"href":"https:\/\/agora.xtec.cat\/insaltfoix\/wp-json\/wp\/v2\/types\/page"}],"author":[{"embeddable":true,"href":"https:\/\/agora.xtec.cat\/insaltfoix\/wp-json\/wp\/v2\/users\/1"}],"replies":[{"embeddable":true,"href":"https:\/\/agora.xtec.cat\/insaltfoix\/wp-json\/wp\/v2\/comments?post=1864"}],"version-history":[{"count":3,"href":"https:\/\/agora.xtec.cat\/insaltfoix\/wp-json\/wp\/v2\/pages\/1864\/revisions"}],"predecessor-version":[{"id":1877,"href":"https:\/\/agora.xtec.cat\/insaltfoix\/wp-json\/wp\/v2\/pages\/1864\/revisions\/1877"}],"wp:attachment":[{"href":"https:\/\/agora.xtec.cat\/insaltfoix\/wp-json\/wp\/v2\/media?parent=1864"}],"curies":[{"name":"wp","href":"https:\/\/api.w.org\/{rel}","templated":true}]}}