{"id":1044,"date":"2018-09-01T20:58:38","date_gmt":"2018-09-01T18:58:38","guid":{"rendered":"http:\/\/agora.xtec.cat\/insaltfoix\/?page_id=1044"},"modified":"2018-09-02T17:33:06","modified_gmt":"2018-09-02T15:33:06","slug":"activitats-frances-crepes","status":"publish","type":"page","link":"https:\/\/agora.xtec.cat\/insaltfoix\/galeries\/galeries-curs-17-18\/activitats-frances-crepes\/","title":{"rendered":"Activitats Franc\u00e8s: cr\u00eapes"},"content":{"rendered":"<p>L&#8217;alumnat de la mat\u00e8ria optativa de Franc\u00e8s va aprofitar les instal\u00b7lacions de cuina de l&#8217;Institut per elaborar diverses cr\u00e8pes.<\/p>\n\n\t\t<style type=\"text\/css\">\n\t\t\t#gallery-1 {\n\t\t\t\tmargin: auto;\n\t\t\t}\n\t\t\t#gallery-1 .gallery-item {\n\t\t\t\tfloat: left;\n\t\t\t\tmargin-top: 10px;\n\t\t\t\ttext-align: center;\n\t\t\t\twidth: 50%;\n\t\t\t}\n\t\t\t#gallery-1 img {\n\t\t\t\tborder: 2px solid #cfcfcf;\n\t\t\t}\n\t\t\t#gallery-1 .gallery-caption {\n\t\t\t\tmargin-left: 0;\n\t\t\t}\n\t\t\t\/* see gallery_shortcode() in wp-includes\/media.php *\/\n\t\t<\/style>\n\t\t<div id='gallery-1' class='gallery galleryid-1044 gallery-columns-2 gallery-size-full'><dl class='gallery-item'>\n\t\t\t<dt class='gallery-icon portrait'>\n\t\t\t\t<a href='https:\/\/agora.xtec.cat\/insaltfoix\/galeries\/galeries-curs-17-18\/activitats-frances-crepes\/attachment\/img_7119\/'><img loading=\"lazy\" decoding=\"async\" width=\"1024\" height=\"1365\" src=\"https:\/\/agora.xtec.cat\/insaltfoix\/wp-content\/uploads\/usu1745\/2018\/09\/IMG_7119.jpg\" class=\"attachment-full size-full\" alt=\"\" srcset=\"https:\/\/agora.xtec.cat\/insaltfoix\/wp-content\/uploads\/usu1745\/2018\/09\/IMG_7119.jpg 1024w, https:\/\/agora.xtec.cat\/insaltfoix\/wp-content\/uploads\/usu1745\/2018\/09\/IMG_7119-225x300.jpg 225w, https:\/\/agora.xtec.cat\/insaltfoix\/wp-content\/uploads\/usu1745\/2018\/09\/IMG_7119-768x1024.jpg 768w\" sizes=\"auto, (max-width: 1024px) 100vw, 1024px\" \/><\/a>\n\t\t\t<\/dt><\/dl><dl class='gallery-item'>\n\t\t\t<dt class='gallery-icon portrait'>\n\t\t\t\t<a href='https:\/\/agora.xtec.cat\/insaltfoix\/galeries\/galeries-curs-17-18\/activitats-frances-crepes\/attachment\/img_7122\/'><img loading=\"lazy\" decoding=\"async\" width=\"1024\" height=\"1365\" src=\"https:\/\/agora.xtec.cat\/insaltfoix\/wp-content\/uploads\/usu1745\/2018\/09\/IMG_7122.jpg\" class=\"attachment-full size-full\" alt=\"\" srcset=\"https:\/\/agora.xtec.cat\/insaltfoix\/wp-content\/uploads\/usu1745\/2018\/09\/IMG_7122.jpg 1024w, https:\/\/agora.xtec.cat\/insaltfoix\/wp-content\/uploads\/usu1745\/2018\/09\/IMG_7122-225x300.jpg 225w, https:\/\/agora.xtec.cat\/insaltfoix\/wp-content\/uploads\/usu1745\/2018\/09\/IMG_7122-768x1024.jpg 768w\" sizes=\"auto, (max-width: 1024px) 100vw, 1024px\" \/><\/a>\n\t\t\t<\/dt><\/dl><br style=\"clear: both\" \/><dl class='gallery-item'>\n\t\t\t<dt class='gallery-icon portrait'>\n\t\t\t\t<a href='https:\/\/agora.xtec.cat\/insaltfoix\/galeries\/galeries-curs-17-18\/activitats-frances-crepes\/attachment\/img_7126\/'><img loading=\"lazy\" decoding=\"async\" width=\"1024\" height=\"1365\" src=\"https:\/\/agora.xtec.cat\/insaltfoix\/wp-content\/uploads\/usu1745\/2018\/09\/IMG_7126.jpg\" class=\"attachment-full size-full\" alt=\"\" srcset=\"https:\/\/agora.xtec.cat\/insaltfoix\/wp-content\/uploads\/usu1745\/2018\/09\/IMG_7126.jpg 1024w, https:\/\/agora.xtec.cat\/insaltfoix\/wp-content\/uploads\/usu1745\/2018\/09\/IMG_7126-225x300.jpg 225w, https:\/\/agora.xtec.cat\/insaltfoix\/wp-content\/uploads\/usu1745\/2018\/09\/IMG_7126-768x1024.jpg 768w\" sizes=\"auto, (max-width: 1024px) 100vw, 1024px\" \/><\/a>\n\t\t\t<\/dt><\/dl><dl class='gallery-item'>\n\t\t\t<dt class='gallery-icon portrait'>\n\t\t\t\t<a href='https:\/\/agora.xtec.cat\/insaltfoix\/galeries\/galeries-curs-17-18\/activitats-frances-crepes\/attachment\/img_7130\/'><img loading=\"lazy\" decoding=\"async\" width=\"1024\" height=\"1365\" src=\"https:\/\/agora.xtec.cat\/insaltfoix\/wp-content\/uploads\/usu1745\/2018\/09\/IMG_7130.jpg\" class=\"attachment-full size-full\" alt=\"\" srcset=\"https:\/\/agora.xtec.cat\/insaltfoix\/wp-content\/uploads\/usu1745\/2018\/09\/IMG_7130.jpg 1024w, https:\/\/agora.xtec.cat\/insaltfoix\/wp-content\/uploads\/usu1745\/2018\/09\/IMG_7130-225x300.jpg 225w, https:\/\/agora.xtec.cat\/insaltfoix\/wp-content\/uploads\/usu1745\/2018\/09\/IMG_7130-768x1024.jpg 768w\" sizes=\"auto, (max-width: 1024px) 100vw, 1024px\" \/><\/a>\n\t\t\t<\/dt><\/dl><br style=\"clear: both\" \/>\n\t\t<\/div>\n\n","protected":false},"excerpt":{"rendered":"<p>L&#8217;alumnat de la mat\u00e8ria optativa de Franc\u00e8s va aprofitar les instal\u00b7lacions de cuina de l&#8217;Institut per elaborar diverses cr\u00e8pes.<\/p>\n<p>\t\t\t#gallery-2 {<br \/>\n\t\t\t\tmargin: auto;<br \/>\n\t\t\t}<br \/>\n\t\t\t#gallery-2 .gallery-item {<br \/>\n\t\t\t\tfloat: left;<br \/>\n\t\t\t\tmargin-top: 10px;<br \/>\n\t\t\t\ttext-align: center;<br \/>\n\t\t\t\twidth: 50%;<br \/>\n\t\t\t}<br \/>\n\t\t\t#gallery-2 img {<br \/>\n\t\t\t\tborder: 2px solid #cfcfcf;<br \/>\n\t\t\t}<br \/>\n\t\t\t#gallery-2 .gallery-caption {<br \/>\n\t\t\t\tmargin-left: 0;<br \/>\n\t\t\t}<br \/>\n\t\t\t\/* see gallery_shortcode() in wp-includes\/media.php *\/<\/p>\n<p>\t\t\t\t<a href='https:\/\/agora.xtec.cat\/insaltfoix\/galeries\/galeries-curs-17-18\/activitats-frances-crepes\/attachment\/img_7119\/'><\/a><\/p>\n<p>\t\t\t\t<a href='https:\/\/agora.xtec.cat\/insaltfoix\/galeries\/galeries-curs-17-18\/activitats-frances-crepes\/attachment\/img_7122\/'><\/a><\/p>\n<p>\t\t\t\t<a href='https:\/\/agora.xtec.cat\/insaltfoix\/galeries\/galeries-curs-17-18\/activitats-frances-crepes\/attachment\/img_7126\/'><\/a><\/p>\n<p>\t\t\t\t<a href='https:\/\/agora.xtec.cat\/insaltfoix\/galeries\/galeries-curs-17-18\/activitats-frances-crepes\/attachment\/img_7130\/'><\/a><\/p>\n","protected":false},"author":1,"featured_media":0,"parent":933,"menu_order":6,"comment_status":"closed","ping_status":"closed","template":"page-templates\/side-menu.php","meta":{"_bbp_topic_count":0,"_bbp_reply_count":0,"_bbp_total_topic_count":0,"_bbp_total_reply_count":0,"_bbp_voice_count":0,"_bbp_anonymous_reply_count":0,"_bbp_topic_count_hidden":0,"_bbp_reply_count_hidden":0,"_bbp_forum_subforum_count":0,"footnotes":""},"class_list":["post-1044","page","type-page","status-publish","hentry"],"post_mailing_queue_ids":[],"_links":{"self":[{"href":"https:\/\/agora.xtec.cat\/insaltfoix\/wp-json\/wp\/v2\/pages\/1044","targetHints":{"allow":["GET"]}}],"collection":[{"href":"https:\/\/agora.xtec.cat\/insaltfoix\/wp-json\/wp\/v2\/pages"}],"about":[{"href":"https:\/\/agora.xtec.cat\/insaltfoix\/wp-json\/wp\/v2\/types\/page"}],"author":[{"embeddable":true,"href":"https:\/\/agora.xtec.cat\/insaltfoix\/wp-json\/wp\/v2\/users\/1"}],"replies":[{"embeddable":true,"href":"https:\/\/agora.xtec.cat\/insaltfoix\/wp-json\/wp\/v2\/comments?post=1044"}],"version-history":[{"count":1,"href":"https:\/\/agora.xtec.cat\/insaltfoix\/wp-json\/wp\/v2\/pages\/1044\/revisions"}],"predecessor-version":[{"id":1049,"href":"https:\/\/agora.xtec.cat\/insaltfoix\/wp-json\/wp\/v2\/pages\/1044\/revisions\/1049"}],"up":[{"embeddable":true,"href":"https:\/\/agora.xtec.cat\/insaltfoix\/wp-json\/wp\/v2\/pages\/933"}],"wp:attachment":[{"href":"https:\/\/agora.xtec.cat\/insaltfoix\/wp-json\/wp\/v2\/media?parent=1044"}],"curies":[{"name":"wp","href":"https:\/\/api.w.org\/{rel}","templated":true}]}}