{"id":1028,"date":"2018-09-01T20:55:34","date_gmt":"2018-09-01T18:55:34","guid":{"rendered":"http:\/\/agora.xtec.cat\/insaltfoix\/?page_id=1028"},"modified":"2018-09-02T17:38:11","modified_gmt":"2018-09-02T15:38:11","slug":"activitats-visual-i-plastica-identitat-de-genere","status":"publish","type":"page","link":"https:\/\/agora.xtec.cat\/insaltfoix\/galeries\/galeries-curs-17-18\/activitats-visual-i-plastica-identitat-de-genere\/","title":{"rendered":"Activitats Visual i pl\u00e0stica: identitat de g\u00e8nere"},"content":{"rendered":"<p>Dins la mat\u00e8ria d&#8217;Educaci\u00f3 visual i pl\u00e0stica l&#8217;alumnat ha treballat en diversos projectes com la decoraci\u00f3 nadalenca de l&#8217;Institut o un altre de reflexi\u00f3 sobre la identitat de g\u00e8nere.<\/p>\n\n\t\t<style type=\"text\/css\">\n\t\t\t#gallery-1 {\n\t\t\t\tmargin: auto;\n\t\t\t}\n\t\t\t#gallery-1 .gallery-item {\n\t\t\t\tfloat: left;\n\t\t\t\tmargin-top: 10px;\n\t\t\t\ttext-align: center;\n\t\t\t\twidth: 50%;\n\t\t\t}\n\t\t\t#gallery-1 img {\n\t\t\t\tborder: 2px solid #cfcfcf;\n\t\t\t}\n\t\t\t#gallery-1 .gallery-caption {\n\t\t\t\tmargin-left: 0;\n\t\t\t}\n\t\t\t\/* see gallery_shortcode() in wp-includes\/media.php *\/\n\t\t<\/style>\n\t\t<div id='gallery-1' class='gallery galleryid-1028 gallery-columns-2 gallery-size-full'><dl class='gallery-item'>\n\t\t\t<dt class='gallery-icon landscape'>\n\t\t\t\t<a href='https:\/\/agora.xtec.cat\/insaltfoix\/galeries\/galeries-curs-17-18\/activitats-visual-i-plastica-identitat-de-genere\/attachment\/img_20180215_084034\/'><img loading=\"lazy\" decoding=\"async\" width=\"1024\" height=\"768\" src=\"https:\/\/agora.xtec.cat\/insaltfoix\/wp-content\/uploads\/usu1745\/2018\/09\/IMG_20180215_084034.jpg\" class=\"attachment-full size-full\" alt=\"\" srcset=\"https:\/\/agora.xtec.cat\/insaltfoix\/wp-content\/uploads\/usu1745\/2018\/09\/IMG_20180215_084034.jpg 1024w, https:\/\/agora.xtec.cat\/insaltfoix\/wp-content\/uploads\/usu1745\/2018\/09\/IMG_20180215_084034-300x225.jpg 300w, https:\/\/agora.xtec.cat\/insaltfoix\/wp-content\/uploads\/usu1745\/2018\/09\/IMG_20180215_084034-768x576.jpg 768w, https:\/\/agora.xtec.cat\/insaltfoix\/wp-content\/uploads\/usu1745\/2018\/09\/IMG_20180215_084034-200x150.jpg 200w\" sizes=\"auto, (max-width: 1024px) 100vw, 1024px\" \/><\/a>\n\t\t\t<\/dt><\/dl><dl class='gallery-item'>\n\t\t\t<dt class='gallery-icon landscape'>\n\t\t\t\t<a href='https:\/\/agora.xtec.cat\/insaltfoix\/galeries\/galeries-curs-17-18\/activitats-visual-i-plastica-identitat-de-genere\/attachment\/img_20180215_084044\/'><img loading=\"lazy\" decoding=\"async\" width=\"1024\" height=\"768\" src=\"https:\/\/agora.xtec.cat\/insaltfoix\/wp-content\/uploads\/usu1745\/2018\/09\/IMG_20180215_084044.jpg\" class=\"attachment-full size-full\" alt=\"\" srcset=\"https:\/\/agora.xtec.cat\/insaltfoix\/wp-content\/uploads\/usu1745\/2018\/09\/IMG_20180215_084044.jpg 1024w, https:\/\/agora.xtec.cat\/insaltfoix\/wp-content\/uploads\/usu1745\/2018\/09\/IMG_20180215_084044-300x225.jpg 300w, https:\/\/agora.xtec.cat\/insaltfoix\/wp-content\/uploads\/usu1745\/2018\/09\/IMG_20180215_084044-768x576.jpg 768w, https:\/\/agora.xtec.cat\/insaltfoix\/wp-content\/uploads\/usu1745\/2018\/09\/IMG_20180215_084044-200x150.jpg 200w\" sizes=\"auto, (max-width: 1024px) 100vw, 1024px\" \/><\/a>\n\t\t\t<\/dt><\/dl><br style=\"clear: both\" \/><dl class='gallery-item'>\n\t\t\t<dt class='gallery-icon portrait'>\n\t\t\t\t<a href='https:\/\/agora.xtec.cat\/insaltfoix\/galeries\/galeries-curs-17-18\/activitats-visual-i-plastica-identitat-de-genere\/attachment\/img_20180215_084052\/'><img loading=\"lazy\" decoding=\"async\" width=\"1024\" height=\"1365\" src=\"https:\/\/agora.xtec.cat\/insaltfoix\/wp-content\/uploads\/usu1745\/2018\/09\/IMG_20180215_084052.jpg\" class=\"attachment-full size-full\" alt=\"\" srcset=\"https:\/\/agora.xtec.cat\/insaltfoix\/wp-content\/uploads\/usu1745\/2018\/09\/IMG_20180215_084052.jpg 1024w, https:\/\/agora.xtec.cat\/insaltfoix\/wp-content\/uploads\/usu1745\/2018\/09\/IMG_20180215_084052-225x300.jpg 225w, https:\/\/agora.xtec.cat\/insaltfoix\/wp-content\/uploads\/usu1745\/2018\/09\/IMG_20180215_084052-768x1024.jpg 768w\" sizes=\"auto, (max-width: 1024px) 100vw, 1024px\" \/><\/a>\n\t\t\t<\/dt><\/dl><dl class='gallery-item'>\n\t\t\t<dt class='gallery-icon portrait'>\n\t\t\t\t<a href='https:\/\/agora.xtec.cat\/insaltfoix\/galeries\/galeries-curs-17-18\/activitats-visual-i-plastica-identitat-de-genere\/attachment\/img_20180215_084259\/'><img loading=\"lazy\" decoding=\"async\" width=\"1024\" height=\"1365\" src=\"https:\/\/agora.xtec.cat\/insaltfoix\/wp-content\/uploads\/usu1745\/2018\/09\/IMG_20180215_084259.jpg\" class=\"attachment-full size-full\" alt=\"\" srcset=\"https:\/\/agora.xtec.cat\/insaltfoix\/wp-content\/uploads\/usu1745\/2018\/09\/IMG_20180215_084259.jpg 1024w, https:\/\/agora.xtec.cat\/insaltfoix\/wp-content\/uploads\/usu1745\/2018\/09\/IMG_20180215_084259-225x300.jpg 225w, https:\/\/agora.xtec.cat\/insaltfoix\/wp-content\/uploads\/usu1745\/2018\/09\/IMG_20180215_084259-768x1024.jpg 768w\" sizes=\"auto, (max-width: 1024px) 100vw, 1024px\" \/><\/a>\n\t\t\t<\/dt><\/dl><br style=\"clear: both\" \/><dl class='gallery-item'>\n\t\t\t<dt class='gallery-icon landscape'>\n\t\t\t\t<a href='https:\/\/agora.xtec.cat\/insaltfoix\/galeries\/galeries-curs-17-18\/activitats-visual-i-plastica-identitat-de-genere\/attachment\/img_20180301_145552\/'><img loading=\"lazy\" decoding=\"async\" width=\"1024\" height=\"768\" src=\"https:\/\/agora.xtec.cat\/insaltfoix\/wp-content\/uploads\/usu1745\/2018\/09\/IMG_20180301_145552.jpg\" class=\"attachment-full size-full\" alt=\"\" srcset=\"https:\/\/agora.xtec.cat\/insaltfoix\/wp-content\/uploads\/usu1745\/2018\/09\/IMG_20180301_145552.jpg 1024w, https:\/\/agora.xtec.cat\/insaltfoix\/wp-content\/uploads\/usu1745\/2018\/09\/IMG_20180301_145552-300x225.jpg 300w, https:\/\/agora.xtec.cat\/insaltfoix\/wp-content\/uploads\/usu1745\/2018\/09\/IMG_20180301_145552-768x576.jpg 768w, https:\/\/agora.xtec.cat\/insaltfoix\/wp-content\/uploads\/usu1745\/2018\/09\/IMG_20180301_145552-200x150.jpg 200w\" sizes=\"auto, (max-width: 1024px) 100vw, 1024px\" \/><\/a>\n\t\t\t<\/dt><\/dl><dl class='gallery-item'>\n\t\t\t<dt class='gallery-icon landscape'>\n\t\t\t\t<a href='https:\/\/agora.xtec.cat\/insaltfoix\/galeries\/galeries-curs-17-18\/activitats-visual-i-plastica-identitat-de-genere\/attachment\/img_20180301_145615\/'><img loading=\"lazy\" decoding=\"async\" width=\"1024\" height=\"768\" src=\"https:\/\/agora.xtec.cat\/insaltfoix\/wp-content\/uploads\/usu1745\/2018\/09\/IMG_20180301_145615.jpg\" class=\"attachment-full size-full\" alt=\"\" srcset=\"https:\/\/agora.xtec.cat\/insaltfoix\/wp-content\/uploads\/usu1745\/2018\/09\/IMG_20180301_145615.jpg 1024w, https:\/\/agora.xtec.cat\/insaltfoix\/wp-content\/uploads\/usu1745\/2018\/09\/IMG_20180301_145615-300x225.jpg 300w, https:\/\/agora.xtec.cat\/insaltfoix\/wp-content\/uploads\/usu1745\/2018\/09\/IMG_20180301_145615-768x576.jpg 768w, https:\/\/agora.xtec.cat\/insaltfoix\/wp-content\/uploads\/usu1745\/2018\/09\/IMG_20180301_145615-200x150.jpg 200w\" sizes=\"auto, (max-width: 1024px) 100vw, 1024px\" \/><\/a>\n\t\t\t<\/dt><\/dl><br style=\"clear: both\" \/><dl class='gallery-item'>\n\t\t\t<dt class='gallery-icon landscape'>\n\t\t\t\t<a href='https:\/\/agora.xtec.cat\/insaltfoix\/galeries\/galeries-curs-17-18\/activitats-visual-i-plastica-identitat-de-genere\/attachment\/img_20180301_145641\/'><img loading=\"lazy\" decoding=\"async\" width=\"1024\" height=\"768\" src=\"https:\/\/agora.xtec.cat\/insaltfoix\/wp-content\/uploads\/usu1745\/2018\/09\/IMG_20180301_145641.jpg\" class=\"attachment-full size-full\" alt=\"\" srcset=\"https:\/\/agora.xtec.cat\/insaltfoix\/wp-content\/uploads\/usu1745\/2018\/09\/IMG_20180301_145641.jpg 1024w, https:\/\/agora.xtec.cat\/insaltfoix\/wp-content\/uploads\/usu1745\/2018\/09\/IMG_20180301_145641-300x225.jpg 300w, https:\/\/agora.xtec.cat\/insaltfoix\/wp-content\/uploads\/usu1745\/2018\/09\/IMG_20180301_145641-768x576.jpg 768w, https:\/\/agora.xtec.cat\/insaltfoix\/wp-content\/uploads\/usu1745\/2018\/09\/IMG_20180301_145641-200x150.jpg 200w\" sizes=\"auto, (max-width: 1024px) 100vw, 1024px\" \/><\/a>\n\t\t\t<\/dt><\/dl><dl class='gallery-item'>\n\t\t\t<dt class='gallery-icon landscape'>\n\t\t\t\t<a href='https:\/\/agora.xtec.cat\/insaltfoix\/galeries\/galeries-curs-17-18\/activitats-visual-i-plastica-identitat-de-genere\/attachment\/img_20180301_145708\/'><img loading=\"lazy\" decoding=\"async\" width=\"1024\" height=\"768\" src=\"https:\/\/agora.xtec.cat\/insaltfoix\/wp-content\/uploads\/usu1745\/2018\/09\/IMG_20180301_145708.jpg\" class=\"attachment-full size-full\" alt=\"\" srcset=\"https:\/\/agora.xtec.cat\/insaltfoix\/wp-content\/uploads\/usu1745\/2018\/09\/IMG_20180301_145708.jpg 1024w, https:\/\/agora.xtec.cat\/insaltfoix\/wp-content\/uploads\/usu1745\/2018\/09\/IMG_20180301_145708-300x225.jpg 300w, https:\/\/agora.xtec.cat\/insaltfoix\/wp-content\/uploads\/usu1745\/2018\/09\/IMG_20180301_145708-768x576.jpg 768w, https:\/\/agora.xtec.cat\/insaltfoix\/wp-content\/uploads\/usu1745\/2018\/09\/IMG_20180301_145708-200x150.jpg 200w\" sizes=\"auto, (max-width: 1024px) 100vw, 1024px\" \/><\/a>\n\t\t\t<\/dt><\/dl><br style=\"clear: both\" \/><dl class='gallery-item'>\n\t\t\t<dt class='gallery-icon landscape'>\n\t\t\t\t<a href='https:\/\/agora.xtec.cat\/insaltfoix\/galeries\/galeries-curs-17-18\/activitats-visual-i-plastica-identitat-de-genere\/attachment\/img_20180301_145730\/'><img loading=\"lazy\" decoding=\"async\" width=\"1024\" height=\"768\" src=\"https:\/\/agora.xtec.cat\/insaltfoix\/wp-content\/uploads\/usu1745\/2018\/09\/IMG_20180301_145730.jpg\" class=\"attachment-full size-full\" alt=\"\" srcset=\"https:\/\/agora.xtec.cat\/insaltfoix\/wp-content\/uploads\/usu1745\/2018\/09\/IMG_20180301_145730.jpg 1024w, https:\/\/agora.xtec.cat\/insaltfoix\/wp-content\/uploads\/usu1745\/2018\/09\/IMG_20180301_145730-300x225.jpg 300w, https:\/\/agora.xtec.cat\/insaltfoix\/wp-content\/uploads\/usu1745\/2018\/09\/IMG_20180301_145730-768x576.jpg 768w, https:\/\/agora.xtec.cat\/insaltfoix\/wp-content\/uploads\/usu1745\/2018\/09\/IMG_20180301_145730-200x150.jpg 200w\" sizes=\"auto, (max-width: 1024px) 100vw, 1024px\" \/><\/a>\n\t\t\t<\/dt><\/dl><dl class='gallery-item'>\n\t\t\t<dt class='gallery-icon landscape'>\n\t\t\t\t<a href='https:\/\/agora.xtec.cat\/insaltfoix\/galeries\/galeries-curs-17-18\/activitats-visual-i-plastica-identitat-de-genere\/attachment\/img_20171205_094541\/'><img loading=\"lazy\" decoding=\"async\" width=\"1024\" height=\"768\" src=\"https:\/\/agora.xtec.cat\/insaltfoix\/wp-content\/uploads\/usu1745\/2018\/09\/IMG_20171205_094541.jpg\" class=\"attachment-full size-full\" alt=\"\" srcset=\"https:\/\/agora.xtec.cat\/insaltfoix\/wp-content\/uploads\/usu1745\/2018\/09\/IMG_20171205_094541.jpg 1024w, https:\/\/agora.xtec.cat\/insaltfoix\/wp-content\/uploads\/usu1745\/2018\/09\/IMG_20171205_094541-300x225.jpg 300w, https:\/\/agora.xtec.cat\/insaltfoix\/wp-content\/uploads\/usu1745\/2018\/09\/IMG_20171205_094541-768x576.jpg 768w, https:\/\/agora.xtec.cat\/insaltfoix\/wp-content\/uploads\/usu1745\/2018\/09\/IMG_20171205_094541-200x150.jpg 200w\" sizes=\"auto, (max-width: 1024px) 100vw, 1024px\" \/><\/a>\n\t\t\t<\/dt><\/dl><br style=\"clear: both\" \/><dl class='gallery-item'>\n\t\t\t<dt class='gallery-icon landscape'>\n\t\t\t\t<a href='https:\/\/agora.xtec.cat\/insaltfoix\/galeries\/galeries-curs-17-18\/activitats-visual-i-plastica-identitat-de-genere\/attachment\/img_20171205_094552\/'><img loading=\"lazy\" decoding=\"async\" width=\"1024\" height=\"768\" src=\"https:\/\/agora.xtec.cat\/insaltfoix\/wp-content\/uploads\/usu1745\/2018\/09\/IMG_20171205_094552.jpg\" class=\"attachment-full size-full\" alt=\"\" srcset=\"https:\/\/agora.xtec.cat\/insaltfoix\/wp-content\/uploads\/usu1745\/2018\/09\/IMG_20171205_094552.jpg 1024w, https:\/\/agora.xtec.cat\/insaltfoix\/wp-content\/uploads\/usu1745\/2018\/09\/IMG_20171205_094552-300x225.jpg 300w, https:\/\/agora.xtec.cat\/insaltfoix\/wp-content\/uploads\/usu1745\/2018\/09\/IMG_20171205_094552-768x576.jpg 768w, https:\/\/agora.xtec.cat\/insaltfoix\/wp-content\/uploads\/usu1745\/2018\/09\/IMG_20171205_094552-200x150.jpg 200w\" sizes=\"auto, (max-width: 1024px) 100vw, 1024px\" \/><\/a>\n\t\t\t<\/dt><\/dl><dl class='gallery-item'>\n\t\t\t<dt class='gallery-icon landscape'>\n\t\t\t\t<a href='https:\/\/agora.xtec.cat\/insaltfoix\/galeries\/galeries-curs-17-18\/activitats-visual-i-plastica-identitat-de-genere\/attachment\/img_20171205_094602\/'><img loading=\"lazy\" decoding=\"async\" width=\"1024\" height=\"768\" src=\"https:\/\/agora.xtec.cat\/insaltfoix\/wp-content\/uploads\/usu1745\/2018\/09\/IMG_20171205_094602.jpg\" class=\"attachment-full size-full\" alt=\"\" srcset=\"https:\/\/agora.xtec.cat\/insaltfoix\/wp-content\/uploads\/usu1745\/2018\/09\/IMG_20171205_094602.jpg 1024w, https:\/\/agora.xtec.cat\/insaltfoix\/wp-content\/uploads\/usu1745\/2018\/09\/IMG_20171205_094602-300x225.jpg 300w, https:\/\/agora.xtec.cat\/insaltfoix\/wp-content\/uploads\/usu1745\/2018\/09\/IMG_20171205_094602-768x576.jpg 768w, https:\/\/agora.xtec.cat\/insaltfoix\/wp-content\/uploads\/usu1745\/2018\/09\/IMG_20171205_094602-200x150.jpg 200w\" sizes=\"auto, (max-width: 1024px) 100vw, 1024px\" \/><\/a>\n\t\t\t<\/dt><\/dl><br style=\"clear: both\" \/><dl class='gallery-item'>\n\t\t\t<dt class='gallery-icon portrait'>\n\t\t\t\t<a href='https:\/\/agora.xtec.cat\/insaltfoix\/galeries\/galeries-curs-17-18\/activitats-visual-i-plastica-identitat-de-genere\/attachment\/img_20171205_094525\/'><img loading=\"lazy\" decoding=\"async\" width=\"1024\" height=\"1365\" src=\"https:\/\/agora.xtec.cat\/insaltfoix\/wp-content\/uploads\/usu1745\/2018\/09\/IMG_20171205_094525.jpg\" class=\"attachment-full size-full\" alt=\"\" srcset=\"https:\/\/agora.xtec.cat\/insaltfoix\/wp-content\/uploads\/usu1745\/2018\/09\/IMG_20171205_094525.jpg 1024w, https:\/\/agora.xtec.cat\/insaltfoix\/wp-content\/uploads\/usu1745\/2018\/09\/IMG_20171205_094525-225x300.jpg 225w, https:\/\/agora.xtec.cat\/insaltfoix\/wp-content\/uploads\/usu1745\/2018\/09\/IMG_20171205_094525-768x1024.jpg 768w\" sizes=\"auto, (max-width: 1024px) 100vw, 1024px\" \/><\/a>\n\t\t\t<\/dt><\/dl><dl class='gallery-item'>\n\t\t\t<dt class='gallery-icon landscape'>\n\t\t\t\t<a href='https:\/\/agora.xtec.cat\/insaltfoix\/galeries\/galeries-curs-17-18\/activitats-visual-i-plastica-identitat-de-genere\/attachment\/img_20171205_094557\/'><img loading=\"lazy\" decoding=\"async\" width=\"1024\" height=\"768\" src=\"https:\/\/agora.xtec.cat\/insaltfoix\/wp-content\/uploads\/usu1745\/2018\/09\/IMG_20171205_094557.jpg\" class=\"attachment-full size-full\" alt=\"\" srcset=\"https:\/\/agora.xtec.cat\/insaltfoix\/wp-content\/uploads\/usu1745\/2018\/09\/IMG_20171205_094557.jpg 1024w, https:\/\/agora.xtec.cat\/insaltfoix\/wp-content\/uploads\/usu1745\/2018\/09\/IMG_20171205_094557-300x225.jpg 300w, https:\/\/agora.xtec.cat\/insaltfoix\/wp-content\/uploads\/usu1745\/2018\/09\/IMG_20171205_094557-768x576.jpg 768w, https:\/\/agora.xtec.cat\/insaltfoix\/wp-content\/uploads\/usu1745\/2018\/09\/IMG_20171205_094557-200x150.jpg 200w\" sizes=\"auto, (max-width: 1024px) 100vw, 1024px\" \/><\/a>\n\t\t\t<\/dt><\/dl><br style=\"clear: both\" \/>\n\t\t<\/div>\n\n","protected":false},"excerpt":{"rendered":"<p>Dins la mat\u00e8ria d&#8217;Educaci\u00f3 visual i pl\u00e0stica l&#8217;alumnat ha treballat en diversos projectes com la decoraci\u00f3 nadalenca de l&#8217;Institut o un altre de reflexi\u00f3 sobre la identitat de g\u00e8nere.<\/p>\n<p>\t\t\t#gallery-2 {<br \/>\n\t\t\t\tmargin: auto;<br \/>\n\t\t\t}<br \/>\n\t\t\t#gallery-2 .gallery-item {<br \/>\n\t\t\t\tfloat: left;<br \/>\n\t\t\t\tmargin-top: 10px;<br \/>\n\t\t\t\ttext-align: center;<br \/>\n\t\t\t\twidth: 50%;<br \/>\n\t\t\t}<br \/>\n\t\t\t#gallery-2 img {<br \/>\n\t\t\t\tborder: 2px solid #cfcfcf;<br \/>\n\t\t\t}<br \/>\n\t\t\t#gallery-2 .gallery-caption {<br \/>\n\t\t\t\tmargin-left: 0;<br \/>\n\t\t\t}<br \/>\n\t\t\t\/*&hellip;  <a href=\"https:\/\/agora.xtec.cat\/insaltfoix\/galeries\/galeries-curs-17-18\/activitats-visual-i-plastica-identitat-de-genere\/\" title=\"Read Activitats Visual i pl\u00e0stica: identitat de g\u00e8nere\">Llegeix m\u00e9s\u00bb<\/a><\/p>\n","protected":false},"author":1,"featured_media":0,"parent":933,"menu_order":5,"comment_status":"closed","ping_status":"closed","template":"page-templates\/side-menu.php","meta":{"_bbp_topic_count":0,"_bbp_reply_count":0,"_bbp_total_topic_count":0,"_bbp_total_reply_count":0,"_bbp_voice_count":0,"_bbp_anonymous_reply_count":0,"_bbp_topic_count_hidden":0,"_bbp_reply_count_hidden":0,"_bbp_forum_subforum_count":0,"footnotes":""},"class_list":["post-1028","page","type-page","status-publish","hentry"],"post_mailing_queue_ids":[],"_links":{"self":[{"href":"https:\/\/agora.xtec.cat\/insaltfoix\/wp-json\/wp\/v2\/pages\/1028","targetHints":{"allow":["GET"]}}],"collection":[{"href":"https:\/\/agora.xtec.cat\/insaltfoix\/wp-json\/wp\/v2\/pages"}],"about":[{"href":"https:\/\/agora.xtec.cat\/insaltfoix\/wp-json\/wp\/v2\/types\/page"}],"author":[{"embeddable":true,"href":"https:\/\/agora.xtec.cat\/insaltfoix\/wp-json\/wp\/v2\/users\/1"}],"replies":[{"embeddable":true,"href":"https:\/\/agora.xtec.cat\/insaltfoix\/wp-json\/wp\/v2\/comments?post=1028"}],"version-history":[{"count":3,"href":"https:\/\/agora.xtec.cat\/insaltfoix\/wp-json\/wp\/v2\/pages\/1028\/revisions"}],"predecessor-version":[{"id":1051,"href":"https:\/\/agora.xtec.cat\/insaltfoix\/wp-json\/wp\/v2\/pages\/1028\/revisions\/1051"}],"up":[{"embeddable":true,"href":"https:\/\/agora.xtec.cat\/insaltfoix\/wp-json\/wp\/v2\/pages\/933"}],"wp:attachment":[{"href":"https:\/\/agora.xtec.cat\/insaltfoix\/wp-json\/wp\/v2\/media?parent=1028"}],"curies":[{"name":"wp","href":"https:\/\/api.w.org\/{rel}","templated":true}]}}