{"id":9373,"date":"2019-01-14T12:36:18","date_gmt":"2019-01-14T11:36:18","guid":{"rendered":"http:\/\/agora.xtec.cat\/insaltafulla\/?page_id=9373"},"modified":"2024-02-26T09:00:47","modified_gmt":"2024-02-26T08:00:47","slug":"projecte-linguistic-plc","status":"publish","type":"page","link":"https:\/\/agora.xtec.cat\/insaltafulla\/linstitut\/documentacio-de-centre-protocols\/projecte-linguistic-plc\/","title":{"rendered":"Projecte ling\u00fc\u00edstic (PLC)"},"content":{"rendered":"<p><a href=\"https:\/\/agora.xtec.cat\/insaltafulla\/wp-content\/uploads\/usu206\/2019\/01\/thechoicedistrict.png\"><img loading=\"lazy\" decoding=\"async\" class=\"size-thumbnail wp-image-9377 alignleft\" src=\"https:\/\/agora.xtec.cat\/insaltafulla\/wp-content\/uploads\/usu206\/2019\/01\/thechoicedistrict-150x150.png\" alt=\"\" width=\"150\" height=\"150\" srcset=\"https:\/\/agora.xtec.cat\/insaltafulla\/wp-content\/uploads\/usu206\/2019\/01\/thechoicedistrict-150x150.png 150w, https:\/\/agora.xtec.cat\/insaltafulla\/wp-content\/uploads\/usu206\/2019\/01\/thechoicedistrict-300x300.png 300w, https:\/\/agora.xtec.cat\/insaltafulla\/wp-content\/uploads\/usu206\/2019\/01\/thechoicedistrict.png 500w\" sizes=\"auto, (max-width: 150px) 100vw, 150px\" \/><\/a><\/p>\n<p>El <strong>projecte ling\u00fc\u00edstic<\/strong> \u00e9s el document que recull els aspectes relatius a l&#8217;ensenyament i a l&#8217;\u00fas de les lleng\u00fces en el centre educatiu.<\/p>\n<p>En aquest document queden definits el tractament de la llengua catalana i, si escau, de l&#8217;aran\u00e8s com a llengua vehicular i d&#8217;aprenentatge, el proc\u00e9s d&#8217;ensenyament i aprenentatge de la llengua castellana, les diferents opcions amb refer\u00e8ncia a les lleng\u00fces estrangeres i els criteris generals per a les adequacions de les lleng\u00fces a la realitat socioling\u00fc\u00edstica del centre.<\/p>\n<p>Els centres p\u00fablics i els centres privats concertats elaboren el projecte ling\u00fc\u00edstic, que forma part del projecte educatiu de centre.<\/p>\n<p>El podeu consultar, clicant<\/p>\n<p><a href=\"https:\/\/agora.xtec.cat\/insaltafulla\/wp-content\/uploads\/usu206\/2019\/01\/PROJECTE_LING\u00dc\u00cdSTIC_DE_CENTRE-aprovat.pdf\">PROJECTE_LING\u00dc\u00cdSTIC_DE_CENTRE-aprovat<\/a>\u00a0<em>\u00a0 Actualitzat 16 gener 2019<\/em><\/p>\n<p><a href=\"https:\/\/agora.xtec.cat\/insaltafulla\/wp-content\/uploads\/usu206\/2024\/02\/PLC-INS-ALTAFULLA-revisat_def.pdf\" target=\"_blank\" rel=\"noopener\">PLC_INSTITUT_D&#8217;ALTAFULLA (revisat)<\/a> <em>Actualitzat 30-01-2024<\/em><\/p>\n<p>&nbsp;<\/p>\n<p>M\u00e9s informaci\u00f3:<\/p>\n<p><a href=\"http:\/\/ensenyament.gencat.cat\/ca\/departament\/publicacions\/monografies\/model-linguistic\/\" target=\"_blank\" rel=\"noopener noreferrer\">El model ling\u00fc\u00edstic del sistema educatiu de Catalunya<\/a><\/p>\n<p>&nbsp;<\/p>\n","protected":false},"excerpt":{"rendered":"<p><a href=\"https:\/\/agora.xtec.cat\/insaltafulla\/wp-content\/uploads\/usu206\/2019\/01\/thechoicedistrict.png\"><\/a><br \/>\nEl projecte ling\u00fc\u00edstic \u00e9s el document que recull els aspectes relatius a l&#8217;ensenyament i a l&#8217;\u00fas de les lleng\u00fces en el centre educatiu.<br \/>\nEn aquest document queden definits el tractament de la llengua catalana i, si escau, de l&#8217;aran\u00e8s com a llengua vehicular i d&#8217;aprenentatge,&hellip;  <a href=\"https:\/\/agora.xtec.cat\/insaltafulla\/linstitut\/documentacio-de-centre-protocols\/projecte-linguistic-plc\/\" title=\"Read Projecte ling\u00fc\u00edstic (PLC)\">Llegeix m\u00e9s\u00bb<\/a><\/p>\n","protected":false},"author":1,"featured_media":0,"parent":9646,"menu_order":1,"comment_status":"closed","ping_status":"closed","template":"page-templates\/side-menu.php","meta":{"_bbp_topic_count":0,"_bbp_reply_count":0,"_bbp_total_topic_count":0,"_bbp_total_reply_count":0,"_bbp_voice_count":0,"_bbp_anonymous_reply_count":0,"_bbp_topic_count_hidden":0,"_bbp_reply_count_hidden":0,"_bbp_forum_subforum_count":0,"footnotes":""},"class_list":["post-9373","page","type-page","status-publish","hentry"],"post_mailing_queue_ids":[],"_links":{"self":[{"href":"https:\/\/agora.xtec.cat\/insaltafulla\/wp-json\/wp\/v2\/pages\/9373","targetHints":{"allow":["GET"]}}],"collection":[{"href":"https:\/\/agora.xtec.cat\/insaltafulla\/wp-json\/wp\/v2\/pages"}],"about":[{"href":"https:\/\/agora.xtec.cat\/insaltafulla\/wp-json\/wp\/v2\/types\/page"}],"author":[{"embeddable":true,"href":"https:\/\/agora.xtec.cat\/insaltafulla\/wp-json\/wp\/v2\/users\/1"}],"replies":[{"embeddable":true,"href":"https:\/\/agora.xtec.cat\/insaltafulla\/wp-json\/wp\/v2\/comments?post=9373"}],"version-history":[{"count":5,"href":"https:\/\/agora.xtec.cat\/insaltafulla\/wp-json\/wp\/v2\/pages\/9373\/revisions"}],"predecessor-version":[{"id":12498,"href":"https:\/\/agora.xtec.cat\/insaltafulla\/wp-json\/wp\/v2\/pages\/9373\/revisions\/12498"}],"up":[{"embeddable":true,"href":"https:\/\/agora.xtec.cat\/insaltafulla\/wp-json\/wp\/v2\/pages\/9646"}],"wp:attachment":[{"href":"https:\/\/agora.xtec.cat\/insaltafulla\/wp-json\/wp\/v2\/media?parent=9373"}],"curies":[{"name":"wp","href":"https:\/\/api.w.org\/{rel}","templated":true}]}}