{"id":75,"date":"2014-09-18T10:21:02","date_gmt":"2014-09-18T10:21:02","guid":{"rendered":"http:\/\/agora.xtec.cat\/insaltafulla\/?page_id=75"},"modified":"2023-12-27T16:37:35","modified_gmt":"2023-12-27T15:37:35","slug":"activitats-extraescolars","status":"publish","type":"page","link":"https:\/\/agora.xtec.cat\/insaltafulla\/activitats-extraescolars\/","title":{"rendered":"Estrat\u00e8gia digital de centre"},"content":{"rendered":"<p><a href=\"https:\/\/projectes.xtec.cat\/edc-suport\/\" target=\"_blank\" rel=\"noopener\"><img loading=\"lazy\" decoding=\"async\" class=\"alignnone size-full wp-image-11155\" src=\"https:\/\/agora.xtec.cat\/insaltafulla\/wp-content\/uploads\/usu206\/2022\/03\/EDC.jpg\" alt=\"\" width=\"305\" height=\"165\" srcset=\"https:\/\/agora.xtec.cat\/insaltafulla\/wp-content\/uploads\/usu206\/2022\/03\/EDC.jpg 305w, https:\/\/agora.xtec.cat\/insaltafulla\/wp-content\/uploads\/usu206\/2022\/03\/EDC-300x162.jpg 300w\" sizes=\"auto, (max-width: 305px) 100vw, 305px\" \/><\/a><\/p>\n<p>En el marc del Pla d&#8217;educaci\u00f3 digital de Catalunya, el\u00a0<a class=\"XqQF9c rXJpyf\" href=\"http:\/\/www.google.com\/url?q=http%3A%2F%2Feducacio.gencat.cat%2Fca%2Fdepartament%2Flinies-estrategiques%2Fpla-educacio-digital%2Fcentres%2F&amp;sa=D&amp;sntz=1&amp;usg=AOvVaw0KAsaByth3FIGODhRdPIRI\" target=\"_blank\" rel=\"noopener\">Projecte d&#8217;acceleraci\u00f3 de la transformaci\u00f3 digital<\/a>\u00a0ha desplegat les intervencions referides a connectivitats, equipaments d&#8217;alumnat i equipaments del professorat durant el curs 20-21, la qual cosa ha perm\u00e8s cedir un ordinador port\u00e0til a cada docent i a tots els alumnes de 3r i 4t d&#8217;ESO, batxillerat<\/p>\n<p>En data 18 de mar\u00e7, el Departament d&#8217;Educaci\u00f3 ha publicat el document\u00a0<a class=\"XqQF9c rXJpyf\" href=\"http:\/\/www.google.com\/url?q=http%3A%2F%2Feducacio.gencat.cat%2Fca%2Fdepartament%2Fpublicacions%2Fmonografies%2Festrategia-digital-centre%2F&amp;sa=D&amp;sntz=1&amp;usg=AOvVaw3wyrKyBUPYy-cPNFx3UFT3\" target=\"_blank\" rel=\"noopener\"><strong>Estrat\u00e8gia digital de centre<\/strong><\/a>\u00a0(EDC).<\/p>\n<p>L\u2019EDC \u00e9s una evoluci\u00f3 del Pla TAC. D\u2019una banda, s\u2019alinea amb el Pla d\u2019Educaci\u00f3 Digital de Catalunya (PEDC), i per altra, incorpora els canvis socials i tecnol\u00f2gics que s\u2019han anat esdevenint.<\/p>\n<p>El tercer canvi rellevant \u00e9s la incorporaci\u00f3 en l\u2019EDC de l\u2019apartat que recull tots els documents de centre que fan refer\u00e8ncia a la seva cultura digital (protocols d\u2019\u00fas de dispositius, NOFC\u2026).<\/p>\n<p>Finalment, es flexibilitza la seva estructura amb l\u2019objectiu d\u2019adaptar-se a la diversitat de centres.<\/p>\n<p class=\"CDt4Ke zfr3Q\" dir=\"ltr\">Els objectius de l&#8217;EDC es poden agrupar en cinc \u00e0mbits, que tenen com a fita el m\u00e0xim assoliment de la compet\u00e8ncia digital de l\u2019alumnat, del professorat i del centre:<\/p>\n<ul class=\"n8H08c UVNKR\">\n<li class=\"TYR86d wXCUfe zfr3Q\" dir=\"ltr\">\n<p class=\"CDt4Ke zfr3Q\" dir=\"ltr\">Assoliment de la compet\u00e8ncia digital<\/p>\n<\/li>\n<li class=\"TYR86d wXCUfe zfr3Q\" dir=\"ltr\">\n<p class=\"CDt4Ke zfr3Q\" dir=\"ltr\">Planificaci\u00f3 estrat\u00e8gica i organitzaci\u00f3<\/p>\n<\/li>\n<li class=\"TYR86d wXCUfe zfr3Q\" dir=\"ltr\">\n<p class=\"CDt4Ke zfr3Q\" dir=\"ltr\">Metodologies did\u00e0ctiques i innovaci\u00f3<\/p>\n<\/li>\n<li class=\"TYR86d wXCUfe zfr3Q\" dir=\"ltr\">\n<p class=\"CDt4Ke zfr3Q\" dir=\"ltr\">Inclusi\u00f3 digital i de g\u00e8nere<\/p>\n<\/li>\n<li class=\"TYR86d wXCUfe zfr3Q\" dir=\"ltr\">\n<p class=\"CDt4Ke zfr3Q\" dir=\"ltr\">Seguretat i protecci\u00f3 de dades<\/p>\n<\/li>\n<\/ul>\n<p><a href=\"https:\/\/projectes.xtec.cat\/xtcd\/\" target=\"_blank\" rel=\"noopener\">XARXA TERRITORIAL DE CULTURA DIGITAL<\/a><\/p>\n<table class=\"default\">\n<tbody>\n<tr>\n<td><a href=\"https:\/\/projectes.xtec.cat\/edc-suport\/wp-content\/uploads\/usu2435\/2021\/07\/Guia_pla_acollida_digital.pdf\" target=\"_blank\" rel=\"noopener\"><img loading=\"lazy\" decoding=\"async\" class=\"alignleft wp-image-11271 \" src=\"https:\/\/agora.xtec.cat\/insaltafulla\/wp-content\/uploads\/usu206\/2022\/04\/PlaAcollidaDigital-300x178.png\" alt=\"\" width=\"256\" height=\"152\" srcset=\"https:\/\/agora.xtec.cat\/insaltafulla\/wp-content\/uploads\/usu206\/2022\/04\/PlaAcollidaDigital-300x178.png 300w, https:\/\/agora.xtec.cat\/insaltafulla\/wp-content\/uploads\/usu206\/2022\/04\/PlaAcollidaDigital-1024x607.png 1024w, https:\/\/agora.xtec.cat\/insaltafulla\/wp-content\/uploads\/usu206\/2022\/04\/PlaAcollidaDigital-768x455.png 768w, https:\/\/agora.xtec.cat\/insaltafulla\/wp-content\/uploads\/usu206\/2022\/04\/PlaAcollidaDigital.png 1082w\" sizes=\"auto, (max-width: 256px) 100vw, 256px\" \/><\/a><\/td>\n<td><a href=\"https:\/\/educacio.gencat.cat\/web\/.content\/home\/departament\/publicacions\/colleccions\/pla-educacio-digital\/estrategia-digital-centre\/estrategia-digital-centre.pdf\" target=\"_blank\" rel=\"noopener\"><img loading=\"lazy\" decoding=\"async\" class=\"alignnone wp-image-11155\" src=\"https:\/\/agora.xtec.cat\/insaltafulla\/wp-content\/uploads\/usu206\/2022\/03\/EDC.jpg\" alt=\"\" width=\"274\" height=\"148\" srcset=\"https:\/\/agora.xtec.cat\/insaltafulla\/wp-content\/uploads\/usu206\/2022\/03\/EDC.jpg 305w, https:\/\/agora.xtec.cat\/insaltafulla\/wp-content\/uploads\/usu206\/2022\/03\/EDC-300x162.jpg 300w\" sizes=\"auto, (max-width: 274px) 100vw, 274px\" \/><\/a><\/td>\n<td><a href=\"https:\/\/educacio.gencat.cat\/web\/.content\/home\/departament\/publicacions\/colleccions\/pla-educacio-digital\/funcions-comissio-estrategia-digital-centre\/funcions-comissio-estrategia-digital-centre.pdf\" target=\"_blank\" rel=\"noopener\"><img loading=\"lazy\" decoding=\"async\" class=\"alignnone wp-image-11274 \" src=\"https:\/\/agora.xtec.cat\/insaltafulla\/wp-content\/uploads\/usu206\/2022\/04\/FireShot-Capture-027-educacio.gencat.cat_-300x195.png\" alt=\"\" width=\"215\" height=\"140\" srcset=\"https:\/\/agora.xtec.cat\/insaltafulla\/wp-content\/uploads\/usu206\/2022\/04\/FireShot-Capture-027-educacio.gencat.cat_-300x195.png 300w, https:\/\/agora.xtec.cat\/insaltafulla\/wp-content\/uploads\/usu206\/2022\/04\/FireShot-Capture-027-educacio.gencat.cat_.png 705w\" sizes=\"auto, (max-width: 215px) 100vw, 215px\" \/><\/a><\/td>\n<td><\/td>\n<\/tr>\n<\/tbody>\n<\/table>\n<p><em><strong>Comissi\u00f3 Estrat\u00e8gia digital del centre (EDC)<\/strong><\/em><\/p>\n<p>Bel\u00e9n Jim\u00e9nez- Directora. Departament de Matem\u00e0tiques.<\/p>\n<p>Josep Palau. Coordinador TAC. Departament de Tecnologia.<\/p>\n<p>Julia LLurba. Cap de departament\/Nodes \/Moodle\/ Workspace\/Esero-New Space. Departament de Tecnologia<\/p>\n<p>&nbsp;<\/p>\n<p>&nbsp;<\/p>\n<p><strong>Equipaments inform\u00e0tics<\/strong><\/p>\n<p>El centre disposa de:<\/p>\n<p>20 PC\u2019s a l\u2019Aula Inform\u00e0tica.<br \/>\n1\u00a0Carro amb 20 port\u00e0tils<br \/>\n5 PC\u2019s a la Biblioteca.<br \/>\nProjectors o PDI\u2019s a totes les aules.<br \/>\n4 ordinadors a la sala de professors.<\/p>\n<p><strong>Normes d&#8217;\u00fas a l&#8217; aula d\u2019inform\u00e0tica<\/strong><\/p>\n<ul style=\"list-style-type: square;\">\n<li>L\u2019 ocupaci\u00f3 de les aules d\u2019 inform\u00e0tica es distribuir\u00e0 a principi de curs.<\/li>\n<li>El professorat podr\u00e0 fer \u00fas de les aules d\u2019 inform\u00e0tica quan es trobin disponibles, sempre pr\u00e8via reserva a la web d&#8217;assist\u00e8ncies.<\/li>\n<li>El professor ser\u00e0 el responsable del bon \u00fas dels dispositius inform\u00e0tics.<\/li>\n<li>En finalitzar la classe, l\u2019 aula haur\u00e0 de quedar completament ordenada, amb els ordinadors i pantalles apagats.<\/li>\n<li>Queda totalment prohibit tocar el cablejat que acompanya a cada ordinador.<\/li>\n<li>No \u00e9s recomanable l\u2019intercanvi dels ratolins entre ordinadors.<\/li>\n<li>En cas que es detecti algun aparell que no funcioni, s\u2019apagar\u00e0 i s\u2019informar\u00e0 al Coordinador Inform\u00e0tic.<\/li>\n<li>Per comunicar les incid\u00e8ncies inform\u00e0tiques a les aules trobareu un llistat a consergeria<\/li>\n<\/ul>\n<p>&nbsp;<\/p>\n<p><strong>Tasques del coordinador inform\u00e0tic<\/strong><\/p>\n<ul style=\"list-style-type: square;\">\n<li>El coordinador inform\u00e0tic disposar\u00e0 d\u2019unes hores espec\u00edfiques dins del seu horari, per a feines exclusives del c\u00e0rrec.<\/li>\n<li>Responsable de l\u2019inventari i vetllar\u00e0 pel bon funcionament de tots els dispositius electr\u00f2nics del centre.<\/li>\n<li>Coordinaci\u00f3 amb el Departament per al bon funcionament de les xarxes, projectors, PDI\u2019s, i elements electr\u00f2nics en general.<\/li>\n<li>Instal\u00b7laci\u00f3 de programari. Es recomana al professorat comunicar les necessitats de programari amb una setmana d\u2019antelaci\u00f3.<\/li>\n<li>Coordinaci\u00f3 del Projecte TAC conjuntament amb Direcci\u00f3.<\/li>\n<\/ul>\n<p>&nbsp;<\/p>\n<table>\n<tbody>\n<tr>\n<td><a href=\"http:\/\/xtec.gencat.cat\/ca\/centres\/projeducatiu\/platac\/\" target=\"_blank\" rel=\"noopener noreferrer\"><img loading=\"lazy\" decoding=\"async\" class=\"alignnone size-thumbnail wp-image-9337\" src=\"http:\/\/agora.xtec.cat\/insaltafulla\/wp-content\/uploads\/usu206\/2018\/09\/pla-tac-150x150.jpg\" alt=\"\" width=\"150\" height=\"150\" srcset=\"https:\/\/agora.xtec.cat\/insaltafulla\/wp-content\/uploads\/usu206\/2018\/09\/pla-tac-150x150.jpg 150w, https:\/\/agora.xtec.cat\/insaltafulla\/wp-content\/uploads\/usu206\/2018\/09\/pla-tac.jpg 271w\" sizes=\"auto, (max-width: 150px) 100vw, 150px\" \/><\/a><\/p>\n<p>Pla TAC<\/td>\n<td><\/td>\n<td><\/td>\n<\/tr>\n<\/tbody>\n<\/table>\n","protected":false},"excerpt":{"rendered":"<p><a href=\"https:\/\/projectes.xtec.cat\/edc-suport\/\" target=\"_blank\" rel=\"noopener\"><\/a><br \/>\nEn el marc del Pla d&#8217;educaci\u00f3 digital de Catalunya, el\u00a0<a class=\"XqQF9c rXJpyf\" href=\"http:\/\/www.google.com\/url?q=http%3A%2F%2Feducacio.gencat.cat%2Fca%2Fdepartament%2Flinies-estrategiques%2Fpla-educacio-digital%2Fcentres%2F&amp;sa=D&amp;sntz=1&amp;usg=AOvVaw0KAsaByth3FIGODhRdPIRI\" target=\"_blank\" rel=\"noopener\">Projecte d&#8217;acceleraci\u00f3 de la transformaci\u00f3 digital<\/a>\u00a0ha desplegat les intervencions referides a connectivitats, equipaments d&#8217;alumnat i equipaments del professorat durant el curs 20-21, la qual cosa ha perm\u00e8s cedir&hellip;  <a href=\"https:\/\/agora.xtec.cat\/insaltafulla\/activitats-extraescolars\/\" title=\"Read Estrat\u00e8gia digital de centre\">Llegeix m\u00e9s\u00bb<\/a><\/p>\n","protected":false},"author":2,"featured_media":0,"parent":0,"menu_order":0,"comment_status":"closed","ping_status":"closed","template":"page-templates\/side-menu.php","meta":{"_bbp_topic_count":0,"_bbp_reply_count":0,"_bbp_total_topic_count":0,"_bbp_total_reply_count":0,"_bbp_voice_count":0,"_bbp_anonymous_reply_count":0,"_bbp_topic_count_hidden":0,"_bbp_reply_count_hidden":0,"_bbp_forum_subforum_count":0,"footnotes":""},"class_list":["post-75","page","type-page","status-publish","hentry"],"post_mailing_queue_ids":[],"_links":{"self":[{"href":"https:\/\/agora.xtec.cat\/insaltafulla\/wp-json\/wp\/v2\/pages\/75","targetHints":{"allow":["GET"]}}],"collection":[{"href":"https:\/\/agora.xtec.cat\/insaltafulla\/wp-json\/wp\/v2\/pages"}],"about":[{"href":"https:\/\/agora.xtec.cat\/insaltafulla\/wp-json\/wp\/v2\/types\/page"}],"author":[{"embeddable":true,"href":"https:\/\/agora.xtec.cat\/insaltafulla\/wp-json\/wp\/v2\/users\/2"}],"replies":[{"embeddable":true,"href":"https:\/\/agora.xtec.cat\/insaltafulla\/wp-json\/wp\/v2\/comments?post=75"}],"version-history":[{"count":4,"href":"https:\/\/agora.xtec.cat\/insaltafulla\/wp-json\/wp\/v2\/pages\/75\/revisions"}],"predecessor-version":[{"id":12433,"href":"https:\/\/agora.xtec.cat\/insaltafulla\/wp-json\/wp\/v2\/pages\/75\/revisions\/12433"}],"wp:attachment":[{"href":"https:\/\/agora.xtec.cat\/insaltafulla\/wp-json\/wp\/v2\/media?parent=75"}],"curies":[{"name":"wp","href":"https:\/\/api.w.org\/{rel}","templated":true}]}}