{"id":67,"date":"2014-09-18T10:14:18","date_gmt":"2014-09-18T10:14:18","guid":{"rendered":"http:\/\/agora.xtec.cat\/insaltafulla\/?page_id=67"},"modified":"2025-09-02T10:00:03","modified_gmt":"2025-09-02T08:00:03","slug":"transport","status":"publish","type":"page","link":"https:\/\/agora.xtec.cat\/insaltafulla\/serveis\/transport\/","title":{"rendered":"Transport"},"content":{"rendered":"<p><span style=\"color: #808000;\"><strong><img loading=\"lazy\" decoding=\"async\" class=\" alignleft\" src=\"http:\/\/www.roses.cat\/noticies\/obertes-les-inscripcions-per-al-servei-de-transport-escolar-del-curs-2015-2016\/imatge\" alt=\"\" width=\"118\" height=\"124\" \/><\/strong><\/span><\/p>\n<h1 style=\"text-align: center;\"><\/h1>\n<h1 style=\"text-align: center;\"><span style=\"color: #ff0000;\">NOUS HORARIS\u00a0<\/span><\/h1>\n<p><span style=\"color: #808000;\"><strong>Transport per al curs 25-26<\/strong><\/span><\/p>\n<p><strong>Actualitzat l&#8217;1 de setembre de 2025<\/strong><\/p>\n<p><span style=\"color: #000000;\">El <a href=\"http:\/\/tarragones.cat\/\" target=\"_blank\" rel=\"noopener noreferrer\">Consell Comarcal del Tarragon\u00e8s<\/a> ofereix el transport escolar gratu\u00eft per als i les alumnes d&#8217;ESO procedents dels pobles d&#8217;origen de les escoles de Prim\u00e0ria adscrites a l&#8217;Institut. <\/span><\/p>\n<p><span style=\"color: #000000;\"><a href=\"http:\/\/agora.xtec.cat\/insaltafulla\/wp-content\/uploads\/usu206\/2014\/09\/consell_comarcal_del_tarragon\u00e8s.png\"><img loading=\"lazy\" decoding=\"async\" class=\"alignnone size-full wp-image-1963\" src=\"http:\/\/agora.xtec.cat\/insaltafulla\/wp-content\/uploads\/usu206\/2014\/09\/consell_comarcal_del_tarragon\u00e8s.png\" alt=\"\" width=\"211\" height=\"106\" \/><\/a><\/span><\/p>\n<p><span style=\"color: #000000;\">Aix\u00ed, l&#8217;horari d&#8217;aturada de l&#8217;autob\u00fas \u00e9s el seg\u00fcent, cliqueu damunt de la imatge per veure millor l&#8217;horari o podeu descarregar el document<\/span><\/p>\n<p><a href=\"https:\/\/agora.xtec.cat\/insaltafulla\/wp-content\/uploads\/usu206\/2024\/08\/Screenshot-85.png\"><img loading=\"lazy\" decoding=\"async\" class=\"alignnone wp-image-13387 size-full\" src=\"https:\/\/agora.xtec.cat\/insaltafulla\/wp-content\/uploads\/usu206\/2024\/08\/Screenshot-85.png\" alt=\"\" width=\"1628\" height=\"596\" srcset=\"https:\/\/agora.xtec.cat\/insaltafulla\/wp-content\/uploads\/usu206\/2024\/08\/Screenshot-85.png 1628w, https:\/\/agora.xtec.cat\/insaltafulla\/wp-content\/uploads\/usu206\/2024\/08\/Screenshot-85-300x110.png 300w, https:\/\/agora.xtec.cat\/insaltafulla\/wp-content\/uploads\/usu206\/2024\/08\/Screenshot-85-1024x375.png 1024w, https:\/\/agora.xtec.cat\/insaltafulla\/wp-content\/uploads\/usu206\/2024\/08\/Screenshot-85-768x281.png 768w, https:\/\/agora.xtec.cat\/insaltafulla\/wp-content\/uploads\/usu206\/2024\/08\/Screenshot-85-1536x562.png 1536w\" sizes=\"auto, (max-width: 1628px) 100vw, 1628px\" \/><\/a><\/p>\n<p>&nbsp;<\/p>\n<p><a href=\"https:\/\/agora.xtec.cat\/insaltafulla\/wp-content\/uploads\/usu206\/2024\/08\/ruta-19-2.png\"><img loading=\"lazy\" decoding=\"async\" class=\"alignnone wp-image-13388 size-full\" src=\"https:\/\/agora.xtec.cat\/insaltafulla\/wp-content\/uploads\/usu206\/2024\/08\/ruta-19-2.png\" alt=\"\" width=\"1609\" height=\"554\" srcset=\"https:\/\/agora.xtec.cat\/insaltafulla\/wp-content\/uploads\/usu206\/2024\/08\/ruta-19-2.png 1609w, https:\/\/agora.xtec.cat\/insaltafulla\/wp-content\/uploads\/usu206\/2024\/08\/ruta-19-2-300x103.png 300w, https:\/\/agora.xtec.cat\/insaltafulla\/wp-content\/uploads\/usu206\/2024\/08\/ruta-19-2-1024x353.png 1024w, https:\/\/agora.xtec.cat\/insaltafulla\/wp-content\/uploads\/usu206\/2024\/08\/ruta-19-2-768x264.png 768w, https:\/\/agora.xtec.cat\/insaltafulla\/wp-content\/uploads\/usu206\/2024\/08\/ruta-19-2-1536x529.png 1536w\" sizes=\"auto, (max-width: 1609px) 100vw, 1609px\" \/><\/a><\/p>\n<p>&nbsp;<\/p>\n<p><a href=\"https:\/\/agora.xtec.cat\/insaltafulla\/wp-content\/uploads\/usu206\/2024\/08\/ruta-19-3.png\"><img loading=\"lazy\" decoding=\"async\" class=\"alignnone wp-image-13389 size-full\" src=\"https:\/\/agora.xtec.cat\/insaltafulla\/wp-content\/uploads\/usu206\/2024\/08\/ruta-19-3.png\" alt=\"\" width=\"1824\" height=\"622\" srcset=\"https:\/\/agora.xtec.cat\/insaltafulla\/wp-content\/uploads\/usu206\/2024\/08\/ruta-19-3.png 1824w, https:\/\/agora.xtec.cat\/insaltafulla\/wp-content\/uploads\/usu206\/2024\/08\/ruta-19-3-300x102.png 300w, https:\/\/agora.xtec.cat\/insaltafulla\/wp-content\/uploads\/usu206\/2024\/08\/ruta-19-3-1024x349.png 1024w, https:\/\/agora.xtec.cat\/insaltafulla\/wp-content\/uploads\/usu206\/2024\/08\/ruta-19-3-768x262.png 768w, https:\/\/agora.xtec.cat\/insaltafulla\/wp-content\/uploads\/usu206\/2024\/08\/ruta-19-3-1536x524.png 1536w\" sizes=\"auto, (max-width: 1824px) 100vw, 1824px\" \/><\/a><\/p>\n<p>L&#8217;hora de tornada ser\u00e0 a les <strong>14.45h per a tot l&#8217;alumnat<\/strong>.<\/p>\n<p>En l&#8217;enlla\u00e7 seg\u00fcent trobareu el Reglament d&#8217;\u00fas del Transport, publicat pel Consell Comarcal del Tarragon\u00e8s:<\/p>\n<p style=\"text-align: center;\"><a href=\"https:\/\/agora.xtec.cat\/insaltafulla\/wp-content\/uploads\/usu206\/2023\/09\/NORMES-US-TEC-23-24-1.pdf\" target=\"_blank\" rel=\"noopener\">Reglament d&#8217;\u00fas del Transport<\/a><\/p>\n<p style=\"text-align: left;\">\n<p><!--a=1--><\/p>\n","protected":false},"excerpt":{"rendered":"<p>NOUS HORARIS\u00a0<br \/>\nTransport per al curs 25-26<br \/>\nActualitzat l&#8217;1 de setembre de 2025<br \/>\nEl <a href=\"http:\/\/tarragones.cat\/\" target=\"_blank\" rel=\"noopener noreferrer\">Consell Comarcal del Tarragon\u00e8s<\/a> ofereix el transport escolar gratu\u00eft per als i les alumnes d&#8217;ESO procedents dels pobles d&#8217;origen de les escoles de Prim\u00e0ria adscrites a l&#8217;Institut.<br \/>\n<a href=\"http:\/\/agora.xtec.cat\/insaltafulla\/wp-content\/uploads\/usu206\/2014\/09\/consell_comarcal_del_tarragon\u00e8s.png\"><\/a><br \/>\nAix\u00ed, l&#8217;horari&hellip;  <a href=\"https:\/\/agora.xtec.cat\/insaltafulla\/serveis\/transport\/\" title=\"Read Transport\">Llegeix m\u00e9s\u00bb<\/a><\/p>\n","protected":false},"author":2,"featured_media":0,"parent":63,"menu_order":7,"comment_status":"closed","ping_status":"closed","template":"page-templates\/side-menu.php","meta":{"_bbp_topic_count":0,"_bbp_reply_count":0,"_bbp_total_topic_count":0,"_bbp_total_reply_count":0,"_bbp_voice_count":0,"_bbp_anonymous_reply_count":0,"_bbp_topic_count_hidden":0,"_bbp_reply_count_hidden":0,"_bbp_forum_subforum_count":0,"footnotes":""},"class_list":["post-67","page","type-page","status-publish","hentry"],"post_mailing_queue_ids":[],"_links":{"self":[{"href":"https:\/\/agora.xtec.cat\/insaltafulla\/wp-json\/wp\/v2\/pages\/67","targetHints":{"allow":["GET"]}}],"collection":[{"href":"https:\/\/agora.xtec.cat\/insaltafulla\/wp-json\/wp\/v2\/pages"}],"about":[{"href":"https:\/\/agora.xtec.cat\/insaltafulla\/wp-json\/wp\/v2\/types\/page"}],"author":[{"embeddable":true,"href":"https:\/\/agora.xtec.cat\/insaltafulla\/wp-json\/wp\/v2\/users\/2"}],"replies":[{"embeddable":true,"href":"https:\/\/agora.xtec.cat\/insaltafulla\/wp-json\/wp\/v2\/comments?post=67"}],"version-history":[{"count":6,"href":"https:\/\/agora.xtec.cat\/insaltafulla\/wp-json\/wp\/v2\/pages\/67\/revisions"}],"predecessor-version":[{"id":376,"href":"https:\/\/agora.xtec.cat\/insaltafulla\/wp-json\/wp\/v2\/pages\/67\/revisions\/376"}],"up":[{"embeddable":true,"href":"https:\/\/agora.xtec.cat\/insaltafulla\/wp-json\/wp\/v2\/pages\/63"}],"wp:attachment":[{"href":"https:\/\/agora.xtec.cat\/insaltafulla\/wp-json\/wp\/v2\/media?parent=67"}],"curies":[{"name":"wp","href":"https:\/\/api.w.org\/{rel}","templated":true}]}}