{"id":65,"date":"2014-09-18T10:12:22","date_gmt":"2014-09-18T10:12:22","guid":{"rendered":"http:\/\/agora.xtec.cat\/insaltafulla\/?page_id=65"},"modified":"2023-06-05T13:15:07","modified_gmt":"2023-06-05T11:15:07","slug":"serveis-digitals","status":"publish","type":"page","link":"https:\/\/agora.xtec.cat\/insaltafulla\/activitats-extraescolars\/cultura-digital\/serveis-digitals\/","title":{"rendered":"Serveis digitals"},"content":{"rendered":"<p><a href=\"https:\/\/agora.xtec.cat\/insaltafulla\/wp-content\/uploads\/usu206\/2023\/06\/Banners-cursos-Moodle-3-scaled.jpg\"><img loading=\"lazy\" decoding=\"async\" class=\"alignnone wp-image-12121 size-large\" src=\"https:\/\/agora.xtec.cat\/insaltafulla\/wp-content\/uploads\/usu206\/2023\/06\/Banners-cursos-Moodle-3-1024x360.jpg\" alt=\"\" width=\"1024\" height=\"360\" srcset=\"https:\/\/agora.xtec.cat\/insaltafulla\/wp-content\/uploads\/usu206\/2023\/06\/Banners-cursos-Moodle-3-1024x360.jpg 1024w, https:\/\/agora.xtec.cat\/insaltafulla\/wp-content\/uploads\/usu206\/2023\/06\/Banners-cursos-Moodle-3-300x106.jpg 300w, https:\/\/agora.xtec.cat\/insaltafulla\/wp-content\/uploads\/usu206\/2023\/06\/Banners-cursos-Moodle-3-768x270.jpg 768w, https:\/\/agora.xtec.cat\/insaltafulla\/wp-content\/uploads\/usu206\/2023\/06\/Banners-cursos-Moodle-3-1536x540.jpg 1536w, https:\/\/agora.xtec.cat\/insaltafulla\/wp-content\/uploads\/usu206\/2023\/06\/Banners-cursos-Moodle-3-2048x720.jpg 2048w\" sizes=\"auto, (max-width: 1024px) 100vw, 1024px\" \/><\/a><\/p>\n<p>&nbsp;<\/p>\n<p>&nbsp;<\/p>\n<p><a href=\"https:\/\/projectes.xtec.cat\/edc\/\" target=\"_blank\" rel=\"noopener noreferrer\">Projecte d&#8217;acceleraci\u00f3 digital<\/a><\/p>\n<p>L\u2019Institut d&#8217;Altafulla disposa d\u2019una aula d\u2019inform\u00e0tica i sistema de projecci\u00f3 a totes les aules. La majoria d\u2019aules estan dotades amb pissarra digital.<\/p>\n<p>El servei d\u2019internet es distribueix gr\u00e0cies a quatre xarxes wifi i una de cable.<\/p>\n<p>Una bona part de l\u2019activitat acad\u00e8mica es vehicula a trav\u00e9s del Moodle del centre.<\/p>\n<p>A part d\u2019aquesta p\u00e0gina web, el centre disposa de blogs relacionats amb diferents tem\u00e0tiques i \u00e0rees d\u2019aprenentatge.<\/p>\n<p>&nbsp;<\/p>\n<table>\n<tbody>\n<tr>\n<td style=\"text-align: center;\" colspan=\"2\"><strong>GESTI\u00d3 ACAD\u00c8MICA<\/strong><\/td>\n<\/tr>\n<tr>\n<td><a href=\"https:\/\/saga.xtec.cat\/entrada\" target=\"_blank\" rel=\"noopener noreferrer\"><img loading=\"lazy\" decoding=\"async\" class=\"alignnone\" src=\"http:\/\/ateneu.xtec.cat\/wikiform\/wikiexport\/_media\/cmd\/tac\/jtm2\/bloc_2\/saga.png\" alt=\"\" width=\"87\" height=\"74\" \/><\/a><\/td>\n<td>Acc\u00e9s a ESFERA, sistema d&#8217;admistraci\u00f3 i Gesti\u00f3 acad\u00e8mica<\/td>\n<\/tr>\n<tr>\n<td><a href=\"http:\/\/xtec.gencat.cat\/ca\/\" target=\"_blank\" rel=\"noopener noreferrer\"><img loading=\"lazy\" decoding=\"async\" class=\"alignnone\" src=\"http:\/\/xtec.gencat.cat\/web\/.content\/alfresco\/d\/d\/workspace\/SpacesStore\/0075\/b0b5a5db-d6f6-4a77-926b-08093c5c1b20\/logo_fonsvermell_vertical.jpg\" alt=\"\" width=\"82\" height=\"35\" \/><\/a><\/td>\n<td>XTEC. Xarxa Telem\u00e0tica Educativa de Catalunya<\/td>\n<\/tr>\n<tr>\n<td><a href=\"http:\/\/ensenyament.gencat.cat\/ca\" target=\"_blank\" rel=\"noopener noreferrer\"><img loading=\"lazy\" decoding=\"async\" class=\"alignnone\" src=\"http:\/\/www.fesoca.org\/data\/noticias\/31\/img\/1.jpg\" alt=\"\" width=\"111\" height=\"63\" \/><\/a><\/td>\n<td>Departament d&#8217;Ensenyament<\/td>\n<\/tr>\n<tr>\n<td><a href=\"https:\/\/atri.gencat.cat\/siteminderagent\/clogin.fcc?TYPE=33554433&amp;REALMOID=06-003572e6-8419-462f-9472-8fb232f4d178&amp;GUID=&amp;SMAUTHREASON=0&amp;METHOD=GET&amp;SMAGENTNAME=-SM-orkOq8Yr04sF%2bllBdoFDHej5%2fn3TjfhkwwXbxzKP9k2p2uI3c3gNVU5qH62h4Psq&amp;TARGET=-SM-https%3a%2f%2fatri%2egencat%2ecat%2firj%2fportal%2f\" target=\"_blank\" rel=\"noopener noreferrer\"><img loading=\"lazy\" decoding=\"async\" class=\"alignnone\" src=\"https:\/\/atri.gencat.cat\/siteminderagent\/img\/branding-image.jpg\" alt=\"\" width=\"149\" height=\"128\" \/><\/a><\/td>\n<td>Acc\u00e9s a ATRI<\/td>\n<\/tr>\n<tr>\n<td><a href=\"http:\/\/educacio.gencat.cat\/portal\/page\/portal\/EducacioIntranet\/Benvinguda\" target=\"_blank\" rel=\"noopener noreferrer\"><img loading=\"lazy\" decoding=\"async\" class=\"alignnone\" src=\"https:\/\/sites.google.com\/a\/xtec.cat\/aprendre-en-entorns-digitals-canviants\/_\/rsrc\/1358251250477\/entorns-digitals\/la-meva-xtec\/portal.jpg\" alt=\"\" width=\"117\" height=\"64\" \/><\/a><\/td>\n<td>Portal de centre<\/td>\n<\/tr>\n<tr>\n<td><\/td>\n<td><\/td>\n<\/tr>\n<\/tbody>\n<\/table>\n<table>\n<tbody>\n<tr>\n<td style=\"text-align: center;\" colspan=\"2\"><b>RECURSOS PROFESSORAT<\/b><\/td>\n<\/tr>\n<tr>\n<td><a href=\"http:\/\/educat.xtec.cat\/\" target=\"_blank\" rel=\"noopener noreferrer\"><img loading=\"lazy\" decoding=\"async\" class=\"alignnone\" src=\"http:\/\/blocs.xtec.cat\/files\/2013\/10\/xarxa_docent-300x58.jpg\" alt=\"\" width=\"300\" height=\"58\" \/><\/a><\/td>\n<td>Xarxa docent 2.0<\/td>\n<\/tr>\n<tr>\n<td><a href=\"http:\/\/aplitic.xtec.cat\/merli\/\" target=\"_blank\" rel=\"noopener noreferrer\"><img loading=\"lazy\" decoding=\"async\" class=\"alignnone\" src=\"http:\/\/aplitic.xtec.cat\/merli\/imatges\/capca_logo_merli.png\" alt=\"\" width=\"310\" height=\"70\" \/><\/a><\/td>\n<td>Cat\u00e0leg de recursos educatius<\/td>\n<\/tr>\n<tr>\n<td><a href=\"http:\/\/apliense.xtec.cat\/arc\/\" target=\"_blank\" rel=\"noopener noreferrer\"><img loading=\"lazy\" decoding=\"async\" class=\"alignnone\" src=\"https:\/\/sites.google.com\/a\/xtec.cat\/crpvoll_montmelo\/_\/rsrc\/1394912737827\/recursos\/arc.jpg\" alt=\"\" width=\"193\" height=\"59\" \/><\/a><\/td>\n<td>ARC. Recursos per al curr\u00edculum<\/td>\n<\/tr>\n<tr>\n<td><img loading=\"lazy\" decoding=\"async\" class=\"alignnone \" src=\"data:image\/png;base64,iVBORw0KGgoAAAANSUhEUgAAAOEAAADhCAMAAAAJbSJIAAAAwFBMVEUQQoL\/\/\/8APH8NQIEAOX0AO34AOHwAOH0ANnoANnwANHkAPoD7\/P0RQ4Lz9vkANHsALnbt8fYAKnQ4Y5fh5++wvdDu8vYsWpNmhKzg5u7G0eDR2+cAL3kAKHOywtbY4etIaZmntsxwiKzK1eKQpsOhtMxcfql8krO+y9yZrMZYdJ8wU4qFnr5qia+Kob9JaJgYTIghUIs3W49McqExX5ZzkLVDa51ddqAfVI4AIXNHYpNug6kAGG8qTYYiR4K6xNVch5SaAAAftklEQVR4nNVdCVfqOteGpi2UdKBSkMHDjIwigx599VP+\/7\/6mqGlbYamgh7vvmvdtY5iydMkO3s\/e0iprC7+fDTxW65d4E9+gZQKfPZ0Y1lO434z6vYG\/n8GZxGEU6tUKkGtUindDu\/ny+Zi4H7buK4nRRA+6CUqEGo63K3fVuPNbPLLp7MIwgYsJQSUANTC\/2Dp9vg8mwSu\/TuRFkBo70CJFYCQ6p5Xug036GLQ8X\/byi2AcAA5ABNQtYoF93\/b82W\/+5sUUQGEC403h5kJhUYF7m4fX8bbWTf4FTALIFxqeQBjoFDToPO5b6yewxP0+wavJAUQzpURxhOqhRvU2B\/ns24n8P+RqaCO0L6X70MJUN0ynEa4QReTf7BB1RH6w68hjGAaesUJN+h8OvpZS0EdYe+Qq2hyJbQUDPi5Xw\/boaXQ+kZYCVFHeNpfjhAJOj9DjWvd3e3+Pocb9Lv3pzrCkXMVgEms4Qa1dk\/IUghN+e9aueoIpwVVqTLM0JR3XodtbMp\/w9GijNAdG9+CMMaJTfnhw2bWvS5MZYTB6nvmMIEy1LihIa9B8Io26LVMeWWEvcYFh0UhoNiUtzzwetzMFr2LTXllhBOuZ\/GtUMMNCnd4g15iyisjPMGfRohRIktBc5CvvQ0tha\/AVEVoL79T0eQChaE4n7vD\/bwwp6CK0J1X\/iFCAhNrXO+u8np8HnUHgeIGVUXYOv6QoskXQCyFxv18eVLYoKoI\/dd\/sQ0lgiwF3XnNN+VVEQ6ubrNdRZCvDZz9+q2NNuhFCPvX2IbQML5lrSNTXrfuwpX7sMSmfHLlqiLEbPBlAq3Dy2r9jdsZbVCv4jytNqPEdKoibF96WEAPtnt+0Buask85zsW7ITT9vMdBcYRPKu\/eqNdrfIVk\/nGeJ1gd9O\/EQzNq9Zsb83KVpr0Un0O7lP+9QG+MZm2H8yqAc5xFW6PFfVJoupjOunH\/vFwer4BwntiIigg79XyAsB2UkaPMjhDuzqvG5bwCYILD+3ZB+NXO4dKtCsAyMXRFhAvh2jo\/dz3Bsz2uMr9yzGn8pMBg3gDYzZu984nWlu5UFfkcFUe4zFel8NAjL4OzFaHTjZ7UZ1eDPgwSXxU8XuqIgn038TxFhM96\/nOdJv6oveOsMn0XgXhmEVrt8wR2NrcXnyfg0CmOUMXBN8eEHzzWOBq\/+kghPrHvqjKPEHbmd\/XLD0w4LH7i+28K36utiT5ZcrWSSfSbz3GkKxs6om7DA1ewDo12cuxqCAdKpkhlRiYC8j6srfE27XFUrbUlCDsHVkl9RSqb4gj7ShSG2cCrzV3xBgrgAv1ywkFoTgnCbf6RpCRevzjCpcKBH8odeXTT4nwaWEuEo8v5VYXMob27Eo1w1yuOcKu2\/atH\/OkeT5uWrLGLEQr3YZAfgVUSUElFRJQQumO1Iwo6eJl2hrzJMI\/IWFxwwJtEl\/Z4U\/8FAbvU4JUQBi+Kh7CHjwR\/zHMmjQNGyJlDMrtXQwiPxRGqssFQwza9veXZXdoeweetUu8dIxxcievS58URdhUDa2aDfH7GeyHQQZYGV5eu8Mbxr7QPrVlxhE21Y9ipb8nnTxwYoTZGKq7HcS30IZ569zqcM9AnhRHay3yrFItFn91d8xBC9NsBB7xxSxa3c5XYD3CC1OhVEDJsMIpVc55NT3zkHvDc4Aqy+INPnucREIQ1XfFVygQ20uFzFYR+mg0GlbfV6o3dNOGZHk36O++4qJzQs\/YcB9jABq3dXr2s1EwLmRjtNHmqgjB4Sn2ted9xW8G8ln003Me2xIZnt2FjyuUhrCzIWnHt1qZyKcTYji+AMG0tG5isKAeM4RJ5T6H0eXNYx\/7jLbvZgDeKv6vD43mKIRylR6+CcJF08IFDXridJRuIB9zqoTfo8+y2Ov5q3tFaT5AcXIuviNDxFUKYZoPpO7KnXvrJxgta\/0vizG\/q7AFDEP7lWAMePaPtoMlZxMUE3PbSo1dB+JDScAZlVbIbsYoADHY3WN0EJXakBOGRs0Vr9\/iJ\/vb17mL3QhsO0qNXQfg3PVrrHUGcZPgU7RVNYbtmPuG\/2XqMxqhjW+Oe0VDhDv6L\/2ZzcwX3yWhnAjQKCJncYP1xvp1nWc0bZM8EHgAW8S8OzGjJHD547Po1XvH3NK7h4uvzTEBRAWHHyz4FVmvVDEBjj4DN6yUIyTeMGBuM6NJn5mnh8\/Ao7NsrTCGAy8zwFRAuOGNiBOsf91DVPbKnysEweywQcmHO0UFAd6+FsLTrZ4avgFAlsEbUz8RZr5aRVbjJjtc64R\/fsH8NsF95nTlcdzPDV0CowgZrIzxvk845rN7PGmDEcpny5rDeuxZC+JZRpSoIFXIUtFXA\/FmWgQQGfrtcNvXP4loItVU2pJ+P0FXgSskUpsXOsDXEeyqPOAidm\/7V5nCcHUc+wgHH38mIeTy\/OLuzGJ3wP9tpDQUANjb6dfZxzs0MI7yCf6htiyNc5Dv4d\/HudhfzR8d8wmu2+Sf1l7CEd8iCO4fTa82hNsuOPx\/hLNdlq0dxgmA5dAwNgAqJQu1SJijhacpdHsL65koI6VYohnCTtw0NMmXl7tG7IeFPY4f9qG6KloDEJu9yYq2O94wQvl7jtGDy43MR2u85CKO4Yd84h0bxnJTtZdLZo2wMD2GphlaBfbFriDwLBkAuwtzc4Iix3idmAH4SXmKaCGnrDTHCKjKE3CuwidqqOMJeQ\/695oHw3C+pTVclKs3e\/Dl\/8NiSz+E1+FL9uTjChZwNBpRBHKUTEGLTYh4vXRrL5unSEtalLjfuWEwSfIgyQjkbDE1iygfZYAyMvmoTQbcIQzThzeEdsdou9568HgMgF+FUpuCATomtU5Yi09+pI9qK+JzKksTQOPEXuCfroETyoQAntqEmwGHzE\/MQumOZ3W1uiDFjM5472EVWQO+gkZdBVG6LozGrxOOyT427eih6yeAQASoCn9hE0zyEUlVqRCZSwL71Wuxrz\/AkAppSYx\/rEGA5fzZiospud7uZngatzsPXsoa0ezZjOA\/hQKJKtUb0qRmrPmBsXdgNtNC1R5rk0msfPh0MEeo6TCOMxf1aVg2NlxdC2JPkKBh\/o08dOa\/cHPbo1z2gNafHSTP2YNFvIhktx6Tir\/bAfC+PsMoXa8QiyEN4khxS4JMeCQvuXjUO41nPtgcztBGBwZjEZWSoYwLY\/Jv5ud3\/Yvpe1sFXQChNaKs+u3Y4JdMP\/nCgAT+GwzU55j5PvMf7R\/RyDCf900EbfAkgeM06+PkIbTmFUbF0TfPEiVoAaBr9pZNliLC4Y7y+jW2\/2\/Fbbigtf3LvqXBfHIHDDvsVOQjdv\/KXiXWiUoTYyISEyiEavzejpbeWZ8HX4f14\/v5yq9fgF1O\/jHdO5W0ewiuVxiISbDloJbLoJ\/Px\/OVgRi8wfFOablqWZbL5p8qiZ9+iAsLO9VLrYenwOFzdt5\/nm+10+ry2Krp5vacjSecGKyJUYoNVBwChYRjVarXmeV71O0pwGDZYAaFCbvDvEXjLOSzyELaVUwd+QdUQfOQcFnkI\/yoSfNDzrpTvc4HAF17lkxwhV5WyVrZhHuYPDe63ft0TKi7amFepJ0c4YCYG6uDzU0vpQOC89JHN2efoeSeUohANIoXfDABTHgY5QqbpjtaYNk+nZYroB1tiU3f22SUN4LLfbxbrGAK1xyGSx+IpC86oOMJl9lsITVhe6mfkcE2ZA3+YVUuEQFxyfT1N5yKAlc0gwDLipY7JBHzyVGkOQqbpDs0p6DyeuY2okqTcZfIoDEwgdj45SUJV8FTiIAfrfrSX3JeCBDH4YANgeQjZpjsAEoU8O8ewNaqj+2weBQT4Vw+M2QA+R3bZX7EQwCFW+O57wSQ32OCWBEsR+mwGnvlM+KTzJJrE3O1DzsFiYfqSpUghXlA9Nm4HtFhbTIr2w9HuuSCkCDlNd+AHWezLaF5AqUk+ynvjwEKfdtmQi46r9Tg7VIuIVr9wgVe6zEINIY8N1kn2muvQUXuY\/PFf+EuKRBa3zDKt4AQq+8hwFcCiDBYv1VYuHDY4FyG36Q6tjJkS8gmWsB0hLAbB5MWA0fzAwkZywJZYkDTUcKcXtvnvmMBaPkJumYWxw7rTJ0uPJFVPhIS8gbLUOSvOvMVTxWbdlKqYtLHbhakoWLxand90x6mRbH\/sdpg4McAeVkWGNynJHbEvAAe2y+6cWd009YSX\/yYV8MpHIUMoKrMgCWoDlNdFiOy+eEURhD2WOtNozGrFzBVJW2gUVTScwFouQlFgjVoxU4sW5LW4NTJEDGwN25zYAC3XG6wzf0xD3k9FA8ICVSpF2BWxwTVcAhKsDFLfOpP4DwYhFprsR6JzZ5Ex3xwSEH4qOoc8NjgPYV9UAEED213HQxEmX2JeRbZiwC5TUKNhnaSRi8Q82l9YpZwchVyE9lJYpmM+Yr01+h9aaQuJf6QPk8x+WowGsSPdeXobw0MLaZqiCHccrjQHIUfPxUJjKf0u0rgSrYeCu5hBXLAJe\/FbD15STwDrzhdOC\/iXa3dLEcqa7oCb2FMZSILTEJ1RM5xus2eXstWkj+ikmmWQlT0tiJDJDVZAKG26QxMUysicEZNQOE9m7KG8vA17onhxsKbnJPADHABoFmT5KhtBFx4JwoHUtjejaNmteMNAp4fcEA9lLnLsTO9M4Pa189ELwCj8Sbcgs2WMBDAkCOVscJQoNJCUJ+PSyclac07hdm0zk5JAGPoqZ0AasWWL5fE53NiWHOFUXvFo7LGfw8tqpgJ3SJWERyFuKXBijkQTvfYOKeR25+d1is9QTiq8TMCt4LCQIcxrulPHRsmK10GBCMnHWBoAQw0Yl95Er30AaJ3z2TDC6QH+qpCLz5RZqCDMK42tYc+wz8nbjmSEJ8cCEJetLTMEIdCQzuysaepNNy5Cwe1lfHW6Hf\/NvahjphihnUd0esSw5BVQYIGYc\/HfzXDoaAn1MuQZgD2MsEq5mWWUIWagB7ekaS4swmyZhQLCIKclDaiQve2\/CubawLxJMLTMGjmrntNHHMQIB2tYu8dq2Y5+j4tCijX54wfWchDmNd0x6IloZ+3KSOr4SweNt\/GIHCwZBh1ATEd9AuqOlVs0+w\/7I\/am0IH42eSjkCHMCawBMwq4cigzLB42e1qTszU1T58s2BuYfIZLbEc2EaWzMC9gT4sYpummO4oIJVYpksj5ESaGgQqz9zO0DLZ4sN1epxn2C2wWYITlZZFqUmzLFkWYkzmLl1Ifo+xzVQ1wmEfay5QRYext6jmCKJVxdBP+SyMIBYufK\/BR2CBSiDCn6Q74DNXj5P+wj+9yyOtUGpDd23bpoZea7rvQYN3iv4U7apJMDQOYL4iw5LYtEEm66Y4awqxuz4iHHnlfI+wmj6dxahEF7U+2+5v6FtOs6V5ntXbQpKSzsabFt1NH13GfDA57JRYRhSFDeJI23QEoVXUBADnpyiydFLmQ9mL7src0AA0cg3PbSVcQ7IZx1MakJVnubPcHpzyOiljeAjZYinAmDcwj1eCGZp3jYWqxs2MVH\/GN\/F2NdCeApAK5ly6fTZwfJo3S2b05tgA4VKpY7tjc4FyE0jIL4zU8AkZ4eH\/w25uwDi750jMZbpJc\/WnqxEii0NOFdc0CCGnhaiGE8hbs2tLG5hgC+4bPu36WuKcFJIkqEQ8fynbSn\/9cJ23VyiFZaF4IoYANliEMVpI5xCTigLo3GnZ\/7GwciTTJmHjJn+AnL87rtNbuzZM1R5V1AmIRhNqRC0KKUNZ0B0C0xSbUaddIDNiep50MkgWdOgBJ6CR0NuIfdMM\/S74Z\/eO8UJkKTYlU2DKLXISypjv4pCiPoqHRJkhpdow2L0v9zCPjoKntaDcjC\/stVRz1EbvqpwIIJapUiJBDUkdiECvyHCP1yKhax8RxruMugq1UEBkeiB0XneXkPJml5t6Ijn5+Gx+BVEQOvhihhA2GGg792c\/xyabTGoDFRzwmwiaVOynDCACSWecSZUNbmvjpAozo6C+CEOwEXKkEoZgNBhVKrCQaXJBOEeGeihVnjbbvSrsdOrU8RnjaoqaeGf5eX5MfF1il2aY7Kgh9od0NaAtAN3E8wA\/ipXc\/o1E2mFlFolFMuAFobG1nmVSPxCSlxTpp0e6LdywPboVBGbpPUh2PqzSjjNYQODd08It0DTGIkr1RpCIu\/mpmrdrac8v2lwXqvHhlFnkIB6KH0dSLsp8i+wB1sSML5oYiOWWqpHWaPXjyQAmuo75Z2UooANvLo1fA8M423VFBeBIpGtJ3wu6+mCm7VTssF93+8khhR23NMnMY\/vV44bv+4j08zYGGSQIX\/yPzJaZViCx1hA6+GKFYlerjoDd9+ciOAIDPDydeWLRUy59n9SEwPt+Oj8ShCBd8MJoPPy9IXacPfRXb3UKED2IKA8B6ndNVPJVICl6bs+W8oXPibgDqkUMBoFf3LsaHFJiQwhAjlJVZqAwJeHXue8h86jrZtca7iA0WI+RfyFlMLu+QryqGkA0WIwwu7pqmJrAayqVV+BI2WIzwmmUWwoFB3TwcQxGUGgJl72knZIPFCH+gzALAw\/sMmyJ+gzeLxsfbh5oWYpvuKCCUqNIS0HXdgPkRWmhA2Sxos6gAk5vqoA8Xg+5cKQ4M32SqVIBQmKOgVeuw0bh9fd1ZN\/WaxEk267vGq+PVRZuMtBUiCO9ZGou0NG1x2\/UyY2Ka7uQjbAmsUsPbrZYDVCXo+pPR\/LjzqhwDHXpezfm7DdCHtq81wVKrriIFOGAj\/A6J6pQnKp3S2aY7+QgFxb9gtUirZXsxf4NZBPBpuuic32p\/Jbg9pxoVgrNptCi+TKZ3rBCeYZvu5CMUNN0BnNKwYPSYyUvLli370x13V0eWNyeXCIXuyLvMxo15o+K1cMpDKGjBzi1WLgfLdUpTGFney+7ueTMRtSC4551MABBPf\/HJ+WUWoYTCECEUsMHnm0b8JGtgD4ZJltd4YyyMyZ5noBKELj\/nokroAE7GHyvyOy95CN13voNvRI0Bgts6eLofne\/dTlJqgMaG\/fk2vudu8MYprSAIBdcuRHUq81zbAzxJAXIRithg\/Z0qkHYd3Vzk7Z6j22HshEYAH9FtLHXPe53SDktswzCKkPMbLDQxtctpDZYWGRssQth7E3wp9dADmr8Ea7sNPWwTDXhAiWwhzBka3iMxONhUQ4pQRPwapMmdnZsapTMtJ\/IRipruQNra4hxcgfobtZi6cdeBiDOkfRNr5PoVttUeRSgiZmncLr99hIwNFiFsCp4V7Y1kyNfUKMRztiRZXzG1SKJs7GqjCEciJ9Ej\/Wymedd6yNhgAUJbdLcxIFGFlH5z9B35Bn8d\/ZWOT+A4eGX+RSMdMLkrFKEwmE27g3dzVA2v6U4eQmHTHcokdtNnlEl35yZ62SbeGHHpGdwhddS7EcyhCCEwyGLn31pzFl7TnTyEvvA2C5LD2U\/TSxGzO4heNlG5ragvu\/mEb19hdaIm34e0\/7mf06eO13QnD+HgSbAzALnyJvvWaSO2OLueFJG0osw7sg85LS+JiSTSpdHScLkp7WfeK9uCXQWhuOkO6aLDlM7S2FNUoUbK4qNVqh9p6Rdj6+pYlYgy\/el5GGos1h7SwPmeRFGZhQyhuOkOea8sQmLcRywyUblU00SpxJzUex1z8RP+iX923EeZvwSmORz1+zEVK3Xw+QjFbDDpFswgpFcERTV4JB+MItTb5P4Rjn1p4vjU4INv5b9ECiR7bwsYLtGxTPN9uE13chDa4rRHA1\/ZxiAk7bhDa5XoBKJybYwQGMTA4SXHmCu0IoIDV6+ZMX\/WW6c+EEXS6JklZ4P5CCVNd8hNjcwZDcglSHFKl9HEL8oA0PSIizDhORAkfdN+4yE01ggHuaktXfEMqedIEcrZYD7CljiCD3Gj3D4TjAD4W+LMbAOrkPkNPIxH+JGDIW9Z0JstebqS1K+Vp\/jASKd\/wTWZwy5Z3dymOzkI2U4RZygaWnPdrFcKyCVI\/j1BCKgKmTfpXeitF65tCXSsJLhN2iGa3sUf7JAOUrMMHGJDkXr5OMxaBKGMDcbtcztZjw4YBGFU7Uxbs8W2hsi0JIp+yWExPEQuuY91EkRNF0rrS\/JlZN3zG2zJEcpasGNbMdvGOjyy8cKJ92HishI8GFGHC7JJOTwNrrUpL02g4\/Gnq92xh2NTdcdvupODUFZmQU6+7NlGr1sLInVipvvEdNmLIIjgUkpeM0x8jqCOjbjmJJvdWdm6\/pTSX\/ymOzkIZU13ajhen72ABOf6nk+L0IxJJX\/4Y4GfTrwOm7nsgxyop08ATGIt2amLTeB+s4pemvYiycIQILRl\/cuq2MwdZdaVSdoTd6LVaNA7R0dzsoRabf7WNkjFOmNa4ym0t3XvLmpmP0rpW1CJzw9NzgZzEQYyZwUXsJa7f9I\/peXri2gYxDAod7xaieR5BUNuESZ0MMJsPSypP\/Tbtw+nSFkNXvkLC0A5G8xF2JdFQ0zcPqSX0Y20oDRWeRRhOHPgzz0vcyhCSHoEZBA6dfxaUjfAt94FdpYjDazxES5lzA9ZV4OM6iCJo+dUaG2PEBJT1MRnI582AFrAQQh01g6zt4KIOb\/pjhzhXJobzENIbZNzkhTEdXvELaJlGWz\/IYTFGnAQ1tKZlGQum4Io6l6S0CZAyDbdyUVokesLz8myBPKSKBDavmaR2bt4fKRzcxqhkazJ7k0fVtiEWfB9VnjIBcgg5DTdYRGmWKUoS+psfUEHIdyQgQOLeBc8fUruVEghPJthtj97rddrNWy5ZRqix+PhN92RIuQ03Uk+EXMuvRRC\/QWvlNZZmUC0D+2Ia6sdSXcIjjq8OTEIdVpHGJzGe88oOVH6W59L50jKLIQI5S3YyWmRQhil8o0SVa63nQSbCEiFF+eaSOdPP4sQftCY02MlijATOz6bZE0kjw3mIeQ23Yml1sZeQ4IZBMT+D\/2HBEJEBcRsolMjTUeCVXahcRDSbmnd9fmeBY30w3HvOZYRpwV7LsKtNEzA2MqwSjVfkhSsIOUSs4klYBL7f5Htakaul0kirJFaqcFbcr5JWnm5dc8asFoOV8pBKG\/BTrsgxHoRmB+UbEg2cCPrKlHHG1lxs8w5ysyhQThSe5yuOqnQcB3jE4CnPPeXRSi\/zQKSBdP7H6nz8bRxl37FJmUao\/eQ4JWBQbsTbKxUh+DsHELaFrCXyVKhS7cctDN144L+ZVKEA2kBd+QWzS3TqNV37UVk2C+SvSLJIZ\/s6QJKxHx0lyDpeGXn0KSpvtm4t3ZLF6Of6d+QF1jjIZzIVCmIOjPY3eHrQyIEnK4NJf3lU\/X0INquk6N3HmQaIfCeCRCfccHjjhC99IW6Kqo0i1DWgr2knXmt1PofpK\/1IyH4TKLIzZG6qv1VKR7lDT4aSM8CYEUTwnZGO5OnzWQMIC9HgYdQUmZR4t2lhKWb7r3i0Sq7Zdpjqh5oRbc7iqlFouxJ0CpOobSZU6UEPqJ6KD95Dy\/Y5zr4DEJX2oKdm8dpLw9Jux847ajZZ2akBnyPmmTS8lTK0U1QqiehZpDwilcpcx7KKPFTYdMdGUK5Kl3Hq8LvBK4dStBcpRvSGuc75rINIYG5HtFhknVIu9L5aA2c2zwteTwRjN5bNxEEMO5zKQwGoS8qs6CPHE6CoLOYHh3LsjxL1zUmNY\/eCIQkYBgoWH+n6QeY8Y+6tzTR5ifmUtle8LNPrPrtvNvpPiRz4KRlFgKEg5z8HEPb7aBXr2ogkuwntNd4Djk9QYA37HYG3WdCyFNDoNxB9CTQZqfTqTlnOylG3+1ZmpdKh8xJ9+IiPOXl5wCIkkZltqu2XCDpj5ZHntNrOo8NBxudoBQPEDMAQK\/AkmnJ3nHmfcZlbgUQ5jTdURHw+RHKpwMMAXlk0AMpcdtkVHhSLHcfCpvuSBDmNd1REQC5y5eRRFwsp7uBQKCw6Y4E4dN1LyuQD3A9sVt+EPiuy9yHpST5gTUOwstvpy8gzng7Xg2P7\/P5MP+aTI6Im+6IEeY13bmuAM00dUMP\/1ekx8f5z\/kt2OUI85ru\/C7ht2CXI\/xP3WYhabojRvhg\/eBNBpcKOKhYpRmE08ZO8yr\/\/qIKJYFDBZImi9Bt+b3m5v7VuPMqenis\/ahqLSqSpjtihDHSQX\/6sDqsdw7U4E\/ewVFEVNhgIUIsdjDpL+fvx8MO3XH3g6aAoni5OQp5CAnMVmeyGE3Hx1fHqhhFeuJ8u0ia7hRBSHG6fqfX394\/OV7oFWrwN2xQoCvZbIoIYwk36LY93O8c8M83qKzpzgUIibTQBn15POzRBv1XKGFOmcVFCLG4aIOGpvOTUyEnyw+LEht8EUIsdisY9JrTh8au4lnGj65bJTb4coQUp+22BkgR7dCFjtqPTGh0DcbPIIwFWQrP4QbdOZr+zRMqbbrzfQixIEthtn1fPe20yvcpIthQPCy+ASGB2Qp6k+Z0\/HevedZ3mPJGW83u\/jaEFCcy5U\/b+1uITPmrbtDcMoufQRiLHSymz8SUv5LGVWODkfwMQiJ+uEE3kSl\/IUpnkf99RH4SIRa30+uGG\/R4C5Ep\/1WA8FbR7v4HCLGEpnzQ60\/bDRCa8sYXTHlFNhjJv0EYiz1YLNvDNTLloVZggyqywUj+MUIifo\/42vuSpmjiKrLBSH4FQixugH3t1e2uYuXhJB3H1OT3IMRiu8SU\/7vT7zCnIAAqb7qTkl+GkIpttwaLUBHtQ09b41gKOU13UvI7EUaCTHnsa2dM+ZymOyn53Qix2P7khDZoaMpHG1RbqeQoEPkPICTihqb8CZF+Rmgp6PllFrH8ZxBisV231TlNnxvqqrT8\/0vmflM\/UQuLAAAAAElFTkSuQmCC\" width=\"55\" height=\"56\" \/><a href=\"http:\/\/alexandria.xtec.cat\/mod\/data\/view.php?d=4&amp;mode=asearch\" target=\"_blank\" rel=\"noopener noreferrer\"><img loading=\"lazy\" decoding=\"async\" class=\"alignnone\" src=\"https:\/\/sites.google.com\/a\/xtec.cat\/bloc-de-jordi-pedrola\/_\/rsrc\/1318612050075\/home\/recursoseducatius\/alexandria1.png?height=54&amp;width=200\" alt=\"\" width=\"200\" height=\"54\" \/><\/a><\/td>\n<td>Alexandria. Biblioteca de recursos digitals<\/td>\n<\/tr>\n<tr>\n<td><img loading=\"lazy\" decoding=\"async\" class=\"alignnone \" src=\"http:\/\/www.edu365.cat\/img\/edu365_fb.jpg\" width=\"74\" height=\"49\" \/><a href=\"http:\/\/www.edu365.cat\/\" target=\"_blank\" rel=\"noopener noreferrer\"><img loading=\"lazy\" decoding=\"async\" class=\"alignnone\" src=\"https:\/\/sites.google.com\/a\/xtec.cat\/bloc-de-jordi-pedrola\/_\/rsrc\/1319819989188\/home\/recursoseducatius\/educat365.png?height=60&amp;width=168\" alt=\"\" width=\"148\" height=\"60\" \/><\/a><\/td>\n<td>Edu365.cat<\/td>\n<\/tr>\n<tr>\n<td><\/td>\n<td><\/td>\n<\/tr>\n<\/tbody>\n<\/table>\n","protected":false},"excerpt":{"rendered":"<p><a href=\"https:\/\/agora.xtec.cat\/insaltafulla\/wp-content\/uploads\/usu206\/2023\/06\/Banners-cursos-Moodle-3-scaled.jpg\"><\/a><br \/>\n&nbsp;<br \/>\n&nbsp;<br \/>\n<a href=\"https:\/\/projectes.xtec.cat\/edc\/\" target=\"_blank\" rel=\"noopener noreferrer\">Projecte d&#8217;acceleraci\u00f3 digital<\/a><br \/>\nL\u2019Institut d&#8217;Altafulla disposa d\u2019una aula d\u2019inform\u00e0tica i sistema de projecci\u00f3 a totes les aules. La majoria d\u2019aules estan dotades amb pissarra digital.<br \/>\nEl servei d\u2019internet es distribueix gr\u00e0cies a quatre xarxes wifi i una de cable.<br \/>\nUna bona part de&hellip;  <a href=\"https:\/\/agora.xtec.cat\/insaltafulla\/activitats-extraescolars\/cultura-digital\/serveis-digitals\/\" title=\"Read Serveis digitals\">Llegeix m\u00e9s\u00bb<\/a><\/p>\n","protected":false},"author":1,"featured_media":0,"parent":11229,"menu_order":4,"comment_status":"closed","ping_status":"closed","template":"page-templates\/side-menu.php","meta":{"_bbp_topic_count":0,"_bbp_reply_count":0,"_bbp_total_topic_count":0,"_bbp_total_reply_count":0,"_bbp_voice_count":0,"_bbp_anonymous_reply_count":0,"_bbp_topic_count_hidden":0,"_bbp_reply_count_hidden":0,"_bbp_forum_subforum_count":0,"footnotes":""},"class_list":["post-65","page","type-page","status-publish","hentry"],"post_mailing_queue_ids":[],"_links":{"self":[{"href":"https:\/\/agora.xtec.cat\/insaltafulla\/wp-json\/wp\/v2\/pages\/65","targetHints":{"allow":["GET"]}}],"collection":[{"href":"https:\/\/agora.xtec.cat\/insaltafulla\/wp-json\/wp\/v2\/pages"}],"about":[{"href":"https:\/\/agora.xtec.cat\/insaltafulla\/wp-json\/wp\/v2\/types\/page"}],"author":[{"embeddable":true,"href":"https:\/\/agora.xtec.cat\/insaltafulla\/wp-json\/wp\/v2\/users\/1"}],"replies":[{"embeddable":true,"href":"https:\/\/agora.xtec.cat\/insaltafulla\/wp-json\/wp\/v2\/comments?post=65"}],"version-history":[{"count":3,"href":"https:\/\/agora.xtec.cat\/insaltafulla\/wp-json\/wp\/v2\/pages\/65\/revisions"}],"predecessor-version":[{"id":12122,"href":"https:\/\/agora.xtec.cat\/insaltafulla\/wp-json\/wp\/v2\/pages\/65\/revisions\/12122"}],"up":[{"embeddable":true,"href":"https:\/\/agora.xtec.cat\/insaltafulla\/wp-json\/wp\/v2\/pages\/11229"}],"wp:attachment":[{"href":"https:\/\/agora.xtec.cat\/insaltafulla\/wp-json\/wp\/v2\/media?parent=65"}],"curies":[{"name":"wp","href":"https:\/\/api.w.org\/{rel}","templated":true}]}}