{"id":46,"date":"2014-09-17T16:53:45","date_gmt":"2014-09-17T16:53:45","guid":{"rendered":"http:\/\/agora.xtec.cat\/insaltafulla\/?page_id=46"},"modified":"2026-03-28T21:23:15","modified_gmt":"2026-03-28T20:23:15","slug":"organigrama","status":"publish","type":"page","link":"https:\/\/agora.xtec.cat\/insaltafulla\/linstitut\/organigrama\/","title":{"rendered":"Organigrama"},"content":{"rendered":"<p><strong>EQUIP DIRECTIU<\/strong><\/p>\n<p>Directora: <strong>Bel\u00e9n\u00a0 Jim\u00e9nez<\/strong><\/p>\n<p>Cap d\u2019estudis: <strong>Rosa Sim\u00f3<\/strong><\/p>\n<p>Secret\u00e0ria: <b>Noem\u00ed Herrera<\/b><\/p>\n<p>Coordinadora Pedag\u00f2gica: <b>Yolanda Romero<\/b><\/p>\n<p><strong>CAPS DE DEPARTAMENT<\/strong><\/p>\n<p>Catal\u00e0: <strong>Desire\u00e9 M.<\/strong><\/p>\n<p>Castell\u00e0: <strong>Paola C.<\/strong><\/p>\n<p>Matem\u00e0tiques: <strong>Enric G.<\/strong><\/p>\n<p>Tecnologies: <strong>Albert A.<\/strong><\/p>\n<p>Ci\u00e8ncies: <b>Patricia B.<\/b><\/p>\n<p>Humanitats: <strong>Bego\u00f1a G. (Gemma G.)<\/strong><\/p>\n<p>Seminari d\u2019Orientaci\u00f3: <strong>Clara P.<\/strong><\/p>\n<p>Lleng\u00fces estrangeres: <strong>Blanca G.<\/strong><\/p>\n<p>Educaci\u00f3 F\u00edsica: <strong>Guillem P.<\/strong><\/p>\n<p>M\u00fasica i Visual i Pl\u00e0stica: <strong>Maria Jes\u00fas R.<\/strong><\/p>\n<p>Tutora PFI: <strong>Maite Q.<\/strong><\/p>\n<p><strong>COORDINADORA de 1r CICLE ESO<\/strong><\/p>\n<p><strong>Desire\u00e9 M.\u00a0<\/strong><\/p>\n<p><strong>COORDINADORA de 2n CICLE ESO<\/strong><\/p>\n<p><strong>Elena S.<\/strong><\/p>\n<p><strong>COORDINADORA DE BAT<\/strong><\/p>\n<p><strong>Noem\u00ed G.<\/strong><\/p>\n<p>&nbsp;<\/p>\n<p><strong>TUTORIES<\/strong><\/p>\n<p>1r ESO A: <strong>Jaume E.<\/strong><\/p>\n<p>1r ESO B: <b>Ivan U.<\/b><\/p>\n<p>1r ESO C: <b>M\u00edriam L. (Vicente I.)<\/b><\/p>\n<p>1r ESO D: <strong>Enric S.<\/strong><\/p>\n<p>&nbsp;<\/p>\n<p>2n ESO A: <strong>Guillem A.<\/strong><\/p>\n<p>2n ESO B: <b>Mario R.<\/b><\/p>\n<p>2n ESO C: <b>Pau D.<\/b><\/p>\n<p>2n ESO D: <b>Alejandro C.<\/b><\/p>\n<p>2n ESO E:\u00a0<strong>Sara M.<\/strong><\/p>\n<p>&nbsp;<\/p>\n<p>3r ESO A: <b>\u00a0Jordi B.<\/b><\/p>\n<p>3r ESO B:<b> Maria Jes\u00fas R.<\/b><\/p>\n<p>3r ESO C: <strong>\u00a0Roc\u00edo A.<\/strong><\/p>\n<p>3r ESO D:\u00a0<strong> Yesenia G.<\/strong><\/p>\n<p>&nbsp;<\/p>\n<p>4t ESO A: <strong>\u00a0Miquel R.<\/strong><\/p>\n<p>4t ESO B: <b>\u00a0Maria G.<\/b><\/p>\n<p>4t ESO C: <strong>Anna C.<\/strong><\/p>\n<p>4t ESO D: <strong>Miquel B.<\/strong><\/p>\n<p>4t ESO E:\u00a0<strong>N\u00faria L.<\/strong><\/p>\n<p>&nbsp;<\/p>\n<p>1r BAT A: <b>M\u00edriam E.<\/b><\/p>\n<p>1r BAT B: <b>Puri L.<\/b><\/p>\n<p>&nbsp;<\/p>\n<p>2n BAT A: <b>Eva R.<\/b><\/p>\n<p>2n BAT B: <b>\u00a0Marta M.<\/b><\/p>\n<p>&nbsp;<\/p>\n<p><strong>COORDINACIONS<\/strong><\/p>\n<p>Riscos Laborals: <strong>Enric G.<\/strong><\/p>\n<p>Moodle\/web\/Workspaces: \u00a0<strong>Albert A.<\/strong><\/p>\n<p>Control d\u2019Assist\u00e8ncia\/Dinantia: <strong>Josep P.<\/strong><\/p>\n<p>Coordinador TAC: <b>Josep P.<\/b><\/p>\n<p>Activitats i serveis: <b>M\u00f3nica C.<\/b><\/p>\n<p>LIC: <strong>Anna C.<\/strong><\/p>\n<p>Biblioteca: <strong>Marta M. i Paola C.<\/strong><\/p>\n<p>Coordinaci\u00f3 MUFPS: <strong>Carlos T.<\/strong><\/p>\n<p>&nbsp;<\/p>\n<p><strong>PROJECTES<\/strong><\/p>\n<p>Astro Pi\/Faulkes Telescope\/Rob\u00f2tica: <strong>Josep P.<\/strong><\/p>\n<p>Mschools Scratch Challenge: <strong>Jordi B.<\/strong><\/p>\n<p>&nbsp;<\/p>\n<p><strong>PERSONAL D\u2019ADMINISTRACI\u00d3 I SERVEI (PAS)<\/strong><\/p>\n<p>Conserges:\u00a0<strong>Carmina Ll. i Elisabeth L.<\/strong><\/p>\n<p>Administratius: <strong>Manel M. i Laura C.<\/strong><\/p>\n<p><!--a=1--><\/p>\n<p><!--a=1--><\/p>\n<p><!--a=1--><\/p>\n<p><!--a=1--><\/p>\n","protected":false},"excerpt":{"rendered":"<p>EQUIP DIRECTIU<br \/>\nDirectora: Bel\u00e9n\u00a0 Jim\u00e9nez<br \/>\nCap d\u2019estudis: Rosa Sim\u00f3<br \/>\nSecret\u00e0ria: Noem\u00ed Herrera<br \/>\nCoordinadora Pedag\u00f2gica: Yolanda Romero<br \/>\nCAPS DE DEPARTAMENT<br \/>\nCatal\u00e0: Desire\u00e9 M.<br \/>\nCastell\u00e0: Paola C.<br \/>\nMatem\u00e0tiques: Enric G.<br \/>\nTecnologies: Albert A.<br \/>\nCi\u00e8ncies: Patricia B.<br \/>\nHumanitats: Bego\u00f1a G. (Gemma G.)<br \/>\nSeminari d\u2019Orientaci\u00f3: Clara P.<br \/>\nLleng\u00fces estrangeres: Blanca G.<br \/>\nEducaci\u00f3 F\u00edsica: Guillem P.<br \/>\nM\u00fasica i Visual i Pl\u00e0stica: Maria Jes\u00fas R.<br \/>\nTutora PFI:&hellip;  <a href=\"https:\/\/agora.xtec.cat\/insaltafulla\/linstitut\/organigrama\/\" title=\"Read Organigrama\">Llegeix m\u00e9s\u00bb<\/a><\/p>\n","protected":false},"author":1,"featured_media":0,"parent":19,"menu_order":9,"comment_status":"closed","ping_status":"closed","template":"page-templates\/side-menu.php","meta":{"_bbp_topic_count":0,"_bbp_reply_count":0,"_bbp_total_topic_count":0,"_bbp_total_reply_count":0,"_bbp_voice_count":0,"_bbp_anonymous_reply_count":0,"_bbp_topic_count_hidden":0,"_bbp_reply_count_hidden":0,"_bbp_forum_subforum_count":0,"footnotes":""},"class_list":["post-46","page","type-page","status-publish","hentry"],"post_mailing_queue_ids":[],"_links":{"self":[{"href":"https:\/\/agora.xtec.cat\/insaltafulla\/wp-json\/wp\/v2\/pages\/46","targetHints":{"allow":["GET"]}}],"collection":[{"href":"https:\/\/agora.xtec.cat\/insaltafulla\/wp-json\/wp\/v2\/pages"}],"about":[{"href":"https:\/\/agora.xtec.cat\/insaltafulla\/wp-json\/wp\/v2\/types\/page"}],"author":[{"embeddable":true,"href":"https:\/\/agora.xtec.cat\/insaltafulla\/wp-json\/wp\/v2\/users\/1"}],"replies":[{"embeddable":true,"href":"https:\/\/agora.xtec.cat\/insaltafulla\/wp-json\/wp\/v2\/comments?post=46"}],"version-history":[{"count":6,"href":"https:\/\/agora.xtec.cat\/insaltafulla\/wp-json\/wp\/v2\/pages\/46\/revisions"}],"predecessor-version":[{"id":13585,"href":"https:\/\/agora.xtec.cat\/insaltafulla\/wp-json\/wp\/v2\/pages\/46\/revisions\/13585"}],"up":[{"embeddable":true,"href":"https:\/\/agora.xtec.cat\/insaltafulla\/wp-json\/wp\/v2\/pages\/19"}],"wp:attachment":[{"href":"https:\/\/agora.xtec.cat\/insaltafulla\/wp-json\/wp\/v2\/media?parent=46"}],"curies":[{"name":"wp","href":"https:\/\/api.w.org\/{rel}","templated":true}]}}