{"id":39,"date":"2014-09-17T16:36:44","date_gmt":"2014-09-17T16:36:44","guid":{"rendered":"http:\/\/agora.xtec.cat\/insaltafulla\/?page_id=39"},"modified":"2023-06-07T09:04:54","modified_gmt":"2023-06-07T07:04:54","slug":"instal%c2%b7lacions","status":"publish","type":"page","link":"https:\/\/agora.xtec.cat\/insaltafulla\/linstitut\/instal%c2%b7lacions\/","title":{"rendered":"Instal\u00b7lacions"},"content":{"rendered":"<p>L\u2019institut compta amb 20 aules ordin\u00e0ries, totes equipades amb acc\u00e9s a internet, pissarra digital i can\u00f3 per a projeccions \u00a0i\u00a04 aules classe en barracons<\/p>\n<p>A m\u00e9s, tamb\u00e9 compta amb les seg\u00fcents aules espec\u00edfiques:<\/p>\n<ul>\n<li style=\"list-style-type: none;\">\n<ul>\n<li>Biblioteca<\/li>\n<li>Gimn\u00e0s amb \u00a0espatlleres, i vestuaris<\/li>\n<li>2 pistes exteriors polivalents (B\u00e0squet i Futbol)<\/li>\n<\/ul>\n<\/li>\n<\/ul>\n<figure class=\"figure wp-caption aligncenter\"><img loading=\"lazy\" decoding=\"async\" class=\"wp-image-536 size-medium\" src=\"http:\/\/agora.xtec.cat\/insaltafulla\/wp-content\/uploads\/usu206\/2015\/12\/pistas-300x175.jpg\" alt=\"pistes poliesportives\" width=\"300\" height=\"175\" srcset=\"https:\/\/agora.xtec.cat\/insaltafulla\/wp-content\/uploads\/usu206\/2015\/12\/pistas-300x175.jpg 300w, https:\/\/agora.xtec.cat\/insaltafulla\/wp-content\/uploads\/usu206\/2015\/12\/pistas-1024x598.jpg 1024w\" sizes=\"auto, (max-width: 300px) 100vw, 300px\" \/><figcaption class=\"wp-caption-text\">Pistes poliesportives<\/figcaption><\/figure>\n<ul>\n<li style=\"list-style-type: none;\">\n<ul>\n<li>Pati amb grades i espai cobert amb taules de ping pong.<\/li>\n<li>3 Laboratoris (Biologia, Geologia, F\u00edsica i Qu\u00edmica).<\/li>\n<li>Aula de m\u00fasica amb piano, bateria completa, equip de so, microfonia, altres instruments, ordinadors espec\u00edfics amb teclats MIDI.<\/li>\n<li>Aula jazzorquestra<\/li>\n<li>Aula d\u2019inform\u00e0tica<\/li>\n<\/ul>\n<\/li>\n<\/ul>\n<figure class=\"figure wp-caption aligncenter\"><img loading=\"lazy\" decoding=\"async\" class=\"wp-image-537 size-medium\" src=\"http:\/\/agora.xtec.cat\/insaltafulla\/wp-content\/uploads\/usu206\/2015\/12\/aula-informatica-300x169.jpg\" alt=\"aula informatica\" width=\"300\" height=\"169\" srcset=\"https:\/\/agora.xtec.cat\/insaltafulla\/wp-content\/uploads\/usu206\/2015\/12\/aula-informatica-300x169.jpg 300w, https:\/\/agora.xtec.cat\/insaltafulla\/wp-content\/uploads\/usu206\/2015\/12\/aula-informatica-1024x576.jpg 1024w\" sizes=\"auto, (max-width: 300px) 100vw, 300px\" \/><figcaption class=\"wp-caption-text\">aula d&#8217;inform\u00e0tica<\/figcaption><\/figure>\n<ul>\n<li>2 Tallers de tecnologia<\/li>\n<li>Departaments did\u00e0ctics<\/li>\n<li>L\u2019hort<\/li>\n<\/ul>\n","protected":false},"excerpt":{"rendered":"<p>L\u2019institut compta amb 20 aules ordin\u00e0ries, totes equipades amb acc\u00e9s a internet, pissarra digital i can\u00f3 per a projeccions \u00a0i\u00a04 aules classe en barracons<br \/>\nA m\u00e9s, tamb\u00e9 compta amb les seg\u00fcents aules espec\u00edfiques:<\/p>\n<ul>\n<li style=\"list-style-type: none;\">\n<ul>\n<li>Biblioteca<\/li>\n<li>Gimn\u00e0s amb \u00a0espatlleres, i vestuaris<\/li>\n<li>2 pistes exteriors polivalents (B\u00e0squet i Futbol)<\/li>\n<\/ul>\n<\/li>\n<\/ul>\n<p>Pistes poliesportives<\/p>\n<ul>\n<li&hellip;  <a href=\"https:\/\/agora.xtec.cat\/insaltafulla\/linstitut\/instal%c2%b7lacions\/\" title=\"Read Instal\u00b7lacions\">Llegeix m\u00e9s\u00bb<\/a><\/p>\n","protected":false},"author":1,"featured_media":0,"parent":19,"menu_order":7,"comment_status":"closed","ping_status":"closed","template":"page-templates\/side-menu.php","meta":{"_bbp_topic_count":0,"_bbp_reply_count":0,"_bbp_total_topic_count":0,"_bbp_total_reply_count":0,"_bbp_voice_count":0,"_bbp_anonymous_reply_count":0,"_bbp_topic_count_hidden":0,"_bbp_reply_count_hidden":0,"_bbp_forum_subforum_count":0,"footnotes":""},"class_list":["post-39","page","type-page","status-publish","hentry"],"post_mailing_queue_ids":[],"_links":{"self":[{"href":"https:\/\/agora.xtec.cat\/insaltafulla\/wp-json\/wp\/v2\/pages\/39","targetHints":{"allow":["GET"]}}],"collection":[{"href":"https:\/\/agora.xtec.cat\/insaltafulla\/wp-json\/wp\/v2\/pages"}],"about":[{"href":"https:\/\/agora.xtec.cat\/insaltafulla\/wp-json\/wp\/v2\/types\/page"}],"author":[{"embeddable":true,"href":"https:\/\/agora.xtec.cat\/insaltafulla\/wp-json\/wp\/v2\/users\/1"}],"replies":[{"embeddable":true,"href":"https:\/\/agora.xtec.cat\/insaltafulla\/wp-json\/wp\/v2\/comments?post=39"}],"version-history":[{"count":3,"href":"https:\/\/agora.xtec.cat\/insaltafulla\/wp-json\/wp\/v2\/pages\/39\/revisions"}],"predecessor-version":[{"id":12135,"href":"https:\/\/agora.xtec.cat\/insaltafulla\/wp-json\/wp\/v2\/pages\/39\/revisions\/12135"}],"up":[{"embeddable":true,"href":"https:\/\/agora.xtec.cat\/insaltafulla\/wp-json\/wp\/v2\/pages\/19"}],"wp:attachment":[{"href":"https:\/\/agora.xtec.cat\/insaltafulla\/wp-json\/wp\/v2\/media?parent=39"}],"curies":[{"name":"wp","href":"https:\/\/api.w.org\/{rel}","templated":true}]}}