{"id":276,"date":"2015-03-08T21:42:12","date_gmt":"2015-03-08T20:42:12","guid":{"rendered":"http:\/\/agora.xtec.cat\/insaltafulla\/?page_id=276"},"modified":"2024-09-30T18:00:26","modified_gmt":"2024-09-30T16:00:26","slug":"tramits","status":"publish","type":"page","link":"https:\/\/agora.xtec.cat\/insaltafulla\/secretaria\/tramits\/","title":{"rendered":"Tr\u00e0mits\/documentaci\u00f3"},"content":{"rendered":"<p>&nbsp;<\/p>\n<p><a href=\"https:\/\/agora.xtec.cat\/insaltafulla\/wp-content\/uploads\/usu206\/2022\/05\/Banners-cursos-Moodle-1.png\"><img loading=\"lazy\" decoding=\"async\" class=\"alignnone size-full wp-image-11364\" src=\"https:\/\/agora.xtec.cat\/insaltafulla\/wp-content\/uploads\/usu206\/2022\/05\/Banners-cursos-Moodle-1.png\" alt=\"\" width=\"3000\" height=\"1055\" srcset=\"https:\/\/agora.xtec.cat\/insaltafulla\/wp-content\/uploads\/usu206\/2022\/05\/Banners-cursos-Moodle-1.png 3000w, https:\/\/agora.xtec.cat\/insaltafulla\/wp-content\/uploads\/usu206\/2022\/05\/Banners-cursos-Moodle-1-300x106.png 300w, https:\/\/agora.xtec.cat\/insaltafulla\/wp-content\/uploads\/usu206\/2022\/05\/Banners-cursos-Moodle-1-1024x360.png 1024w, https:\/\/agora.xtec.cat\/insaltafulla\/wp-content\/uploads\/usu206\/2022\/05\/Banners-cursos-Moodle-1-768x270.png 768w, https:\/\/agora.xtec.cat\/insaltafulla\/wp-content\/uploads\/usu206\/2022\/05\/Banners-cursos-Moodle-1-1536x540.png 1536w, https:\/\/agora.xtec.cat\/insaltafulla\/wp-content\/uploads\/usu206\/2022\/05\/Banners-cursos-Moodle-1-2048x720.png 2048w\" sizes=\"auto, (max-width: 3000px) 100vw, 3000px\" \/><\/a><\/p>\n<p><strong>Recopilaci\u00f3 de tr\u00e0mits que es poden fer a secretaria<\/strong><\/p>\n<p><a href=\"https:\/\/agora.xtec.cat\/insaltafulla\/wp-content\/uploads\/usu206\/2024\/09\/comprobar.png\"><img loading=\"lazy\" decoding=\"async\" class=\"alignnone wp-image-12988\" src=\"https:\/\/agora.xtec.cat\/insaltafulla\/wp-content\/uploads\/usu206\/2024\/09\/comprobar-150x150.png\" alt=\"\" width=\"26\" height=\"26\" srcset=\"https:\/\/agora.xtec.cat\/insaltafulla\/wp-content\/uploads\/usu206\/2024\/09\/comprobar-150x150.png 150w, https:\/\/agora.xtec.cat\/insaltafulla\/wp-content\/uploads\/usu206\/2024\/09\/comprobar-300x300.png 300w, https:\/\/agora.xtec.cat\/insaltafulla\/wp-content\/uploads\/usu206\/2024\/09\/comprobar.png 512w\" sizes=\"auto, (max-width: 26px) 100vw, 26px\" \/> \u00a0 <\/a><a href=\"#ancora2\"><i>Convalidaci\u00f3 i simultane\u00eftat de mat\u00e8ries a l\u2019ESO i Batxillerat<\/i><\/a><\/p>\n<p><img loading=\"lazy\" decoding=\"async\" class=\"\" src=\"https:\/\/agora.xtec.cat\/insaltafulla\/wp-content\/uploads\/usu206\/2024\/09\/comprobar-150x150.png\" width=\"28\" height=\"28\" \/>\u00a0 \u00a0<a href=\"#ancora1\">port\u00e0tils<\/a><\/p>\n<p><img loading=\"lazy\" decoding=\"async\" class=\"\" src=\"https:\/\/agora.xtec.cat\/insaltafulla\/wp-content\/uploads\/usu206\/2024\/09\/comprobar-150x150.png\" width=\"26\" height=\"26\" \/>\u00a0 \u00a0 <a href=\"#ancora3\">Altres<\/a><\/p>\n<p>&nbsp;<\/p>\n<p>&nbsp;<\/p>\n<div class=\"gmail_default\"><em><strong><a id=\"ancora2\"><\/a>Convalidaci\u00f3 i simultane\u00eftat de mat\u00e8ries a l\u2019ESO i Batxillerat<\/strong><\/em><\/div>\n<p>&nbsp;<\/p>\n<table>\n<tbody>\n<tr>\n<td style=\"width: 50%;\"><b>Simultane\u00eftat d&#8217;estudis d&#8217;ESO amb estudis de dansa<\/b><\/td>\n<td style=\"width: 50%;\"><a href=\"https:\/\/drive.google.com\/file\/d\/1lnfpWdFW5ivDcL55awjAU8yIK9NyTHqM\/view?usp=sharing\" target=\"_blank\" rel=\"noopener\"><img loading=\"lazy\" decoding=\"async\" class=\"alignnone wp-image-12022\" src=\"https:\/\/agora.xtec.cat\/insaltafulla\/wp-content\/uploads\/usu206\/2023\/05\/png-transparent-pdf-information-document-printing-promotion-label-angle-text-logo-150x150.png\" alt=\"\" width=\"60\" height=\"60\" srcset=\"https:\/\/agora.xtec.cat\/insaltafulla\/wp-content\/uploads\/usu206\/2023\/05\/png-transparent-pdf-information-document-printing-promotion-label-angle-text-logo-150x150.png 150w, https:\/\/agora.xtec.cat\/insaltafulla\/wp-content\/uploads\/usu206\/2023\/05\/png-transparent-pdf-information-document-printing-promotion-label-angle-text-logo-300x300.png 300w, https:\/\/agora.xtec.cat\/insaltafulla\/wp-content\/uploads\/usu206\/2023\/05\/png-transparent-pdf-information-document-printing-promotion-label-angle-text-logo-768x768.png 768w, https:\/\/agora.xtec.cat\/insaltafulla\/wp-content\/uploads\/usu206\/2023\/05\/png-transparent-pdf-information-document-printing-promotion-label-angle-text-logo.png 920w\" sizes=\"auto, (max-width: 60px) 100vw, 60px\" \/><\/a><\/td>\n<\/tr>\n<tr>\n<td style=\"width: 50%;\"><b>Simultane\u00eftat d&#8217;estudis d&#8217;ESO amb estudis de m\u00fasica<\/b><\/td>\n<td style=\"width: 50%;\"><a href=\"https:\/\/drive.google.com\/file\/d\/12HkEAoKZ341Gig_H8JQoV7zmusbJaINX\/view?usp=drive_link\" target=\"_blank\" rel=\"noopener\"><img loading=\"lazy\" decoding=\"async\" class=\"\" src=\"https:\/\/agora.xtec.cat\/insaltafulla\/wp-content\/uploads\/usu206\/2023\/05\/png-transparent-pdf-information-document-printing-promotion-label-angle-text-logo-150x150.png\" width=\"59\" height=\"59\" \/><\/a><\/td>\n<\/tr>\n<tr>\n<td style=\"width: 50%;\">\u00a0<b>Convalidacions i reconeixements de mat\u00e8ries de batxillerat per als alumnes que cursen simult\u00e0niament estudis de m\u00fasica<\/b><\/td>\n<td style=\"width: 50%;\"><a href=\"https:\/\/drive.google.com\/file\/d\/1xFFOnoGE7aUJU5mAU5atlSmq8ViuLdDX\/view?usp=sharing\" target=\"_blank\" rel=\"noopener\"><img loading=\"lazy\" decoding=\"async\" class=\"\" src=\"https:\/\/agora.xtec.cat\/insaltafulla\/wp-content\/uploads\/usu206\/2023\/05\/png-transparent-pdf-information-document-printing-promotion-label-angle-text-logo-150x150.png\" width=\"71\" height=\"71\" \/><\/a><\/td>\n<\/tr>\n<tr>\n<td style=\"width: 50%;\"><b>Convalidacions i reconeixements de mat\u00e8ries de batxillerat per als alumnes que cursen simult\u00e0niament estudis de dansa<\/b><\/td>\n<td style=\"width: 50%;\"><a href=\"https:\/\/drive.google.com\/file\/d\/1lc6lBVnS3AP6Akcq802l7h4mQ4mL3eCU\/view?usp=sharing\" target=\"_blank\" rel=\"noopener\"><img loading=\"lazy\" decoding=\"async\" class=\"\" src=\"https:\/\/agora.xtec.cat\/insaltafulla\/wp-content\/uploads\/usu206\/2023\/05\/png-transparent-pdf-information-document-printing-promotion-label-angle-text-logo-150x150.png\" width=\"71\" height=\"71\" \/><\/a><\/td>\n<\/tr>\n<tr>\n<td style=\"width: 50%;\"><b>Convalidacions de mat\u00e8ries del batxillerat per a alumnes que cursen lleng\u00fces estrangeres simult\u00e0niament en una EOI<\/b><\/td>\n<td style=\"width: 50%;\"><a href=\"https:\/\/drive.google.com\/file\/d\/1lVbVoDaqvtW5pkKy27u_3Zp1xZfvrYXs\/view?usp=sharing\" target=\"_blank\" rel=\"noopener\"><img loading=\"lazy\" decoding=\"async\" class=\"\" src=\"https:\/\/agora.xtec.cat\/insaltafulla\/wp-content\/uploads\/usu206\/2023\/05\/png-transparent-pdf-information-document-printing-promotion-label-angle-text-logo-150x150.png\" width=\"71\" height=\"71\" \/><\/a><\/td>\n<\/tr>\n<tr>\n<td style=\"width: 50%;\"><strong>BDA3 Sol\u00b7licitud de reducci\u00f3 de mat\u00e8ries de la franja d\u2019espec\u00edfiques i\/o de l\u2019educaci\u00f3 f\u00edsica de batxillerat basant-se en estudis de dansa en una escola de dansa autoritzada.\u00a0<\/strong><\/td>\n<td style=\"width: 50%;\"><a href=\"https:\/\/agora.xtec.cat\/insaltafulla\/wp-content\/uploads\/usu206\/2024\/09\/BDA3.pdf\" target=\"_blank\" rel=\"noopener\"><img loading=\"lazy\" decoding=\"async\" class=\"alignnone wp-image-12022\" src=\"https:\/\/agora.xtec.cat\/insaltafulla\/wp-content\/uploads\/usu206\/2023\/05\/png-transparent-pdf-information-document-printing-promotion-label-angle-text-logo-150x150.png\" alt=\"\" width=\"68\" height=\"68\" srcset=\"https:\/\/agora.xtec.cat\/insaltafulla\/wp-content\/uploads\/usu206\/2023\/05\/png-transparent-pdf-information-document-printing-promotion-label-angle-text-logo-150x150.png 150w, https:\/\/agora.xtec.cat\/insaltafulla\/wp-content\/uploads\/usu206\/2023\/05\/png-transparent-pdf-information-document-printing-promotion-label-angle-text-logo-300x300.png 300w, https:\/\/agora.xtec.cat\/insaltafulla\/wp-content\/uploads\/usu206\/2023\/05\/png-transparent-pdf-information-document-printing-promotion-label-angle-text-logo-768x768.png 768w, https:\/\/agora.xtec.cat\/insaltafulla\/wp-content\/uploads\/usu206\/2023\/05\/png-transparent-pdf-information-document-printing-promotion-label-angle-text-logo.png 920w\" sizes=\"auto, (max-width: 68px) 100vw, 68px\" \/><\/a><\/td>\n<\/tr>\n<tr>\n<td style=\"width: 50%;\"><strong>CEO1 Sol\u00b7licitud de convalidaci\u00f3 de mat\u00e8ries optatives de batxillerat per a alumnes que cursen simult\u00e0niament una segona llengua estrangera en una EOI.\u00a0<\/strong><\/td>\n<td style=\"width: 50%;\"><a href=\"https:\/\/agora.xtec.cat\/insaltafulla\/wp-content\/uploads\/usu206\/2024\/09\/CEO1.pdf\" target=\"_blank\" rel=\"noopener\"><img loading=\"lazy\" decoding=\"async\" class=\"alignnone wp-image-12022\" src=\"https:\/\/agora.xtec.cat\/insaltafulla\/wp-content\/uploads\/usu206\/2023\/05\/png-transparent-pdf-information-document-printing-promotion-label-angle-text-logo-150x150.png\" alt=\"\" width=\"77\" height=\"77\" srcset=\"https:\/\/agora.xtec.cat\/insaltafulla\/wp-content\/uploads\/usu206\/2023\/05\/png-transparent-pdf-information-document-printing-promotion-label-angle-text-logo-150x150.png 150w, https:\/\/agora.xtec.cat\/insaltafulla\/wp-content\/uploads\/usu206\/2023\/05\/png-transparent-pdf-information-document-printing-promotion-label-angle-text-logo-300x300.png 300w, https:\/\/agora.xtec.cat\/insaltafulla\/wp-content\/uploads\/usu206\/2023\/05\/png-transparent-pdf-information-document-printing-promotion-label-angle-text-logo-768x768.png 768w, https:\/\/agora.xtec.cat\/insaltafulla\/wp-content\/uploads\/usu206\/2023\/05\/png-transparent-pdf-information-document-printing-promotion-label-angle-text-logo.png 920w\" sizes=\"auto, (max-width: 77px) 100vw, 77px\" \/><\/a><\/td>\n<\/tr>\n<tr>\n<td style=\"width: 50%;\"><strong>BMU3 Sol\u00b7licitud de reducci\u00f3 de mat\u00e8ries de batxillerat basant-se en estudis de m\u00fasica en una escola de m\u00fasica autoritzada.\u00a0<\/strong><\/td>\n<td style=\"width: 50%;\"><a href=\"https:\/\/agora.xtec.cat\/insaltafulla\/wp-content\/uploads\/usu206\/2024\/09\/BMU3.pdf\" target=\"_blank\" rel=\"noopener\"><img loading=\"lazy\" decoding=\"async\" class=\"alignnone wp-image-12022\" src=\"https:\/\/agora.xtec.cat\/insaltafulla\/wp-content\/uploads\/usu206\/2023\/05\/png-transparent-pdf-information-document-printing-promotion-label-angle-text-logo-150x150.png\" alt=\"\" width=\"75\" height=\"75\" srcset=\"https:\/\/agora.xtec.cat\/insaltafulla\/wp-content\/uploads\/usu206\/2023\/05\/png-transparent-pdf-information-document-printing-promotion-label-angle-text-logo-150x150.png 150w, https:\/\/agora.xtec.cat\/insaltafulla\/wp-content\/uploads\/usu206\/2023\/05\/png-transparent-pdf-information-document-printing-promotion-label-angle-text-logo-300x300.png 300w, https:\/\/agora.xtec.cat\/insaltafulla\/wp-content\/uploads\/usu206\/2023\/05\/png-transparent-pdf-information-document-printing-promotion-label-angle-text-logo-768x768.png 768w, https:\/\/agora.xtec.cat\/insaltafulla\/wp-content\/uploads\/usu206\/2023\/05\/png-transparent-pdf-information-document-printing-promotion-label-angle-text-logo.png 920w\" sizes=\"auto, (max-width: 75px) 100vw, 75px\" \/><\/a><\/td>\n<\/tr>\n<tr>\n<td style=\"width: 50%;\"><strong>APU545 Sol\u00b7licitud de reconeixement de la mat\u00e8ria d\u2019Educaci\u00f3 F\u00edsica de l\u2019educaci\u00f3 secund\u00e0ria obligat\u00f2ria (ESO) als alumnes amb dedicaci\u00f3 significativa a l\u2019esport<\/strong><\/td>\n<td style=\"width: 50%;\"><a href=\"https:\/\/agora.xtec.cat\/insaltafulla\/wp-content\/uploads\/usu206\/2024\/09\/APU545-solicitud-reconeixement-esport-ESO-2023.pdf\" target=\"_blank\" rel=\"noopener\"><img loading=\"lazy\" decoding=\"async\" class=\"alignnone wp-image-12022\" src=\"https:\/\/agora.xtec.cat\/insaltafulla\/wp-content\/uploads\/usu206\/2023\/05\/png-transparent-pdf-information-document-printing-promotion-label-angle-text-logo-150x150.png\" alt=\"\" width=\"69\" height=\"69\" srcset=\"https:\/\/agora.xtec.cat\/insaltafulla\/wp-content\/uploads\/usu206\/2023\/05\/png-transparent-pdf-information-document-printing-promotion-label-angle-text-logo-150x150.png 150w, https:\/\/agora.xtec.cat\/insaltafulla\/wp-content\/uploads\/usu206\/2023\/05\/png-transparent-pdf-information-document-printing-promotion-label-angle-text-logo-300x300.png 300w, https:\/\/agora.xtec.cat\/insaltafulla\/wp-content\/uploads\/usu206\/2023\/05\/png-transparent-pdf-information-document-printing-promotion-label-angle-text-logo-768x768.png 768w, https:\/\/agora.xtec.cat\/insaltafulla\/wp-content\/uploads\/usu206\/2023\/05\/png-transparent-pdf-information-document-printing-promotion-label-angle-text-logo.png 920w\" sizes=\"auto, (max-width: 69px) 100vw, 69px\" \/><\/a><\/td>\n<\/tr>\n<tr>\n<td style=\"width: 50%;\"><\/td>\n<td style=\"width: 50%;\"><\/td>\n<\/tr>\n<tr>\n<td style=\"width: 50%;\"><\/td>\n<td style=\"width: 50%;\"><\/td>\n<\/tr>\n<\/tbody>\n<\/table>\n<p><a id=\"ancora3\"><\/a>Altres<\/p>\n<table>\n<tbody>\n<tr>\n<td><i>Autoritzaci\u00f3 en cas d&#8217;administraci\u00f3 de medicaci\u00f3<\/i><\/td>\n<td><a href=\"https:\/\/drive.google.com\/file\/d\/1psLUEgZd4_yJ28vNCLDsWB3yEhFuKb29\/view?usp=sharing\" target=\"_blank\" rel=\"noopener\"><img loading=\"lazy\" decoding=\"async\" class=\"\" src=\"https:\/\/agora.xtec.cat\/insaltafulla\/wp-content\/uploads\/usu206\/2023\/05\/png-transparent-pdf-information-document-printing-promotion-label-angle-text-logo-150x150.png\" width=\"72\" height=\"72\" \/><\/a><\/td>\n<\/tr>\n<tr>\n<td><i>Sol\u00b7licitud de baixa acad\u00e8mica (BAT)<\/i><\/td>\n<td><a href=\"https:\/\/drive.google.com\/file\/d\/1bhBLq11ZdX9xW5NdF8Pz0esZuCq1VtNV\/view?usp=sharing\" target=\"_blank\" rel=\"noopener\"><img loading=\"lazy\" decoding=\"async\" class=\"\" src=\"https:\/\/agora.xtec.cat\/insaltafulla\/wp-content\/uploads\/usu206\/2023\/05\/png-transparent-pdf-information-document-printing-promotion-label-angle-text-logo-150x150.png\" width=\"89\" height=\"89\" \/><\/a><\/td>\n<\/tr>\n<tr>\n<td>\u00a0Justificant d&#8217;assist\u00e8ncia del vostre\/a fill\/a<\/td>\n<td><a href=\"https:\/\/drive.google.com\/file\/d\/1lp5fIaIMbJBLzj4zoyCE0vOm8RSmN1fp\/view\" target=\"_blank\" rel=\"noopener\"><img loading=\"lazy\" decoding=\"async\" class=\"\" src=\"https:\/\/agora.xtec.cat\/insaltafulla\/wp-content\/uploads\/usu206\/2023\/05\/png-transparent-pdf-information-document-printing-promotion-label-angle-text-logo-150x150.png\" width=\"70\" height=\"70\" \/><\/a><\/td>\n<\/tr>\n<tr>\n<td><\/td>\n<td><\/td>\n<\/tr>\n<tr>\n<td><\/td>\n<td><\/td>\n<\/tr>\n<\/tbody>\n<\/table>\n<p><a id=\"ancora1\"><\/a>Port\u00e0tils<\/p>\n<table>\n<tbody>\n<tr>\n<td><\/td>\n<td><img loading=\"lazy\" decoding=\"async\" class=\"\" src=\"https:\/\/agora.xtec.cat\/insaltafulla\/wp-content\/uploads\/usu206\/2023\/05\/png-transparent-pdf-information-document-printing-promotion-label-angle-text-logo-150x150.png\" width=\"72\" height=\"72\" \/><\/td>\n<\/tr>\n<tr>\n<td><\/td>\n<td><img loading=\"lazy\" decoding=\"async\" class=\"\" src=\"https:\/\/agora.xtec.cat\/insaltafulla\/wp-content\/uploads\/usu206\/2023\/05\/png-transparent-pdf-information-document-printing-promotion-label-angle-text-logo-150x150.png\" width=\"89\" height=\"89\" \/><\/td>\n<\/tr>\n<tr>\n<td><\/td>\n<td><img loading=\"lazy\" decoding=\"async\" class=\"\" src=\"https:\/\/agora.xtec.cat\/insaltafulla\/wp-content\/uploads\/usu206\/2023\/05\/png-transparent-pdf-information-document-printing-promotion-label-angle-text-logo-150x150.png\" width=\"70\" height=\"70\" \/><\/td>\n<\/tr>\n<tr>\n<td>\u00a0<i>\u00das de serveis i recursos digitals a internet per treballar a l&#8217;aula<\/i><\/td>\n<td><a href=\"https:\/\/drive.google.com\/file\/d\/15u0CRLwM9ibalRUkb_sgZWnNlYVctSl4\/view?usp=sharing\" target=\"_blank\" rel=\"noopener\"><img loading=\"lazy\" decoding=\"async\" class=\"\" src=\"https:\/\/agora.xtec.cat\/insaltafulla\/wp-content\/uploads\/usu206\/2023\/05\/png-transparent-pdf-information-document-printing-promotion-label-angle-text-logo-150x150.png\" width=\"80\" height=\"80\" \/><\/a><\/td>\n<\/tr>\n<tr>\n<td><i>\u00das d&#8217;imatges, publicaci\u00f3 de dades de car\u00e0cter personal i de material que elaboren<\/i><\/td>\n<td><a href=\"https:\/\/drive.google.com\/file\/d\/15UReftTttNxCH3_drALSn9dPJH8_gdTL\/view?usp=sharing\" target=\"_blank\" rel=\"noopener\"><img loading=\"lazy\" decoding=\"async\" class=\"\" src=\"https:\/\/agora.xtec.cat\/insaltafulla\/wp-content\/uploads\/usu206\/2023\/05\/png-transparent-pdf-information-document-printing-promotion-label-angle-text-logo-150x150.png\" width=\"85\" height=\"85\" \/><\/a><\/td>\n<\/tr>\n<\/tbody>\n<\/table>\n<p>&nbsp;<\/p>\n","protected":false},"excerpt":{"rendered":"<p>&nbsp;<br \/>\n<a href=\"https:\/\/agora.xtec.cat\/insaltafulla\/wp-content\/uploads\/usu206\/2022\/05\/Banners-cursos-Moodle-1.png\"><\/a><br \/>\nRecopilaci\u00f3 de tr\u00e0mits que es poden fer a secretaria<br \/>\n<a href=\"https:\/\/agora.xtec.cat\/insaltafulla\/wp-content\/uploads\/usu206\/2024\/09\/comprobar.png\"> \u00a0 <\/a><a href=\"#ancora2\">Convalidaci\u00f3 i simultane\u00eftat de mat\u00e8ries a l\u2019ESO i Batxillerat<\/a><br \/>\n\u00a0 \u00a0<a href=\"#ancora1\">port\u00e0tils<\/a><br \/>\n\u00a0 \u00a0 <a href=\"#ancora3\">Altres<\/a><br \/>\n&nbsp;<br \/>\n&nbsp;<br \/>\n<a id=\"ancora2\"><\/a>Convalidaci\u00f3 i simultane\u00eftat de mat\u00e8ries a l\u2019ESO i Batxillerat<br \/>\n&nbsp;<\/p>\n<p>Simultane\u00eftat d&#8217;estudis d&#8217;ESO amb estudis de dansa<br \/>\n<a href=\"https:\/\/drive.google.com\/file\/d\/1lnfpWdFW5ivDcL55awjAU8yIK9NyTHqM\/view?usp=sharing\" target=\"_blank\" rel=\"noopener\"><\/a><\/p>\n<p>Simultane\u00eftat&hellip;  <a href=\"https:\/\/agora.xtec.cat\/insaltafulla\/secretaria\/tramits\/\" title=\"Read Tr\u00e0mits\/documentaci\u00f3\">Llegeix m\u00e9s\u00bb<\/a><\/p>\n","protected":false},"author":1,"featured_media":0,"parent":81,"menu_order":0,"comment_status":"closed","ping_status":"closed","template":"page-templates\/side-menu.php","meta":{"_bbp_topic_count":0,"_bbp_reply_count":0,"_bbp_total_topic_count":0,"_bbp_total_reply_count":0,"_bbp_voice_count":0,"_bbp_anonymous_reply_count":0,"_bbp_topic_count_hidden":0,"_bbp_reply_count_hidden":0,"_bbp_forum_subforum_count":0,"footnotes":""},"class_list":["post-276","page","type-page","status-publish","hentry"],"post_mailing_queue_ids":[],"_links":{"self":[{"href":"https:\/\/agora.xtec.cat\/insaltafulla\/wp-json\/wp\/v2\/pages\/276","targetHints":{"allow":["GET"]}}],"collection":[{"href":"https:\/\/agora.xtec.cat\/insaltafulla\/wp-json\/wp\/v2\/pages"}],"about":[{"href":"https:\/\/agora.xtec.cat\/insaltafulla\/wp-json\/wp\/v2\/types\/page"}],"author":[{"embeddable":true,"href":"https:\/\/agora.xtec.cat\/insaltafulla\/wp-json\/wp\/v2\/users\/1"}],"replies":[{"embeddable":true,"href":"https:\/\/agora.xtec.cat\/insaltafulla\/wp-json\/wp\/v2\/comments?post=276"}],"version-history":[{"count":6,"href":"https:\/\/agora.xtec.cat\/insaltafulla\/wp-json\/wp\/v2\/pages\/276\/revisions"}],"predecessor-version":[{"id":12989,"href":"https:\/\/agora.xtec.cat\/insaltafulla\/wp-json\/wp\/v2\/pages\/276\/revisions\/12989"}],"up":[{"embeddable":true,"href":"https:\/\/agora.xtec.cat\/insaltafulla\/wp-json\/wp\/v2\/pages\/81"}],"wp:attachment":[{"href":"https:\/\/agora.xtec.cat\/insaltafulla\/wp-json\/wp\/v2\/media?parent=276"}],"curies":[{"name":"wp","href":"https:\/\/api.w.org\/{rel}","templated":true}]}}