{"id":274,"date":"2015-03-08T21:41:51","date_gmt":"2015-03-08T20:41:51","guid":{"rendered":"http:\/\/agora.xtec.cat\/insaltafulla\/?page_id=274"},"modified":"2020-06-01T11:09:11","modified_gmt":"2020-06-01T09:09:11","slug":"perfil-del-contractant","status":"publish","type":"page","link":"https:\/\/agora.xtec.cat\/insaltafulla\/secretaria\/perfil-del-contractant\/","title":{"rendered":"Perfil del contractant"},"content":{"rendered":"<p><b>Aixecament de la suspensi\u00f3 del contracte de neteja pel COVID-19<\/b><\/p>\n<p><a href=\"https:\/\/agora.xtec.cat\/insaltafulla\/wp-content\/uploads\/usu206\/2020\/06\/Formulari-Sars-COV-2.pdf\">Formulari Sars-COV-2<\/a><\/p>\n<p>&nbsp;<\/p>\n<p>&nbsp;<\/p>\n<p><span style=\"color: #ff0000;\"><b>Notificaci\u00f3 suspensi\u00f3 contracte de neteja durant el per\u00edode d&#8217;estat d&#8217;alarma i confinament<\/b><\/span><\/p>\n<p><a href=\"https:\/\/agora.xtec.cat\/insaltafulla\/wp-content\/uploads\/usu206\/2020\/04\/Notificaci\u00f3-suspensi\u00f3-contract.-neteja.-1.pdf\">Notificaci\u00f3 suspensi\u00f3 contracte de neteja<\/a><\/p>\n<p><a href=\"https:\/\/agora.xtec.cat\/insaltafulla\/wp-content\/uploads\/usu206\/2020\/04\/Notificaci\u00f3-suspensi\u00f3-contract.-neteja.2.pdf\">Notificaci\u00f3 suspensi\u00f3 contracte de neteja.(2)<\/a><\/p>\n<p>&nbsp;<\/p>\n<p>Curs 17\/18<\/p>\n<p><a href=\"http:\/\/agora.xtec.cat\/insaltafulla\/wp-content\/uploads\/usu206\/2015\/03\/Pr\u00f2rroga-contracte-neteja.pdf\">Resoluci\u00f3 pr\u00f2rroga contracte de servei de neteja 2017\/18<\/a><\/p>\n<p>&nbsp;<\/p>\n<p style=\"text-align: center;\"><strong><br \/>\nContingut anunci de licitaci\u00f3 Servei de Neteja<\/strong><\/p>\n<p style=\"text-align: left;\"><a href=\"https:\/\/www.dropbox.com\/s\/yp2yarpysdjqb6t\/IMG_2633.PNG?dl=0\" target=\"_blank\" rel=\"noopener noreferrer\">Licitaci\u00f3 Servei de neteja<\/a><\/p>\n<p style=\"text-align: center;\"><strong>Plec de cl\u00e0usules administratives particulars (PCA)<\/strong><\/p>\n<p><a href=\"https:\/\/www.dropbox.com\/s\/n2qz7fzcrikqpko\/2_1_PCA%20obert%2043007799-01-2017.pdf?dl=0\" target=\"_blank\" rel=\"noopener noreferrer\">(PCA exp.43009977-01-2017)<\/a><\/p>\n<p style=\"text-align: center;\"><strong>Plec de prescripcions t\u00e8cniques (PTT)<\/strong><\/p>\n<p><strong>\u00a0<a href=\"https:\/\/www.dropbox.com\/s\/ui9w34r74zzi0v4\/PTT%20exp.43009977-01-2017.pdf?dl=0\" target=\"_blank\" rel=\"noopener noreferrer\"> (PTT exp.43009977-01-2017)<\/a><\/strong><\/p>\n<p style=\"text-align: center;\"><strong>Composici\u00f3 de la Mesa de contractaci\u00f3<\/strong><\/p>\n<p style=\"text-align: left;\"><a href=\"https:\/\/www.dropbox.com\/s\/6dq1gz501ek15mg\/IMG_2712.PNG?dl=0\" target=\"_blank\" rel=\"noopener noreferrer\">Mesa de contractaci\u00f3<\/a><\/p>\n<p style=\"text-align: center;\"><strong>Anunci acte p\u00fablic obertura sobre C<\/strong><\/p>\n<p>Per la present els informem que el dia 7 de desembre tindr\u00e0 lloc l&#8217;obertura del sobre C per la Contractaci\u00f3 del Servei de Neteja de l&#8217;Institut d&#8217;Altafulla (exp.43009977-01-2017).<\/p>\n<p>L&#8217;acte tindr\u00e0 lloc el dia 7, a les 10.30h del mat\u00ed,a les depend\u00e8ncies del nostre centre a Altafulla.<\/p>\n<p>Bego\u00f1a Gairin<br \/>\nSecret\u00e0ria Institut d&#8217;Altafulla<\/p>\n<p style=\"text-align: center;\"><strong>Resoluci\u00f3 adjudicaci\u00f3 contracte definitiu<\/strong><\/p>\n<p style=\"text-align: left;\"><a href=\"https:\/\/www.dropbox.com\/s\/enx6rdn1cyg4v5n\/IMG_3014.PNG?dl=0\" target=\"_blank\" rel=\"noopener noreferrer\">Text 1<\/a><\/p>\n<p style=\"text-align: left;\"><a href=\"https:\/\/www.dropbox.com\/s\/dpiey5yra0uxssr\/IMG_3015.PNG?dl=0\" target=\"_blank\" rel=\"noopener noreferrer\">Text 2<\/a><\/p>\n<p style=\"text-align: left;\"><a href=\"https:\/\/www.dropbox.com\/s\/hn4i1ttses03icc\/IMG_3016.PNG?dl=0\" target=\"_blank\" rel=\"noopener noreferrer\">Text 3<\/a><\/p>\n<p style=\"text-align: center;\">\u00a0<strong>Anunci formalitzaci\u00f3 contracte Servei de neteja<\/strong><\/p>\n<p style=\"text-align: left;\"><a href=\"https:\/\/www.dropbox.com\/s\/ywzqmlty1zd1qgb\/IMG_3062.PNG?dl=0\" target=\"_blank\" rel=\"noopener noreferrer\">Anunci 1<\/a><\/p>\n<p style=\"text-align: left;\"><a href=\"https:\/\/www.dropbox.com\/s\/yxeplaoz3quyh07\/IMG_3063.PNG?dl=0\" target=\"_blank\" rel=\"noopener noreferrer\">Anunci 2 <\/a><\/p>\n","protected":false},"excerpt":{"rendered":"<p>Aixecament de la suspensi\u00f3 del contracte de neteja pel COVID-19<br \/>\n<a href=\"https:\/\/agora.xtec.cat\/insaltafulla\/wp-content\/uploads\/usu206\/2020\/06\/Formulari-Sars-COV-2.pdf\">Formulari Sars-COV-2<\/a><br \/>\n&nbsp;<br \/>\n&nbsp;<br \/>\nNotificaci\u00f3 suspensi\u00f3 contracte de neteja durant el per\u00edode d&#8217;estat d&#8217;alarma i confinament<br \/>\n<a href=\"https:\/\/agora.xtec.cat\/insaltafulla\/wp-content\/uploads\/usu206\/2020\/04\/Notificaci\u00f3-suspensi\u00f3-contract.-neteja.-1.pdf\">Notificaci\u00f3 suspensi\u00f3 contracte de neteja<\/a><br \/>\n<a href=\"https:\/\/agora.xtec.cat\/insaltafulla\/wp-content\/uploads\/usu206\/2020\/04\/Notificaci\u00f3-suspensi\u00f3-contract.-neteja.2.pdf\">Notificaci\u00f3 suspensi\u00f3 contracte de neteja.(2)<\/a><br \/>\n&nbsp;<br \/>\nCurs 17\/18<br \/>\n<a href=\"http:\/\/agora.xtec.cat\/insaltafulla\/wp-content\/uploads\/usu206\/2015\/03\/Pr\u00f2rroga-contracte-neteja.pdf\">Resoluci\u00f3 pr\u00f2rroga contracte de servei de neteja 2017\/18<\/a><br \/>\n&nbsp;<\/p>\n<p>Contingut anunci de licitaci\u00f3&hellip;  <a href=\"https:\/\/agora.xtec.cat\/insaltafulla\/secretaria\/perfil-del-contractant\/\" title=\"Read Perfil del contractant\">Llegeix m\u00e9s\u00bb<\/a><\/p>\n","protected":false},"author":1,"featured_media":0,"parent":81,"menu_order":0,"comment_status":"closed","ping_status":"closed","template":"page-templates\/side-menu.php","meta":{"_bbp_topic_count":0,"_bbp_reply_count":0,"_bbp_total_topic_count":0,"_bbp_total_reply_count":0,"_bbp_voice_count":0,"_bbp_anonymous_reply_count":0,"_bbp_topic_count_hidden":0,"_bbp_reply_count_hidden":0,"_bbp_forum_subforum_count":0,"footnotes":""},"class_list":["post-274","page","type-page","status-publish","hentry"],"post_mailing_queue_ids":[],"_links":{"self":[{"href":"https:\/\/agora.xtec.cat\/insaltafulla\/wp-json\/wp\/v2\/pages\/274","targetHints":{"allow":["GET"]}}],"collection":[{"href":"https:\/\/agora.xtec.cat\/insaltafulla\/wp-json\/wp\/v2\/pages"}],"about":[{"href":"https:\/\/agora.xtec.cat\/insaltafulla\/wp-json\/wp\/v2\/types\/page"}],"author":[{"embeddable":true,"href":"https:\/\/agora.xtec.cat\/insaltafulla\/wp-json\/wp\/v2\/users\/1"}],"replies":[{"embeddable":true,"href":"https:\/\/agora.xtec.cat\/insaltafulla\/wp-json\/wp\/v2\/comments?post=274"}],"version-history":[{"count":4,"href":"https:\/\/agora.xtec.cat\/insaltafulla\/wp-json\/wp\/v2\/pages\/274\/revisions"}],"predecessor-version":[{"id":10079,"href":"https:\/\/agora.xtec.cat\/insaltafulla\/wp-json\/wp\/v2\/pages\/274\/revisions\/10079"}],"up":[{"embeddable":true,"href":"https:\/\/agora.xtec.cat\/insaltafulla\/wp-json\/wp\/v2\/pages\/81"}],"wp:attachment":[{"href":"https:\/\/agora.xtec.cat\/insaltafulla\/wp-json\/wp\/v2\/media?parent=274"}],"curies":[{"name":"wp","href":"https:\/\/api.w.org\/{rel}","templated":true}]}}