{"id":272,"date":"2015-03-08T21:41:18","date_gmt":"2015-03-08T20:41:18","guid":{"rendered":"http:\/\/agora.xtec.cat\/insaltafulla\/?page_id=272"},"modified":"2025-03-27T15:00:27","modified_gmt":"2025-03-27T14:00:27","slug":"ajuts-i-beques","status":"publish","type":"page","link":"https:\/\/agora.xtec.cat\/insaltafulla\/secretaria\/ajuts-i-beques\/","title":{"rendered":"Ajuts i beques"},"content":{"rendered":"<p><a href=\"https:\/\/agora.xtec.cat\/insaltafulla\/wp-content\/uploads\/usu206\/2025\/03\/Etiquetes-Moodle.jpg\"><img loading=\"lazy\" decoding=\"async\" class=\"size-medium wp-image-13128 aligncenter\" src=\"https:\/\/agora.xtec.cat\/insaltafulla\/wp-content\/uploads\/usu206\/2025\/03\/Etiquetes-Moodle-300x169.jpg\" alt=\"\" width=\"300\" height=\"169\" srcset=\"https:\/\/agora.xtec.cat\/insaltafulla\/wp-content\/uploads\/usu206\/2025\/03\/Etiquetes-Moodle-300x169.jpg 300w, https:\/\/agora.xtec.cat\/insaltafulla\/wp-content\/uploads\/usu206\/2025\/03\/Etiquetes-Moodle-1024x576.jpg 1024w, https:\/\/agora.xtec.cat\/insaltafulla\/wp-content\/uploads\/usu206\/2025\/03\/Etiquetes-Moodle-768x432.jpg 768w, https:\/\/agora.xtec.cat\/insaltafulla\/wp-content\/uploads\/usu206\/2025\/03\/Etiquetes-Moodle.jpg 1280w\" sizes=\"auto, (max-width: 300px) 100vw, 300px\" \/><\/a><\/p>\n<p>Us informem que s&#8217;ha obert el termini per sol\u00b7licitar les beques del Ministerio de Educaci\u00f3n y Formaci\u00f3n Profesional per estudis postobligatoris per al curs 2025 &#8211; 2026.<\/p>\n<p>Termini de presentaci\u00f3:\u00a0del 24 de mar\u00e7 al 14 de maig de 2025 a les 15:00h, ambd\u00f3s inclosos.<\/p>\n<p>La sol\u00b7licitud de la beca s&#8217;ha de fer a trav\u00e9s de la seu electr\u00f2nica del <a href=\"https:\/\/educacio.gencat.cat\/ca\/tramits\/tramits-temes\/beques-ministeri-postobligatoris?moda=1\" target=\"_blank\" rel=\"noopener\">Ministeri d&#8217;Educaci\u00f3 i Formaci\u00f3 Professional<\/a><\/p>\n<p>IMPORTANT:<\/p>\n<p><strong>Encara que no sapigueu quins estudis voldr\u00e0 cursar el vostre fill\/a el curs vinent, cal que presenteu la sol\u00b7licitud de beca dins del termini.<\/strong><\/p>\n<p><strong>Al formulari de sol\u00b7licitud s&#8217;ha de fer constar els estudis que es creu que es faran.<\/strong><\/p>\n<p><strong>Si quan arriba el moment de matricular-se, els estudis s\u00f3n uns altres, no passa res. Hi haur\u00e0 un termini, al mes de setembre, per modificar aquesta informaci\u00f3 a la sol\u00b7licitud (accedint a la seu del Ministeri).<\/strong><\/p>\n<p><strong>Per qualsevol dubte o pregunta podeu\u00a0trucar al 977 651 662\u00a0(de dilluns a divendres de 8.15h a 14.30 hores), o b\u00e9\u00a0escriure un correu a\u00a0<a href=\"mailto:gestioadministrativa@institutdaltafulla.cat\" target=\"_blank\" rel=\"noreferrer noopener\">gestioadministrativa@<wbr \/>institutdaltafulla.cat<\/a>\u00a0o enviar-nos\u00a0un Dinantia\u00a0Gesti\u00f3 administrativa.<\/strong><\/p>\n<p>Podeu veure la seg\u00fcent presentaci\u00f3.<\/p>\n<div style=\"width: 100%;\">\n<div style=\"position: relative; padding-bottom: 56.25%; padding-top: 0; height: 0;\"><iframe loading=\"lazy\" style=\"position: absolute; top: 0; left: 0; width: 100%; height: 100%;\" title=\"AJUTS I BEQUES\" src=\"https:\/\/view.genially.com\/67e532699d3ee450f6ed177d\" width=\"1200\" height=\"675\" frameborder=\"0\" scrolling=\"yes\" allowfullscreen=\"allowfullscreen\"><\/iframe><\/div>\n<\/div>\n<p>&nbsp;<\/p>\n<h4 style=\"text-align: center;\"><a href=\"http:\/\/ensenyament.gencat.cat\/ca\/serveis-tramits\/beques\/\" target=\"_blank\" rel=\"noopener noreferrer\">Enlla\u00e7 al Departament d&#8217;Ensenyament<\/a><\/h4>\n<p>&nbsp;<\/p>\n<table>\n<tbody>\n<tr>\n<td style=\"text-align: center;\"><strong>\u00a0TIPUS DE BECA<\/strong><\/td>\n<td style=\"text-align: center;\"><strong>\u00a0ENLLA\u00c7<\/strong><\/td>\n<td style=\"text-align: center;\"><strong>\u00a0TERMINI<\/strong><\/td>\n<td style=\"text-align: center;\"><strong>\u00a0ESTAT<\/strong><\/td>\n<\/tr>\n<tr>\n<td><strong>Beques per a ensenyaments postobligatoris<\/strong> <strong>(BAT\/CICLES\/\u2026)\u00a0 \u00a0<a href=\"https:\/\/educacio.gencat.cat\/ca\/serveis-tramits\/beques\/beques-postobligatoris\/\" target=\"_blank\" rel=\"noopener\">Informaci\u00f3<\/a><\/strong><\/td>\n<td><a href=\"http:\/\/web.gencat.cat\/ca\/tramits\/tramits-temes\/Beques-de-caracter-general-per-a-estudis-postobligatoris?category=7449fd1c-a82c-11e3-a972-000c29052e2c\" target=\"_blank\" rel=\"noopener noreferrer\">convocat\u00f2ria<\/a><\/p>\n<p><a href=\"https:\/\/sede.educacion.gob.es\/sede\/login\/inicio.jjsp?idConvocatoria=2256\" target=\"_blank\" rel=\"noopener noreferrer\">Sol\u00b7licitar la beca<\/a><\/td>\n<td><strong><em> del 24 de mar\u00e7 al 14 de maig de 2025 a les 15:00\u202fh.<\/em><\/strong><\/td>\n<td><span style=\"color: #ff0000;\"><b>OBERT<\/b><\/span><\/td>\n<\/tr>\n<tr>\n<td><strong>Beques I ajuts per a estudis universitaris <a href=\"https:\/\/agaur.gencat.cat\/ca\/beques-i-ajuts\/convocatories-per-temes\/Beques-de-caracter-general-del-Ministeri-per-a-estudiants-que-cursin-estudis-postobligatoris-per-al-curs-2023-2024-GRAL-2023?moda=1\" target=\"_blank\" rel=\"noopener\">Informaci\u00f3<\/a><\/strong><\/td>\n<td><a href=\"https:\/\/agaur.gencat.cat\/ca\/beques-i-ajuts\/convocatories-per-temes\/Beques-de-caracter-general-del-Ministeri-per-a-estudiants-que-cursin-estudis-postobligatoris-per-al-curs-2023-2024-GRAL-2023?moda=1\" target=\"_blank\" rel=\"noopener noreferrer\">\u00a0convocat\u00f2ria<\/a><\/p>\n<p><a href=\"https:\/\/agaur.gencat.cat\/ca\/beques-i-ajuts\/convocatories-per-temes\/Beques-de-caracter-general-del-Ministeri-per-a-estudiants-que-cursin-estudis-postobligatoris-per-al-curs-2023-2024-GRAL-2023?moda=1\" target=\"_blank\" rel=\"noopener noreferrer\">Sol\u00b7licitar la beca<\/a><\/td>\n<td><em><strong> 24 de mar\u00e7 a les 8 hores fins al 14 de maig de 2025 a les 15 hores.<\/strong><\/em><\/td>\n<td><span style=\"color: #ff0000;\"><b>OBERT<\/b><\/span><\/td>\n<\/tr>\n<tr>\n<td><strong>Beques per a l&#8217;alumnat amb necessitat espec\u00edfica de suport educatiu<\/strong><\/td>\n<td><a href=\"http:\/\/web.gencat.cat\/ca\/tramits\/tramits-temes\/Ajuts-per-a-alumnes-amb-necessitat-especifica-de-suport-educatiu?category=7449fd1c-a82c-11e3-a972-000c29052e2c\" target=\"_blank\" rel=\"noopener noreferrer\">convocat\u00f2ria<\/a><\/p>\n<p><a href=\"http:\/\/web.gencat.cat\/ca\/tramits\/tramits-temes\/358-ajuts-ministerio-NEE?category=bd1b6d64-ca6f-11e5-8c48-005056924a59&amp;moda=1\" target=\"_blank\" rel=\"noopener noreferrer\">Sol\u00b7licitar la beca<\/a><\/td>\n<td>&nbsp;<\/p>\n<p><strong><em>Pendent convocat\u00f2ria<\/em><\/strong><\/td>\n<td><span style=\"color: #ff0000;\"><b>TANCAT<\/b><\/span><\/td>\n<\/tr>\n<tr>\n<td><strong>\u00a0Atenci\u00f3 educativa per malaltia<\/strong><\/td>\n<td><a href=\"http:\/\/ensenyament.gencat.cat\/ca\/tramits\/tramits-temes\/Atencio_malaltia-prolongada\" target=\"_blank\" rel=\"noopener noreferrer\">\u00a0Informaci\u00f3<\/a><\/p>\n<p><a href=\"http:\/\/ensenyament.gencat.cat\/ca\/tramits\/tramits-temes\/6124-atencio-malaltia-prolongada.html?moda=1\" target=\"_blank\" rel=\"noopener noreferrer\">Sol\u00b7licitud<\/a><\/p>\n<p>&nbsp;<\/td>\n<td><span style=\"color: #ff0000;\">Aquest servei es pot demanar en qualsevol moment del curs escolar<\/span><\/td>\n<td><span style=\"color: #ff0000;\">\u00a0<strong>OBERT<\/strong><\/span><\/td>\n<\/tr>\n<\/tbody>\n<\/table>\n<p>&nbsp;<\/p>\n<p>&nbsp;<\/p>\n<p><!--a=1--><\/p>\n<p><!--a=1--><\/p>\n<p><!--a=1--><\/p>\n<p><!----comment node----><!--a=1--><\/p>\n<p><!----comment node----><!--a=1--><\/p>\n<p><!----comment node----><!--a=1--><\/p>\n<p><!----comment node----><!--a=1--><\/p>\n<p><!----comment node----><!--a=1--><\/p>\n<p><!----comment node----><!--a=1--><\/p>\n","protected":false},"excerpt":{"rendered":"<p><a href=\"https:\/\/agora.xtec.cat\/insaltafulla\/wp-content\/uploads\/usu206\/2025\/03\/Etiquetes-Moodle.jpg\"><\/a><br \/>\nUs informem que s&#8217;ha obert el termini per sol\u00b7licitar les beques del Ministerio de Educaci\u00f3n y Formaci\u00f3n Profesional per estudis postobligatoris per al curs 2025 &#8211; 2026.<br \/>\nTermini de presentaci\u00f3:\u00a0del 24 de mar\u00e7 al 14 de maig de 2025 a les 15:00h, ambd\u00f3s inclosos.<br \/>\nLa sol\u00b7licitud&hellip;  <a href=\"https:\/\/agora.xtec.cat\/insaltafulla\/secretaria\/ajuts-i-beques\/\" title=\"Read Ajuts i beques\">Llegeix m\u00e9s\u00bb<\/a><\/p>\n","protected":false},"author":1,"featured_media":0,"parent":81,"menu_order":0,"comment_status":"closed","ping_status":"closed","template":"page-templates\/side-menu.php","meta":{"_bbp_topic_count":0,"_bbp_reply_count":0,"_bbp_total_topic_count":0,"_bbp_total_reply_count":0,"_bbp_voice_count":0,"_bbp_anonymous_reply_count":0,"_bbp_topic_count_hidden":0,"_bbp_reply_count_hidden":0,"_bbp_forum_subforum_count":0,"footnotes":""},"class_list":["post-272","page","type-page","status-publish","hentry"],"post_mailing_queue_ids":[],"_links":{"self":[{"href":"https:\/\/agora.xtec.cat\/insaltafulla\/wp-json\/wp\/v2\/pages\/272","targetHints":{"allow":["GET"]}}],"collection":[{"href":"https:\/\/agora.xtec.cat\/insaltafulla\/wp-json\/wp\/v2\/pages"}],"about":[{"href":"https:\/\/agora.xtec.cat\/insaltafulla\/wp-json\/wp\/v2\/types\/page"}],"author":[{"embeddable":true,"href":"https:\/\/agora.xtec.cat\/insaltafulla\/wp-json\/wp\/v2\/users\/1"}],"replies":[{"embeddable":true,"href":"https:\/\/agora.xtec.cat\/insaltafulla\/wp-json\/wp\/v2\/comments?post=272"}],"version-history":[{"count":7,"href":"https:\/\/agora.xtec.cat\/insaltafulla\/wp-json\/wp\/v2\/pages\/272\/revisions"}],"predecessor-version":[{"id":13144,"href":"https:\/\/agora.xtec.cat\/insaltafulla\/wp-json\/wp\/v2\/pages\/272\/revisions\/13144"}],"up":[{"embeddable":true,"href":"https:\/\/agora.xtec.cat\/insaltafulla\/wp-json\/wp\/v2\/pages\/81"}],"wp:attachment":[{"href":"https:\/\/agora.xtec.cat\/insaltafulla\/wp-json\/wp\/v2\/media?parent=272"}],"curies":[{"name":"wp","href":"https:\/\/api.w.org\/{rel}","templated":true}]}}