{"id":267,"date":"2015-03-08T21:40:21","date_gmt":"2015-03-08T20:40:21","guid":{"rendered":"http:\/\/agora.xtec.cat\/insaltafulla\/?page_id=267"},"modified":"2024-02-12T16:19:07","modified_gmt":"2024-02-12T15:19:07","slug":"horari-datencio","status":"publish","type":"page","link":"https:\/\/agora.xtec.cat\/insaltafulla\/secretaria\/horari-datencio\/","title":{"rendered":"Horari d&#8217;atenci\u00f3"},"content":{"rendered":"<p>La secretaria \u00e9s l\u2019agent de gesti\u00f3 administrativa visible, per tant, per la realitzaci\u00f3 de qualsevol tr\u00e0mit administratiu cal que us hi adreceu.<\/p>\n<p>L&#8217;horari d&#8217;atenci\u00f3 \u00e9s:<\/p>\n<p>De dilluns a divendres de 8.15 a 14.30h<\/p>\n<table style=\"border-collapse: collapse; width: 100%;\">\n<tbody>\n<tr>\n<td style=\"width: 12.3116%;\"><span style=\"font-weight: 400;\"><a href=\"https:\/\/agora.xtec.cat\/insaltafulla\/wp-content\/uploads\/usu206\/2022\/04\/trucans-e1615362705355.png\"><img loading=\"lazy\" decoding=\"async\" class=\"alignnone wp-image-11313\" src=\"https:\/\/agora.xtec.cat\/insaltafulla\/wp-content\/uploads\/usu206\/2022\/04\/trucans-e1615362705355.png\" alt=\"\" width=\"94\" height=\"96\" \/><\/a><\/span><\/td>\n<td style=\"width: 87.6884%;\"><span style=\"font-weight: 400;\">Per qualsevol dubte o pregunta podeu <\/span><b>trucar al 977 651 662<\/b><span style=\"font-weight: 400;\"> (de dilluns a divendres de 8.15h a 14h), o b\u00e9 <\/span><b>escriure un correu a gestioadministrativa@institutdaltafulla.cat.<\/b><\/td>\n<\/tr>\n<\/tbody>\n<\/table>\n<p>&nbsp;<\/p>\n","protected":false},"excerpt":{"rendered":"<p>La secretaria \u00e9s l\u2019agent de gesti\u00f3 administrativa visible, per tant, per la realitzaci\u00f3 de qualsevol tr\u00e0mit administratiu cal que us hi adreceu.<br \/>\nL&#8217;horari d&#8217;atenci\u00f3 \u00e9s:<br \/>\nDe dilluns a divendres de 8.15 a 14.30h<\/p>\n<p><a href=\"https:\/\/agora.xtec.cat\/insaltafulla\/wp-content\/uploads\/usu206\/2022\/04\/trucans-e1615362705355.png\"><\/a><br \/>\nPer qualsevol dubte o pregunta podeu trucar al 977 651 662 (de dilluns a&hellip;  <a href=\"https:\/\/agora.xtec.cat\/insaltafulla\/secretaria\/horari-datencio\/\" title=\"Read Horari d&#8217;atenci\u00f3\">Llegeix m\u00e9s\u00bb<\/a><\/p>\n","protected":false},"author":1,"featured_media":0,"parent":81,"menu_order":0,"comment_status":"closed","ping_status":"closed","template":"page-templates\/side-menu.php","meta":{"_bbp_topic_count":0,"_bbp_reply_count":0,"_bbp_total_topic_count":0,"_bbp_total_reply_count":0,"_bbp_voice_count":0,"_bbp_anonymous_reply_count":0,"_bbp_topic_count_hidden":0,"_bbp_reply_count_hidden":0,"_bbp_forum_subforum_count":0,"footnotes":""},"class_list":["post-267","page","type-page","status-publish","hentry"],"post_mailing_queue_ids":[],"_links":{"self":[{"href":"https:\/\/agora.xtec.cat\/insaltafulla\/wp-json\/wp\/v2\/pages\/267","targetHints":{"allow":["GET"]}}],"collection":[{"href":"https:\/\/agora.xtec.cat\/insaltafulla\/wp-json\/wp\/v2\/pages"}],"about":[{"href":"https:\/\/agora.xtec.cat\/insaltafulla\/wp-json\/wp\/v2\/types\/page"}],"author":[{"embeddable":true,"href":"https:\/\/agora.xtec.cat\/insaltafulla\/wp-json\/wp\/v2\/users\/1"}],"replies":[{"embeddable":true,"href":"https:\/\/agora.xtec.cat\/insaltafulla\/wp-json\/wp\/v2\/comments?post=267"}],"version-history":[{"count":4,"href":"https:\/\/agora.xtec.cat\/insaltafulla\/wp-json\/wp\/v2\/pages\/267\/revisions"}],"predecessor-version":[{"id":12468,"href":"https:\/\/agora.xtec.cat\/insaltafulla\/wp-json\/wp\/v2\/pages\/267\/revisions\/12468"}],"up":[{"embeddable":true,"href":"https:\/\/agora.xtec.cat\/insaltafulla\/wp-json\/wp\/v2\/pages\/81"}],"wp:attachment":[{"href":"https:\/\/agora.xtec.cat\/insaltafulla\/wp-json\/wp\/v2\/media?parent=267"}],"curies":[{"name":"wp","href":"https:\/\/api.w.org\/{rel}","templated":true}]}}