{"id":21,"date":"2014-09-17T16:14:14","date_gmt":"2014-09-17T16:14:14","guid":{"rendered":"http:\/\/agora.xtec.cat\/insaltafulla\/?page_id=21"},"modified":"2023-06-07T08:58:05","modified_gmt":"2023-06-07T06:58:05","slug":"on-som","status":"publish","type":"page","link":"https:\/\/agora.xtec.cat\/insaltafulla\/linstitut\/on-som\/","title":{"rendered":"On som"},"content":{"rendered":"<table>\n<tbody>\n<tr>\n<td><strong>Institut d&#8217;Altafulla<\/strong><br \/>\nCami de l&#8217;Oliverot s\/n<br \/>\n43893 Altafulla<\/td>\n<td><em>Tel\u00e8fon<\/em> \u00a0 977 651 662<\/td>\n<td><em>Fax<\/em> \u00a0 977 651 647<\/td>\n<td><em>e-mail<\/em> \u00a0 e3009977@xtec.cat<\/td>\n<\/tr>\n<\/tbody>\n<\/table>\n<p><iframe loading=\"lazy\" src=\"https:\/\/www.google.com\/maps\/embed?pb=!1m14!1m8!1m3!1d3004.4526619651606!2d1.3785889999999994!3d41.146473!3m2!1i1024!2i768!4f13.1!3m3!1m2!1s0x12a3f06465acb4d1%3A0xfa694cfc4efa1ebb!2sInstitut+d'Altafulla!5e0!3m2!1sca!2ses!4v1425671186407\" width=\"600\" height=\"450\" frameborder=\"0\"><\/iframe><\/p>\n<p>&nbsp;<\/p>\n<table>\n<tbody>\n<tr>\n<td style=\"text-align: center;\" colspan=\"2\"><strong>Com arribar a Altafulla<\/strong><\/td>\n<\/tr>\n<tr>\n<td><img loading=\"lazy\" decoding=\"async\" class=\"alignnone\" src=\"http:\/\/www.trenscat.com\/renfe\/images\/logorodaliesoprenfe.gif\" alt=\"\" width=\"119\" height=\"62\" \/><\/td>\n<td><a href=\"http:\/\/rodalies.gencat.cat\/ca\" target=\"_blank\" rel=\"noopener noreferrer\">Rodalies de Catalunya<\/a><\/td>\n<\/tr>\n<tr>\n<td><img loading=\"lazy\" decoding=\"async\" class=\"alignnone \" src=\"data:image\/png;base64,iVBORw0KGgoAAAANSUhEUgAAAOEAAADhCAMAAAAJbSJIAAABX1BMVEX\/\/\/\/SIiKSIRGiIhWnIxewIxrDJB62IxujIxa9Ih3JJCCcIhWhIxfMJCH\/\/v+mJBeJAACsIxjAIx6XIhGjAADYwsHRHx3pzs39+fnROzm+d3isCwqzAADApaR2AACXUEnPsKzn2NZuAADxx8fbzMuLIBGpAACHFAC2AAB\/EwDKAACOFwD27u2kUUe3YGF7AACgdXGRKRyba2iaWlTlr66YAACGAADCAADOAADPMDDdurq9FROCMyqnYV6SAADer6+tJSXVYF+9gn6kQjyWOS\/bhYX02tnQGBKzUVHbmZjJdHTEYmHquLXrrKzQSUnu5eTFlY6pV0vTqKS5iIGucGeSNS3Ajom1mJSUZmPItbF4KyF+IRh0HBfEnp9xFACui4iQRkKQWFNkAACvRD2lNCvRlJDLYWLIT0yfMCu0Wlu2NjuoOza9UE\/iiYrfdXT2z8vjhITgaGrBcXTXREbsnqEUpaE2AAAdXElEQVR4nO2di1vTSNfAU4TWFhOhDWmgWaQgobRZdHcpLY3SitIAFepb3fX13XXX\/bReEHEV\/\/\/nmzMzSWaS9JLSVvHZsxeYZDKZ35y5nZkzQRACRGouPbp7\/6eJSyQP\/rPbSqtBMAGS3n01M1MopL52psNJoYAyfbdl9MRTWz\/OFCYuGR2V1ERhJrWb7Q7Ymti5bMrjBEHuPEF6lKSAtof+y96fucx4VAo7z4UARgg\/2il87dwNR3Z+bAbW0Cc7XztnQ5NCKu3nM+5\/JwrEkppZohXTqaLGg+8JkCBygML9S92FBsnMnMB2NndnvnaGhi6pQp1BfPT9dDKuFB64s7js9wiI6ukTh\/Bb7UYv2jXM2GNGyzOTQXPYjkLKoksELEHpFALT35rxly66v1ZYm1hbW4PHfPdT7rNs77GzZV9fcxJ6QABVT1kVHs91ll14fGepSwwkSySd37iLv9gvLtz1p8gW\/MTdRzebuAmpzZvPnvy65YlQaDnPPt9yry4xV1dt6iWiQr4VksGyk\/xwCzLRw0Yx1uEVnnSW7PfOtDwprrrvnph56zWA1Lm7POOMaz3cdJ\/lrjrY9\/GFHz31oAfh6kCEktBcprnZanLXGcLU2szzICv25p0tNn8My6Lz7FbgVTQoIoPXa090J1wcjBDJHXyV68QxoZufwk\/BM2ZB2GUQbUI02N1cDtShe7UA3emutymPivAvUnl2HrMXWcLC\/c7p\/uavj\/0QTuyogvTKAzgywjmCsjXXgXDtp27JPna0GIoQVdOmz+jtj9CZELGTP\/q78WcQoUFraZNGlXjC1MzNoBfayat31jwsfREWfhOWfDNSJmfqi79v8IIb04zqzwErKkco2ZHweFG4YT\/oISwssEk2nz19+kOWTd7pN0MRpu4Lj3wjKku4vLjOyyo8XHhy25anLtfTn+2LP69yOjRo7XuKR5pH9KIq8IRbTB01bi8vL95aXL6RZRBvrA1AOJES7nYl\/HPVK6S819dvYVn8xc3Cf1GmiKx7CJ\/RN+MaTuviMw9h4a6rQvV\/y+TF67eYmvvs1iCEEwFzUpZwcX0ixcoqbbQ279pdNwc\/r\/PF4BL+RXKk\/o5uFFRSJrc5QjTUV1zC\/y7baazfchuESjMelvAn3\/SWJfz9J168cQscYYd01Ds0R3+vwwNE6X94dOj0z5KQXV51B\/Ln7gturA9E6M0zRygZvKg3vHPEvgj\/pG9\/dmt1i168+YedTUJoT5JBfmByuHbDvf4X6WuGSuiTXzwU\/RH+8QP0nHjiZk\/Znv7PQ8gmtMjkkBkkny+OhXCVi9sf4f9e0CHj9\/W39NqLOx7CXTehv9mXFNyJ3BJPKIyE8O+BdHhnUSU0fy3ukl+MZS+hO5eTXjCEqTU353Pj0OGghHNk7J5bplO2OR\/hbw6g+oJJKMXocASE\/vnK3wPV0ju3HpPEjGXaqm4v\/uohtHWIonE6ZAifjYJw7hkYzc+ozM29GEyH6y\/or7fplRfrPGGq4K4accWYYnqaH0ZQS9X\/W+Zk0aPCvgnXmqRCUIU0l9d\/5cdDZ7qKrtxmrH52FHk6CkLvrM0bt1\/CLTdNoo31B7wOJybcyQsaNp2lI1e3DjnM+yRCmA0knFsMR+iPMAAhOxhA1FtrPCG3tmEwNWWGsSZ\/J9chXUpoOCxcbb4VgpCW70UJV9e4pQuULENINDbToh2bRJe7SPr33adgoQfygkrL6QJv23bxDFOEaO7D5FlIeYUnXCt4hJSYLV7CwHSQDtmFItJQPISpwq9MhMe3CigpZBQ\/YEwqaIboWqrwo+AUhnFnKwVvnbnPlOAdLiN+QnY1Ub3xo1dSHIaP0L3LEq5NzDAzaJTXidQDp6dBJQ5FvuUYStCF\/GdrZmZr4rlqqwv9+APqUwrMkKarRPXxFopZ+E11n7V13ZGw+yqGsNqVcCKYcJ0z\/6CQOULynNtrkm43q7oB9L+ny\/TVjhFNbxpZfn0Hd0j96tAryDjtSsils+MSrqEKJzlpGFDIDOEELZHfhACx62P2T\/fNBcNzm5XmIp\/FAEInZ0Giov5sEEJ3lwT35qkU0w7tx2a4VTgXAswS9Q7zYnZ64CuOv\/kcDkDYWYdr3XS4Y2sIxrWJIMLpiQ6IkMSLRSbfE1uB6saAtxd5wEEI2bj9EqKYDxwXF2iGBV8tBWEtelayv7MFO40QHwdHxLYljyOkpqdT9J9peLgHobC+Sp+A2NM8IX4cX0f\/TjOEExDVXidFDQVFcgZIRIgikyyktm5wi6akSIzHaLYIKU+T9NE\/E1s\/ZgV\/K8yCqvHLXSZh2iupYlfCVcitI15CVnacOocJneDSLQg6QzklJDJR2LqxxHeNN2\/\/ubjKv5VEfDLnAZz7GebNnojTfsLp1P0fb3SWdT6JV3fv\/kLlV0\/iqfv2Lfza1Fsa\/JXUAvvBO3zBoKzfWn3yFO8GLi39dWNxEVdQXyZxxDs\/P\/2BWD9Lf71YDuILJJxOFdY6SsGL4cb1pW7fK6ym2OAEiVjggwzjxMTa1hZZed1aQ13\/tD\/bOD0Ub43GQ7K2GlQSwYS4uneUjnEDkpnmb3gidn4u5cwrg+HYN9gRA1PqSPg9iXDNJ1euXPFfdO95brtB\/3P0in3DCV1xk4EfvgS5lLwvZO\/0k3PhysWEzXFnmeafueA7w8lFCb99cWtp56rJ1oO+LvX14KDP9XfJvRLQDr8zuUgtvYpTQP+\/av8OcuXa1atXr5FSvIp+h7tfUy7UDlHeJ9GPyaJf4Pb1oeTwonLRnqZYlK+9PGxX0nV7Nqk205XWwv6rWcQ5OZQ8XkyEqwMLoiu+XKhmg31E1GalvXEVK3PwVwxDBiG8jv67NlmUNzbrPU4aGZXdVwjy+tXJYee7fxGuDyJXZPm02vuIEZb67mRx8urk7NWB3nRxESbDy6z8qm2bs\/2IWtmX5WsDvGgoEp5wVn5ZVRk\/oK5iR6kvyDJS5NeQkITXkf4qXZk6SXMBda2T16+PBqOLCJOzk\/Av\/eH86w3MzqKf1ycJX3+V08e4IePkerxpwJsdwyF0ODspz7ZVtu6FEXgm\/VKevU5ePj7plxCKXm70OL3YU9QWao6z40UUZvuUSVmvDqg+VpqnMq7y45N+CSfl004eymEEFVBbHimQT\/ol1NtD4COSfoXUODVSKlb6Ipya1QcbIoLF2JfHWFH7IszUshdugJzsylNQbmMRYaqXoBp6ClPQoSFCQi15tueLhyQ9CWen9Nf9fqsgBGR1bIi9dag1hCEq0EGsjAuxJ6HeEEZAiBHHwdebUH89bDbCh2RMiN0JY5lTdfj6symrY0HsTpip9WnID8CH\/m3r4yCMdZVmwAcmhigLgNg9BxeWroTax9HBYVFPR83XnVA\/GDEgmsDpI0fsQqiPYiBkBdJGHerXI5waVS\/Dya7+1Qi1lXEACurLESuxIyGarI2yhlJBr0iPWIkdCTNjqaMgu3p8pITxQIlp1XEBCmotFgvOxVAkmDBmno6hitpS1cdPGM8FfGdpZCKdZkaIGExoNsYICJ3N6AA7EObq4+hIXdnPjJnQHIlR2Emk0SoxkBCpcLw6FF7G4smxESbj5r2x0oFURqfEAMJkbjzzNU5qI+tNhaRX4ub80FcPewky9zUo21GIEPVKsjR6s9AvzQwC9OVlGOInjJr1r0AobGRGwhdEaL75GoBCRYuPS4elzfHjSZJgTI2HEL2kZAwwFrK+JwOOpI3MeHSYMM8Hc0SQ6Kqj1J+jjV+q2kgAvYSJAXtSzKQ26\/XB7WZDj4+GMMFJNFEKbzeB2tS53bfF4k6xeOVdqyn06zLFyUk8MQrxECai0dDDPZypbr8qFifJdllGLm4M5JXSRtV09ITRgeaklbfFyakYnZPE47GMvDDAhk5FGwWgT4fWXnjAhZ1Z3NU7xRSP6a\/Cq7Gpj4WwFHrWre4Xp2Ke+hVNZvQ07mDDJFQbRy1NWKGnbO+KU3E2ZyL6B\/Soh14naJj40WETipwo82G7+91iLJkQ\/ZKMT4WdOrS1oIQuKl7CsJPSuWIsHpyvROjlrOpYCEOu0KjvpzoAimJUC+lIldaioycM25VW5ZjYseDDWin10RBGOAk7Z3sVS4piJFBQ4iGXQ4xYtENaFxEPYf5hqDyl5XiiS+LmYajU1JNxEIYr9bbeNU+KGaozVU\/Mb47w1OymwohYCjG6SpDcGAhDDfhqLdk9S6Vwlb4xBsIwhQ4LZNHuqVvhOq5vj7Cud62kiPDD5SfsnqVvkNAKNV1uZnrp8LLXUjXWgzB\/9M0R5sN5sp30Igy36DOW0SLceHhodktbiZRDLfpIL789wpVc1ywp4RZ90Kxt+IA+wnANR413JQw5yzWmxkAYznqShINSN0RxJR1GKr06rqEQnoUZLSTBSHZNPafpcv+idzVUhkQYbhUDFcZRSVQ6py5Gw\/gfRHvMH4ZDGG6HGyG+7gKIzeAQMgI+H2FEDDXkw4J+sivi1xcvYcjhAkk9qoym8IckXsKQM0n8vdBj66tkvU\/xEoZdTgRR9\/LfcE31EW6rA+zhfnyTt5RIGMyucZWA33z3xYiiKE64c0PxEoa0LhypfzhXynm\/lIl4LuTteq1E8AVUB0QSVPLlPA5TsXB8i\/zipIGeV9hUy\/nOxeUnDDdvw0J0Xv\/48Mgnm\/SHIw9XQM4cxC8QfPiGhpX5TQgfbdvaeYPjf7EsHM+RD\/l7H9nww85dgY8w5GyZAoau18cEIf+FBA1LxCq0aFf+sERzQzeK9vJ8ttT5PL+FtGd1qqc+QrE0eq82mCgQu6tM5+b2FN7e3KuT+a4yT5\/YLJVWuGLczPHzS6PUqWX7CMOuAA5ISM152\/qwVwtswmwuwRFWc+Yxn8YJ64qOEjwo9U04yHgRXryEUx5CzUuY8JR8RWPziWyA+Q7V1E8YiY72LAn5c2QeQiEWhT5fcWqphmfhiJBEr2qiGBO4w5DHGr9EctRBiQGEI3Zsk3A+ESEMZ64OwfhVKKGEdIiHO2WeErU01EEccIRpzVNvj4OVGEAYeh94AKnHEpYFBLRbq2qJPAoi8xSLumAm4LZFhy4DNkjEeYPrtF9rfL19GGyNBxCG2k8JL9V9JFNx8x\/8B6QEoQ1hPZ47gjCC+4yC7\/X49kcSrr9D4VcZ2CBBSmS7z3quxoQkZwTqQ4fm4Qg99dViJpaJxaPbtLWni5lMJpZ0PJXaMgrG4hYdKIX7KJyJY+tfTPI9xJm2yblErgS2xABCVFjD+BRNB2nK2DfFrZ86hEW7fgqHGfCqEZ0lsVosCS4sJF\/8KlJdqxksoXAvSImBhIM4RvVNqCdJL+m2QBx2CGkne0TzXmP2YMUcX\/R7Gl9v00EtMZBQLI1uwGjaI51NiJdcsQ4lnlDwEUasQ3u0EfAYqMX5jAYtqQQSjlKJTbojZxNuapjAS2jZQxa7Cat4O8EDjTfY6wEr1MGE4uj89Q3NhIEQ26EgFQ0PjM6Efy8H46C71nBiRhRHM4rS4AYMI67xSjz0r6gEE+LqMCI5OD4\/n0eD317TaDZhgWAehcsRc7PZbKLsGvfOz89FS9xOGwaE029Q2LGExRK7dSQhJR4KLHPT3xI7EEbQvHZUI4akCtKKIprx2dnJfRRWVVU6yidyU1OTs7s4LKlnVsJEwWv4C3+SZJzbiMopl5Za0\/gdzz3fiNGJ0JwXRifQsZtiNB6PO1\/YSoCvXzym084SWU8JFM6c0Nxv2hau6HEP3dR47znDt6rciVAc3dkgbDCjeSkSx2BA1hMERftcYD2HfckSjn2YszOWOOdTq\/WyojoRRvDLRieubUG0ROxDUXFtC1wnXevJVo3IWVGS8FDjrT1j26PEjoQR7Hc3stmbz3ri7cPOhBHlhF+EeNPDiupMKKI50uimpz1sfD9hws0Xv1aWzp3wSXtM4c6EkURumB\/a88gp2IeWZXf+BpoHKJZiifZ8XEvA7bxtAraZoVz0+DE3NE+95ZXYhTCS0EYyeYPN0N1MonT86dMnpA4VwhsZ00LBT6ijNFBw7n3S2v509ukMda11FK5OMTMb0WNFISVK3IU33LDfjVA0T0aw7rZflGU5E7fXDY0aDkcTjjWFwnrM8b49IGF2EPA4jJBR3xWD9\/LpRoj60+F\/ecAoTiHzLxF1Zt4yPopCbAukic96LB5LRp3GVsNHVVhA6xOfYE3jbf9DvX9ChDj03gasJzEiRlz7EFyfGespAyMhY1sQP3I3T4rnwERb9liNMu8+0Z0Q9TbDHvibOna4YO1DrBi\/fUgJvT66Tkwihuz5zsxGJhmGcPiI1HpiCEW8jtgvoVL2WBPyEd\/veFTYk1AcNmIQYRgdetwdmzLTGwLpvtebsBchQtSG94FdkFjJQhIR7Tm2BuGIYo98VRxWrH9ouEGj2yq0eBV+1vnVXZ8KexOCFheGSVg\/+PDhw7kiHm9Wqy3UaXz88OXLB1G0XreqLfhrBJsfPnw5syLmHgpWVEFF0b98cjbPyl+4xNKyZ0JzkvEaF70JAbEx7HFRnU+Ymq7Lsq3JPIRlp8odlRI5cDb6TNsY3W9UlG2D+8zhO32FGymqcty7HdwHISDCp66loQwcNI3XCjIIk0l7YqjGRTEaTSa1OomSRfYhhO1V\/Sq13fNeFfLr8+p7v1tVP4QI0YytMNkbAiW2D11TiNiHorM+VM\/BXVH02BZeh6aXOm8Pt3T\/4YG+CGG5WWsP4sLQjRDrxJ4099xdw4uqZX6OXZE9Bj5MDwYkjESS2svhmMRSlx1SxwLO2rtrdi3FY4rise9PPKZhO0CF\/ROimpppC0NRo7N\/6O6uSTEy08k3SQRbh9scYZmvk1WZXVuUBGM2yH2zb0JwNNROLv6RM5IjtRYlfiV2X6onFAtdOHbWiRPgQ5K3R8UNKBDrHpeO+hbW2RjC3cBTWGEIkRr1xoWranZ3d3fhJGMeP0SCACsQRtbUp4ebmw8RYAuFD\/W48gHdBnOxjcL7GZiuW7zV1JL5PbKmHAvaQAxBiNVo6gtNoogBq6sK5l4mlkzQokoXZR2FHUeEVlHO6Jm4aRsMjaKO7sMgEGg1MfI5E3gKKxwhao1JLbNwET02ZXx0X3TtQzD\/Eoz1hO4nEq59GCPxUStkXythq4kt5WyHs5AhCYExqumNwdtjE+xB\/+4aM\/P22IdUMYrPaop5rKYOZyFDEyKJRjP6ycGAu6h+26JP+9BzcHBBP\/BaTcFe4oMQQl2N6\/p+u862R\/x7TwFCzw4ps7smubtr3h1Sx9gg8bJyTeVmqPuZDsdZByKEfjWazGj6yedq2O9f+HZICaHXAi7ZhHSVTYn4DV9XpACr6YKEBDIazyAD4HS3mm4a\/VofFY3Oz+hYT4d+JUFqfbNGzjfYLi9pegDQ8k65a3yy7zue1RicEEPCcYMMWEF67XTj8+eF3tKgZS2ajc9IXtoTLTF+COGafSzVPIHgRobONJV7rxsbrpxkjrnwfqbj6Z0LEYJrLpoHJPCpikx\/ErebC5oFgp+JnTORhu0xDQ29XHTF5FJJJkz+QsezGhckpLnBO2H9SDTh5oQ84QbBIuRve8OMeF8Ywgv6QqQXjOG9O5RTDkMl\/CblX8LLL\/8SXn75l\/Dyy7+El1+E+W\/4YN1QpIP7Nz4KQIUEnKsRhb0bUQKewNcU5vSc77obdNNlQ5bFhi3FCSq2LybJB43e9XTeP4GnvrbnbTnfFiP4F9G5rIjzrpxT62abuYbiigq6NU+OoDn3tvN5sEbOaTBRtksA36S5VMrb987Ozt5YEBcOe+XPUfA4b2EfEvQsTlQkOQM+\/MKOhIpwFERoHam2CAelY3CQFPasSHlFgkulM0F1758puJiPmGvGsanMG\/AbfnP5o33PeJhAlp4Tr36Wp6tQKJAmjj6K+JD8zWFjDx\/WKp+RtZIm+FUq91BMAzUsBT1CXIOsLyhPUrXjlw+2hY\/lIEJmY7WVOyZ\/vyAnEp8XSef2Q8iyA\/+5iTcm3YzGvkzs6el6jjv+14AjbHSxvmZG+N0l8FAru+mulETyLMoJXrWpgCsY2cvp9PkKBYoiSIdlIFSbWNo5slhrTFEvHlWmHjpkIWWBEHKbzacm\/pSPRPzT8uCNm61U8DrFaQlyKVUqaVUgjtk2VAtlWFFwpCy+KRwnyPqT2sRFe1CipbOXI4Tg5HDMlnNQbYRDCv6+BhFKQgVWo3Vdi0Ii6BUN8FmAUy1yrdF4t6EiwI2Nd40TsnZ23mg0wMPX2EfXptAzEsQVThIKIXxU1HUDa\/UeuAnLsg5756qWELG6DbJGhXOuvivKNUNophsmPkeZrsm1ClYUPXci1UqHAlnyAV2oBnaECySEZeSjgGpKCGX4lEMyKgJhBT6+mRaEKkpfTpqmGYNSns6YZpIkLZpmDjyUjWLGjEdxpd2giiGEeg6fcTgEQlRKeg52smD1FBZCm23iVYs\/2dOS42auVkOFC+tRkjCbiZtxODtyWKI1PK0RQlGEL+BUAL8WaOYr5\/BRhIDhoszUORNvKWzAspcqGI8gd0lRFLGvfY11xyKtxIC7kTy6my0a2OlQLEO2m5UVAFQzRA9zK7j9tLUErmfP92mOoZJuoDhnrxuN1\/fwIZm6HE+I+BPVbe0ebRttqkOs893PUIUDP5UDjg2ScOZviX7C96qgIhVVngMhrA5RQjZZh5CsYLdkKFvUlziedqjivss4J5wk+LtycRG34FNwbDJqIva+fGfS9e0V7MuThuV63BthQqECLaVNCLHOX9XguwdawMdtFHKOuO6vppjQmMNfjSHbQi\/ncE1daGHCiE0Y9ROCVxfuPU9wj4Q6PCCU8B559pqcVLAeoNJJu8VYVAR1G0X8Z80Pc0msQ5uwou0JdMk0T3QIHs8VqP3wrWmk83OoKzJ8szjwM1r2QvknnxIx4VwRdzRJ3A73yW7X+4PehEn62YJsHbKrTkWxDp9jx5KsHkWxJEEt7uIeUCNHutR6tombFz4T085Ze1UgruC\/86qCDi24\/5nosFihNUDDnqZGtg7lVQ2ophbdXDHK3qaICStyrgRCCLFnTlNu8bU0WIeod5ScPcZDEzsCt2T8p+oOchHc00zicldrIsInow5sQtTwCYFmPFfKZaAL0U0VE5fwZrD6nhDq1FevormHhOCPK\/j6GpwPLF+89ZTUUvJto80SJsxAcczJB\/0Q5tlTHkgxuIPU8bEBaQq3Q7VGXOw3c+fsdkBbw2Nj82DvCNRS0XNHQJ4+wHMCBEwI4a81YR1y3jTeIVGJiG7a3q+TsD1NHY\/4p\/jPIS6AF1lPQtw7Gvffn7yHHlKYIoSaiRvgERktpuLkaAg+X3fz7fv3J3jw0HKHzO5yO5dg\/jCTMRmjhNFSlRBDNpfevn950hIChsTyR1qNQMOiIrJf2WBnKFlcUvu5PcwJN6BdKNtwL6AvVfUk3nRJo0HNxPvQLezohAZGwlTDyquRchBgJx8VXDxpxiHYMEsNuskkpd\/rcVE0qxQwPZvBvRR8nV6MNjEhXN\/Q0eiJ55E1lxDPaL+wW\/ErZYXP656zlXJobqNALTq\/t\/A5Zr7ZWzjEznFwcZff8FFQlIXPZlQ5Qz9PM4mEqLyGvZjcawjHRXx\/4Q2OhZ60Du1XYD9gBYKnpmiZjYPWZnvhRIcPhUfEXG3hoNraPZXjSZJCw0Szu2NIOAbpxfCfVIDfuC8AKnlmzxhAH\/K9jWK6EkUv1aJRNGlB8xd0QyOKs1A44akX+JpIniaTuZypmeQhNH0TczlIgySKmHDyOUhGhEOWKG40EUFqy+U0TYuTzRYxkjBREGkZgoqFn4VIkB0cwnkgaTIA1jHvTIHaB4\/ofJ0qgb2yE\/QSucVE4QnJJdH9yXwKC815aBKimxJ9B3k4YaeHP1zvpi3ikPNW2mVCEYluKMLnpXzs\/+sMK9Z3s56hIKtSCJD6dpfv2Fwu8fjZOhVVPfMN\/ZdSLLHzN0o\/zmPGy8ypWNaHrj4FR+flkN+0+nYEVv7Kyj\/0D\/l0lpUzq\/xNf4CtoyhW+fyL0RXPnh6tfDj\/2rkNL8r22VFT8nsV\/j8DYnUIYaA2pgAAAABJRU5ErkJggg==\" width=\"109\" height=\"109\" \/><\/td>\n<td><a href=\"http:\/\/emtanemambtu.cat\/about\/linies\/\" target=\"_blank\" rel=\"noopener noreferrer\">L\u00ednia 9 del bus urb\u00e0 de Tarragona per la parada Aiguamolls del Gai\u00e0<\/a><br \/>\n(d\u2019Altafulla fins al circ rom\u00e0 i les muralles de l\u2019Imperial Tarraco)<br \/>\n<a href=\"http:\/\/www.autocarsdelpenedes.com\/horarios\/\" target=\"_blank\" rel=\"noopener noreferrer\">L\u00ednia d\u2019autobusos El Pened\u00e8s<\/a> en direcci\u00f3 a Tarragona-Salou-Port Aventura.<\/td>\n<\/tr>\n<tr>\n<td>\u00a0<img loading=\"lazy\" decoding=\"async\" class=\"alignnone\" src=\"http:\/\/photos.wikimapia.org\/p\/ot2\/00\/00\/00\/68\/04_big.jpg\" alt=\"\" width=\"166\" height=\"70\" \/><\/td>\n<td>Sortida 32 de l\u2019autopista AP7 \u00a0i amb enlla\u00e7 directe amb l\u2019autovia A7.<\/p>\n<p><a href=\"http:\/\/www.gencat.cat\/transit\/marcit.htm\" target=\"_blank\" rel=\"noopener noreferrer\">Servei Catal\u00e0 de tr\u00e0nsit<\/a><\/td>\n<\/tr>\n<\/tbody>\n<\/table>\n<table>\n<tbody>\n<tr>\n<td style=\"text-align: center;\" colspan=\"2\"><strong>Escoles adscrites a l&#8217;Institut<\/strong><\/td>\n<\/tr>\n<tr>\n<td><img loading=\"lazy\" decoding=\"async\" class=\"alignnone\" src=\"https:\/\/sites.google.com\/a\/xtec.cat\/laportalada\/_\/rsrc\/1362649023002\/config\/customLogo.gif?revision=2\" alt=\"\" width=\"145\" height=\"100\" \/><\/td>\n<td><a href=\"https:\/\/sites.google.com\/a\/xtec.cat\/laportalada\/\" target=\"_blank\" rel=\"noopener noreferrer\">Escola La Portalada<\/a><\/td>\n<\/tr>\n<tr>\n<td>\u00a0<img loading=\"lazy\" decoding=\"async\" class=\"alignnone\" src=\"http:\/\/4.bp.blogspot.com\/_9gcYgBLSYvs\/TM8cE-aj8OI\/AAAAAAAAAQ0\/ztP5dHXrcW0\/S170\/roquissar.jpg\" alt=\"\" width=\"114\" height=\"117\" \/><\/td>\n<td><a href=\"https:\/\/sites.google.com\/site\/escolaelroquissar\/\" target=\"_blank\" rel=\"noopener noreferrer\">Escola El Roquissar<\/a><\/td>\n<\/tr>\n<tr>\n<td>\u00a0<a href=\"http:\/\/agora.xtec.cat\/insaltafulla\/wp-content\/uploads\/usu206\/2014\/09\/LOGO-OK-color-2010.jpg\"><img loading=\"lazy\" decoding=\"async\" class=\"alignnone wp-image-505\" src=\"http:\/\/agora.xtec.cat\/insaltafulla\/wp-content\/uploads\/usu206\/2014\/09\/LOGO-OK-color-2010.jpg\" alt=\"LOGO OK color 2010\" width=\"171\" height=\"99\" \/><\/a><\/td>\n<td><a href=\"https:\/\/agora.xtec.cat\/ceipmontoliu\/\" target=\"_blank\" rel=\"noopener noreferrer\">Escola Montoliu de La Riera<\/a><\/td>\n<\/tr>\n<tr>\n<td><a href=\"https:\/\/agora.xtec.cat\/insaltafulla\/wp-content\/uploads\/usu206\/2022\/10\/logo-escola.png\"><img loading=\"lazy\" decoding=\"async\" class=\"alignnone wp-image-11656\" src=\"https:\/\/agora.xtec.cat\/insaltafulla\/wp-content\/uploads\/usu206\/2022\/10\/logo-escola.png\" alt=\"\" width=\"220\" height=\"114\" srcset=\"https:\/\/agora.xtec.cat\/insaltafulla\/wp-content\/uploads\/usu206\/2022\/10\/logo-escola.png 470w, https:\/\/agora.xtec.cat\/insaltafulla\/wp-content\/uploads\/usu206\/2022\/10\/logo-escola-300x156.png 300w\" sizes=\"auto, (max-width: 220px) 100vw, 220px\" \/><\/a><\/td>\n<td><a href=\"https:\/\/agora.xtec.cat\/ceiplescodinetes\/\" target=\"_blank\" rel=\"noopener noreferrer\">Escola Les Codinetes de La Nou de Gaia<\/a><\/td>\n<\/tr>\n<tr>\n<td><a href=\"https:\/\/agora.xtec.cat\/insaltafulla\/wp-content\/uploads\/usu206\/2022\/10\/Captura.png\"><img loading=\"lazy\" decoding=\"async\" class=\"alignnone wp-image-11659\" src=\"https:\/\/agora.xtec.cat\/insaltafulla\/wp-content\/uploads\/usu206\/2022\/10\/Captura.png\" alt=\"\" width=\"204\" height=\"143\" \/><\/a><\/td>\n<td><a href=\"https:\/\/agora.xtec.cat\/ceipjosepnin\/\" target=\"_blank\" rel=\"noopener noreferrer\">Escola Josep Nin de Salom\u00f3<\/a><\/td>\n<\/tr>\n<\/tbody>\n<\/table>\n","protected":false},"excerpt":{"rendered":"<p>Institut d&#8217;Altafulla<br \/>\nCami de l&#8217;Oliverot s\/n<br \/>\n43893 Altafulla<br \/>\nTel\u00e8fon \u00a0 977 651 662<br \/>\nFax \u00a0 977 651 647<br \/>\ne-mail \u00a0 e3009977@xtec.cat<\/p>\n<p>&nbsp;<\/p>\n<p>Com arribar a Altafulla<\/p>\n<p><a href=\"http:\/\/rodalies.gencat.cat\/ca\" target=\"_blank\" rel=\"noopener noreferrer\">Rodalies de Catalunya<\/a><\/p>\n<p><a href=\"http:\/\/emtanemambtu.cat\/about\/linies\/\" target=\"_blank\" rel=\"noopener noreferrer\">L\u00ednia 9 del bus urb\u00e0 de Tarragona per la parada Aiguamolls del Gai\u00e0<\/a><br \/>\n(d\u2019Altafulla fins al circ rom\u00e0&hellip;  <a href=\"https:\/\/agora.xtec.cat\/insaltafulla\/linstitut\/on-som\/\" title=\"Read On som\">Llegeix m\u00e9s\u00bb<\/a><\/p>\n","protected":false},"author":1,"featured_media":0,"parent":19,"menu_order":1,"comment_status":"closed","ping_status":"closed","template":"page-templates\/side-menu.php","meta":{"_bbp_topic_count":0,"_bbp_reply_count":0,"_bbp_total_topic_count":0,"_bbp_total_reply_count":0,"_bbp_voice_count":0,"_bbp_anonymous_reply_count":0,"_bbp_topic_count_hidden":0,"_bbp_reply_count_hidden":0,"_bbp_forum_subforum_count":0,"footnotes":""},"class_list":["post-21","page","type-page","status-publish","hentry"],"post_mailing_queue_ids":[],"_links":{"self":[{"href":"https:\/\/agora.xtec.cat\/insaltafulla\/wp-json\/wp\/v2\/pages\/21","targetHints":{"allow":["GET"]}}],"collection":[{"href":"https:\/\/agora.xtec.cat\/insaltafulla\/wp-json\/wp\/v2\/pages"}],"about":[{"href":"https:\/\/agora.xtec.cat\/insaltafulla\/wp-json\/wp\/v2\/types\/page"}],"author":[{"embeddable":true,"href":"https:\/\/agora.xtec.cat\/insaltafulla\/wp-json\/wp\/v2\/users\/1"}],"replies":[{"embeddable":true,"href":"https:\/\/agora.xtec.cat\/insaltafulla\/wp-json\/wp\/v2\/comments?post=21"}],"version-history":[{"count":4,"href":"https:\/\/agora.xtec.cat\/insaltafulla\/wp-json\/wp\/v2\/pages\/21\/revisions"}],"predecessor-version":[{"id":11660,"href":"https:\/\/agora.xtec.cat\/insaltafulla\/wp-json\/wp\/v2\/pages\/21\/revisions\/11660"}],"up":[{"embeddable":true,"href":"https:\/\/agora.xtec.cat\/insaltafulla\/wp-json\/wp\/v2\/pages\/19"}],"wp:attachment":[{"href":"https:\/\/agora.xtec.cat\/insaltafulla\/wp-json\/wp\/v2\/media?parent=21"}],"curies":[{"name":"wp","href":"https:\/\/api.w.org\/{rel}","templated":true}]}}