{"id":2016,"date":"2017-09-19T20:23:40","date_gmt":"2017-09-19T18:23:40","guid":{"rendered":"http:\/\/agora.xtec.cat\/insaltafulla\/?page_id=2016"},"modified":"2017-09-19T20:23:40","modified_gmt":"2017-09-19T18:23:40","slug":"robotica","status":"publish","type":"page","link":"https:\/\/agora.xtec.cat\/insaltafulla\/robotica\/","title":{"rendered":"Rob\u00f2tica"},"content":{"rendered":"<p>Des del curs 2013-14 el departament de Tecnologia ha iniciat la introducci\u00f3 de la rob\u00f2tica i la programaci\u00f3 a tots els alumnes d\u2019ESO del nostre centre, des de 1r, per a qu\u00e8 puguin consolidar les seves compet\u00e8ncies digitals i tecnol\u00f2giques.<\/p>\n<p>L\u2019adquisici\u00f3 del pensament computacional (Computational thinking) \u00e9s important en la formaci\u00f3 per la seva import\u00e0ncia en l\u2019aprenentatge de la ci\u00e8ncia, la tecnologia i les matem\u00e0tiques.<\/p>\n<p>&nbsp;<\/p>\n<p>Amb aquest objectiu els nostres alumnes treballen i aprenen amb les \u00faltimes tecnologies. Robots Mbot-Makeblock, Lego Mindstorms ,Arduino, Picaxe<\/p>\n","protected":false},"excerpt":{"rendered":"<p>Des del curs 2013-14 el departament de Tecnologia ha iniciat la introducci\u00f3 de la rob\u00f2tica i la programaci\u00f3 a tots els alumnes d\u2019ESO del nostre centre, des de 1r, per a qu\u00e8 puguin consolidar les seves compet\u00e8ncies digitals i tecnol\u00f2giques.<br \/>\nL\u2019adquisici\u00f3 del pensament computacional (Computational thinking)&hellip;  <a href=\"https:\/\/agora.xtec.cat\/insaltafulla\/robotica\/\" title=\"Read Rob\u00f2tica\">Llegeix m\u00e9s\u00bb<\/a><\/p>\n","protected":false},"author":1,"featured_media":0,"parent":0,"menu_order":0,"comment_status":"closed","ping_status":"closed","template":"","meta":{"_bbp_topic_count":0,"_bbp_reply_count":0,"_bbp_total_topic_count":0,"_bbp_total_reply_count":0,"_bbp_voice_count":0,"_bbp_anonymous_reply_count":0,"_bbp_topic_count_hidden":0,"_bbp_reply_count_hidden":0,"_bbp_forum_subforum_count":0,"footnotes":""},"class_list":["post-2016","page","type-page","status-publish","hentry"],"post_mailing_queue_ids":[],"_links":{"self":[{"href":"https:\/\/agora.xtec.cat\/insaltafulla\/wp-json\/wp\/v2\/pages\/2016","targetHints":{"allow":["GET"]}}],"collection":[{"href":"https:\/\/agora.xtec.cat\/insaltafulla\/wp-json\/wp\/v2\/pages"}],"about":[{"href":"https:\/\/agora.xtec.cat\/insaltafulla\/wp-json\/wp\/v2\/types\/page"}],"author":[{"embeddable":true,"href":"https:\/\/agora.xtec.cat\/insaltafulla\/wp-json\/wp\/v2\/users\/1"}],"replies":[{"embeddable":true,"href":"https:\/\/agora.xtec.cat\/insaltafulla\/wp-json\/wp\/v2\/comments?post=2016"}],"version-history":[{"count":1,"href":"https:\/\/agora.xtec.cat\/insaltafulla\/wp-json\/wp\/v2\/pages\/2016\/revisions"}],"predecessor-version":[{"id":2017,"href":"https:\/\/agora.xtec.cat\/insaltafulla\/wp-json\/wp\/v2\/pages\/2016\/revisions\/2017"}],"wp:attachment":[{"href":"https:\/\/agora.xtec.cat\/insaltafulla\/wp-json\/wp\/v2\/media?parent=2016"}],"curies":[{"name":"wp","href":"https:\/\/api.w.org\/{rel}","templated":true}]}}