{"id":2006,"date":"2017-09-19T16:46:31","date_gmt":"2017-09-19T14:46:31","guid":{"rendered":"http:\/\/agora.xtec.cat\/insaltafulla\/?page_id=2006"},"modified":"2025-02-27T08:25:14","modified_gmt":"2025-02-27T07:25:14","slug":"salut-i-escola","status":"publish","type":"page","link":"https:\/\/agora.xtec.cat\/insaltafulla\/serveis\/salut-i-escola\/","title":{"rendered":"Salut i escola"},"content":{"rendered":"<p>Aquest programa t\u00e9 com a principal objectiu posar a disposici\u00f3 dels alumnes d\u2019ESO i Batxillerat, un recurs sanitari de proximitat en el qual un\/a infermer\/a pugui aconsellar-los en els temes que els preocupen, com ara els h\u00e0bits alimentaris, la sexualitat i l\u2019afectivitat i les drogodepend\u00e8ncies, entre d\u2019altres. Les consultes tenen un car\u00e0cter totalment confidencial mentre que aix\u00f2 no sigui contraproduent per a la salut de l\u2019alumne\/a.<\/p>\n<p><img loading=\"lazy\" decoding=\"async\" class=\"alignnone size-large\" src=\"http:\/\/identitatcorporativa.gencat.cat\/web\/.content\/Documentacio\/descarregues\/dpt\/COLOR\/Salut\/se.jpg\" width=\"813\" height=\"296\" \/><\/p>\n<p>Els alumnes poden accedir a la Consulta Oberta b\u00e0sicament a petici\u00f3 pr\u00f2pia. Altres vies d\u2019acc\u00e9s \u00e9s a proposta del professorat, de l\u2019equip psicopedag\u00f2gic del centre o b\u00e9 dels propis pares o tutors legals.<\/p>\n<p>Per tant, setmanalment, un\/a professional d\u2019infermeria at\u00e9n els dubtes d\u2019aquests alumnes relacionats amb aspectes de la seva salut en la consulta oberta, ja sigui presencialment o virtual a trav\u00e9s correu electr\u00f2nic.<\/p>\n<p>Aquest \/a professional infermer\/a de l\u2019Equip d\u2019Atenci\u00f3 Prim\u00e0ria exerceix una funci\u00f3 purament preventiva i, en cap cas, administra medicaments.<\/p>\n<p>A l&#8217;institut la infermera \u00e9s la Ingrid Canturri.<br \/>\nEl Departament de Salut ha designat una infermera que realitza diverses actuacions al centre amb coordinaci\u00f3 amb els equips docents:<\/p>\n<p>\u2013 Servei de consultes an\u00f2nimes per a l\u2019alumnat.<\/p>\n<p>\u2013 Xerrades i tallers sobre sexualitat, alimentaci\u00f3, h\u00e0bits t\u00f2xics, salut mental infantil i juvenil.<\/p>\n<p>\u2013 Orientaci\u00f3 de l\u2019equip de tutors en l\u2019enfocament de l\u2019educaci\u00f3 per a la salut.<\/p>\n<p><a href=\"http:\/\/xtec.gencat.cat\/ca\/comunitat\/salutescola\/programasalutescola\/\" target=\"_blank\" rel=\"noopener noreferrer\">Programa Salut i escola<\/a><\/p>\n","protected":false},"excerpt":{"rendered":"<p>Aquest programa t\u00e9 com a principal objectiu posar a disposici\u00f3 dels alumnes d\u2019ESO i Batxillerat, un recurs sanitari de proximitat en el qual un\/a infermer\/a pugui aconsellar-los en els temes que els preocupen, com ara els h\u00e0bits alimentaris, la sexualitat i l\u2019afectivitat i les drogodepend\u00e8ncies,&hellip;  <a href=\"https:\/\/agora.xtec.cat\/insaltafulla\/serveis\/salut-i-escola\/\" title=\"Read Salut i escola\">Llegeix m\u00e9s\u00bb<\/a><\/p>\n","protected":false},"author":1,"featured_media":0,"parent":63,"menu_order":6,"comment_status":"closed","ping_status":"closed","template":"page-templates\/side-menu.php","meta":{"_bbp_topic_count":0,"_bbp_reply_count":0,"_bbp_total_topic_count":0,"_bbp_total_reply_count":0,"_bbp_voice_count":0,"_bbp_anonymous_reply_count":0,"_bbp_topic_count_hidden":0,"_bbp_reply_count_hidden":0,"_bbp_forum_subforum_count":0,"footnotes":""},"class_list":["post-2006","page","type-page","status-publish","hentry"],"post_mailing_queue_ids":[],"_links":{"self":[{"href":"https:\/\/agora.xtec.cat\/insaltafulla\/wp-json\/wp\/v2\/pages\/2006","targetHints":{"allow":["GET"]}}],"collection":[{"href":"https:\/\/agora.xtec.cat\/insaltafulla\/wp-json\/wp\/v2\/pages"}],"about":[{"href":"https:\/\/agora.xtec.cat\/insaltafulla\/wp-json\/wp\/v2\/types\/page"}],"author":[{"embeddable":true,"href":"https:\/\/agora.xtec.cat\/insaltafulla\/wp-json\/wp\/v2\/users\/1"}],"replies":[{"embeddable":true,"href":"https:\/\/agora.xtec.cat\/insaltafulla\/wp-json\/wp\/v2\/comments?post=2006"}],"version-history":[{"count":4,"href":"https:\/\/agora.xtec.cat\/insaltafulla\/wp-json\/wp\/v2\/pages\/2006\/revisions"}],"predecessor-version":[{"id":13063,"href":"https:\/\/agora.xtec.cat\/insaltafulla\/wp-json\/wp\/v2\/pages\/2006\/revisions\/13063"}],"up":[{"embeddable":true,"href":"https:\/\/agora.xtec.cat\/insaltafulla\/wp-json\/wp\/v2\/pages\/63"}],"wp:attachment":[{"href":"https:\/\/agora.xtec.cat\/insaltafulla\/wp-json\/wp\/v2\/media?parent=2006"}],"curies":[{"name":"wp","href":"https:\/\/api.w.org\/{rel}","templated":true}]}}