{"id":12939,"date":"2024-09-16T17:26:35","date_gmt":"2024-09-16T15:26:35","guid":{"rendered":"https:\/\/agora.xtec.cat\/insaltafulla\/?page_id=12939"},"modified":"2024-09-18T16:30:36","modified_gmt":"2024-09-18T14:30:36","slug":"convalidacions-bat","status":"publish","type":"page","link":"https:\/\/agora.xtec.cat\/insaltafulla\/convalidacions-bat\/","title":{"rendered":"Convalidacions BAT"},"content":{"rendered":"<p><a href=\"https:\/\/agora.xtec.cat\/insaltafulla\/wp-content\/uploads\/usu206\/2024\/09\/Etiquetes-Moodle-1-1.jpg\"><img loading=\"lazy\" decoding=\"async\" class=\"wp-image-12947 size-medium aligncenter\" src=\"https:\/\/agora.xtec.cat\/insaltafulla\/wp-content\/uploads\/usu206\/2024\/09\/Etiquetes-Moodle-1-1-300x169.jpg\" alt=\"\" width=\"300\" height=\"169\" srcset=\"https:\/\/agora.xtec.cat\/insaltafulla\/wp-content\/uploads\/usu206\/2024\/09\/Etiquetes-Moodle-1-1-300x169.jpg 300w, https:\/\/agora.xtec.cat\/insaltafulla\/wp-content\/uploads\/usu206\/2024\/09\/Etiquetes-Moodle-1-1-1024x576.jpg 1024w, https:\/\/agora.xtec.cat\/insaltafulla\/wp-content\/uploads\/usu206\/2024\/09\/Etiquetes-Moodle-1-1-768x432.jpg 768w, https:\/\/agora.xtec.cat\/insaltafulla\/wp-content\/uploads\/usu206\/2024\/09\/Etiquetes-Moodle-1-1.jpg 1280w\" sizes=\"auto, (max-width: 300px) 100vw, 300px\" \/><\/a><\/p>\n<table>\n<tbody>\n<tr>\n<td style=\"width: 50%;\"><strong>Convalidacions de mat\u00e8ries de batxillerat per a l&#8217;alumnat que cursa simult\u00e0niament estudis de m\u00fasica o dansa.<\/strong><\/td>\n<td style=\"width: 50%;\"><a href=\"https:\/\/agora.xtec.cat\/insaltafulla\/wp-content\/uploads\/usu206\/2024\/09\/1-BATX.-Convalidacions-alumnat-que-cursa-simultaniament-estudis-de-musica-o-dansa_24-25.pdf\" target=\"_blank\" rel=\"noopener\"><img loading=\"lazy\" decoding=\"async\" class=\"alignnone wp-image-12022\" src=\"https:\/\/agora.xtec.cat\/insaltafulla\/wp-content\/uploads\/usu206\/2023\/05\/png-transparent-pdf-information-document-printing-promotion-label-angle-text-logo-150x150.png\" alt=\"\" width=\"60\" height=\"60\" srcset=\"https:\/\/agora.xtec.cat\/insaltafulla\/wp-content\/uploads\/usu206\/2023\/05\/png-transparent-pdf-information-document-printing-promotion-label-angle-text-logo-150x150.png 150w, https:\/\/agora.xtec.cat\/insaltafulla\/wp-content\/uploads\/usu206\/2023\/05\/png-transparent-pdf-information-document-printing-promotion-label-angle-text-logo-300x300.png 300w, https:\/\/agora.xtec.cat\/insaltafulla\/wp-content\/uploads\/usu206\/2023\/05\/png-transparent-pdf-information-document-printing-promotion-label-angle-text-logo-768x768.png 768w, https:\/\/agora.xtec.cat\/insaltafulla\/wp-content\/uploads\/usu206\/2023\/05\/png-transparent-pdf-information-document-printing-promotion-label-angle-text-logo.png 920w\" sizes=\"auto, (max-width: 60px) 100vw, 60px\" \/><\/a><\/td>\n<\/tr>\n<tr>\n<td style=\"width: 50%;\"><strong>Convalidacions de mat\u00e8ries de batxillerat per a l&#8217;alumnat que compagina els estudis de batxillerat amb la pr\u00e0ctica intensiva de l&#8217;esport.<\/strong><\/td>\n<td style=\"width: 50%;\"><a href=\"https:\/\/agora.xtec.cat\/insaltafulla\/wp-content\/uploads\/usu206\/2024\/09\/2-BATX.-Convalidacions-alumnat-amb-practica-intensiva-de-lesport.pdf\" target=\"_blank\" rel=\"noopener\"><img loading=\"lazy\" decoding=\"async\" class=\"\" src=\"https:\/\/agora.xtec.cat\/insaltafulla\/wp-content\/uploads\/usu206\/2023\/05\/png-transparent-pdf-information-document-printing-promotion-label-angle-text-logo-150x150.png\" width=\"59\" height=\"59\" \/><\/a><\/td>\n<\/tr>\n<tr>\n<td style=\"width: 50%;\"><strong>Convalidacions de mat\u00e8ries del batxillerat per a l&#8217;alumat que cursa lleng\u00fces estrangeres simult\u00e0niament en una EOI.<\/strong><\/td>\n<td style=\"width: 50%;\"><a href=\"https:\/\/agora.xtec.cat\/insaltafulla\/wp-content\/uploads\/usu206\/2024\/09\/3-BATX.-Convalidacions-alumnat-que-cursa-llengues-estrangeres-en-una-EOI.pdf\" target=\"_blank\" rel=\"noopener\"><img loading=\"lazy\" decoding=\"async\" class=\"\" src=\"https:\/\/agora.xtec.cat\/insaltafulla\/wp-content\/uploads\/usu206\/2023\/05\/png-transparent-pdf-information-document-printing-promotion-label-angle-text-logo-150x150.png\" width=\"71\" height=\"71\" \/><\/a><\/td>\n<\/tr>\n<\/tbody>\n<\/table>\n","protected":false},"excerpt":{"rendered":"<p><a href=\"https:\/\/agora.xtec.cat\/insaltafulla\/wp-content\/uploads\/usu206\/2024\/09\/Etiquetes-Moodle-1-1.jpg\"><\/a><\/p>\n<p>Convalidacions de mat\u00e8ries de batxillerat per a l&#8217;alumnat que cursa simult\u00e0niament estudis de m\u00fasica o dansa.<br \/>\n<a href=\"https:\/\/agora.xtec.cat\/insaltafulla\/wp-content\/uploads\/usu206\/2024\/09\/1-BATX.-Convalidacions-alumnat-que-cursa-simultaniament-estudis-de-musica-o-dansa_24-25.pdf\" target=\"_blank\" rel=\"noopener\"><\/a><\/p>\n<p>Convalidacions de mat\u00e8ries de batxillerat per a l&#8217;alumnat que compagina els estudis de batxillerat amb la pr\u00e0ctica intensiva de l&#8217;esport.<br \/>\n<a href=\"https:\/\/agora.xtec.cat\/insaltafulla\/wp-content\/uploads\/usu206\/2024\/09\/2-BATX.-Convalidacions-alumnat-amb-practica-intensiva-de-lesport.pdf\" target=\"_blank\" rel=\"noopener\"><\/a><\/p>\n<p>Convalidacions de mat\u00e8ries del&hellip;  <a href=\"https:\/\/agora.xtec.cat\/insaltafulla\/convalidacions-bat\/\" title=\"Read Convalidacions BAT\">Llegeix m\u00e9s\u00bb<\/a><\/p>\n","protected":false},"author":1,"featured_media":0,"parent":0,"menu_order":0,"comment_status":"closed","ping_status":"closed","template":"","meta":{"_bbp_topic_count":0,"_bbp_reply_count":0,"_bbp_total_topic_count":0,"_bbp_total_reply_count":0,"_bbp_voice_count":0,"_bbp_anonymous_reply_count":0,"_bbp_topic_count_hidden":0,"_bbp_reply_count_hidden":0,"_bbp_forum_subforum_count":0,"footnotes":""},"class_list":["post-12939","page","type-page","status-publish","hentry"],"post_mailing_queue_ids":[],"_links":{"self":[{"href":"https:\/\/agora.xtec.cat\/insaltafulla\/wp-json\/wp\/v2\/pages\/12939","targetHints":{"allow":["GET"]}}],"collection":[{"href":"https:\/\/agora.xtec.cat\/insaltafulla\/wp-json\/wp\/v2\/pages"}],"about":[{"href":"https:\/\/agora.xtec.cat\/insaltafulla\/wp-json\/wp\/v2\/types\/page"}],"author":[{"embeddable":true,"href":"https:\/\/agora.xtec.cat\/insaltafulla\/wp-json\/wp\/v2\/users\/1"}],"replies":[{"embeddable":true,"href":"https:\/\/agora.xtec.cat\/insaltafulla\/wp-json\/wp\/v2\/comments?post=12939"}],"version-history":[{"count":3,"href":"https:\/\/agora.xtec.cat\/insaltafulla\/wp-json\/wp\/v2\/pages\/12939\/revisions"}],"predecessor-version":[{"id":12957,"href":"https:\/\/agora.xtec.cat\/insaltafulla\/wp-json\/wp\/v2\/pages\/12939\/revisions\/12957"}],"wp:attachment":[{"href":"https:\/\/agora.xtec.cat\/insaltafulla\/wp-json\/wp\/v2\/media?parent=12939"}],"curies":[{"name":"wp","href":"https:\/\/api.w.org\/{rel}","templated":true}]}}