{"id":11723,"date":"2022-11-21T16:39:55","date_gmt":"2022-11-21T15:39:55","guid":{"rendered":"https:\/\/agora.xtec.cat\/insaltafulla\/?page_id=11723"},"modified":"2023-06-05T11:49:53","modified_gmt":"2023-06-05T09:49:53","slug":"competencia-digital-de-lalumnat","status":"publish","type":"page","link":"https:\/\/agora.xtec.cat\/insaltafulla\/activitats-extraescolars\/cultura-digital\/competencia-digital-de-lalumnat\/","title":{"rendered":"Compet\u00e8ncia digital de l&#8217;alumnat"},"content":{"rendered":"<p><a href=\"https:\/\/agora.xtec.cat\/insaltafulla\/wp-content\/uploads\/usu206\/2023\/06\/Banners-cursos-Moodle-1-scaled.jpg\"><img loading=\"lazy\" decoding=\"async\" class=\"alignnone wp-image-12108 size-large\" src=\"https:\/\/agora.xtec.cat\/insaltafulla\/wp-content\/uploads\/usu206\/2023\/06\/Banners-cursos-Moodle-1-1024x360.jpg\" alt=\"\" width=\"1024\" height=\"360\" srcset=\"https:\/\/agora.xtec.cat\/insaltafulla\/wp-content\/uploads\/usu206\/2023\/06\/Banners-cursos-Moodle-1-1024x360.jpg 1024w, https:\/\/agora.xtec.cat\/insaltafulla\/wp-content\/uploads\/usu206\/2023\/06\/Banners-cursos-Moodle-1-300x106.jpg 300w, https:\/\/agora.xtec.cat\/insaltafulla\/wp-content\/uploads\/usu206\/2023\/06\/Banners-cursos-Moodle-1-768x270.jpg 768w, https:\/\/agora.xtec.cat\/insaltafulla\/wp-content\/uploads\/usu206\/2023\/06\/Banners-cursos-Moodle-1-1536x540.jpg 1536w, https:\/\/agora.xtec.cat\/insaltafulla\/wp-content\/uploads\/usu206\/2023\/06\/Banners-cursos-Moodle-1-2048x720.jpg 2048w\" sizes=\"auto, (max-width: 1024px) 100vw, 1024px\" \/><\/a><\/p>\n<p><a href=\"https:\/\/agora.xtec.cat\/insaltafulla\/wp-content\/uploads\/usu206\/2022\/11\/tocar.png\"><img loading=\"lazy\" decoding=\"async\" class=\"alignnone wp-image-11730\" src=\"https:\/\/agora.xtec.cat\/insaltafulla\/wp-content\/uploads\/usu206\/2022\/11\/tocar-150x150.png\" alt=\"\" width=\"22\" height=\"22\" srcset=\"https:\/\/agora.xtec.cat\/insaltafulla\/wp-content\/uploads\/usu206\/2022\/11\/tocar-150x150.png 150w, https:\/\/agora.xtec.cat\/insaltafulla\/wp-content\/uploads\/usu206\/2022\/11\/tocar-300x300.png 300w, https:\/\/agora.xtec.cat\/insaltafulla\/wp-content\/uploads\/usu206\/2022\/11\/tocar.png 512w\" sizes=\"auto, (max-width: 22px) 100vw, 22px\" \/> <\/a>L\u2019assoliment de la compet\u00e8ncia digital de l\u2019alumnat \u00e9s un dels objectius principals de l\u2019<a href=\"https:\/\/agora.xtec.cat\/insaltafulla\/serveis\/activitats-extraescolars\/\" target=\"_blank\" rel=\"noopener\">EDC<\/a> (Estrat\u00e8gia Digital de Centre)<\/p>\n<p>Aquest assoliment s\u2019aconsegueix de forma transversal amb la implicaci\u00f3 de totes les mat\u00e8ries o \u00e0mbits. Desplegament i avaluaci\u00f3 en els diferents nivells i cursos (Document en proc\u00e9s de treball per part del professorat durant el curs 2021-2022).<\/p>\n<p><a href=\"https:\/\/agora.xtec.cat\/insaltafulla\/wp-content\/uploads\/usu206\/2022\/11\/DigComp-flower.png\"><img loading=\"lazy\" decoding=\"async\" class=\"size-full wp-image-11728 alignleft\" src=\"https:\/\/agora.xtec.cat\/insaltafulla\/wp-content\/uploads\/usu206\/2022\/11\/DigComp-flower.png\" alt=\"\" width=\"253\" height=\"233\" \/><\/a>El marc competencial que recull la LOMLOE parteix dels principis que UNESCO, OCDE i la Comissi\u00f3 Europea han elaborat en els darreres anys amb relaci\u00f3 a la compet\u00e8ncia digital ciutadana.<\/p>\n<p>El <a href=\"https:\/\/joint-research-centre.ec.europa.eu\/digcomp_en\" target=\"_blank\" rel=\"noopener\">DIGCOM<\/a> de la Uni\u00f3 Europea mostra <a href=\"https:\/\/joint-research-centre.ec.europa.eu\/digcomp\/digcomp-framework_en\" target=\"_blank\" rel=\"noopener\">la concreci\u00f3 del desplegament de les compet\u00e8ncies<\/a> a partir de les quals els centres educatius han de treballar.<\/p>\n<p>Us el mostrem <a href=\"https:\/\/drive.google.com\/file\/d\/1kQfcKIr7cCgmSxuTzNm6oIgFxUQ3BS_o\/view\" target=\"_blank\" rel=\"noopener\">aqu\u00ed per tal que pugueu copsar quina l\u00ednia de treball s&#8217;ha de seguir<\/a>, quant a la compet\u00e8ncia digital de l&#8217;alumnat, al llarg de l&#8217;escolaritat obligat\u00f2ria.<\/p>\n<p><a href=\"https:\/\/agora.xtec.cat\/insaltafulla\/wp-content\/uploads\/usu206\/2022\/11\/FireShot-Capture-438-FIC-Modul-3-Sessio-1-Marc-de-la-Competencia-digital-de-lalumnat-22_-docs.google.com_.png\"><img loading=\"lazy\" decoding=\"async\" class=\"alignnone wp-image-11726 \" src=\"https:\/\/agora.xtec.cat\/insaltafulla\/wp-content\/uploads\/usu206\/2022\/11\/FireShot-Capture-438-FIC-Modul-3-Sessio-1-Marc-de-la-Competencia-digital-de-lalumnat-22_-docs.google.com_-300x168.png\" alt=\"\" width=\"593\" height=\"332\" srcset=\"https:\/\/agora.xtec.cat\/insaltafulla\/wp-content\/uploads\/usu206\/2022\/11\/FireShot-Capture-438-FIC-Modul-3-Sessio-1-Marc-de-la-Competencia-digital-de-lalumnat-22_-docs.google.com_-300x168.png 300w, https:\/\/agora.xtec.cat\/insaltafulla\/wp-content\/uploads\/usu206\/2022\/11\/FireShot-Capture-438-FIC-Modul-3-Sessio-1-Marc-de-la-Competencia-digital-de-lalumnat-22_-docs.google.com_-768x431.png 768w, https:\/\/agora.xtec.cat\/insaltafulla\/wp-content\/uploads\/usu206\/2022\/11\/FireShot-Capture-438-FIC-Modul-3-Sessio-1-Marc-de-la-Competencia-digital-de-lalumnat-22_-docs.google.com_.png 887w\" sizes=\"auto, (max-width: 593px) 100vw, 593px\" \/><\/a><\/p>\n<p><a title=\"digital iconos\" href=\"https:\/\/www.flaticon.es\/iconos-gratis\/digital\">Digital iconos creados por Freepik &#8211; Flaticon<\/a><\/p>\n","protected":false},"excerpt":{"rendered":"<p><a href=\"https:\/\/agora.xtec.cat\/insaltafulla\/wp-content\/uploads\/usu206\/2023\/06\/Banners-cursos-Moodle-1-scaled.jpg\"><\/a><br \/>\n<a href=\"https:\/\/agora.xtec.cat\/insaltafulla\/wp-content\/uploads\/usu206\/2022\/11\/tocar.png\"> <\/a>L\u2019assoliment de la compet\u00e8ncia digital de l\u2019alumnat \u00e9s un dels objectius principals de l\u2019<a href=\"https:\/\/agora.xtec.cat\/insaltafulla\/serveis\/activitats-extraescolars\/\" target=\"_blank\" rel=\"noopener\">EDC<\/a> (Estrat\u00e8gia Digital de Centre)<br \/>\nAquest assoliment s\u2019aconsegueix de forma transversal amb la implicaci\u00f3 de totes les mat\u00e8ries o \u00e0mbits. Desplegament i avaluaci\u00f3 en els diferents nivells&hellip;  <a href=\"https:\/\/agora.xtec.cat\/insaltafulla\/activitats-extraescolars\/cultura-digital\/competencia-digital-de-lalumnat\/\" title=\"Read Compet\u00e8ncia digital de l&#8217;alumnat\">Llegeix m\u00e9s\u00bb<\/a><\/p>\n","protected":false},"author":1,"featured_media":0,"parent":11229,"menu_order":3,"comment_status":"closed","ping_status":"closed","template":"page-templates\/side-menu.php","meta":{"_bbp_topic_count":0,"_bbp_reply_count":0,"_bbp_total_topic_count":0,"_bbp_total_reply_count":0,"_bbp_voice_count":0,"_bbp_anonymous_reply_count":0,"_bbp_topic_count_hidden":0,"_bbp_reply_count_hidden":0,"_bbp_forum_subforum_count":0,"footnotes":""},"class_list":["post-11723","page","type-page","status-publish","hentry"],"post_mailing_queue_ids":[],"_links":{"self":[{"href":"https:\/\/agora.xtec.cat\/insaltafulla\/wp-json\/wp\/v2\/pages\/11723","targetHints":{"allow":["GET"]}}],"collection":[{"href":"https:\/\/agora.xtec.cat\/insaltafulla\/wp-json\/wp\/v2\/pages"}],"about":[{"href":"https:\/\/agora.xtec.cat\/insaltafulla\/wp-json\/wp\/v2\/types\/page"}],"author":[{"embeddable":true,"href":"https:\/\/agora.xtec.cat\/insaltafulla\/wp-json\/wp\/v2\/users\/1"}],"replies":[{"embeddable":true,"href":"https:\/\/agora.xtec.cat\/insaltafulla\/wp-json\/wp\/v2\/comments?post=11723"}],"version-history":[{"count":3,"href":"https:\/\/agora.xtec.cat\/insaltafulla\/wp-json\/wp\/v2\/pages\/11723\/revisions"}],"predecessor-version":[{"id":12109,"href":"https:\/\/agora.xtec.cat\/insaltafulla\/wp-json\/wp\/v2\/pages\/11723\/revisions\/12109"}],"up":[{"embeddable":true,"href":"https:\/\/agora.xtec.cat\/insaltafulla\/wp-json\/wp\/v2\/pages\/11229"}],"wp:attachment":[{"href":"https:\/\/agora.xtec.cat\/insaltafulla\/wp-json\/wp\/v2\/media?parent=11723"}],"curies":[{"name":"wp","href":"https:\/\/api.w.org\/{rel}","templated":true}]}}