{"id":11400,"date":"2022-05-04T11:23:50","date_gmt":"2022-05-04T09:23:50","guid":{"rendered":"https:\/\/agora.xtec.cat\/insaltafulla\/?page_id=11400"},"modified":"2023-06-05T10:12:26","modified_gmt":"2023-06-05T08:12:26","slug":"planificacio-i-millora","status":"publish","type":"page","link":"https:\/\/agora.xtec.cat\/insaltafulla\/activitats-extraescolars\/estrategia-digital\/planificacio-i-millora\/","title":{"rendered":"Planificaci\u00f3 i seguiment"},"content":{"rendered":"<p><a href=\"https:\/\/agora.xtec.cat\/insaltafulla\/wp-content\/uploads\/usu206\/2022\/05\/Banners-cursos-Moodle-8.png\"><img loading=\"lazy\" decoding=\"async\" class=\"alignnone size-full wp-image-11460\" src=\"https:\/\/agora.xtec.cat\/insaltafulla\/wp-content\/uploads\/usu206\/2022\/05\/Banners-cursos-Moodle-8.png\" alt=\"\" width=\"3000\" height=\"1055\" srcset=\"https:\/\/agora.xtec.cat\/insaltafulla\/wp-content\/uploads\/usu206\/2022\/05\/Banners-cursos-Moodle-8.png 3000w, https:\/\/agora.xtec.cat\/insaltafulla\/wp-content\/uploads\/usu206\/2022\/05\/Banners-cursos-Moodle-8-300x106.png 300w, https:\/\/agora.xtec.cat\/insaltafulla\/wp-content\/uploads\/usu206\/2022\/05\/Banners-cursos-Moodle-8-1024x360.png 1024w, https:\/\/agora.xtec.cat\/insaltafulla\/wp-content\/uploads\/usu206\/2022\/05\/Banners-cursos-Moodle-8-768x270.png 768w, https:\/\/agora.xtec.cat\/insaltafulla\/wp-content\/uploads\/usu206\/2022\/05\/Banners-cursos-Moodle-8-1536x540.png 1536w, https:\/\/agora.xtec.cat\/insaltafulla\/wp-content\/uploads\/usu206\/2022\/05\/Banners-cursos-Moodle-8-2048x720.png 2048w\" sizes=\"auto, (max-width: 3000px) 100vw, 3000px\" \/><\/a><\/p>\n<p>Entenem per planificaci\u00f3 l\u2019organitzaci\u00f3 i seguiment d\u2019aquelles actuacions destinades a assolir els objectius que tenim com a centre.<\/p>\n<p>La planificaci\u00f3 \u00e9s una tasca necess\u00e0ria per aconseguir avan\u00e7ar cap als objectius que ens hem marcat i que es pot dur a terme dins la\u00a0<strong>Comissi\u00f3 d\u2019Estrat\u00e8gia Digital de Centre.<\/strong><\/p>\n<p>Per cada objectiu, hem dissenyat activitats que permetin el seu assoliment.<\/p>\n<p>Un cop dissenyades les activitats, n\u2019hem planificat el seu desenvolupament. Per cada activitat, hem determinat:<\/p>\n<ul>\n<li>Recursos necessaris pel que fa a infraestructures, maquinari, recursos humans i temporals (reunions, hores destinades a organitzar i implementar les actuacions, etc.)<\/li>\n<li>Distribuci\u00f3 de responsabilitats de tasques.<\/li>\n<li>Temporitzaci\u00f3.<\/li>\n<li>Indicadors: en el cas de les activitats \u00e9s recomanable definir indicadors que mesurin la<strong>\u00a0quantitat<\/strong>\u00a0del que s\u2019ha fet (nombre de participants, % d\u2019alumne implicats, etc.) i indicadors que mesuren la\u00a0<strong>qualitat<\/strong> d\u2019aquestes activitats.\u00a0 L\u2019indicador va acompanyat del seu criteri d\u2019acompliment.<\/li>\n<\/ul>\n<p><iframe loading=\"lazy\" src=\"https:\/\/docs.google.com\/spreadsheets\/d\/e\/2PACX-1vSf9vgZRLr2hfgLYDBtt2jW1S0ksKXJYsljJux4zvunFy7flnjMYMcFe_kckakz69sIiLEh0SpCTa2J\/pubhtml?gid=1010979903&amp;single=true&amp;widget=true&amp;headers=false\" width=\"900\" height=\"500\"><\/iframe><\/p>\n<p>&nbsp;<\/p>\n","protected":false},"excerpt":{"rendered":"<p><a href=\"https:\/\/agora.xtec.cat\/insaltafulla\/wp-content\/uploads\/usu206\/2022\/05\/Banners-cursos-Moodle-8.png\"><\/a><br \/>\nEntenem per planificaci\u00f3 l\u2019organitzaci\u00f3 i seguiment d\u2019aquelles actuacions destinades a assolir els objectius que tenim com a centre.<br \/>\nLa planificaci\u00f3 \u00e9s una tasca necess\u00e0ria per aconseguir avan\u00e7ar cap als objectius que ens hem marcat i que es pot dur a terme dins la\u00a0Comissi\u00f3 d\u2019Estrat\u00e8gia Digital&hellip;  <a href=\"https:\/\/agora.xtec.cat\/insaltafulla\/activitats-extraescolars\/estrategia-digital\/planificacio-i-millora\/\" title=\"Read Planificaci\u00f3 i seguiment\">Llegeix m\u00e9s\u00bb<\/a><\/p>\n","protected":false},"author":1,"featured_media":0,"parent":11217,"menu_order":3,"comment_status":"closed","ping_status":"closed","template":"page-templates\/side-menu.php","meta":{"_bbp_topic_count":0,"_bbp_reply_count":0,"_bbp_total_topic_count":0,"_bbp_total_reply_count":0,"_bbp_voice_count":0,"_bbp_anonymous_reply_count":0,"_bbp_topic_count_hidden":0,"_bbp_reply_count_hidden":0,"_bbp_forum_subforum_count":0,"footnotes":""},"class_list":["post-11400","page","type-page","status-publish","hentry"],"post_mailing_queue_ids":[],"_links":{"self":[{"href":"https:\/\/agora.xtec.cat\/insaltafulla\/wp-json\/wp\/v2\/pages\/11400","targetHints":{"allow":["GET"]}}],"collection":[{"href":"https:\/\/agora.xtec.cat\/insaltafulla\/wp-json\/wp\/v2\/pages"}],"about":[{"href":"https:\/\/agora.xtec.cat\/insaltafulla\/wp-json\/wp\/v2\/types\/page"}],"author":[{"embeddable":true,"href":"https:\/\/agora.xtec.cat\/insaltafulla\/wp-json\/wp\/v2\/users\/1"}],"replies":[{"embeddable":true,"href":"https:\/\/agora.xtec.cat\/insaltafulla\/wp-json\/wp\/v2\/comments?post=11400"}],"version-history":[{"count":3,"href":"https:\/\/agora.xtec.cat\/insaltafulla\/wp-json\/wp\/v2\/pages\/11400\/revisions"}],"predecessor-version":[{"id":12100,"href":"https:\/\/agora.xtec.cat\/insaltafulla\/wp-json\/wp\/v2\/pages\/11400\/revisions\/12100"}],"up":[{"embeddable":true,"href":"https:\/\/agora.xtec.cat\/insaltafulla\/wp-json\/wp\/v2\/pages\/11217"}],"wp:attachment":[{"href":"https:\/\/agora.xtec.cat\/insaltafulla\/wp-json\/wp\/v2\/media?parent=11400"}],"curies":[{"name":"wp","href":"https:\/\/api.w.org\/{rel}","templated":true}]}}