{"id":11219,"date":"2022-03-29T11:35:39","date_gmt":"2022-03-29T09:35:39","guid":{"rendered":"https:\/\/agora.xtec.cat\/insaltafulla\/?page_id=11219"},"modified":"2023-06-05T09:51:51","modified_gmt":"2023-06-05T07:51:51","slug":"diagnosi","status":"publish","type":"page","link":"https:\/\/agora.xtec.cat\/insaltafulla\/activitats-extraescolars\/estrategia-digital\/diagnosi\/","title":{"rendered":"Diagnosi"},"content":{"rendered":"<p><a href=\"https:\/\/agora.xtec.cat\/insaltafulla\/wp-content\/uploads\/usu206\/2022\/05\/Banners-cursos-Moodle.png\"><img loading=\"lazy\" decoding=\"async\" class=\"alignnone size-full wp-image-11414\" src=\"https:\/\/agora.xtec.cat\/insaltafulla\/wp-content\/uploads\/usu206\/2022\/05\/Banners-cursos-Moodle.png\" alt=\"\" width=\"3000\" height=\"1055\" srcset=\"https:\/\/agora.xtec.cat\/insaltafulla\/wp-content\/uploads\/usu206\/2022\/05\/Banners-cursos-Moodle.png 3000w, https:\/\/agora.xtec.cat\/insaltafulla\/wp-content\/uploads\/usu206\/2022\/05\/Banners-cursos-Moodle-300x106.png 300w, https:\/\/agora.xtec.cat\/insaltafulla\/wp-content\/uploads\/usu206\/2022\/05\/Banners-cursos-Moodle-1024x360.png 1024w, https:\/\/agora.xtec.cat\/insaltafulla\/wp-content\/uploads\/usu206\/2022\/05\/Banners-cursos-Moodle-768x270.png 768w, https:\/\/agora.xtec.cat\/insaltafulla\/wp-content\/uploads\/usu206\/2022\/05\/Banners-cursos-Moodle-1536x540.png 1536w, https:\/\/agora.xtec.cat\/insaltafulla\/wp-content\/uploads\/usu206\/2022\/05\/Banners-cursos-Moodle-2048x720.png 2048w\" sizes=\"auto, (max-width: 3000px) 100vw, 3000px\" \/><\/a><\/p>\n<p>El primer pas per poder elaborar l\u2019estrat\u00e8gia digital de centre ha estat elaborar la diagnosi i per fer-la, la comissi\u00f3 digital del centre va decidir emprar aquestes eines diagn\u00f2stiques:<\/p>\n<ul>\n<li><strong>Enquesta per avaluar la compet\u00e8ncia digital instrumental docent<\/strong><\/li>\n<li><strong>Enquesta a les fam\u00edlies\u00a0<\/strong><\/li>\n<li><strong>Enquesta a l&#8217;alumnat.<\/strong><\/li>\n<\/ul>\n<p>Aquestes enquestes s&#8217;han realitzat amb l&#8217;eina SELFIE<\/p>\n<p><a href=\"https:\/\/agora.xtec.cat\/insaltafulla\/wp-content\/uploads\/usu206\/2022\/10\/SELFIE.png\"><img loading=\"lazy\" decoding=\"async\" class=\"alignnone size-full wp-image-11668\" src=\"https:\/\/agora.xtec.cat\/insaltafulla\/wp-content\/uploads\/usu206\/2022\/10\/SELFIE.png\" alt=\"\" width=\"150\" height=\"150\" \/><\/a><\/p>\n<p>&nbsp;<\/p>\n","protected":false},"excerpt":{"rendered":"<p><a href=\"https:\/\/agora.xtec.cat\/insaltafulla\/wp-content\/uploads\/usu206\/2022\/05\/Banners-cursos-Moodle.png\"><\/a><br \/>\nEl primer pas per poder elaborar l\u2019estrat\u00e8gia digital de centre ha estat elaborar la diagnosi i per fer-la, la comissi\u00f3 digital del centre va decidir emprar aquestes eines diagn\u00f2stiques:<\/p>\n<ul>\n<li>Enquesta per avaluar la compet\u00e8ncia digital instrumental docent<\/li>\n<li>Enquesta a les fam\u00edlies\u00a0<\/li>\n<li>Enquesta a l&#8217;alumnat.<\/li>\n<\/ul>\n<p>Aquestes enquestes s&#8217;han realitzat&hellip;  <a href=\"https:\/\/agora.xtec.cat\/insaltafulla\/activitats-extraescolars\/estrategia-digital\/diagnosi\/\" title=\"Read Diagnosi\">Llegeix m\u00e9s\u00bb<\/a><\/p>\n","protected":false},"author":1,"featured_media":0,"parent":11217,"menu_order":1,"comment_status":"closed","ping_status":"closed","template":"page-templates\/side-menu.php","meta":{"_bbp_topic_count":0,"_bbp_reply_count":0,"_bbp_total_topic_count":0,"_bbp_total_reply_count":0,"_bbp_voice_count":0,"_bbp_anonymous_reply_count":0,"_bbp_topic_count_hidden":0,"_bbp_reply_count_hidden":0,"_bbp_forum_subforum_count":0,"footnotes":""},"class_list":["post-11219","page","type-page","status-publish","hentry"],"post_mailing_queue_ids":[],"_links":{"self":[{"href":"https:\/\/agora.xtec.cat\/insaltafulla\/wp-json\/wp\/v2\/pages\/11219","targetHints":{"allow":["GET"]}}],"collection":[{"href":"https:\/\/agora.xtec.cat\/insaltafulla\/wp-json\/wp\/v2\/pages"}],"about":[{"href":"https:\/\/agora.xtec.cat\/insaltafulla\/wp-json\/wp\/v2\/types\/page"}],"author":[{"embeddable":true,"href":"https:\/\/agora.xtec.cat\/insaltafulla\/wp-json\/wp\/v2\/users\/1"}],"replies":[{"embeddable":true,"href":"https:\/\/agora.xtec.cat\/insaltafulla\/wp-json\/wp\/v2\/comments?post=11219"}],"version-history":[{"count":3,"href":"https:\/\/agora.xtec.cat\/insaltafulla\/wp-json\/wp\/v2\/pages\/11219\/revisions"}],"predecessor-version":[{"id":11669,"href":"https:\/\/agora.xtec.cat\/insaltafulla\/wp-json\/wp\/v2\/pages\/11219\/revisions\/11669"}],"up":[{"embeddable":true,"href":"https:\/\/agora.xtec.cat\/insaltafulla\/wp-json\/wp\/v2\/pages\/11217"}],"wp:attachment":[{"href":"https:\/\/agora.xtec.cat\/insaltafulla\/wp-json\/wp\/v2\/media?parent=11219"}],"curies":[{"name":"wp","href":"https:\/\/api.w.org\/{rel}","templated":true}]}}