{"id":11028,"date":"2022-02-16T16:16:14","date_gmt":"2022-02-16T15:16:14","guid":{"rendered":"https:\/\/agora.xtec.cat\/insaltafulla\/?page_id=11028"},"modified":"2025-02-12T11:15:35","modified_gmt":"2025-02-12T10:15:35","slug":"pfi","status":"publish","type":"page","link":"https:\/\/agora.xtec.cat\/insaltafulla\/pfi\/","title":{"rendered":"PFI"},"content":{"rendered":"<p>Els programes de formaci\u00f3 i inserci\u00f3 s\u00f3n voluntaris i estan adre\u00e7ats als joves que compleixin com a m\u00ednim 16 anys d&#8217;edat i com a m\u00e0xim 21 en l&#8217;any d&#8217;inici del programa, que hagin deixat l&#8217;educaci\u00f3 secund\u00e0ria obligat\u00f2ria (ESO) sense obtenir-ne el t\u00edtol i que, en el moment d&#8217;iniciar els programes, no segueixin estudis en el sistema educatiu ni participin en altres accions de formaci\u00f3.<\/p>\n<p>La finalitat d&#8217;aquests programes \u00e9s proporcionar a aquests joves la possibilitat d&#8217;incorporar-se de nou al sistema<br \/>\neducatiu per continuar estudis de formaci\u00f3 professional. Han de facilitar, tamb\u00e9, l&#8217;aprenentatge imprescindible per<br \/>\naccedir al mercat de treball amb millors possibilitats d&#8217;obtenir una ocupaci\u00f3 qualificada i duradora.<\/p>\n<p>Tenen una durada total de 1.000 hores, un curs acad\u00e8mic.<\/p>\n<p><a href=\"https:\/\/agora.xtec.cat\/insaltafulla\/wp-content\/uploads\/usu206\/2025\/02\/PFI-PTT-2_page-0001.jpg\"><img loading=\"lazy\" decoding=\"async\" class=\"alignnone wp-image-13054 size-large\" src=\"https:\/\/agora.xtec.cat\/insaltafulla\/wp-content\/uploads\/usu206\/2025\/02\/PFI-PTT-2_page-0001-1024x663.jpg\" alt=\"\" width=\"1024\" height=\"663\" srcset=\"https:\/\/agora.xtec.cat\/insaltafulla\/wp-content\/uploads\/usu206\/2025\/02\/PFI-PTT-2_page-0001-1024x663.jpg 1024w, https:\/\/agora.xtec.cat\/insaltafulla\/wp-content\/uploads\/usu206\/2025\/02\/PFI-PTT-2_page-0001-300x194.jpg 300w, https:\/\/agora.xtec.cat\/insaltafulla\/wp-content\/uploads\/usu206\/2025\/02\/PFI-PTT-2_page-0001-768x497.jpg 768w, https:\/\/agora.xtec.cat\/insaltafulla\/wp-content\/uploads\/usu206\/2025\/02\/PFI-PTT-2_page-0001-1536x994.jpg 1536w, https:\/\/agora.xtec.cat\/insaltafulla\/wp-content\/uploads\/usu206\/2025\/02\/PFI-PTT-2_page-0001-2048x1325.jpg 2048w\" sizes=\"auto, (max-width: 1024px) 100vw, 1024px\" \/><\/a><\/p>\n<p><a href=\"https:\/\/agora.xtec.cat\/insaltafulla\/wp-content\/uploads\/usu206\/2025\/02\/PFI-PTT-2_page-0002.jpg\"><img loading=\"lazy\" decoding=\"async\" class=\"alignnone wp-image-13055 size-large\" src=\"https:\/\/agora.xtec.cat\/insaltafulla\/wp-content\/uploads\/usu206\/2025\/02\/PFI-PTT-2_page-0002-1024x663.jpg\" alt=\"\" width=\"1024\" height=\"663\" srcset=\"https:\/\/agora.xtec.cat\/insaltafulla\/wp-content\/uploads\/usu206\/2025\/02\/PFI-PTT-2_page-0002-1024x663.jpg 1024w, https:\/\/agora.xtec.cat\/insaltafulla\/wp-content\/uploads\/usu206\/2025\/02\/PFI-PTT-2_page-0002-300x194.jpg 300w, https:\/\/agora.xtec.cat\/insaltafulla\/wp-content\/uploads\/usu206\/2025\/02\/PFI-PTT-2_page-0002-768x497.jpg 768w, https:\/\/agora.xtec.cat\/insaltafulla\/wp-content\/uploads\/usu206\/2025\/02\/PFI-PTT-2_page-0002-1536x994.jpg 1536w, https:\/\/agora.xtec.cat\/insaltafulla\/wp-content\/uploads\/usu206\/2025\/02\/PFI-PTT-2_page-0002-2048x1325.jpg 2048w\" sizes=\"auto, (max-width: 1024px) 100vw, 1024px\" \/><\/a><\/p>\n<p>&nbsp;<\/p>\n<p>&nbsp;<\/p>\n<p>&nbsp;<\/p>\n<p>&nbsp;<\/p>\n<p>.<\/p>\n","protected":false},"excerpt":{"rendered":"<p>Els programes de formaci\u00f3 i inserci\u00f3 s\u00f3n voluntaris i estan adre\u00e7ats als joves que compleixin com a m\u00ednim 16 anys d&#8217;edat i com a m\u00e0xim 21 en l&#8217;any d&#8217;inici del programa, que hagin deixat l&#8217;educaci\u00f3 secund\u00e0ria obligat\u00f2ria (ESO) sense obtenir-ne el t\u00edtol i que, en&hellip;  <a href=\"https:\/\/agora.xtec.cat\/insaltafulla\/pfi\/\" title=\"Read PFI\">Llegeix m\u00e9s\u00bb<\/a><\/p>\n","protected":false},"author":1,"featured_media":0,"parent":0,"menu_order":0,"comment_status":"closed","ping_status":"closed","template":"","meta":{"_bbp_topic_count":0,"_bbp_reply_count":0,"_bbp_total_topic_count":0,"_bbp_total_reply_count":0,"_bbp_voice_count":0,"_bbp_anonymous_reply_count":0,"_bbp_topic_count_hidden":0,"_bbp_reply_count_hidden":0,"_bbp_forum_subforum_count":0,"footnotes":""},"class_list":["post-11028","page","type-page","status-publish","hentry"],"post_mailing_queue_ids":[],"_links":{"self":[{"href":"https:\/\/agora.xtec.cat\/insaltafulla\/wp-json\/wp\/v2\/pages\/11028","targetHints":{"allow":["GET"]}}],"collection":[{"href":"https:\/\/agora.xtec.cat\/insaltafulla\/wp-json\/wp\/v2\/pages"}],"about":[{"href":"https:\/\/agora.xtec.cat\/insaltafulla\/wp-json\/wp\/v2\/types\/page"}],"author":[{"embeddable":true,"href":"https:\/\/agora.xtec.cat\/insaltafulla\/wp-json\/wp\/v2\/users\/1"}],"replies":[{"embeddable":true,"href":"https:\/\/agora.xtec.cat\/insaltafulla\/wp-json\/wp\/v2\/comments?post=11028"}],"version-history":[{"count":5,"href":"https:\/\/agora.xtec.cat\/insaltafulla\/wp-json\/wp\/v2\/pages\/11028\/revisions"}],"predecessor-version":[{"id":13056,"href":"https:\/\/agora.xtec.cat\/insaltafulla\/wp-json\/wp\/v2\/pages\/11028\/revisions\/13056"}],"wp:attachment":[{"href":"https:\/\/agora.xtec.cat\/insaltafulla\/wp-json\/wp\/v2\/media?parent=11028"}],"curies":[{"name":"wp","href":"https:\/\/api.w.org\/{rel}","templated":true}]}}