{"id":10893,"date":"2021-10-04T12:33:47","date_gmt":"2021-10-04T10:33:47","guid":{"rendered":"https:\/\/agora.xtec.cat\/insaltafulla\/?page_id=10893"},"modified":"2024-11-27T11:03:22","modified_gmt":"2024-11-27T10:03:22","slug":"practiques-mufps","status":"publish","type":"page","link":"https:\/\/agora.xtec.cat\/insaltafulla\/practiques-mufps\/","title":{"rendered":"Pr\u00e0ctiques MUFPS"},"content":{"rendered":"<h1><b>Centre formador MUFPS. <\/b><\/h1>\n<h1><b>M\u00e0ster Universitari de Formaci\u00f3 del Professorat de Secund\u00e0ria<\/b><\/h1>\n<p><span style=\"font-weight: 400;\"><a href=\"https:\/\/agora.xtec.cat\/insaltafulla\/wp-content\/uploads\/usu206\/2021\/10\/LOGO-CF-DEF-scaled.jpg\"><img loading=\"lazy\" decoding=\"async\" class=\"alignleft wp-image-10910 \" src=\"https:\/\/agora.xtec.cat\/insaltafulla\/wp-content\/uploads\/usu206\/2021\/10\/LOGO-CF-DEF-296x300.jpg\" alt=\"\" width=\"140\" height=\"142\" srcset=\"https:\/\/agora.xtec.cat\/insaltafulla\/wp-content\/uploads\/usu206\/2021\/10\/LOGO-CF-DEF-296x300.jpg 296w, https:\/\/agora.xtec.cat\/insaltafulla\/wp-content\/uploads\/usu206\/2021\/10\/LOGO-CF-DEF-1011x1024.jpg 1011w, https:\/\/agora.xtec.cat\/insaltafulla\/wp-content\/uploads\/usu206\/2021\/10\/LOGO-CF-DEF-768x778.jpg 768w, https:\/\/agora.xtec.cat\/insaltafulla\/wp-content\/uploads\/usu206\/2021\/10\/LOGO-CF-DEF-1517x1536.jpg 1517w, https:\/\/agora.xtec.cat\/insaltafulla\/wp-content\/uploads\/usu206\/2021\/10\/LOGO-CF-DEF-2022x2048.jpg 2022w\" sizes=\"auto, (max-width: 140px) 100vw, 140px\" \/><\/a><\/span><\/p>\n<p>&nbsp;<\/p>\n<p><span style=\"font-weight: 400;\">El curs 2021-22, l\u2019Institut d\u2019Altafulla va\u00a0 entrar\u00a0 a formar part del Programa d\u2019innovaci\u00f3 pedag\u00f2gica de<\/span><b>\u00a0Pr\u00e0ctiques del M\u00e0ster Universitari de Formaci\u00f3 del Professorat d\u2019educaci\u00f3 secund\u00e0ria obligat\u00f2ria i batxillerat, Formaci\u00f3 professional i Ensenyament d\u2019idiomes<\/b><span style=\"font-weight: 400;\">\u00a0(MUFPS).\u00a0<\/span><\/p>\n<p>&nbsp;<\/p>\n<p><b>Definici\u00f3<\/b><\/p>\n<p><span style=\"font-weight: 400;\">El Departament d\u2019Educaci\u00f3 considera fonamental que els futurs docents facin les pr\u00e0ctiques en centres educatius sostinguts amb fons p\u00fablics, per tal que puguin assolir les compet\u00e8ncies necess\u00e0ries per exercir una doc\u00e8ncia de qualitat.<\/span><\/p>\n<p><span style=\"font-weight: 400;\">L\u2019organitzaci\u00f3 de les pr\u00e0ctiques en centres formadors ha de permetre la simultane\u00eftat entre la teoria i la pr\u00e0ctica, i ha de facilitar l\u2019acompanyament professional -des de la universitat i des del centre educatiu- per tal d\u2019assolir de manera adequada les compet\u00e8ncies docents que ha de tenir un bon professional de l\u2019ensenyament p\u00fablic.<\/span><\/p>\n<p><span style=\"font-weight: 400;\">Els centres educatius formadors s\u00f3n aquells centres educatius sostinguts amb fons p\u00fablics que s\u2019ofereixen per rebre i tutoritzar estudiants universitaris en pr\u00e0ctiques, incorporant-los en la vida di\u00e0ria del centre, amb l\u2019objectiu de que rebin formaci\u00f3 professionalitzada en l\u2019entorn real de centre i aula. Aix\u00f2 requereix d\u2019una coordinaci\u00f3 estreta amb les universitats i l\u2019establiment d\u2019un pla de treball que guiar\u00e0 l\u2019acompanyament d\u2019aquests estudiants en pr\u00e0ctiques al llarg de la seva estada al centre.<\/span><\/p>\n<p><b>Objectius<\/b><\/p>\n<ul>\n<li style=\"font-weight: 400;\" aria-level=\"1\"><b>Assignar valor\u00a0<\/b><span style=\"font-weight: 400;\">als centres formadors com a institucions clau en la formaci\u00f3 inicial de la funci\u00f3 docent.<\/span><\/li>\n<li style=\"font-weight: 400;\" aria-level=\"1\"><b>Professionalitzar i recon\u00e8ixer la tasca d\u2019acompanyament dels mentors de centre i dels tutors\u00a0<\/b><span style=\"font-weight: 400;\">de les universitats.<\/span><\/li>\n<li style=\"font-weight: 400;\" aria-level=\"1\"><b>Incorporar l\u2019estudiant universitari al centre formador com a agent actiu<\/b><span style=\"font-weight: 400;\">\u00a0que col\u00b7labora en el desenvolupament del projecte educatiu de centre, alhora que es millora el desenvolupament professional i personal.<\/span><\/li>\n<li style=\"font-weight: 400;\" aria-level=\"1\"><b>Promoure la col\u00b7laboraci\u00f3 en projectes de recerca i de transformaci\u00f3 educativa\u00a0<\/b><span style=\"font-weight: 400;\">entre les universitats i els centres formadors.<\/span><\/li>\n<\/ul>\n<p><a href=\"https:\/\/www.calameo.com\/accounts\/7822131\" target=\"_blank\" rel=\"noopener\">Pla d&#8217;acollida dels estudiants en pr\u00e0ctiques. curs 2024-25<\/a><\/p>\n<h3><\/h3>\n<div style=\"text-align: center;\">\n<div style=\"margin: 8px 0px 4px;\"><a href=\"https:\/\/www.calameo.com\/books\/007822131aeb96ef2b9b3\" target=\"_blank\" rel=\"noopener\">Pla acollida dels estudiants en pra\u0300ctiques<\/a><\/div>\n<p><iframe loading=\"lazy\" style=\"margin: 0 auto;\" src=\"\/\/v.calameo.com\/?bkcode=007822131aeb96ef2b9b3&amp;mode=mini\" width=\"680\" height=\"600\" frameborder=\"0\" scrolling=\"no\" allowfullscreen=\"allowfullscreen\"><span data-mce-type=\"bookmark\" style=\"display: inline-block; width: 0px; overflow: hidden; line-height: 0;\" class=\"mce_SELRES_start\">\ufeff<\/span><span data-mce-type=\"bookmark\" style=\"display: inline-block; width: 0px; overflow: hidden; line-height: 0;\" class=\"mce_SELRES_start\">\ufeff<\/span><\/iframe><\/p>\n<\/div>\n<ul>\n<li aria-level=\"1\">\n<h3><b>Fases de les pr\u00e0ctiques a l\u2019Institut d\u2019Altafulla<\/b><\/h3>\n<\/li>\n<li aria-level=\"1\">\n<h3><b>Fase d\u2019observaci\u00f3<\/b><\/h3>\n<\/li>\n<\/ul>\n<ul>\n<li aria-level=\"1\">\n<h3><b>Acollida de l\u2019estudiant al centre educatiu<\/b><\/h3>\n<\/li>\n<\/ul>\n<ul>\n<li style=\"font-weight: 400;\" aria-level=\"1\"><span style=\"font-weight: 400;\">Reuni\u00f3 de presentaci\u00f3 del centre amb l\u2019alumnat que realitza el pr\u00e0cticum.<\/span><\/li>\n<li style=\"font-weight: 400;\" aria-level=\"1\"><span style=\"font-weight: 400;\">Presentaci\u00f3 del professor\/a del centre que exercir\u00e0 de tutor de les pr\u00e0ctiques de l\u2019alumne.<\/span><\/li>\n<li style=\"font-weight: 400;\" aria-level=\"1\"><span style=\"font-weight: 400;\">Visita i presentaci\u00f3 dels espais del centre.<\/span><\/li>\n<li style=\"font-weight: 400;\" aria-level=\"1\"><span style=\"font-weight: 400;\">Acc\u00e9s als documents i webs organitzatius i pedag\u00f2gics.<\/span><\/li>\n<\/ul>\n<p>&nbsp;<\/p>\n<ul>\n<li aria-level=\"1\"><b>Acc\u00e9s als documents organitzatius i pedag\u00f2gics<\/b><\/li>\n<\/ul>\n<ul>\n<li style=\"font-weight: 400;\" aria-level=\"1\"><span style=\"font-weight: 400;\">Presentaci\u00f3 del projecte educatiu i de l\u2019organitzaci\u00f3 i funcionament del centre<\/span><\/li>\n<li style=\"font-weight: 400;\" aria-level=\"1\"><span style=\"font-weight: 400;\">Documents que defineixen i organitzen el centre: PEC i NOFC.<\/span><\/li>\n<li style=\"font-weight: 400;\" aria-level=\"1\"><span style=\"font-weight: 400;\">Trasp\u00e0s de la documentaci\u00f3 pr\u00f2pia del centre:<\/span><\/li>\n<\/ul>\n<ol>\n<li style=\"font-weight: 400;\" aria-level=\"1\"><span style=\"font-weight: 400;\">MA del curs anterior i PGA del curs vigent.<\/span><\/li>\n<li style=\"font-weight: 400;\" aria-level=\"1\"><span style=\"font-weight: 400;\">Protocols d\u2019actuaci\u00f3 i ordenaci\u00f3 de la tasca dels departaments did\u00e0ctics i dels caps de departament.<\/span><\/li>\n<li style=\"font-weight: 400;\" aria-level=\"1\"><span style=\"font-weight: 400;\">Document que regula el funcionament dels Equips docents.<\/span><\/li>\n<li style=\"font-weight: 400;\" aria-level=\"1\"><span style=\"font-weight: 400;\">Presentaci\u00f3 de les normes de funcionament del professorat.<\/span><\/li>\n<\/ol>\n<ul>\n<li style=\"font-weight: 400;\" aria-level=\"1\"><span style=\"font-weight: 400;\">Presentaci\u00f3 per part del tutor de pr\u00e0ctiques de les programacions did\u00e0ctiques del departament.<\/span><\/li>\n<li style=\"font-weight: 400;\" aria-level=\"1\"><span style=\"font-weight: 400;\">Presentaci\u00f3 de la proposta did\u00e0ctica i les tasques a portar a terme per l\u2019alumne a les aules.<\/span><\/li>\n<li style=\"font-weight: 400;\" aria-level=\"1\"><span style=\"font-weight: 400;\">Consens d\u2019un horari d\u2019assist\u00e8ncia de l\u2019alumne al centre. L\u2019horari s\u2019elabora tenint en compte les directrius marcades per la universitat per al pr\u00e0cticum.<\/span><\/li>\n<\/ul>\n<p>&nbsp;<\/p>\n<ul>\n<li aria-level=\"1\"><b>Trobades entre el tutor i l\u2019estudiant<\/b><\/li>\n<\/ul>\n<ul>\n<li style=\"font-weight: 400;\" aria-level=\"1\"><span style=\"font-weight: 400;\">Reuni\u00f3 setmanal entre\u00a0 el tutor i l\u2019alumne per resoldre dubtes i posar en com\u00fa l\u2019experi\u00e8ncia.<\/span><\/li>\n<li style=\"font-weight: 400;\" aria-level=\"1\"><span style=\"font-weight: 400;\">Reunions peri\u00f2diques entre el coordinador de pr\u00e0ctiques, el tutor i l\u2019alumne per resoldre dubtes i posar en com\u00fa l\u2019experi\u00e8ncia.<\/span><\/li>\n<\/ul>\n<ul>\n<li aria-level=\"1\">\n<h4><b>Fase d\u2019intervenci\u00f3 i participaci\u00f3 de l\u2019estudiant<\/b><\/h4>\n<\/li>\n<\/ul>\n<ul>\n<li style=\"font-weight: 400;\" aria-level=\"1\"><b>1a part:<\/b><span style=\"font-weight: 400;\"> l\u2019alumne assisteix com a observador a les classes del seu mentor o mentora i a totes aquelles activitats que el coordinador de pr\u00e0cticum del centre cregui convenient, per tal que pugui fer una an\u00e0lisi global del centre, del seu model de pr\u00e0ctica educativa i de gesti\u00f3 i de la seva relaci\u00f3 amb l\u2019entorn. L\u2019estudiant dur\u00e0 a terme intervencions a l\u2019aula amb el suport i la supervisi\u00f3 del mentor\/a i el seguiment i reflexi\u00f3 del tutor\/a del m\u00e0ster.<\/span><\/li>\n<li style=\"font-weight: 400;\" aria-level=\"1\"><b>2a part:<\/b><span style=\"font-weight: 400;\"> l\u2019alumne portar\u00e0 a la pr\u00e0ctica la unitat did\u00e0ctica que ha dissenyat amb tot el que comporta: seguiment, avaluaci\u00f3 i actuaci\u00f3 com a professor responsable del grup classe, prenent les decisions que correspongui per gestionar l\u2019aula. \u00c9s m\u00e9s, assistir\u00e0<\/span><span style=\"font-weight: 400;\"> a les reunions de departament, coordinaci\u00f3 de tutories, grup impulsor, reunions d\u2019equip docent i juntes d\u2019avaluaci\u00f3.<\/span><\/li>\n<\/ul>\n<h3><b>Material de consulta<\/b><\/h3>\n<ul>\n<li style=\"font-weight: 400;\" aria-level=\"1\"><span style=\"font-weight: 400;\">Guia de l\u2019estudiant en pr\u00e0ctiques MUFPS.<\/span><\/li>\n<li style=\"font-weight: 400;\" aria-level=\"1\"><span style=\"font-weight: 400;\">Documents per a l&#8217;organitzaci\u00f3 i la gesti\u00f3 dels centres. 02\/07\/2021. Formaci\u00f3 del personal dels centres i serveis educatius i formaci\u00f3 inicial d&#8217;estudiants universitaris en pr\u00e0ctiques.<\/span><\/li>\n<\/ul>\n<p><a href=\"https:\/\/agora.xtec.cat\/insaltafulla\/tag\/mufps\/\" target=\"_blank\" rel=\"noopener\"><img loading=\"lazy\" decoding=\"async\" class=\"alignnone wp-image-10973 \" src=\"https:\/\/agora.xtec.cat\/insaltafulla\/wp-content\/uploads\/usu206\/2021\/11\/Etiquetes-Moodle-1-300x169.png\" alt=\"\" width=\"387\" height=\"218\" srcset=\"https:\/\/agora.xtec.cat\/insaltafulla\/wp-content\/uploads\/usu206\/2021\/11\/Etiquetes-Moodle-1-300x169.png 300w, https:\/\/agora.xtec.cat\/insaltafulla\/wp-content\/uploads\/usu206\/2021\/11\/Etiquetes-Moodle-1-1024x576.png 1024w, https:\/\/agora.xtec.cat\/insaltafulla\/wp-content\/uploads\/usu206\/2021\/11\/Etiquetes-Moodle-1-768x432.png 768w, https:\/\/agora.xtec.cat\/insaltafulla\/wp-content\/uploads\/usu206\/2021\/11\/Etiquetes-Moodle-1.png 1280w\" sizes=\"auto, (max-width: 387px) 100vw, 387px\" \/><\/a><\/p>\n","protected":false},"excerpt":{"rendered":"<p>Centre formador MUFPS.<br \/>\nM\u00e0ster Universitari de Formaci\u00f3 del Professorat de Secund\u00e0ria<br \/>\n<a href=\"https:\/\/agora.xtec.cat\/insaltafulla\/wp-content\/uploads\/usu206\/2021\/10\/LOGO-CF-DEF-scaled.jpg\"><\/a><br \/>\n&nbsp;<br \/>\nEl curs 2021-22, l\u2019Institut d\u2019Altafulla va\u00a0 entrar\u00a0 a formar part del Programa d\u2019innovaci\u00f3 pedag\u00f2gica de\u00a0Pr\u00e0ctiques del M\u00e0ster Universitari de Formaci\u00f3 del Professorat d\u2019educaci\u00f3 secund\u00e0ria obligat\u00f2ria i batxillerat, Formaci\u00f3 professional i Ensenyament d\u2019idiomes\u00a0(MUFPS).\u00a0<br \/>\n&nbsp;<br \/>\nDefinici\u00f3<br \/>\nEl Departament d\u2019Educaci\u00f3&hellip;  <a href=\"https:\/\/agora.xtec.cat\/insaltafulla\/practiques-mufps\/\" title=\"Read Pr\u00e0ctiques MUFPS\">Llegeix m\u00e9s\u00bb<\/a><\/p>\n","protected":false},"author":1,"featured_media":0,"parent":0,"menu_order":0,"comment_status":"closed","ping_status":"closed","template":"","meta":{"_bbp_topic_count":0,"_bbp_reply_count":0,"_bbp_total_topic_count":0,"_bbp_total_reply_count":0,"_bbp_voice_count":0,"_bbp_anonymous_reply_count":0,"_bbp_topic_count_hidden":0,"_bbp_reply_count_hidden":0,"_bbp_forum_subforum_count":0,"footnotes":""},"class_list":["post-10893","page","type-page","status-publish","hentry"],"post_mailing_queue_ids":[],"_links":{"self":[{"href":"https:\/\/agora.xtec.cat\/insaltafulla\/wp-json\/wp\/v2\/pages\/10893","targetHints":{"allow":["GET"]}}],"collection":[{"href":"https:\/\/agora.xtec.cat\/insaltafulla\/wp-json\/wp\/v2\/pages"}],"about":[{"href":"https:\/\/agora.xtec.cat\/insaltafulla\/wp-json\/wp\/v2\/types\/page"}],"author":[{"embeddable":true,"href":"https:\/\/agora.xtec.cat\/insaltafulla\/wp-json\/wp\/v2\/users\/1"}],"replies":[{"embeddable":true,"href":"https:\/\/agora.xtec.cat\/insaltafulla\/wp-json\/wp\/v2\/comments?post=10893"}],"version-history":[{"count":6,"href":"https:\/\/agora.xtec.cat\/insaltafulla\/wp-json\/wp\/v2\/pages\/10893\/revisions"}],"predecessor-version":[{"id":13035,"href":"https:\/\/agora.xtec.cat\/insaltafulla\/wp-json\/wp\/v2\/pages\/10893\/revisions\/13035"}],"wp:attachment":[{"href":"https:\/\/agora.xtec.cat\/insaltafulla\/wp-json\/wp\/v2\/media?parent=10893"}],"curies":[{"name":"wp","href":"https:\/\/api.w.org\/{rel}","templated":true}]}}