{"id":10833,"date":"2021-09-02T18:24:47","date_gmt":"2021-09-02T16:24:47","guid":{"rendered":"https:\/\/agora.xtec.cat\/insaltafulla\/?page_id=10833"},"modified":"2023-06-05T10:39:21","modified_gmt":"2023-06-05T08:39:21","slug":"dinantia","status":"publish","type":"page","link":"https:\/\/agora.xtec.cat\/insaltafulla\/serveis\/dinantia\/","title":{"rendered":"Dinantia"},"content":{"rendered":"<p><a href=\"https:\/\/agora.xtec.cat\/insaltafulla\/wp-content\/uploads\/usu206\/2021\/09\/Etiquetes-Moodle.png\"><img loading=\"lazy\" decoding=\"async\" class=\"alignleft wp-image-10863 size-medium\" src=\"https:\/\/agora.xtec.cat\/insaltafulla\/wp-content\/uploads\/usu206\/2021\/09\/Etiquetes-Moodle-300x169.png\" alt=\"\" width=\"300\" height=\"169\" srcset=\"https:\/\/agora.xtec.cat\/insaltafulla\/wp-content\/uploads\/usu206\/2021\/09\/Etiquetes-Moodle-300x169.png 300w, https:\/\/agora.xtec.cat\/insaltafulla\/wp-content\/uploads\/usu206\/2021\/09\/Etiquetes-Moodle-1024x576.png 1024w, https:\/\/agora.xtec.cat\/insaltafulla\/wp-content\/uploads\/usu206\/2021\/09\/Etiquetes-Moodle-768x432.png 768w, https:\/\/agora.xtec.cat\/insaltafulla\/wp-content\/uploads\/usu206\/2021\/09\/Etiquetes-Moodle.png 1280w\" sizes=\"auto, (max-width: 300px) 100vw, 300px\" \/><\/a>A l&#8217;Institut d&#8217;Altafulla apostem per les noves tecnologies. Per aquest motiu hem decidit comen\u00e7ar a utilitzar l&#8217;<a href=\"https:\/\/app.dinantia.com\/\" target=\"_blank\" rel=\"noopener\">aplicaci\u00f3 m\u00f2bil Dinantia<\/a> per la comunicaci\u00f3 entre el centre i les fam\u00edlies.<\/p>\n<p>Es tracta d&#8217;una eina senzilla i r\u00e0pida amb la qual rebreu al vostre m\u00f2bil les notificacions oficials de<br \/>\nl&#8217;institut, informaci\u00f3 directa i immediata del tutor dels vostres fills, recordatoris importants, etc.<\/p>\n<p>Per poder-la utilitzar, cal que l&#8217;institut tingui el vostre mail de contacte, actualitzat.<\/p>\n<p>Despr\u00e9s donar-se d&#8217;alta \u00e9s molt senzill, nom\u00e9s heu de seguir les instruccions que figuren a l&#8217;arxiu adjunt<br \/>\n<a href=\"https:\/\/agora.xtec.cat\/insaltafulla\/wp-content\/uploads\/usu206\/2021\/09\/dinantia-acces-app.pdf\">dinantia-acces-app<\/a><\/p>\n<p><a href=\"https:\/\/agora.xtec.cat\/insaltafulla\/wp-content\/uploads\/usu206\/2021\/09\/dinantia-acces-app_page-0001.jpg\"><img loading=\"lazy\" decoding=\"async\" class=\"alignnone size-full wp-image-10882\" src=\"https:\/\/agora.xtec.cat\/insaltafulla\/wp-content\/uploads\/usu206\/2021\/09\/dinantia-acces-app_page-0001.jpg\" alt=\"\" width=\"1239\" height=\"1754\" srcset=\"https:\/\/agora.xtec.cat\/insaltafulla\/wp-content\/uploads\/usu206\/2021\/09\/dinantia-acces-app_page-0001.jpg 1239w, https:\/\/agora.xtec.cat\/insaltafulla\/wp-content\/uploads\/usu206\/2021\/09\/dinantia-acces-app_page-0001-212x300.jpg 212w, https:\/\/agora.xtec.cat\/insaltafulla\/wp-content\/uploads\/usu206\/2021\/09\/dinantia-acces-app_page-0001-723x1024.jpg 723w, https:\/\/agora.xtec.cat\/insaltafulla\/wp-content\/uploads\/usu206\/2021\/09\/dinantia-acces-app_page-0001-768x1087.jpg 768w, https:\/\/agora.xtec.cat\/insaltafulla\/wp-content\/uploads\/usu206\/2021\/09\/dinantia-acces-app_page-0001-1085x1536.jpg 1085w\" sizes=\"auto, (max-width: 1239px) 100vw, 1239px\" \/><\/a><\/p>\n<p>&nbsp;<\/p>\n<p>&nbsp;<\/p>\n<p>Un cop donats d&#8217;alta, rebreu autom\u00e0ticament en el vostre dispositiu els missatges enviats des del centre.<br \/>\nPer actualitzar el mail de contacte o per si teniu dubtes us podeu adre\u00e7ar a dinantia@institutdaltafulla.cat indicant el vostre nom i cognoms i els dels vostres fills.<\/p>\n<p>Us els resoldrem tan aviat com es pugui.<br \/>\nMoltes gr\u00e0cies per la vostra col\u00b7laboraci\u00f3.<\/p>\n<p>PS: No \u00e9s imprescindible instal\u00b7lar-se l&#8217;app. Si no l&#8217;instal\u00b7leu, igualment podeu fer el seguiment amb<br \/>\nels missatges que us arribaran al mail que ens heu donat i accedint a la web de la plataforma<br \/>\napp.dinantia.com amb aquest mateix mail. Heu de seguir les instruccions que figuren a l&#8217;arxiu<br \/>\nadjunt <a href=\"https:\/\/agora.xtec.cat\/insaltafulla\/wp-content\/uploads\/usu206\/2021\/09\/dinantia-acces-web.pdf\" target=\"_blank\" rel=\"noopener\">dinantia-acces-web<\/a><\/p>\n<p><a href=\"https:\/\/agora.xtec.cat\/insaltafulla\/wp-content\/uploads\/usu206\/2021\/09\/dinantia-acces-web_page-0001.jpg\"><img loading=\"lazy\" decoding=\"async\" class=\"alignnone size-full wp-image-10884\" src=\"https:\/\/agora.xtec.cat\/insaltafulla\/wp-content\/uploads\/usu206\/2021\/09\/dinantia-acces-web_page-0001.jpg\" alt=\"\" width=\"1241\" height=\"1754\" srcset=\"https:\/\/agora.xtec.cat\/insaltafulla\/wp-content\/uploads\/usu206\/2021\/09\/dinantia-acces-web_page-0001.jpg 1241w, https:\/\/agora.xtec.cat\/insaltafulla\/wp-content\/uploads\/usu206\/2021\/09\/dinantia-acces-web_page-0001-212x300.jpg 212w, https:\/\/agora.xtec.cat\/insaltafulla\/wp-content\/uploads\/usu206\/2021\/09\/dinantia-acces-web_page-0001-725x1024.jpg 725w, https:\/\/agora.xtec.cat\/insaltafulla\/wp-content\/uploads\/usu206\/2021\/09\/dinantia-acces-web_page-0001-768x1085.jpg 768w, https:\/\/agora.xtec.cat\/insaltafulla\/wp-content\/uploads\/usu206\/2021\/09\/dinantia-acces-web_page-0001-1087x1536.jpg 1087w\" sizes=\"auto, (max-width: 1241px) 100vw, 1241px\" \/><\/a><\/p>\n<p>&nbsp;<\/p>\n<p><a href=\"https:\/\/agora.xtec.cat\/insaltafulla\/wp-content\/uploads\/usu206\/2021\/09\/dinantia-acces-web_page-0002.jpg\"><img loading=\"lazy\" decoding=\"async\" class=\"alignnone size-full wp-image-10885\" src=\"https:\/\/agora.xtec.cat\/insaltafulla\/wp-content\/uploads\/usu206\/2021\/09\/dinantia-acces-web_page-0002.jpg\" alt=\"\" width=\"1241\" height=\"1754\" srcset=\"https:\/\/agora.xtec.cat\/insaltafulla\/wp-content\/uploads\/usu206\/2021\/09\/dinantia-acces-web_page-0002.jpg 1241w, https:\/\/agora.xtec.cat\/insaltafulla\/wp-content\/uploads\/usu206\/2021\/09\/dinantia-acces-web_page-0002-212x300.jpg 212w, https:\/\/agora.xtec.cat\/insaltafulla\/wp-content\/uploads\/usu206\/2021\/09\/dinantia-acces-web_page-0002-725x1024.jpg 725w, https:\/\/agora.xtec.cat\/insaltafulla\/wp-content\/uploads\/usu206\/2021\/09\/dinantia-acces-web_page-0002-768x1085.jpg 768w, https:\/\/agora.xtec.cat\/insaltafulla\/wp-content\/uploads\/usu206\/2021\/09\/dinantia-acces-web_page-0002-1087x1536.jpg 1087w\" sizes=\"auto, (max-width: 1241px) 100vw, 1241px\" \/><\/a><\/p>\n<p><a href=\"https:\/\/agora.xtec.cat\/insaltafulla\/wp-content\/uploads\/usu206\/2021\/09\/dinantia-acces-web_page-0003.jpg\"><img loading=\"lazy\" decoding=\"async\" class=\"alignnone size-full wp-image-10886\" src=\"https:\/\/agora.xtec.cat\/insaltafulla\/wp-content\/uploads\/usu206\/2021\/09\/dinantia-acces-web_page-0003.jpg\" alt=\"\" width=\"1241\" height=\"1754\" srcset=\"https:\/\/agora.xtec.cat\/insaltafulla\/wp-content\/uploads\/usu206\/2021\/09\/dinantia-acces-web_page-0003.jpg 1241w, https:\/\/agora.xtec.cat\/insaltafulla\/wp-content\/uploads\/usu206\/2021\/09\/dinantia-acces-web_page-0003-212x300.jpg 212w, https:\/\/agora.xtec.cat\/insaltafulla\/wp-content\/uploads\/usu206\/2021\/09\/dinantia-acces-web_page-0003-725x1024.jpg 725w, https:\/\/agora.xtec.cat\/insaltafulla\/wp-content\/uploads\/usu206\/2021\/09\/dinantia-acces-web_page-0003-768x1085.jpg 768w, https:\/\/agora.xtec.cat\/insaltafulla\/wp-content\/uploads\/usu206\/2021\/09\/dinantia-acces-web_page-0003-1087x1536.jpg 1087w\" sizes=\"auto, (max-width: 1241px) 100vw, 1241px\" \/><\/a><\/p>\n","protected":false},"excerpt":{"rendered":"<p><a href=\"https:\/\/agora.xtec.cat\/insaltafulla\/wp-content\/uploads\/usu206\/2021\/09\/Etiquetes-Moodle.png\"><\/a>A l&#8217;Institut d&#8217;Altafulla apostem per les noves tecnologies. Per aquest motiu hem decidit comen\u00e7ar a utilitzar l&#8217;<a href=\"https:\/\/app.dinantia.com\/\" target=\"_blank\" rel=\"noopener\">aplicaci\u00f3 m\u00f2bil Dinantia<\/a> per la comunicaci\u00f3 entre el centre i les fam\u00edlies.<br \/>\nEs tracta d&#8217;una eina senzilla i r\u00e0pida amb la qual rebreu al vostre m\u00f2bil&hellip;  <a href=\"https:\/\/agora.xtec.cat\/insaltafulla\/serveis\/dinantia\/\" title=\"Read Dinantia\">Llegeix m\u00e9s\u00bb<\/a><\/p>\n","protected":false},"author":1,"featured_media":0,"parent":63,"menu_order":2,"comment_status":"closed","ping_status":"closed","template":"page-templates\/side-menu.php","meta":{"_bbp_topic_count":0,"_bbp_reply_count":0,"_bbp_total_topic_count":0,"_bbp_total_reply_count":0,"_bbp_voice_count":0,"_bbp_anonymous_reply_count":0,"_bbp_topic_count_hidden":0,"_bbp_reply_count_hidden":0,"_bbp_forum_subforum_count":0,"footnotes":""},"class_list":["post-10833","page","type-page","status-publish","hentry"],"post_mailing_queue_ids":[],"_links":{"self":[{"href":"https:\/\/agora.xtec.cat\/insaltafulla\/wp-json\/wp\/v2\/pages\/10833","targetHints":{"allow":["GET"]}}],"collection":[{"href":"https:\/\/agora.xtec.cat\/insaltafulla\/wp-json\/wp\/v2\/pages"}],"about":[{"href":"https:\/\/agora.xtec.cat\/insaltafulla\/wp-json\/wp\/v2\/types\/page"}],"author":[{"embeddable":true,"href":"https:\/\/agora.xtec.cat\/insaltafulla\/wp-json\/wp\/v2\/users\/1"}],"replies":[{"embeddable":true,"href":"https:\/\/agora.xtec.cat\/insaltafulla\/wp-json\/wp\/v2\/comments?post=10833"}],"version-history":[{"count":3,"href":"https:\/\/agora.xtec.cat\/insaltafulla\/wp-json\/wp\/v2\/pages\/10833\/revisions"}],"predecessor-version":[{"id":10890,"href":"https:\/\/agora.xtec.cat\/insaltafulla\/wp-json\/wp\/v2\/pages\/10833\/revisions\/10890"}],"up":[{"embeddable":true,"href":"https:\/\/agora.xtec.cat\/insaltafulla\/wp-json\/wp\/v2\/pages\/63"}],"wp:attachment":[{"href":"https:\/\/agora.xtec.cat\/insaltafulla\/wp-json\/wp\/v2\/media?parent=10833"}],"curies":[{"name":"wp","href":"https:\/\/api.w.org\/{rel}","templated":true}]}}