{"id":10702,"date":"2021-06-10T15:42:55","date_gmt":"2021-06-10T13:42:55","guid":{"rendered":"https:\/\/agora.xtec.cat\/insaltafulla\/?page_id=10702"},"modified":"2025-06-17T10:56:19","modified_gmt":"2025-06-17T08:56:19","slug":"matricula","status":"publish","type":"page","link":"https:\/\/agora.xtec.cat\/insaltafulla\/matricula\/","title":{"rendered":"Matr\u00edcula ESO"},"content":{"rendered":"<p>&nbsp;<\/p>\n<h2>Calendari de matr\u00edcula<\/h2>\n<p>La matr\u00edcula es far\u00e0 preferentment de manera telem\u00e0tica, del 25 de juny i el 3 de juliol. Us enviarem un correu electr\u00f2nic amb tota la informaci\u00f3.<\/p>\n<p>De manera extraordin\u00e0ria es podr\u00e0 fer la matr\u00edcula presencialment, sempre demanant cita pr\u00e8via al tel\u00e8fon 977651662 i aportant la seg\u00fcent informaci\u00f3:<\/p>\n<p>\uf0fc Original i fotoc\u00f2pia del DNI\/NIE (vigent) de l\u2019alumne\/a, si en t\u00e9, del pare i de la mare o dels tutors legals.<br \/>\n\uf0fc Original i fotoc\u00f2pia del llibre de fam\u00edlia.<br \/>\n\uf0fc Original i fotoc\u00f2pia de la targeta sanit\u00e0ria (TIS) de l&#8217;alumne\/a.<br \/>\n\uf0fc Original i fotoc\u00f2pia del carnet de vacunacions on consti les dosis rebudes.<br \/>\n\uf0fc 1 fotografia mida carnet del vostre fill\/a.<br \/>\n\uf0fc Original i fotoc\u00f2pia de la sent\u00e8ncia de separaci\u00f3 o divorci dels pares, si \u00e9s el cas.<br \/>\n\uf0fc Rebut de pagament de la quota de material i serveis<\/p>\n<p>&nbsp;<\/p>\n<p>&nbsp;<\/p>\n<table style=\"border-collapse: collapse; width: 100%;\">\n<tbody>\n<tr>\n<td style=\"width: 12.3116%;\"><span style=\"font-weight: 400;\"><a href=\"https:\/\/agora.xtec.cat\/insaltafulla\/wp-content\/uploads\/usu206\/2022\/04\/trucans-e1615362705355.png\"><img loading=\"lazy\" decoding=\"async\" class=\"alignnone wp-image-11313\" src=\"https:\/\/agora.xtec.cat\/insaltafulla\/wp-content\/uploads\/usu206\/2022\/04\/trucans-e1615362705355.png\" alt=\"\" width=\"94\" height=\"96\" \/><\/a><\/span><\/td>\n<td style=\"width: 87.6884%;\"><span style=\"font-weight: 400;\">Per qualsevol dubte o pregunta podeu <\/span><b>trucar al 977 651 662<\/b><span style=\"font-weight: 400;\"> (de dilluns a divendres de 9h a 13h), o b\u00e9 <\/span><b>escriure un correu a gestioadministrativa@institutdaltafulla.cat.<\/b><\/td>\n<\/tr>\n<\/tbody>\n<\/table>\n<p>&nbsp;<\/p>\n<p>&nbsp;<\/p>\n<p>Accedeix a l&#8217;apartat de la preinscripci\u00f3 clicant dins la imatge<\/p>\n<p><a href=\"https:\/\/agora.xtec.cat\/insaltafulla\/secretaria\/preinscripcio-i-matricula\/\" target=\"_blank\" rel=\"noopener\"><img loading=\"lazy\" decoding=\"async\" class=\"alignnone wp-image-10180 size-medium\" src=\"https:\/\/agora.xtec.cat\/insaltafulla\/wp-content\/uploads\/usu206\/2020\/05\/Etiquetes-Moodle-1-300x169.png\" alt=\"\" width=\"300\" height=\"169\" srcset=\"https:\/\/agora.xtec.cat\/insaltafulla\/wp-content\/uploads\/usu206\/2020\/05\/Etiquetes-Moodle-1-300x169.png 300w, https:\/\/agora.xtec.cat\/insaltafulla\/wp-content\/uploads\/usu206\/2020\/05\/Etiquetes-Moodle-1-768x432.png 768w, https:\/\/agora.xtec.cat\/insaltafulla\/wp-content\/uploads\/usu206\/2020\/05\/Etiquetes-Moodle-1-1024x576.png 1024w, https:\/\/agora.xtec.cat\/insaltafulla\/wp-content\/uploads\/usu206\/2020\/05\/Etiquetes-Moodle-1.png 1280w\" sizes=\"auto, (max-width: 300px) 100vw, 300px\" \/><\/a><\/p>\n<p><!--a=1--><\/p>\n","protected":false},"excerpt":{"rendered":"<p>&nbsp;<br \/>\nCalendari de matr\u00edcula<br \/>\nLa matr\u00edcula es far\u00e0 preferentment de manera telem\u00e0tica, del 25 de juny i el 3 de juliol. Us enviarem un correu electr\u00f2nic amb tota la informaci\u00f3.<br \/>\nDe manera extraordin\u00e0ria es podr\u00e0 fer la matr\u00edcula presencialment, sempre demanant cita pr\u00e8via al tel\u00e8fon 977651662 i aportant&hellip;  <a href=\"https:\/\/agora.xtec.cat\/insaltafulla\/matricula\/\" title=\"Read Matr\u00edcula ESO\">Llegeix m\u00e9s\u00bb<\/a><\/p>\n","protected":false},"author":1,"featured_media":0,"parent":0,"menu_order":0,"comment_status":"closed","ping_status":"closed","template":"","meta":{"_bbp_topic_count":0,"_bbp_reply_count":0,"_bbp_total_topic_count":0,"_bbp_total_reply_count":0,"_bbp_voice_count":0,"_bbp_anonymous_reply_count":0,"_bbp_topic_count_hidden":0,"_bbp_reply_count_hidden":0,"_bbp_forum_subforum_count":0,"footnotes":""},"class_list":["post-10702","page","type-page","status-publish","hentry"],"post_mailing_queue_ids":[],"_links":{"self":[{"href":"https:\/\/agora.xtec.cat\/insaltafulla\/wp-json\/wp\/v2\/pages\/10702","targetHints":{"allow":["GET"]}}],"collection":[{"href":"https:\/\/agora.xtec.cat\/insaltafulla\/wp-json\/wp\/v2\/pages"}],"about":[{"href":"https:\/\/agora.xtec.cat\/insaltafulla\/wp-json\/wp\/v2\/types\/page"}],"author":[{"embeddable":true,"href":"https:\/\/agora.xtec.cat\/insaltafulla\/wp-json\/wp\/v2\/users\/1"}],"replies":[{"embeddable":true,"href":"https:\/\/agora.xtec.cat\/insaltafulla\/wp-json\/wp\/v2\/comments?post=10702"}],"version-history":[{"count":6,"href":"https:\/\/agora.xtec.cat\/insaltafulla\/wp-json\/wp\/v2\/pages\/10702\/revisions"}],"predecessor-version":[{"id":13320,"href":"https:\/\/agora.xtec.cat\/insaltafulla\/wp-json\/wp\/v2\/pages\/10702\/revisions\/13320"}],"wp:attachment":[{"href":"https:\/\/agora.xtec.cat\/insaltafulla\/wp-json\/wp\/v2\/media?parent=10702"}],"curies":[{"name":"wp","href":"https:\/\/api.w.org\/{rel}","templated":true}]}}