{"id":81,"date":"2014-09-18T10:38:05","date_gmt":"2014-09-18T10:38:05","guid":{"rendered":"http:\/\/agora.xtec.cat\/insalpicat\/?page_id=81"},"modified":"2025-07-18T12:38:27","modified_gmt":"2025-07-18T10:38:27","slug":"secretaria","status":"publish","type":"page","link":"https:\/\/agora.xtec.cat\/insalpicat\/secretaria\/","title":{"rendered":"Secretaria"},"content":{"rendered":"<p><strong data-start=\"42\" data-end=\"56\">Secretaria<\/strong><br data-start=\"56\" data-end=\"59\" \/>Espai de gesti\u00f3 administrativa del centre. Aqu\u00ed trobareu informaci\u00f3 sobre:<br data-start=\"133\" data-end=\"136\" data-is-only-node=\"\" \/>\u2705 Horari d\u2019atenci\u00f3 (8h a 15h)<br data-start=\"165\" data-end=\"168\" \/>\u2705 Preinscripci\u00f3 i matr\u00edcula<br data-start=\"195\" data-end=\"198\" \/>\u2705 Tr\u00e0mits i certificats<br data-start=\"221\" data-end=\"224\" \/>\u2705 Beques i ajuts<br data-start=\"240\" data-end=\"243\" \/>\u2705 Autoritzacions i documents<\/p>\n<p>&nbsp;<\/p>\n","protected":false},"excerpt":{"rendered":"<p>SecretariaEspai de gesti\u00f3 administrativa del centre. Aqu\u00ed trobareu informaci\u00f3 sobre:\u2705 Horari d\u2019atenci\u00f3 (8h a 15h)\u2705 Preinscripci\u00f3 i matr\u00edcula\u2705 Tr\u00e0mits i certificats\u2705 Beques i ajuts\u2705 Autoritzacions i documents<br \/>\n&nbsp;<\/p>\n","protected":false},"author":1,"featured_media":0,"parent":0,"menu_order":0,"comment_status":"closed","ping_status":"closed","template":"page-templates\/side-menu.php","meta":{"_bbp_topic_count":0,"_bbp_reply_count":0,"_bbp_total_topic_count":0,"_bbp_total_reply_count":0,"_bbp_voice_count":0,"_bbp_anonymous_reply_count":0,"_bbp_topic_count_hidden":0,"_bbp_reply_count_hidden":0,"_bbp_forum_subforum_count":0,"footnotes":""},"class_list":["post-81","page","type-page","status-publish","hentry"],"post_mailing_queue_ids":[],"_links":{"self":[{"href":"https:\/\/agora.xtec.cat\/insalpicat\/wp-json\/wp\/v2\/pages\/81","targetHints":{"allow":["GET"]}}],"collection":[{"href":"https:\/\/agora.xtec.cat\/insalpicat\/wp-json\/wp\/v2\/pages"}],"about":[{"href":"https:\/\/agora.xtec.cat\/insalpicat\/wp-json\/wp\/v2\/types\/page"}],"author":[{"embeddable":true,"href":"https:\/\/agora.xtec.cat\/insalpicat\/wp-json\/wp\/v2\/users\/1"}],"replies":[{"embeddable":true,"href":"https:\/\/agora.xtec.cat\/insalpicat\/wp-json\/wp\/v2\/comments?post=81"}],"version-history":[{"count":5,"href":"https:\/\/agora.xtec.cat\/insalpicat\/wp-json\/wp\/v2\/pages\/81\/revisions"}],"predecessor-version":[{"id":20612,"href":"https:\/\/agora.xtec.cat\/insalpicat\/wp-json\/wp\/v2\/pages\/81\/revisions\/20612"}],"wp:attachment":[{"href":"https:\/\/agora.xtec.cat\/insalpicat\/wp-json\/wp\/v2\/media?parent=81"}],"curies":[{"name":"wp","href":"https:\/\/api.w.org\/{rel}","templated":true}]}}