{"id":69,"date":"2014-09-18T10:15:07","date_gmt":"2014-09-18T09:15:07","guid":{"rendered":"http:\/\/agora.xtec.cat\/insalpicat\/?page_id=69"},"modified":"2025-07-18T12:52:35","modified_gmt":"2025-07-18T10:52:35","slug":"menjador-escolar","status":"publish","type":"page","link":"https:\/\/agora.xtec.cat\/insalpicat\/serveis\/menjador-escolar\/","title":{"rendered":"Menjador escolar"},"content":{"rendered":"<p>El servei de menjador de l&#8217;Institut ofereix dinar als alumnes que ho desitgin i funciona de dilluns a divendres de 15h a 15h30.<\/p>\n<p>El dinar es serveix al menjador de l&#8217;<a href=\"https:\/\/agora.xtec.cat\/ceip-drseres-alpicat\/\">Escola Doctor Ser\u00e9s<\/a> amb l&#8217;atenci\u00f3 de la mateixa empresa que gestiona la cuina de l&#8217;Escola.<\/p>\n<p>Les fam\u00edlies que vulguin fer \u00fas d&#8217;aquest servei de manera espor\u00e0dica o b\u00e9 aquells usuaris que necessitin una dieta astringent de manera puntual, han de trucar a la responsable de menjador la Sra. Encarna Mec\u00edas (tel\u00e8fon 696 32 03 10) de 8h a 8h30.<\/p>\n","protected":false},"excerpt":{"rendered":"<p>El servei de menjador de l&#8217;Institut ofereix dinar als alumnes que ho desitgin i funciona de dilluns a divendres de 15h a 15h30.<br \/>\nEl dinar es serveix al menjador de l&#8217;<a href=\"https:\/\/agora.xtec.cat\/ceip-drseres-alpicat\/\">Escola Doctor Ser\u00e9s<\/a> amb l&#8217;atenci\u00f3 de la mateixa empresa que gestiona la cuina de l&#8217;Escola.<br \/>\nLes&hellip;  <a href=\"https:\/\/agora.xtec.cat\/insalpicat\/serveis\/menjador-escolar\/\" title=\"Read Menjador escolar\">Llegeix m\u00e9s\u00bb<\/a><\/p>\n","protected":false},"author":1,"featured_media":0,"parent":63,"menu_order":20,"comment_status":"closed","ping_status":"closed","template":"page-templates\/side-menu.php","meta":{"_bbp_topic_count":0,"_bbp_reply_count":0,"_bbp_total_topic_count":0,"_bbp_total_reply_count":0,"_bbp_voice_count":0,"_bbp_anonymous_reply_count":0,"_bbp_topic_count_hidden":0,"_bbp_reply_count_hidden":0,"_bbp_forum_subforum_count":0,"footnotes":""},"class_list":["post-69","page","type-page","status-publish","hentry"],"post_mailing_queue_ids":[],"_links":{"self":[{"href":"https:\/\/agora.xtec.cat\/insalpicat\/wp-json\/wp\/v2\/pages\/69","targetHints":{"allow":["GET"]}}],"collection":[{"href":"https:\/\/agora.xtec.cat\/insalpicat\/wp-json\/wp\/v2\/pages"}],"about":[{"href":"https:\/\/agora.xtec.cat\/insalpicat\/wp-json\/wp\/v2\/types\/page"}],"author":[{"embeddable":true,"href":"https:\/\/agora.xtec.cat\/insalpicat\/wp-json\/wp\/v2\/users\/1"}],"replies":[{"embeddable":true,"href":"https:\/\/agora.xtec.cat\/insalpicat\/wp-json\/wp\/v2\/comments?post=69"}],"version-history":[{"count":4,"href":"https:\/\/agora.xtec.cat\/insalpicat\/wp-json\/wp\/v2\/pages\/69\/revisions"}],"predecessor-version":[{"id":20625,"href":"https:\/\/agora.xtec.cat\/insalpicat\/wp-json\/wp\/v2\/pages\/69\/revisions\/20625"}],"up":[{"embeddable":true,"href":"https:\/\/agora.xtec.cat\/insalpicat\/wp-json\/wp\/v2\/pages\/63"}],"wp:attachment":[{"href":"https:\/\/agora.xtec.cat\/insalpicat\/wp-json\/wp\/v2\/media?parent=69"}],"curies":[{"name":"wp","href":"https:\/\/api.w.org\/{rel}","templated":true}]}}