{"id":65,"date":"2014-09-18T10:12:22","date_gmt":"2014-09-18T10:12:22","guid":{"rendered":"http:\/\/agora.xtec.cat\/insalpicat\/?page_id=65"},"modified":"2024-07-19T13:41:51","modified_gmt":"2024-07-19T11:41:51","slug":"serveis-digitals","status":"publish","type":"page","link":"https:\/\/agora.xtec.cat\/insalpicat\/projecte-educatiu\/serveis-digitals\/","title":{"rendered":"Estrat\u00e8gia Digital de Centre"},"content":{"rendered":"<p>L&#8217;estrat\u00e8gia digital de centre (EDC) defineix i concreta les l\u00ednies d&#8217;actuaci\u00f3 d&#8217;un centre que fan possible que docents, alumnat i centre assoleixin la compet\u00e8ncia digital. Per aconseguir aquesta compet\u00e8ncia digital, l&#8217;EDC compr\u00e8n tots els \u00e0mbits del centre: organitzatius, metodol\u00f2gics, curriculars i comunicatius, els quals s&#8217;han de veure necess\u00e0riament implicats i, si escau, transformats, des d\u2019una perspectiva d&#8217;innovaci\u00f3 i de millora cont\u00ednua.<\/p>\n<h6><a href=\"https:\/\/sites.google.com\/insalpicat.cat\/edcinstitutdalpicat\">ESTRAT\u00c8GIA DIGITAL DE CENTRE INS ALPICAT\u00a0<\/a><\/h6>\n<pre><\/pre>\n<p><span style=\"border-radius: 2px; text-indent: 20px; width: auto; padding: 0px 4px 0px 0px; text-align: center; font: bold 11px\/20px 'Helvetica Neue',Helvetica,sans-serif; color: #ffffff; background: #bd081c no-repeat scroll 3px 50% \/ 14px 14px; position: absolute; opacity: 1; z-index: 8675309; display: none; cursor: pointer; top: 19px; left: 829px;\">Guardar<\/span><\/p>\n","protected":false},"excerpt":{"rendered":"<p>L&#8217;estrat\u00e8gia digital de centre (EDC) defineix i concreta les l\u00ednies d&#8217;actuaci\u00f3 d&#8217;un centre que fan possible que docents, alumnat i centre assoleixin la compet\u00e8ncia digital. Per aconseguir aquesta compet\u00e8ncia digital, l&#8217;EDC compr\u00e8n tots els \u00e0mbits del centre: organitzatius, metodol\u00f2gics, curriculars i comunicatius, els quals s&#8217;han&hellip;  <a href=\"https:\/\/agora.xtec.cat\/insalpicat\/projecte-educatiu\/serveis-digitals\/\" title=\"Read Estrat\u00e8gia Digital de Centre\">Llegeix m\u00e9s\u00bb<\/a><\/p>\n","protected":false},"author":1,"featured_media":0,"parent":57,"menu_order":3,"comment_status":"closed","ping_status":"closed","template":"page-templates\/side-menu.php","meta":{"_bbp_topic_count":0,"_bbp_reply_count":0,"_bbp_total_topic_count":0,"_bbp_total_reply_count":0,"_bbp_voice_count":0,"_bbp_anonymous_reply_count":0,"_bbp_topic_count_hidden":0,"_bbp_reply_count_hidden":0,"_bbp_forum_subforum_count":0,"footnotes":""},"class_list":["post-65","page","type-page","status-publish","hentry"],"post_mailing_queue_ids":[],"_links":{"self":[{"href":"https:\/\/agora.xtec.cat\/insalpicat\/wp-json\/wp\/v2\/pages\/65","targetHints":{"allow":["GET"]}}],"collection":[{"href":"https:\/\/agora.xtec.cat\/insalpicat\/wp-json\/wp\/v2\/pages"}],"about":[{"href":"https:\/\/agora.xtec.cat\/insalpicat\/wp-json\/wp\/v2\/types\/page"}],"author":[{"embeddable":true,"href":"https:\/\/agora.xtec.cat\/insalpicat\/wp-json\/wp\/v2\/users\/1"}],"replies":[{"embeddable":true,"href":"https:\/\/agora.xtec.cat\/insalpicat\/wp-json\/wp\/v2\/comments?post=65"}],"version-history":[{"count":3,"href":"https:\/\/agora.xtec.cat\/insalpicat\/wp-json\/wp\/v2\/pages\/65\/revisions"}],"predecessor-version":[{"id":19596,"href":"https:\/\/agora.xtec.cat\/insalpicat\/wp-json\/wp\/v2\/pages\/65\/revisions\/19596"}],"up":[{"embeddable":true,"href":"https:\/\/agora.xtec.cat\/insalpicat\/wp-json\/wp\/v2\/pages\/57"}],"wp:attachment":[{"href":"https:\/\/agora.xtec.cat\/insalpicat\/wp-json\/wp\/v2\/media?parent=65"}],"curies":[{"name":"wp","href":"https:\/\/api.w.org\/{rel}","templated":true}]}}