{"id":46,"date":"2014-09-17T16:53:45","date_gmt":"2014-09-17T16:53:45","guid":{"rendered":"http:\/\/agora.xtec.cat\/insalpicat\/?page_id=46"},"modified":"2025-09-08T23:27:03","modified_gmt":"2025-09-08T21:27:03","slug":"organigrama","status":"publish","type":"page","link":"https:\/\/agora.xtec.cat\/insalpicat\/projecte-educatiu\/organigrama\/","title":{"rendered":"Equip docent"},"content":{"rendered":"<ul>\n<li><span style=\"color: #800000;\"><strong>Directora:<\/strong><a href=\"https:\/\/drive.google.com\/file\/d\/1_MF79kn4uH9HNLhEnDkRjvNfJTxax4kF\/view?usp=sharing\"><span style=\"color: #000000;\"> Anna Fondevila<\/span><\/a><\/span><\/li>\n<li><span style=\"color: #800000;\"><strong>Cap d&#8217;Estudis:<\/strong> <a href=\"https:\/\/drive.google.com\/file\/d\/1s2U70i4D7M6cIq9L0dbfXvgt_Bff3g7K\/view?usp=sharing\"><span style=\"color: #000000;\">Mireia Rey<\/span><\/a><span style=\"color: #3366ff;\"><br \/>\n<\/span><\/span><\/li>\n<li><span style=\"color: #800000;\"><strong>Secret\u00e0ria: <\/strong> <a href=\"https:\/\/drive.google.com\/file\/d\/16D9-jcTA0GtwZzkjNR5K6lWnZfocEBhM\/view?usp=sharing\"><span style=\"color: #000000;\">Iris S\u00e1nchez<\/span><\/a><\/span><\/li>\n<li><span style=\"color: #800000;\"><strong>Coordinadora Pedag\u00f2gica: <\/strong> <span style=\"color: #000000;\">Maria Casa\u00f1\u00e9<\/span><\/span><\/li>\n<\/ul>\n<p><strong><span style=\"color: #3366ff;\">Tutories curs 2025-2026:<\/span><\/strong><\/p>\n<table dir=\"ltr\" style=\"width: 42.6996%; height: 858px;\" border=\"1\" cellspacing=\"0\" cellpadding=\"0\">\n<colgroup>\n<col width=\"42\" \/>\n<col width=\"49\" \/>\n<col width=\"85\" \/>\n<col width=\"244\" \/><\/colgroup>\n<tbody>\n<tr style=\"height: 33px;\">\n<td style=\"width: 10.5386%; height: 66px;\" rowspan=\"2\" data-sheets-value=\"{&quot;1&quot;:2,&quot;2&quot;:&quot;1rA&quot;}\">\n<div><strong>1rA<\/strong><\/div>\n<\/td>\n<td style=\"width: 13.5128%; height: 33px;\" data-sheets-value=\"{&quot;1&quot;:2,&quot;2&quot;:&quot;TUA&quot;}\">TUA<\/td>\n<td style=\"width: 20.4156%; height: 33px;\" data-sheets-value=\"{&quot;1&quot;:2,&quot;2&quot;:&quot;TUI A1&quot;}\">TUI A1<\/td>\n<td style=\"width: 91.8327%; height: 33px;\" data-sheets-value=\"{&quot;1&quot;:2,&quot;2&quot;:&quot;Jordi Gaya Capdevila&quot;}\">Jordi Gaya<\/td>\n<\/tr>\n<tr style=\"height: 33px;\">\n<td style=\"width: 13.5128%; height: 33px;\"><\/td>\n<td style=\"width: 20.4156%; height: 33px;\" data-sheets-value=\"{&quot;1&quot;:2,&quot;2&quot;:&quot;TUI A2&quot;}\">TUI A2<\/td>\n<td style=\"width: 91.8327%; height: 33px;\" data-sheets-value=\"{&quot;1&quot;:2,&quot;2&quot;:&quot;In\u00e9s Garc\u00eda-Berro Navarro&quot;}\">In\u00e9s Garc\u00eda-Berro<\/td>\n<\/tr>\n<tr style=\"height: 33px;\">\n<td style=\"width: 136.3%; height: 33px;\" colspan=\"4\"><\/td>\n<\/tr>\n<tr style=\"height: 33px;\">\n<td style=\"width: 10.5386%; height: 66px;\" rowspan=\"2\" data-sheets-value=\"{&quot;1&quot;:2,&quot;2&quot;:&quot;1rB&quot;}\">\n<div><strong>1rB<\/strong><\/div>\n<\/td>\n<td style=\"width: 13.5128%; height: 33px;\" data-sheets-value=\"{&quot;1&quot;:2,&quot;2&quot;:&quot;TUA&quot;}\">TUA<\/td>\n<td style=\"width: 20.4156%; height: 33px;\" data-sheets-value=\"{&quot;1&quot;:2,&quot;2&quot;:&quot;TUI A1&quot;}\">TUI B1<\/td>\n<td style=\"width: 91.8327%; height: 33px;\" data-sheets-value=\"{&quot;1&quot;:2,&quot;2&quot;:&quot;Noem\u00ed Altisent Miralles&quot;}\">Nuria Gil<\/td>\n<\/tr>\n<tr style=\"height: 33px;\">\n<td style=\"width: 13.5128%; height: 33px;\"><\/td>\n<td style=\"width: 20.4156%; height: 33px;\" data-sheets-value=\"{&quot;1&quot;:2,&quot;2&quot;:&quot;TUI A2&quot;}\">TUI B2<\/td>\n<td style=\"width: 91.8327%; height: 33px;\" data-sheets-value=\"{&quot;1&quot;:2,&quot;2&quot;:&quot;Cl\u00e0udia Jim\u00e9nez Chaubel&quot;}\">Enric Falc\u00f3n<\/td>\n<\/tr>\n<tr style=\"height: 33px;\">\n<td style=\"width: 136.3%; height: 33px;\" colspan=\"4\"><\/td>\n<\/tr>\n<tr style=\"height: 33px;\">\n<td style=\"width: 10.5386%; height: 66px;\" rowspan=\"2\" data-sheets-value=\"{&quot;1&quot;:2,&quot;2&quot;:&quot;2nA&quot;}\">\n<div><strong>2nA<\/strong><\/div>\n<\/td>\n<td style=\"width: 13.5128%; height: 33px;\" data-sheets-value=\"{&quot;1&quot;:2,&quot;2&quot;:&quot;TUA&quot;}\">TUA<\/td>\n<td style=\"width: 20.4156%; height: 33px;\" data-sheets-value=\"{&quot;1&quot;:2,&quot;2&quot;:&quot;TUI A1&quot;}\">TUI A1<\/td>\n<td style=\"width: 91.8327%; height: 33px;\" data-sheets-value=\"{&quot;1&quot;:2,&quot;2&quot;:&quot;Judit Estopa Almacelles&quot;}\">Isaac Be\u00e0<\/td>\n<\/tr>\n<tr style=\"height: 33px;\">\n<td style=\"width: 13.5128%; height: 33px;\"><\/td>\n<td style=\"width: 20.4156%; height: 33px;\" data-sheets-value=\"{&quot;1&quot;:2,&quot;2&quot;:&quot;TUI A2&quot;}\">TUI A2<\/td>\n<td style=\"width: 91.8327%; height: 33px;\" data-sheets-value=\"{&quot;1&quot;:2,&quot;2&quot;:&quot;Carles Santolaria Capdevila&quot;}\">Nando Alonso<\/td>\n<\/tr>\n<tr style=\"height: 33px;\">\n<td style=\"width: 136.3%; height: 33px;\" colspan=\"4\"><\/td>\n<\/tr>\n<tr style=\"height: 33px;\">\n<td style=\"width: 10.5386%; height: 66px;\" rowspan=\"2\" data-sheets-value=\"{&quot;1&quot;:2,&quot;2&quot;:&quot;2nB&quot;}\">\n<div><strong>2nB<\/strong><\/div>\n<\/td>\n<td style=\"width: 13.5128%; height: 33px;\" data-sheets-value=\"{&quot;1&quot;:2,&quot;2&quot;:&quot;TUA&quot;}\">TUA<\/td>\n<td style=\"width: 20.4156%; height: 33px;\" data-sheets-value=\"{&quot;1&quot;:2,&quot;2&quot;:&quot;TUI A1&quot;}\">TUI B1<\/td>\n<td style=\"width: 91.8327%; height: 33px;\" data-sheets-value=\"{&quot;1&quot;:2,&quot;2&quot;:&quot;Carme Vives Miro&quot;}\">Josep Farr\u00e9<\/td>\n<\/tr>\n<tr style=\"height: 33px;\">\n<td style=\"width: 13.5128%; height: 33px;\"><\/td>\n<td style=\"width: 20.4156%; height: 33px;\" data-sheets-value=\"{&quot;1&quot;:2,&quot;2&quot;:&quot;TUI A2&quot;}\">TUI B2<\/td>\n<td style=\"width: 91.8327%; height: 33px;\" data-sheets-value=\"{&quot;1&quot;:2,&quot;2&quot;:&quot;Fernando Alonso Fort\u00f3n&quot;}\">Almudena \u00c1lvarez<\/td>\n<\/tr>\n<tr style=\"height: 33px;\">\n<td style=\"width: 136.3%; height: 33px;\" colspan=\"4\"><\/td>\n<\/tr>\n<tr style=\"height: 33px;\">\n<td style=\"width: 10.5386%; height: 66px;\" rowspan=\"2\" data-sheets-value=\"{&quot;1&quot;:2,&quot;2&quot;:&quot;2nC&quot;}\">\n<div><strong>3rA<\/strong><\/div>\n<\/td>\n<td style=\"width: 13.5128%; height: 33px;\" data-sheets-value=\"{&quot;1&quot;:2,&quot;2&quot;:&quot;TUA&quot;}\">TUA<\/td>\n<td style=\"width: 20.4156%; height: 33px;\" data-sheets-value=\"{&quot;1&quot;:2,&quot;2&quot;:&quot;TUI A1&quot;}\">TUI A1<\/td>\n<td style=\"width: 91.8327%; height: 33px;\" data-sheets-value=\"{&quot;1&quot;:2,&quot;2&quot;:&quot;Xavier Burgu\u00e9s Mateu&quot;}\">Brenda Llobera<\/td>\n<\/tr>\n<tr style=\"height: 33px;\">\n<td style=\"width: 13.5128%; height: 33px;\"><\/td>\n<td style=\"width: 20.4156%; height: 33px;\" data-sheets-value=\"{&quot;1&quot;:2,&quot;2&quot;:&quot;TUI A2&quot;}\">TUI A2<\/td>\n<td style=\"width: 91.8327%; height: 33px;\" data-sheets-value=\"{&quot;1&quot;:2,&quot;2&quot;:&quot;Carme Panad\u00e9s Cardo&quot;}\">Jordina Dom\u00e8nech<\/td>\n<\/tr>\n<tr style=\"height: 33px;\">\n<td style=\"width: 136.3%; height: 33px;\" colspan=\"4\"><\/td>\n<\/tr>\n<tr style=\"height: 33px;\">\n<td style=\"width: 10.5386%; height: 66px;\" rowspan=\"2\" data-sheets-value=\"{&quot;1&quot;:2,&quot;2&quot;:&quot;3rA&quot;}\">\n<div><strong>3rB<\/strong><\/div>\n<\/td>\n<td style=\"width: 13.5128%; height: 33px;\" data-sheets-value=\"{&quot;1&quot;:2,&quot;2&quot;:&quot;TUA&quot;}\">TUA<\/td>\n<td style=\"width: 20.4156%; height: 33px;\" data-sheets-value=\"{&quot;1&quot;:2,&quot;2&quot;:&quot;TUI A1&quot;}\">TUI B1<\/td>\n<td style=\"width: 91.8327%; height: 33px;\" data-sheets-value=\"{&quot;1&quot;:2,&quot;2&quot;:&quot;Alberto Lax Sabat\u00e9&quot;}\">Alberto Lax<\/td>\n<\/tr>\n<tr style=\"height: 33px;\">\n<td style=\"width: 13.5128%; height: 33px;\"><\/td>\n<td style=\"width: 20.4156%; height: 33px;\" data-sheets-value=\"{&quot;1&quot;:2,&quot;2&quot;:&quot;TUI A2&quot;}\">TUI B2<\/td>\n<td style=\"width: 91.8327%; height: 33px;\" data-sheets-value=\"{&quot;1&quot;:2,&quot;2&quot;:&quot;M\u00aa Jes\u00fas May\u00f3s Abadias&quot;}\">Salom\u00e9 Dolad\u00e9<\/td>\n<\/tr>\n<tr style=\"height: 33px;\">\n<td style=\"width: 136.3%; height: 33px;\" colspan=\"4\"><\/td>\n<\/tr>\n<tr style=\"height: 33px;\">\n<td style=\"width: 10.5386%; height: 66px;\" rowspan=\"2\" data-sheets-value=\"{&quot;1&quot;:2,&quot;2&quot;:&quot;2nC&quot;}\">\n<div><strong>4tA<\/strong><\/div>\n<\/td>\n<td style=\"width: 13.5128%; height: 33px;\" data-sheets-value=\"{&quot;1&quot;:2,&quot;2&quot;:&quot;TUA&quot;}\">TUA<\/td>\n<td style=\"width: 20.4156%; height: 33px;\" data-sheets-value=\"{&quot;1&quot;:2,&quot;2&quot;:&quot;TUI A1&quot;}\">TUI A1<\/td>\n<td style=\"width: 91.8327%; height: 33px;\" data-sheets-value=\"{&quot;1&quot;:2,&quot;2&quot;:&quot;Xavier Burgu\u00e9s Mateu&quot;}\">Nat\u00e0lia Bey<\/td>\n<\/tr>\n<tr style=\"height: 33px;\">\n<td style=\"width: 13.5128%; height: 33px;\"><\/td>\n<td style=\"width: 20.4156%; height: 33px;\" data-sheets-value=\"{&quot;1&quot;:2,&quot;2&quot;:&quot;TUI A2&quot;}\">TUI A2<\/td>\n<td style=\"width: 91.8327%; height: 33px;\" data-sheets-value=\"{&quot;1&quot;:2,&quot;2&quot;:&quot;Carme Panad\u00e9s Cardo&quot;}\">Pilar L\u00e1zaro<\/td>\n<\/tr>\n<tr style=\"height: 33px;\">\n<td style=\"width: 136.3%; height: 33px;\" colspan=\"4\"><\/td>\n<\/tr>\n<tr style=\"height: 33px;\">\n<td style=\"width: 10.5386%; height: 66px;\" rowspan=\"2\" data-sheets-value=\"{&quot;1&quot;:2,&quot;2&quot;:&quot;2nC&quot;}\">\n<div><strong>4tB<\/strong><\/div>\n<\/td>\n<td style=\"width: 13.5128%; height: 33px;\" data-sheets-value=\"{&quot;1&quot;:2,&quot;2&quot;:&quot;TUA&quot;}\">TUA<\/td>\n<td style=\"width: 20.4156%; height: 33px;\" data-sheets-value=\"{&quot;1&quot;:2,&quot;2&quot;:&quot;TUI A1&quot;}\">TUI B1<\/td>\n<td style=\"width: 91.8327%; height: 33px;\" data-sheets-value=\"{&quot;1&quot;:2,&quot;2&quot;:&quot;Xavier Burgu\u00e9s Mateu&quot;}\">Maria Montoy<\/td>\n<\/tr>\n<tr style=\"height: 33px;\">\n<td style=\"width: 13.5128%; height: 33px;\"><\/td>\n<td style=\"width: 20.4156%; height: 33px;\" data-sheets-value=\"{&quot;1&quot;:2,&quot;2&quot;:&quot;TUI A2&quot;}\">TUI B2<\/td>\n<td style=\"width: 91.8327%; height: 33px;\" data-sheets-value=\"{&quot;1&quot;:2,&quot;2&quot;:&quot;Carme Panad\u00e9s Cardo&quot;}\"><span data-sheets-root=\"1\" data-sheets-value=\"{&quot;1&quot;:2,&quot;2&quot;:&quot;M\u00aa Jes\u00fas Pueyo&quot;}\" data-sheets-userformat=\"{&quot;2&quot;:14909,&quot;3&quot;:{&quot;1&quot;:0},&quot;5&quot;:{&quot;1&quot;:[{&quot;1&quot;:2,&quot;2&quot;:0,&quot;5&quot;:{&quot;1&quot;:2,&quot;2&quot;:0}},{&quot;1&quot;:0,&quot;2&quot;:0,&quot;3&quot;:3},{&quot;1&quot;:1,&quot;2&quot;:0,&quot;4&quot;:1}]},&quot;6&quot;:{&quot;1&quot;:[{&quot;1&quot;:2,&quot;2&quot;:0,&quot;5&quot;:{&quot;1&quot;:2,&quot;2&quot;:0}},{&quot;1&quot;:0,&quot;2&quot;:0,&quot;3&quot;:3},{&quot;1&quot;:1,&quot;2&quot;:0,&quot;4&quot;:1}]},&quot;7&quot;:{&quot;1&quot;:[{&quot;1&quot;:2,&quot;2&quot;:0,&quot;5&quot;:{&quot;1&quot;:2,&quot;2&quot;:0}},{&quot;1&quot;:0,&quot;2&quot;:0,&quot;3&quot;:3},{&quot;1&quot;:1,&quot;2&quot;:0,&quot;4&quot;:1}]},&quot;8&quot;:{&quot;1&quot;:[{&quot;1&quot;:2,&quot;2&quot;:0,&quot;5&quot;:{&quot;1&quot;:2,&quot;2&quot;:0}},{&quot;1&quot;:0,&quot;2&quot;:0,&quot;3&quot;:3},{&quot;1&quot;:1,&quot;2&quot;:0,&quot;4&quot;:1}]},&quot;12&quot;:0,&quot;14&quot;:{&quot;1&quot;:3,&quot;3&quot;:1},&quot;15&quot;:&quot;Calibri&quot;,&quot;16&quot;:11}\">Yolanda Ballest\u00e9<\/span><\/td>\n<\/tr>\n<tr style=\"height: 33px;\">\n<td style=\"width: 136.3%; height: 33px;\" colspan=\"4\"><\/td>\n<\/tr>\n<tr style=\"height: 33px;\">\n<td style=\"width: 10.5386%; height: 66px;\" rowspan=\"2\" data-sheets-value=\"{&quot;1&quot;:2,&quot;2&quot;:&quot;2nC&quot;}\">\n<div><strong>4tC<\/strong><\/div>\n<\/td>\n<td style=\"width: 13.5128%; height: 33px;\" data-sheets-value=\"{&quot;1&quot;:2,&quot;2&quot;:&quot;TUA&quot;}\">TUA<\/td>\n<td style=\"width: 20.4156%; height: 33px;\" data-sheets-value=\"{&quot;1&quot;:2,&quot;2&quot;:&quot;TUI A1&quot;}\">TUI C1<\/td>\n<td style=\"width: 91.8327%; height: 33px;\" data-sheets-value=\"{&quot;1&quot;:2,&quot;2&quot;:&quot;Xavier Burgu\u00e9s Mateu&quot;}\"><span data-sheets-root=\"1\" data-sheets-value=\"{&quot;1&quot;:2,&quot;2&quot;:&quot;Gemma Culler\u00e9&quot;}\" data-sheets-userformat=\"{&quot;2&quot;:15101,&quot;3&quot;:{&quot;1&quot;:0},&quot;5&quot;:{&quot;1&quot;:[{&quot;1&quot;:2,&quot;2&quot;:0,&quot;5&quot;:{&quot;1&quot;:2,&quot;2&quot;:0}},{&quot;1&quot;:0,&quot;2&quot;:0,&quot;3&quot;:3},{&quot;1&quot;:1,&quot;2&quot;:0,&quot;4&quot;:1}]},&quot;6&quot;:{&quot;1&quot;:[{&quot;1&quot;:2,&quot;2&quot;:0,&quot;5&quot;:{&quot;1&quot;:2,&quot;2&quot;:0}},{&quot;1&quot;:0,&quot;2&quot;:0,&quot;3&quot;:3},{&quot;1&quot;:1,&quot;2&quot;:0,&quot;4&quot;:1}]},&quot;7&quot;:{&quot;1&quot;:[{&quot;1&quot;:2,&quot;2&quot;:0,&quot;5&quot;:{&quot;1&quot;:2,&quot;2&quot;:0}},{&quot;1&quot;:0,&quot;2&quot;:0,&quot;3&quot;:3},{&quot;1&quot;:1,&quot;2&quot;:0,&quot;4&quot;:1}]},&quot;8&quot;:{&quot;1&quot;:[{&quot;1&quot;:2,&quot;2&quot;:0,&quot;5&quot;:{&quot;1&quot;:2,&quot;2&quot;:0}},{&quot;1&quot;:0,&quot;2&quot;:0,&quot;3&quot;:3},{&quot;1&quot;:1,&quot;2&quot;:0,&quot;4&quot;:1}]},&quot;9&quot;:0,&quot;10&quot;:1,&quot;12&quot;:0,&quot;14&quot;:{&quot;1&quot;:2,&quot;2&quot;:0},&quot;15&quot;:&quot;Calibri&quot;,&quot;16&quot;:11}\">Gemma Culler\u00e9<\/span><\/td>\n<\/tr>\n<tr style=\"height: 33px;\">\n<td style=\"width: 13.5128%; height: 33px;\"><\/td>\n<td style=\"width: 20.4156%; height: 33px;\" data-sheets-value=\"{&quot;1&quot;:2,&quot;2&quot;:&quot;TUI A2&quot;}\">TUI C2<\/td>\n<td style=\"width: 91.8327%; height: 33px;\" data-sheets-value=\"{&quot;1&quot;:2,&quot;2&quot;:&quot;Carme Panad\u00e9s Cardo&quot;}\"><span data-sheets-root=\"1\" data-sheets-value=\"{&quot;1&quot;:2,&quot;2&quot;:&quot;Carles Santolaria&quot;}\" data-sheets-userformat=\"{&quot;2&quot;:15101,&quot;3&quot;:{&quot;1&quot;:0},&quot;5&quot;:{&quot;1&quot;:[{&quot;1&quot;:2,&quot;2&quot;:0,&quot;5&quot;:{&quot;1&quot;:2,&quot;2&quot;:0}},{&quot;1&quot;:0,&quot;2&quot;:0,&quot;3&quot;:3},{&quot;1&quot;:1,&quot;2&quot;:0,&quot;4&quot;:1}]},&quot;6&quot;:{&quot;1&quot;:[{&quot;1&quot;:2,&quot;2&quot;:0,&quot;5&quot;:{&quot;1&quot;:2,&quot;2&quot;:0}},{&quot;1&quot;:0,&quot;2&quot;:0,&quot;3&quot;:3},{&quot;1&quot;:1,&quot;2&quot;:0,&quot;4&quot;:1}]},&quot;7&quot;:{&quot;1&quot;:[{&quot;1&quot;:2,&quot;2&quot;:0,&quot;5&quot;:{&quot;1&quot;:2,&quot;2&quot;:0}},{&quot;1&quot;:0,&quot;2&quot;:0,&quot;3&quot;:3},{&quot;1&quot;:1,&quot;2&quot;:0,&quot;4&quot;:1}]},&quot;8&quot;:{&quot;1&quot;:[{&quot;1&quot;:2,&quot;2&quot;:0,&quot;5&quot;:{&quot;1&quot;:2,&quot;2&quot;:0}},{&quot;1&quot;:0,&quot;2&quot;:0,&quot;3&quot;:3},{&quot;1&quot;:1,&quot;2&quot;:0,&quot;4&quot;:1}]},&quot;9&quot;:0,&quot;10&quot;:1,&quot;12&quot;:0,&quot;14&quot;:{&quot;1&quot;:2,&quot;2&quot;:0},&quot;15&quot;:&quot;Calibri&quot;,&quot;16&quot;:11}\">Sara Calvo<\/span><\/td>\n<\/tr>\n<\/tbody>\n<\/table>\n<p>Qualsevol comunicaci\u00f3 amb els tutors s&#8217;ha de fer mitjan\u00e7ant l&#8217;aplicaci\u00f3<strong> iEduca<\/strong>.<\/p>\n<p><strong><span style=\"color: #3366ff;\">Equip docent curs 2025-2026:<\/span><\/strong><\/p>\n<h6><span style=\"color: #ff9900;\"><b>\u00c0MBIT LING\u00dc\u00cdSTIC<\/b><\/span><\/h6>\n<ul>\n<li>Maria Casa\u00f1\u00e9<\/li>\n<li>In\u00e9s Garc\u00eda-Berro<\/li>\n<li>Salom\u00e9 Dolad\u00e9<\/li>\n<li>Maria Montoy<\/li>\n<li>Nat\u00e0lia Bey<\/li>\n<li>Isaac Be\u00e0<\/li>\n<li>Yolanda Ballest\u00e9<\/li>\n<li>Albina Flores<\/li>\n<\/ul>\n<h6><span style=\"color: #ff9900;\"><b>\u00c0MBIT MATEM\u00c0TIC<\/b><\/span><\/h6>\n<ul>\n<li style=\"font-weight: 400;\" aria-level=\"1\"><span style=\"color: #800000;\"><span style=\"color: #000000;\">Mireia Rey<\/span><\/span><\/li>\n<li aria-level=\"1\">Meritxell Montan\u00e9<\/li>\n<li aria-level=\"1\">Almudena \u00c1lvarez<\/li>\n<\/ul>\n<h6><span style=\"color: #ff9900;\"><b>\u00c0MBIT CIENTIFICO-TECNOL\u00d2GIC<\/b><\/span><\/h6>\n<ul>\n<li style=\"font-weight: 400;\" aria-level=\"1\">Alberto Lax<\/li>\n<li style=\"font-weight: 400;\" aria-level=\"1\">Nando Alonso<\/li>\n<li aria-level=\"1\">Nuria Gil<\/li>\n<li aria-level=\"1\">Sara Calvo<\/li>\n<li aria-level=\"1\">Jordina Dom\u00e8nech<\/li>\n<li aria-level=\"1\">Alicia P\u00e9rez<\/li>\n<\/ul>\n<h6><span style=\"color: #ff9900;\"><b>\u00c0MBIT SOCIAL<\/b><\/span><\/h6>\n<ul>\n<li aria-level=\"1\">Josep Farr\u00e9<\/li>\n<li aria-level=\"1\"><span data-sheets-root=\"1\" data-sheets-value=\"{&quot;1&quot;:2,&quot;2&quot;:&quot;Gemma Culler\u00e9&quot;}\" data-sheets-userformat=\"{&quot;2&quot;:15101,&quot;3&quot;:{&quot;1&quot;:0},&quot;5&quot;:{&quot;1&quot;:[{&quot;1&quot;:2,&quot;2&quot;:0,&quot;5&quot;:{&quot;1&quot;:2,&quot;2&quot;:0}},{&quot;1&quot;:0,&quot;2&quot;:0,&quot;3&quot;:3},{&quot;1&quot;:1,&quot;2&quot;:0,&quot;4&quot;:1}]},&quot;6&quot;:{&quot;1&quot;:[{&quot;1&quot;:2,&quot;2&quot;:0,&quot;5&quot;:{&quot;1&quot;:2,&quot;2&quot;:0}},{&quot;1&quot;:0,&quot;2&quot;:0,&quot;3&quot;:3},{&quot;1&quot;:1,&quot;2&quot;:0,&quot;4&quot;:1}]},&quot;7&quot;:{&quot;1&quot;:[{&quot;1&quot;:2,&quot;2&quot;:0,&quot;5&quot;:{&quot;1&quot;:2,&quot;2&quot;:0}},{&quot;1&quot;:0,&quot;2&quot;:0,&quot;3&quot;:3},{&quot;1&quot;:1,&quot;2&quot;:0,&quot;4&quot;:1}]},&quot;8&quot;:{&quot;1&quot;:[{&quot;1&quot;:2,&quot;2&quot;:0,&quot;5&quot;:{&quot;1&quot;:2,&quot;2&quot;:0}},{&quot;1&quot;:0,&quot;2&quot;:0,&quot;3&quot;:3},{&quot;1&quot;:1,&quot;2&quot;:0,&quot;4&quot;:1}]},&quot;9&quot;:0,&quot;10&quot;:1,&quot;12&quot;:0,&quot;14&quot;:{&quot;1&quot;:2,&quot;2&quot;:0},&quot;15&quot;:&quot;Calibri&quot;,&quot;16&quot;:11}\">Gemma Culler\u00e9<\/span><\/li>\n<li style=\"font-weight: 400;\" aria-level=\"1\">Brenda Llobera<\/li>\n<\/ul>\n<h6><span style=\"color: #ff9900;\"><b>\u00c0MBIT ART\u00cdSTIC<\/b><\/span><\/h6>\n<ul>\n<li style=\"font-weight: 400;\" aria-level=\"1\">Jordi Gaya<\/li>\n<li style=\"font-weight: 400;\" aria-level=\"1\">Carlota Parrot<\/li>\n<\/ul>\n<h6><span style=\"color: #ff9900;\"><b>\u00c0MBIT DE L\u2019EDUCACI\u00d3 F\u00cdSICA<\/b><\/span><\/h6>\n<ul>\n<li style=\"font-weight: 400;\" aria-level=\"1\">Enric Falc\u00f3n<\/li>\n<li aria-level=\"1\">Iris S\u00e1nchez<\/li>\n<\/ul>\n<h6><span style=\"color: #ff9900;\"><b>ORIENTACI\u00d3 EDUCATIVA<\/b><\/span><\/h6>\n<ul>\n<li>Anna Fondevila<\/li>\n<li>Pilar L\u00e1zaro<\/li>\n<\/ul>\n","protected":false},"excerpt":{"rendered":"<ul>\n<li>Directora:<a href=\"https:\/\/drive.google.com\/file\/d\/1_MF79kn4uH9HNLhEnDkRjvNfJTxax4kF\/view?usp=sharing\"> Anna Fondevila<\/a><\/li>\n<li>Cap d&#8217;Estudis: <a href=\"https:\/\/drive.google.com\/file\/d\/1s2U70i4D7M6cIq9L0dbfXvgt_Bff3g7K\/view?usp=sharing\">Mireia Rey<\/a>\n<\/li>\n<li>Secret\u00e0ria:  <a href=\"https:\/\/drive.google.com\/file\/d\/16D9-jcTA0GtwZzkjNR5K6lWnZfocEBhM\/view?usp=sharing\">Iris S\u00e1nchez<\/a><\/li>\n<li>Coordinadora Pedag\u00f2gica:  Maria Casa\u00f1\u00e9<\/li>\n<\/ul>\n<p>Tutories curs 2025-2026:<\/p>\n<p>1rA<\/p>\n<p>TUA<br \/>\nTUI A1<br \/>\nJordi Gaya<\/p>\n<p>TUI A2<br \/>\nIn\u00e9s Garc\u00eda-Berro<\/p>\n<p>1rB<\/p>\n<p>TUA<br \/>\nTUI B1<br \/>\nNuria Gil<\/p>\n<p>TUI B2<br \/>\nEnric Falc\u00f3n<\/p>\n<p>2nA<\/p>\n<p>TUA<br \/>\nTUI A1<br \/>\nIsaac Be\u00e0<\/p>\n<p>TUI A2<br \/>\nNando Alonso<\/p>\n<p>2nB<\/p>\n<p>TUA<br \/>\nTUI B1<br \/>\nJosep Farr\u00e9<\/p>\n<p>TUI B2<br \/>\nAlmudena \u00c1lvarez<\/p>\n<p>3rA<\/p>\n<p>TUA<br \/>\nTUI A1<br \/>\nBrenda Llobera<\/p>\n<p>TUI A2<br \/>\nJordina Dom\u00e8nech<\/p>\n<p>3rB<\/p>\n<p>TUA<br \/>\nTUI B1<br \/>\nAlberto Lax<\/p>\n<p>TUI B2<br \/>\nSalom\u00e9 Dolad\u00e9<\/p>\n<p>4tA<\/p>\n<p>TUA<br \/>\nTUI A1<br \/>\nNat\u00e0lia Bey<\/p>\n<p>TUI A2<br \/>\nPilar&hellip;  <a href=\"https:\/\/agora.xtec.cat\/insalpicat\/projecte-educatiu\/organigrama\/\" title=\"Read Equip docent\">Llegeix m\u00e9s\u00bb<\/a><\/p>\n","protected":false},"author":1,"featured_media":0,"parent":57,"menu_order":2,"comment_status":"closed","ping_status":"closed","template":"page-templates\/side-menu.php","meta":{"_bbp_topic_count":0,"_bbp_reply_count":0,"_bbp_total_topic_count":0,"_bbp_total_reply_count":0,"_bbp_voice_count":0,"_bbp_anonymous_reply_count":0,"_bbp_topic_count_hidden":0,"_bbp_reply_count_hidden":0,"_bbp_forum_subforum_count":0,"footnotes":""},"class_list":["post-46","page","type-page","status-publish","hentry"],"post_mailing_queue_ids":[],"_links":{"self":[{"href":"https:\/\/agora.xtec.cat\/insalpicat\/wp-json\/wp\/v2\/pages\/46","targetHints":{"allow":["GET"]}}],"collection":[{"href":"https:\/\/agora.xtec.cat\/insalpicat\/wp-json\/wp\/v2\/pages"}],"about":[{"href":"https:\/\/agora.xtec.cat\/insalpicat\/wp-json\/wp\/v2\/types\/page"}],"author":[{"embeddable":true,"href":"https:\/\/agora.xtec.cat\/insalpicat\/wp-json\/wp\/v2\/users\/1"}],"replies":[{"embeddable":true,"href":"https:\/\/agora.xtec.cat\/insalpicat\/wp-json\/wp\/v2\/comments?post=46"}],"version-history":[{"count":9,"href":"https:\/\/agora.xtec.cat\/insalpicat\/wp-json\/wp\/v2\/pages\/46\/revisions"}],"predecessor-version":[{"id":20669,"href":"https:\/\/agora.xtec.cat\/insalpicat\/wp-json\/wp\/v2\/pages\/46\/revisions\/20669"}],"up":[{"embeddable":true,"href":"https:\/\/agora.xtec.cat\/insalpicat\/wp-json\/wp\/v2\/pages\/57"}],"wp:attachment":[{"href":"https:\/\/agora.xtec.cat\/insalpicat\/wp-json\/wp\/v2\/media?parent=46"}],"curies":[{"name":"wp","href":"https:\/\/api.w.org\/{rel}","templated":true}]}}