{"id":39,"date":"2014-09-17T16:36:44","date_gmt":"2014-09-17T16:36:44","guid":{"rendered":"http:\/\/agora.xtec.cat\/insalpicat\/?page_id=39"},"modified":"2024-07-19T13:36:20","modified_gmt":"2024-07-19T11:36:20","slug":"instal%c2%b7lacions","status":"publish","type":"page","link":"https:\/\/agora.xtec.cat\/insalpicat\/linstitut\/instal%c2%b7lacions\/","title":{"rendered":"Instal\u00b7lacions"},"content":{"rendered":"<p>L&#8217;institut anir\u00e0 creixent durant els pr\u00f2xims cursos i entre tots plegats farem de l&#8217;institut i els seus voltants un espai agradable i inspirador que afavoreixi l&#8217;aprenentatge.<\/p>\n<p><strong><span style=\"color: #3366ff;\">Curs 2017-2018:<\/span><\/strong><\/p>\n<p>El primer any constava d&#8217;un m\u00f2dul i dues classes m\u00e9s.<\/p>\n<p>El centre disposava de quatre espais de treball: una aula gran de biblioteca i audiovisual, l&#8217;aula de tecnologia i laboratori i dues aules m\u00e9s. Tamb\u00e9 d&#8217;una sala per al professorat, 2 despatxos, l&#8217;aula Escolta&#8217;m i 1 sala de tutoria.<\/p>\n<p>A l&#8217;exterior es va construir una pista per al pati equipada amb porteries, cistelles, taula de ping pong i aparcament de biciletes, disposant al voltant d&#8217;una zona de terra per poder cultivar l&#8217;hort i de jard\u00ed \u00a0per tenir cura d&#8217;arbres i plantes.<\/p>\n<p><strong><span style=\"color: #3366ff;\">Curs 2018-2019 i 2019-2020<\/span><\/strong><strong><span style=\"color: #3366ff;\">:<\/span><\/strong><\/p>\n<p>El segon i tercer any el centre disposava de tres m\u00f2duls, amb laboratori i aula de tecnologia, dues aules polivalents i una aula descoberta.<\/p>\n<p><strong><span style=\"color: #3366ff;\">Curs 2019-2020:<\/span><\/strong><\/p>\n<p>Es van construir dos m\u00f2duls m\u00e9s. Es va reubicar l&#8217;entrada al centre per la banda contr\u00e0ria a on s&#8217;entrava inicicalment, amb una entrada gran, hall amb consergeria i\u00a0 secretaria, una aula polivalent molt gran, despatxos, tecnologia i laboratori reubicats en espais m\u00e9s adequats, m\u00e9s despatxos i algunes aules mitjanes per a desdoblaments. habitaci\u00f3 per estris neteja. Al pati, m\u00e9s espai i pista esportiva el doble de gran. M\u00e9s espai amb teulada coberta al pati.<\/p>\n<p>&nbsp;<\/p>\n<p class=\"p1\">\n","protected":false},"excerpt":{"rendered":"<p>L&#8217;institut anir\u00e0 creixent durant els pr\u00f2xims cursos i entre tots plegats farem de l&#8217;institut i els seus voltants un espai agradable i inspirador que afavoreixi l&#8217;aprenentatge.<br \/>\nCurs 2017-2018:<br \/>\nEl primer any constava d&#8217;un m\u00f2dul i dues classes m\u00e9s.<br \/>\nEl centre disposava de quatre espais de treball: una aula&hellip;  <a href=\"https:\/\/agora.xtec.cat\/insalpicat\/linstitut\/instal%c2%b7lacions\/\" title=\"Read Instal\u00b7lacions\">Llegeix m\u00e9s\u00bb<\/a><\/p>\n","protected":false},"author":1,"featured_media":0,"parent":19,"menu_order":3,"comment_status":"closed","ping_status":"closed","template":"page-templates\/side-menu.php","meta":{"_bbp_topic_count":0,"_bbp_reply_count":0,"_bbp_total_topic_count":0,"_bbp_total_reply_count":0,"_bbp_voice_count":0,"_bbp_anonymous_reply_count":0,"_bbp_topic_count_hidden":0,"_bbp_reply_count_hidden":0,"_bbp_forum_subforum_count":0,"footnotes":""},"class_list":["post-39","page","type-page","status-publish","hentry"],"post_mailing_queue_ids":[],"_links":{"self":[{"href":"https:\/\/agora.xtec.cat\/insalpicat\/wp-json\/wp\/v2\/pages\/39","targetHints":{"allow":["GET"]}}],"collection":[{"href":"https:\/\/agora.xtec.cat\/insalpicat\/wp-json\/wp\/v2\/pages"}],"about":[{"href":"https:\/\/agora.xtec.cat\/insalpicat\/wp-json\/wp\/v2\/types\/page"}],"author":[{"embeddable":true,"href":"https:\/\/agora.xtec.cat\/insalpicat\/wp-json\/wp\/v2\/users\/1"}],"replies":[{"embeddable":true,"href":"https:\/\/agora.xtec.cat\/insalpicat\/wp-json\/wp\/v2\/comments?post=39"}],"version-history":[{"count":4,"href":"https:\/\/agora.xtec.cat\/insalpicat\/wp-json\/wp\/v2\/pages\/39\/revisions"}],"predecessor-version":[{"id":18601,"href":"https:\/\/agora.xtec.cat\/insalpicat\/wp-json\/wp\/v2\/pages\/39\/revisions\/18601"}],"up":[{"embeddable":true,"href":"https:\/\/agora.xtec.cat\/insalpicat\/wp-json\/wp\/v2\/pages\/19"}],"wp:attachment":[{"href":"https:\/\/agora.xtec.cat\/insalpicat\/wp-json\/wp\/v2\/media?parent=39"}],"curies":[{"name":"wp","href":"https:\/\/api.w.org\/{rel}","templated":true}]}}