{"id":27,"date":"2014-09-17T16:24:03","date_gmt":"2014-09-17T16:24:03","guid":{"rendered":"http:\/\/agora.xtec.cat\/insalpicat\/?page_id=27"},"modified":"2024-07-19T13:35:26","modified_gmt":"2024-07-19T11:35:26","slug":"historia","status":"publish","type":"page","link":"https:\/\/agora.xtec.cat\/insalpicat\/linstitut\/historia\/","title":{"rendered":"Hist\u00f2ria"},"content":{"rendered":"<p style=\"text-align: justify;\">Ens vam estrenar el curs 2017-2018!<\/p>\n<p style=\"text-align: justify;\">La nostra activitat educativa va comen\u00e7ar oficialment el mes de setembre de 2017. Des del mar\u00e7 d&#8217;aquell any el 1r equip docent que formava part d&#8217;aquesta nova aventura va comen\u00e7ar a treballar per al centre amb molta il\u00b7lusi\u00f3 per ternir-ho tot a punt!<\/p>\n<p style=\"text-align: justify;\">Podeu visualitzar el <a href=\"http:\/\/agora.xtec.cat\/insalpicat\/general\/premsa\/\" target=\"_blank\" rel=\"noopener noreferrer\">que va dir la premsa dels nostres inicis<\/a> i el <a href=\"http:\/\/agora.xtec.cat\/insalpicat\/general\/leso-arriba-a-alpicat\/\" target=\"_blank\" rel=\"noopener noreferrer\">primer d\u00edptic del centre que explica els trets b\u00e0sics del nostre projecte<\/a>.<\/p>\n<div class=\"textLayer\">\n<p style=\"text-align: justify;\">Endegar un centre el 2017 vol dir comprometre\u2019s amb unes necessitats i uns valors del segle XXI: competencials, flexibles, rigorosos i compartits amb la comunitat entesa m\u00e9s enll\u00e0 de les parets del centre.<\/p>\n<\/div>\n","protected":false},"excerpt":{"rendered":"<p>Ens vam estrenar el curs 2017-2018!<br \/>\nLa nostra activitat educativa va comen\u00e7ar oficialment el mes de setembre de 2017. Des del mar\u00e7 d&#8217;aquell any el 1r equip docent que formava part d&#8217;aquesta nova aventura va comen\u00e7ar a treballar per al centre amb molta il\u00b7lusi\u00f3 per ternir-ho&hellip;  <a href=\"https:\/\/agora.xtec.cat\/insalpicat\/linstitut\/historia\/\" title=\"Read Hist\u00f2ria\">Llegeix m\u00e9s\u00bb<\/a><\/p>\n","protected":false},"author":1,"featured_media":0,"parent":19,"menu_order":2,"comment_status":"closed","ping_status":"closed","template":"page-templates\/side-menu.php","meta":{"_bbp_topic_count":0,"_bbp_reply_count":0,"_bbp_total_topic_count":0,"_bbp_total_reply_count":0,"_bbp_voice_count":0,"_bbp_anonymous_reply_count":0,"_bbp_topic_count_hidden":0,"_bbp_reply_count_hidden":0,"_bbp_forum_subforum_count":0,"footnotes":""},"class_list":["post-27","page","type-page","status-publish","hentry"],"post_mailing_queue_ids":[],"_links":{"self":[{"href":"https:\/\/agora.xtec.cat\/insalpicat\/wp-json\/wp\/v2\/pages\/27","targetHints":{"allow":["GET"]}}],"collection":[{"href":"https:\/\/agora.xtec.cat\/insalpicat\/wp-json\/wp\/v2\/pages"}],"about":[{"href":"https:\/\/agora.xtec.cat\/insalpicat\/wp-json\/wp\/v2\/types\/page"}],"author":[{"embeddable":true,"href":"https:\/\/agora.xtec.cat\/insalpicat\/wp-json\/wp\/v2\/users\/1"}],"replies":[{"embeddable":true,"href":"https:\/\/agora.xtec.cat\/insalpicat\/wp-json\/wp\/v2\/comments?post=27"}],"version-history":[{"count":3,"href":"https:\/\/agora.xtec.cat\/insalpicat\/wp-json\/wp\/v2\/pages\/27\/revisions"}],"predecessor-version":[{"id":10237,"href":"https:\/\/agora.xtec.cat\/insalpicat\/wp-json\/wp\/v2\/pages\/27\/revisions\/10237"}],"up":[{"embeddable":true,"href":"https:\/\/agora.xtec.cat\/insalpicat\/wp-json\/wp\/v2\/pages\/19"}],"wp:attachment":[{"href":"https:\/\/agora.xtec.cat\/insalpicat\/wp-json\/wp\/v2\/media?parent=27"}],"curies":[{"name":"wp","href":"https:\/\/api.w.org\/{rel}","templated":true}]}}