{"id":991,"date":"2023-12-26T13:32:54","date_gmt":"2023-12-26T12:32:54","guid":{"rendered":"https:\/\/agora.xtec.cat\/insalfonscostafreda\/?page_id=991"},"modified":"2025-07-16T18:28:25","modified_gmt":"2025-07-16T16:28:25","slug":"consell-direccio","status":"publish","type":"page","link":"https:\/\/agora.xtec.cat\/insalfonscostafreda\/linstitut\/organigrama\/consell-direccio\/","title":{"rendered":"Consell Direcci\u00f3"},"content":{"rendered":"<p>En aplicaci\u00f3 del projecte de direcci\u00f3, i per aprofundir en la pr\u00e0ctica del lideratge distribu\u00eft, s\u2019ha constitu\u00eft un Consell de Direcci\u00f3.<\/p>\n<p>El Consell de Direcci\u00f3 est\u00e0 format per l\u2019equip directiu i si suma el\/la coordinador\/a d\u2019ESO, el\/la coordinador\/a de Batxillerat, el\/la coordinador\/a de Programes de Formaci\u00f3 i d\u2019Inserci\u00f3 i<br \/>el\/la coordinador\/a de Formaci\u00f3 Professional, i els responsables de la resta de coordinacions unipersonals o el professorat que es consideri convenient per a debatre temes que entrin dins de les seves responsabilitats.<\/p>\n<p>El Consell de Direcci\u00f3 tindr\u00e0 una funci\u00f3 d&#8217;\u00f2rgan de consulta i d&#8217;assessorament a l\u2019equip directiu, i per tant, es convocar\u00e0 segons conveni\u00e8ncia.<\/p>\n\n\n<figure class=\"wp-block-image size-full\"><img loading=\"lazy\" decoding=\"async\" width=\"1024\" height=\"768\" src=\"https:\/\/agora.xtec.cat\/insalfonscostafreda\/wp-content\/uploads\/usu2359\/Consell_Direccio-1.png\" alt=\"\" class=\"wp-image-14024\" srcset=\"https:\/\/agora.xtec.cat\/insalfonscostafreda\/wp-content\/uploads\/usu2359\/Consell_Direccio-1.png 1024w, https:\/\/agora.xtec.cat\/insalfonscostafreda\/wp-content\/uploads\/usu2359\/Consell_Direccio-1-300x225.png 300w, https:\/\/agora.xtec.cat\/insalfonscostafreda\/wp-content\/uploads\/usu2359\/Consell_Direccio-1-768x576.png 768w, https:\/\/agora.xtec.cat\/insalfonscostafreda\/wp-content\/uploads\/usu2359\/Consell_Direccio-1-200x150.png 200w\" sizes=\"auto, (max-width: 1024px) 100vw, 1024px\" \/><\/figure>\n","protected":false},"excerpt":{"rendered":"<p>En aplicaci\u00f3 del projecte de direcci\u00f3, i per aprofundir en la pr\u00e0ctica del lideratge distribu\u00eft, s\u2019ha constitu\u00eft un Consell de Direcci\u00f3. El Consell de Direcci\u00f3 est\u00e0 format per l\u2019equip directiu i si suma el\/la coordinador\/a d\u2019ESO, el\/la coordinador\/a de Batxillerat, el\/la coordinador\/a de Programes de Formaci\u00f3 i d\u2019Inserci\u00f3 iel\/la coordinador\/a de Formaci\u00f3 Professional, i els [&hellip;]<\/p>\n","protected":false},"author":1,"featured_media":0,"parent":46,"menu_order":0,"comment_status":"closed","ping_status":"closed","template":"page-templates\/side-menu.php","meta":{"_bbp_topic_count":0,"_bbp_reply_count":0,"_bbp_total_topic_count":0,"_bbp_total_reply_count":0,"_bbp_voice_count":0,"_bbp_anonymous_reply_count":0,"_bbp_topic_count_hidden":0,"_bbp_reply_count_hidden":0,"_bbp_forum_subforum_count":0,"site-sidebar-layout":"default","site-content-layout":"","ast-site-content-layout":"","site-content-style":"default","site-sidebar-style":"default","ast-global-header-display":"","ast-banner-title-visibility":"","ast-main-header-display":"","ast-hfb-above-header-display":"","ast-hfb-below-header-display":"","ast-hfb-mobile-header-display":"","site-post-title":"","ast-breadcrumbs-content":"","ast-featured-img":"","footer-sml-layout":"","theme-transparent-header-meta":"","adv-header-id-meta":"","stick-header-meta":"","header-above-stick-meta":"","header-main-stick-meta":"","header-below-stick-meta":"","astra-migrate-meta-layouts":"default","ast-page-background-enabled":"default","ast-page-background-meta":{"desktop":{"background-color":"var(--ast-global-color-4)","background-image":"","background-repeat":"repeat","background-position":"center center","background-size":"auto","background-attachment":"scroll","background-type":"","background-media":"","overlay-type":"","overlay-color":"","overlay-opacity":"","overlay-gradient":""},"tablet":{"background-color":"","background-image":"","background-repeat":"repeat","background-position":"center center","background-size":"auto","background-attachment":"scroll","background-type":"","background-media":"","overlay-type":"","overlay-color":"","overlay-opacity":"","overlay-gradient":""},"mobile":{"background-color":"","background-image":"","background-repeat":"repeat","background-position":"center center","background-size":"auto","background-attachment":"scroll","background-type":"","background-media":"","overlay-type":"","overlay-color":"","overlay-opacity":"","overlay-gradient":""}},"ast-content-background-meta":{"desktop":{"background-color":"var(--ast-global-color-5)","background-image":"","background-repeat":"repeat","background-position":"center center","background-size":"auto","background-attachment":"scroll","background-type":"","background-media":"","overlay-type":"","overlay-color":"","overlay-opacity":"","overlay-gradient":""},"tablet":{"background-color":"var(--ast-global-color-5)","background-image":"","background-repeat":"repeat","background-position":"center center","background-size":"auto","background-attachment":"scroll","background-type":"","background-media":"","overlay-type":"","overlay-color":"","overlay-opacity":"","overlay-gradient":""},"mobile":{"background-color":"var(--ast-global-color-5)","background-image":"","background-repeat":"repeat","background-position":"center center","background-size":"auto","background-attachment":"scroll","background-type":"","background-media":"","overlay-type":"","overlay-color":"","overlay-opacity":"","overlay-gradient":""}},"footnotes":""},"class_list":["post-991","page","type-page","status-publish","hentry"],"post_mailing_queue_ids":[],"_links":{"self":[{"href":"https:\/\/agora.xtec.cat\/insalfonscostafreda\/wp-json\/wp\/v2\/pages\/991","targetHints":{"allow":["GET"]}}],"collection":[{"href":"https:\/\/agora.xtec.cat\/insalfonscostafreda\/wp-json\/wp\/v2\/pages"}],"about":[{"href":"https:\/\/agora.xtec.cat\/insalfonscostafreda\/wp-json\/wp\/v2\/types\/page"}],"author":[{"embeddable":true,"href":"https:\/\/agora.xtec.cat\/insalfonscostafreda\/wp-json\/wp\/v2\/users\/1"}],"replies":[{"embeddable":true,"href":"https:\/\/agora.xtec.cat\/insalfonscostafreda\/wp-json\/wp\/v2\/comments?post=991"}],"version-history":[{"count":5,"href":"https:\/\/agora.xtec.cat\/insalfonscostafreda\/wp-json\/wp\/v2\/pages\/991\/revisions"}],"predecessor-version":[{"id":14025,"href":"https:\/\/agora.xtec.cat\/insalfonscostafreda\/wp-json\/wp\/v2\/pages\/991\/revisions\/14025"}],"up":[{"embeddable":true,"href":"https:\/\/agora.xtec.cat\/insalfonscostafreda\/wp-json\/wp\/v2\/pages\/46"}],"wp:attachment":[{"href":"https:\/\/agora.xtec.cat\/insalfonscostafreda\/wp-json\/wp\/v2\/media?parent=991"}],"curies":[{"name":"wp","href":"https:\/\/api.w.org\/{rel}","templated":true}]}}