{"id":946,"date":"2023-12-25T20:37:03","date_gmt":"2023-12-25T19:37:03","guid":{"rendered":"https:\/\/agora.xtec.cat\/insalfonscostafreda\/?page_id=946"},"modified":"2026-02-04T10:10:28","modified_gmt":"2026-02-04T09:10:28","slug":"escoles-adscrites","status":"publish","type":"page","link":"https:\/\/agora.xtec.cat\/insalfonscostafreda\/linstitut\/escoles-adscrites\/","title":{"rendered":"Escoles Adscrites"},"content":{"rendered":"<p>Els centres adscrits a l&#8217;Institut Alfons Costafreda s\u00f3n les seg\u00fcents:<\/p>\n<p><a href=\"https:\/\/agora.xtec.cat\/zerguicivervi\/\">ZER Guicivervi<\/a><\/p>\n<ul>\n<li><a href=\"https:\/\/agora.xtec.cat\/zerguicivervi\/categoria\/escola-de-guimera\/\">Escola de Guimer\u00e0<\/a> (25001758) &#8211; Guimer\u00e0<\/li>\n<li><a href=\"https:\/\/agora.xtec.cat\/zerguicivervi\/escola-de-ciutadilla\/\">Escola de Ciutadilla<\/a> (25001357) &#8211; Ciutadilla<\/li>\n<li><a href=\"https:\/\/agora.xtec.cat\/zerguicivervi\/categoria\/escola-jardi\/\">Escola Jard\u00ed<\/a> (25004863) &#8211; Verd\u00fa<\/li>\n<\/ul>\n<p><a href=\"https:\/\/agora.xtec.cat\/zerriucorb\/\">ZER Riu Corb<\/a><\/p>\n<ul>\n<li><a href=\"https:\/\/agora.xtec.cat\/zerriucorb\/zer\/qui-som\/escola-el-tallat\/\">Escola El Tallat<\/a> (25004103) &#8211; Sant Mart\u00ed de Riucorb<\/li>\n<\/ul>\n<p>T\u00e0rrega<\/p>\n<ul>\n<li><a href=\"https:\/\/agora.xtec.cat\/ceip-angelguimera\/\">Escola \u00c0ngel Guimer\u00e0<\/a> (25004531)<\/li>\n<li><a href=\"https:\/\/agora.xtec.cat\/ceip-jacint-verdaguer-tarrega\/\">Escola Jacint Verdaguer<\/a> (25004462)<\/li>\n<li><a href=\"https:\/\/agora.xtec.cat\/escola-mmm-tarrega\/\">Escola Maria-Merc\u00e8 Mar\u00e7al<\/a> (25008790)<\/li>\n<\/ul>\n","protected":false},"excerpt":{"rendered":"<p>Els centres adscrits a l&#8217;Institut Alfons Costafreda s\u00f3n les seg\u00fcents: ZER Guicivervi Escola de Guimer\u00e0 (25001758) &#8211; Guimer\u00e0 Escola de Ciutadilla (25001357) &#8211; Ciutadilla Escola Jard\u00ed (25004863) &#8211; Verd\u00fa ZER Riu Corb Escola El Tallat (25004103) &#8211; Sant Mart\u00ed de Riucorb T\u00e0rrega Escola \u00c0ngel Guimer\u00e0 (25004531) Escola Jacint Verdaguer (25004462) Escola Maria-Merc\u00e8 Mar\u00e7al (25008790)<\/p>\n","protected":false},"author":1,"featured_media":0,"parent":19,"menu_order":2,"comment_status":"closed","ping_status":"closed","template":"page-templates\/side-menu.php","meta":{"_bbp_topic_count":0,"_bbp_reply_count":0,"_bbp_total_topic_count":0,"_bbp_total_reply_count":0,"_bbp_voice_count":0,"_bbp_anonymous_reply_count":0,"_bbp_topic_count_hidden":0,"_bbp_reply_count_hidden":0,"_bbp_forum_subforum_count":0,"site-sidebar-layout":"default","site-content-layout":"","ast-site-content-layout":"","site-content-style":"default","site-sidebar-style":"default","ast-global-header-display":"","ast-banner-title-visibility":"","ast-main-header-display":"","ast-hfb-above-header-display":"","ast-hfb-below-header-display":"","ast-hfb-mobile-header-display":"","site-post-title":"","ast-breadcrumbs-content":"","ast-featured-img":"","footer-sml-layout":"","theme-transparent-header-meta":"","adv-header-id-meta":"","stick-header-meta":"","header-above-stick-meta":"","header-main-stick-meta":"","header-below-stick-meta":"","astra-migrate-meta-layouts":"default","ast-page-background-enabled":"default","ast-page-background-meta":{"desktop":{"background-color":"var(--ast-global-color-4)","background-image":"","background-repeat":"repeat","background-position":"center center","background-size":"auto","background-attachment":"scroll","background-type":"","background-media":"","overlay-type":"","overlay-color":"","overlay-opacity":"","overlay-gradient":""},"tablet":{"background-color":"","background-image":"","background-repeat":"repeat","background-position":"center center","background-size":"auto","background-attachment":"scroll","background-type":"","background-media":"","overlay-type":"","overlay-color":"","overlay-opacity":"","overlay-gradient":""},"mobile":{"background-color":"","background-image":"","background-repeat":"repeat","background-position":"center center","background-size":"auto","background-attachment":"scroll","background-type":"","background-media":"","overlay-type":"","overlay-color":"","overlay-opacity":"","overlay-gradient":""}},"ast-content-background-meta":{"desktop":{"background-color":"var(--ast-global-color-5)","background-image":"","background-repeat":"repeat","background-position":"center center","background-size":"auto","background-attachment":"scroll","background-type":"","background-media":"","overlay-type":"","overlay-color":"","overlay-opacity":"","overlay-gradient":""},"tablet":{"background-color":"var(--ast-global-color-5)","background-image":"","background-repeat":"repeat","background-position":"center center","background-size":"auto","background-attachment":"scroll","background-type":"","background-media":"","overlay-type":"","overlay-color":"","overlay-opacity":"","overlay-gradient":""},"mobile":{"background-color":"var(--ast-global-color-5)","background-image":"","background-repeat":"repeat","background-position":"center center","background-size":"auto","background-attachment":"scroll","background-type":"","background-media":"","overlay-type":"","overlay-color":"","overlay-opacity":"","overlay-gradient":""}},"footnotes":""},"class_list":["post-946","page","type-page","status-publish","hentry"],"post_mailing_queue_ids":[],"_links":{"self":[{"href":"https:\/\/agora.xtec.cat\/insalfonscostafreda\/wp-json\/wp\/v2\/pages\/946","targetHints":{"allow":["GET"]}}],"collection":[{"href":"https:\/\/agora.xtec.cat\/insalfonscostafreda\/wp-json\/wp\/v2\/pages"}],"about":[{"href":"https:\/\/agora.xtec.cat\/insalfonscostafreda\/wp-json\/wp\/v2\/types\/page"}],"author":[{"embeddable":true,"href":"https:\/\/agora.xtec.cat\/insalfonscostafreda\/wp-json\/wp\/v2\/users\/1"}],"replies":[{"embeddable":true,"href":"https:\/\/agora.xtec.cat\/insalfonscostafreda\/wp-json\/wp\/v2\/comments?post=946"}],"version-history":[{"count":2,"href":"https:\/\/agora.xtec.cat\/insalfonscostafreda\/wp-json\/wp\/v2\/pages\/946\/revisions"}],"predecessor-version":[{"id":14481,"href":"https:\/\/agora.xtec.cat\/insalfonscostafreda\/wp-json\/wp\/v2\/pages\/946\/revisions\/14481"}],"up":[{"embeddable":true,"href":"https:\/\/agora.xtec.cat\/insalfonscostafreda\/wp-json\/wp\/v2\/pages\/19"}],"wp:attachment":[{"href":"https:\/\/agora.xtec.cat\/insalfonscostafreda\/wp-json\/wp\/v2\/media?parent=946"}],"curies":[{"name":"wp","href":"https:\/\/api.w.org\/{rel}","templated":true}]}}