{"id":919,"date":"2023-12-25T12:14:41","date_gmt":"2023-12-25T11:14:41","guid":{"rendered":"https:\/\/agora.xtec.cat\/insalfonscostafreda\/?page_id=919"},"modified":"2026-02-04T08:39:47","modified_gmt":"2026-02-04T07:39:47","slug":"auxiliars-de-conversa","status":"publish","type":"page","link":"https:\/\/agora.xtec.cat\/insalfonscostafreda\/projectes\/internacionalitat\/auxiliars-de-conversa\/","title":{"rendered":"Programa auxiliar de conversa (franc\u00e8s)"},"content":{"rendered":"<p><img loading=\"lazy\" decoding=\"async\" class=\"wp-image-921 alignleft\" src=\"https:\/\/agora.xtec.cat\/insalfonscostafreda\/wp-content\/uploads\/usu2359\/auxiliars-conversa-1024x397.png\" alt=\"\" width=\"381\" height=\"139\" \/><\/p>\n<p>El Programa d&#8217;Auxiliars de Conversa del Departament d&#8217;Educaci\u00f3, fruit de la col\u00b7laboraci\u00f3 amb el Ministeri d&#8217;Educaci\u00f3 i Formaci\u00f3 Professional (MEFP), \u00e9s una de les accions que es duen a terme en el marc de les actuacions destinades a\u00a0<strong>donar suport als centres que desenvolupen programes en alguna de les lleng\u00fces estrangeres curriculars\u00a0<\/strong>(angl\u00e8s, franc\u00e8s, alemany, itali\u00e0, xin\u00e8s) o b\u00e9 en rus.<\/p>\n<p>L&#8217;objectiu\u00a0del programa \u00e9s\u00a0<strong>millorar les compet\u00e8ncies comunicatives de l&#8217;alumnat en llengua estrangera<\/strong>. La funci\u00f3 principal dels auxiliars de conversa \u00e9s col\u00b7laborar amb els docents per complir aquesta finalitat\u00a0i donar a con\u00e8ixer la cultura dels pa\u00efsos on es parla aquesta llengua. La seva funci\u00f3 no \u00e9s equiparable a la d&#8217;un docent i, per tant, no poden ser responsables d&#8217;un grup d&#8217;alumnes, quedar-se sols a l&#8217;aula amb el grup-classe ni assumir tasques de correcci\u00f3 i\/o d&#8217;avaluaci\u00f3 pr\u00f2pies de l&#8217;\u00e0rea o mat\u00e8ria de llengua estrangera.<\/p>\n<p>El\u00a0per\u00edode d&#8217;estada\u00a0dels auxiliars de conversa prove\u00efts pel MEFP compr\u00e8n\u00a0<strong>de l&#8217;1 d&#8217;octubre de 2025 fins al 31 de maig de 2026 amb un horari de 14 hores setmanals<\/strong>.<\/p>\n<p>L&#8217;horari de tots els auxiliars es repartir\u00e0 en un m\u00e0xim de quatre dies consecutius, excepte en casos justificats.<\/p>\n<p>Els centres que acolliran l&#8217;auxiliar es comprometen a assistir a les jornades de formaci\u00f3 i a presentar la documentaci\u00f3 que se&#8217;ls demana dins dels per\u00edodes establerts.<\/p>\n<p><strong>El curs 25-26 el centre disposa d&#8217;un auxiliar de conversa en franc\u00e8s<\/strong><\/p>\n","protected":false},"excerpt":{"rendered":"<p>El Programa d&#8217;Auxiliars de Conversa del Departament d&#8217;Educaci\u00f3, fruit de la col\u00b7laboraci\u00f3 amb el Ministeri d&#8217;Educaci\u00f3 i Formaci\u00f3 Professional (MEFP), \u00e9s una de les accions que es duen a terme en el marc de les actuacions destinades a\u00a0donar suport als centres que desenvolupen programes en alguna de les lleng\u00fces estrangeres curriculars\u00a0(angl\u00e8s, franc\u00e8s, alemany, itali\u00e0, xin\u00e8s) [&hellip;]<\/p>\n","protected":false},"author":1,"featured_media":0,"parent":1306,"menu_order":0,"comment_status":"closed","ping_status":"closed","template":"page-templates\/side-menu.php","meta":{"_bbp_topic_count":0,"_bbp_reply_count":0,"_bbp_total_topic_count":0,"_bbp_total_reply_count":0,"_bbp_voice_count":0,"_bbp_anonymous_reply_count":0,"_bbp_topic_count_hidden":0,"_bbp_reply_count_hidden":0,"_bbp_forum_subforum_count":0,"site-sidebar-layout":"default","site-content-layout":"","ast-site-content-layout":"","site-content-style":"default","site-sidebar-style":"default","ast-global-header-display":"","ast-banner-title-visibility":"","ast-main-header-display":"","ast-hfb-above-header-display":"","ast-hfb-below-header-display":"","ast-hfb-mobile-header-display":"","site-post-title":"","ast-breadcrumbs-content":"","ast-featured-img":"","footer-sml-layout":"","theme-transparent-header-meta":"","adv-header-id-meta":"","stick-header-meta":"","header-above-stick-meta":"","header-main-stick-meta":"","header-below-stick-meta":"","astra-migrate-meta-layouts":"default","ast-page-background-enabled":"default","ast-page-background-meta":{"desktop":{"background-color":"var(--ast-global-color-4)","background-image":"","background-repeat":"repeat","background-position":"center center","background-size":"auto","background-attachment":"scroll","background-type":"","background-media":"","overlay-type":"","overlay-color":"","overlay-opacity":"","overlay-gradient":""},"tablet":{"background-color":"","background-image":"","background-repeat":"repeat","background-position":"center center","background-size":"auto","background-attachment":"scroll","background-type":"","background-media":"","overlay-type":"","overlay-color":"","overlay-opacity":"","overlay-gradient":""},"mobile":{"background-color":"","background-image":"","background-repeat":"repeat","background-position":"center center","background-size":"auto","background-attachment":"scroll","background-type":"","background-media":"","overlay-type":"","overlay-color":"","overlay-opacity":"","overlay-gradient":""}},"ast-content-background-meta":{"desktop":{"background-color":"var(--ast-global-color-5)","background-image":"","background-repeat":"repeat","background-position":"center center","background-size":"auto","background-attachment":"scroll","background-type":"","background-media":"","overlay-type":"","overlay-color":"","overlay-opacity":"","overlay-gradient":""},"tablet":{"background-color":"var(--ast-global-color-5)","background-image":"","background-repeat":"repeat","background-position":"center center","background-size":"auto","background-attachment":"scroll","background-type":"","background-media":"","overlay-type":"","overlay-color":"","overlay-opacity":"","overlay-gradient":""},"mobile":{"background-color":"var(--ast-global-color-5)","background-image":"","background-repeat":"repeat","background-position":"center center","background-size":"auto","background-attachment":"scroll","background-type":"","background-media":"","overlay-type":"","overlay-color":"","overlay-opacity":"","overlay-gradient":""}},"footnotes":""},"class_list":["post-919","page","type-page","status-publish","hentry"],"post_mailing_queue_ids":[],"_links":{"self":[{"href":"https:\/\/agora.xtec.cat\/insalfonscostafreda\/wp-json\/wp\/v2\/pages\/919","targetHints":{"allow":["GET"]}}],"collection":[{"href":"https:\/\/agora.xtec.cat\/insalfonscostafreda\/wp-json\/wp\/v2\/pages"}],"about":[{"href":"https:\/\/agora.xtec.cat\/insalfonscostafreda\/wp-json\/wp\/v2\/types\/page"}],"author":[{"embeddable":true,"href":"https:\/\/agora.xtec.cat\/insalfonscostafreda\/wp-json\/wp\/v2\/users\/1"}],"replies":[{"embeddable":true,"href":"https:\/\/agora.xtec.cat\/insalfonscostafreda\/wp-json\/wp\/v2\/comments?post=919"}],"version-history":[{"count":6,"href":"https:\/\/agora.xtec.cat\/insalfonscostafreda\/wp-json\/wp\/v2\/pages\/919\/revisions"}],"predecessor-version":[{"id":14451,"href":"https:\/\/agora.xtec.cat\/insalfonscostafreda\/wp-json\/wp\/v2\/pages\/919\/revisions\/14451"}],"up":[{"embeddable":true,"href":"https:\/\/agora.xtec.cat\/insalfonscostafreda\/wp-json\/wp\/v2\/pages\/1306"}],"wp:attachment":[{"href":"https:\/\/agora.xtec.cat\/insalfonscostafreda\/wp-json\/wp\/v2\/media?parent=919"}],"curies":[{"name":"wp","href":"https:\/\/api.w.org\/{rel}","templated":true}]}}