{"id":81,"date":"2014-09-18T10:38:05","date_gmt":"2014-09-18T10:38:05","guid":{"rendered":"http:\/\/agora.xtec.cat\/insalfonscostafreda\/?page_id=81"},"modified":"2025-02-17T10:30:45","modified_gmt":"2025-02-17T09:30:45","slug":"secretaria","status":"publish","type":"page","link":"https:\/\/agora.xtec.cat\/insalfonscostafreda\/secretaria\/","title":{"rendered":"Secretaria"},"content":{"rendered":"<p>A l&#8217;Institut Alfons Costafreda, la secretaria \u00e9s l&#8217;agent de gesti\u00f3 administrativa visible i per tant, la informaci\u00f3 d&#8217;aquesta secci\u00f3 inclou:<\/p>\n<ul>\n<li><a href=\"https:\/\/educacio.gencat.cat\/ca\/actualitat\/alumnes-centres-departament\" target=\"_blank\" rel=\"noopener\">Informaci\u00f3 addicional i detallada sobre protecci\u00f3 de dades<\/a><\/li>\n<li><a href=\"https:\/\/agora.xtec.cat\/insalfonscostafreda\/secretaria\/horari-atencio\/\">Horari d&#8217;atenci\u00f3<\/a><\/li>\n<li><a href=\"https:\/\/agora.xtec.cat\/insalfonscostafreda\/secretaria\/tramits\/\">Tr\u00e0mits <\/a>(sol\u00b7licitud de certificats&#8230;)\n<ul>\n<li><a href=\"https:\/\/agora.xtec.cat\/insalfonscostafreda\/secretaria\/tramits\/preinscripcio-i-matricula\/\">Preinscripci\u00f3 i Matr\u00edcula<\/a><\/li>\n<li><a href=\"https:\/\/agora.xtec.cat\/insalfonscostafreda\/secretaria\/tramits\/tramitacio-de-titols-i-certificats\/\">Tramitaci\u00f3 de t\u00edtols i certificats<\/a><\/li>\n<li><a href=\"http:\/\/agora.xtec.cat\/insalfonscostafreda\/docs\/?bpd_tag=secretaria\">Documents<\/a> (autoritzaci\u00f3 de sortides, \u00fas de serveis digitals, etc.)<\/li>\n<li><a href=\"https:\/\/agora.xtec.cat\/insalfonscostafreda\/secretaria\/tramits\/convalidacions\/\">Convalidacions<\/a><\/li>\n<li><a href=\"https:\/\/agora.xtec.cat\/insalfonscostafreda\/secretaria\/tramits\/beques-i-ajuts\/\">Beques i ajuts<\/a><\/li>\n<li><a href=\"https:\/\/agora.xtec.cat\/insalfonscostafreda\/secretaria\/tramits\/homologacions\/\">Homologacions<\/a><\/li>\n<li><a href=\"https:\/\/agora.xtec.cat\/insalfonscostafreda\/secretaria\/tramits\/proves-acces\/\">Proves d&#8217;acc\u00e9s als cicles formatius<\/a><\/li>\n<\/ul>\n<\/li>\n<li><a href=\"https:\/\/agora.xtec.cat\/insalfonscostafreda\/secretaria\/pagaments-en-linia\/\">Pagaments en l\u00ednia<\/a><\/li>\n<li><a href=\"https:\/\/agora.xtec.cat\/insalfonscostafreda\/secretaria\/contractacio\/\">Contractaci\u00f3<\/a><\/li>\n<li><a href=\"https:\/\/agora.xtec.cat\/insalfonscostafreda\/secretaria\/queixes-i-suggeriments\/\">Queixes i suggeriments<\/a><\/li>\n<\/ul>\n","protected":false},"excerpt":{"rendered":"<p>A l&#8217;Institut Alfons Costafreda, la secretaria \u00e9s l&#8217;agent de gesti\u00f3 administrativa visible i per tant, la informaci\u00f3 d&#8217;aquesta secci\u00f3 inclou: Informaci\u00f3 addicional i detallada sobre protecci\u00f3 de dades Horari d&#8217;atenci\u00f3 Tr\u00e0mits (sol\u00b7licitud de certificats&#8230;) Preinscripci\u00f3 i Matr\u00edcula Tramitaci\u00f3 de t\u00edtols i certificats Documents (autoritzaci\u00f3 de sortides, \u00fas de serveis digitals, etc.) Convalidacions Beques i ajuts [&hellip;]<\/p>\n","protected":false},"author":1,"featured_media":0,"parent":0,"menu_order":0,"comment_status":"closed","ping_status":"closed","template":"page-templates\/side-menu.php","meta":{"_bbp_topic_count":0,"_bbp_reply_count":0,"_bbp_total_topic_count":0,"_bbp_total_reply_count":0,"_bbp_voice_count":0,"_bbp_anonymous_reply_count":0,"_bbp_topic_count_hidden":0,"_bbp_reply_count_hidden":0,"_bbp_forum_subforum_count":0,"site-sidebar-layout":"default","site-content-layout":"","ast-site-content-layout":"","site-content-style":"default","site-sidebar-style":"default","ast-global-header-display":"","ast-banner-title-visibility":"","ast-main-header-display":"","ast-hfb-above-header-display":"","ast-hfb-below-header-display":"","ast-hfb-mobile-header-display":"","site-post-title":"","ast-breadcrumbs-content":"","ast-featured-img":"","footer-sml-layout":"","theme-transparent-header-meta":"","adv-header-id-meta":"","stick-header-meta":"","header-above-stick-meta":"","header-main-stick-meta":"","header-below-stick-meta":"","astra-migrate-meta-layouts":"default","ast-page-background-enabled":"default","ast-page-background-meta":{"desktop":{"background-color":"var(--ast-global-color-4)","background-image":"","background-repeat":"repeat","background-position":"center center","background-size":"auto","background-attachment":"scroll","background-type":"","background-media":"","overlay-type":"","overlay-color":"","overlay-opacity":"","overlay-gradient":""},"tablet":{"background-color":"","background-image":"","background-repeat":"repeat","background-position":"center center","background-size":"auto","background-attachment":"scroll","background-type":"","background-media":"","overlay-type":"","overlay-color":"","overlay-opacity":"","overlay-gradient":""},"mobile":{"background-color":"","background-image":"","background-repeat":"repeat","background-position":"center center","background-size":"auto","background-attachment":"scroll","background-type":"","background-media":"","overlay-type":"","overlay-color":"","overlay-opacity":"","overlay-gradient":""}},"ast-content-background-meta":{"desktop":{"background-color":"var(--ast-global-color-5)","background-image":"","background-repeat":"repeat","background-position":"center center","background-size":"auto","background-attachment":"scroll","background-type":"","background-media":"","overlay-type":"","overlay-color":"","overlay-opacity":"","overlay-gradient":""},"tablet":{"background-color":"var(--ast-global-color-5)","background-image":"","background-repeat":"repeat","background-position":"center center","background-size":"auto","background-attachment":"scroll","background-type":"","background-media":"","overlay-type":"","overlay-color":"","overlay-opacity":"","overlay-gradient":""},"mobile":{"background-color":"var(--ast-global-color-5)","background-image":"","background-repeat":"repeat","background-position":"center center","background-size":"auto","background-attachment":"scroll","background-type":"","background-media":"","overlay-type":"","overlay-color":"","overlay-opacity":"","overlay-gradient":""}},"footnotes":""},"class_list":["post-81","page","type-page","status-publish","hentry"],"post_mailing_queue_ids":[],"_links":{"self":[{"href":"https:\/\/agora.xtec.cat\/insalfonscostafreda\/wp-json\/wp\/v2\/pages\/81","targetHints":{"allow":["GET"]}}],"collection":[{"href":"https:\/\/agora.xtec.cat\/insalfonscostafreda\/wp-json\/wp\/v2\/pages"}],"about":[{"href":"https:\/\/agora.xtec.cat\/insalfonscostafreda\/wp-json\/wp\/v2\/types\/page"}],"author":[{"embeddable":true,"href":"https:\/\/agora.xtec.cat\/insalfonscostafreda\/wp-json\/wp\/v2\/users\/1"}],"replies":[{"embeddable":true,"href":"https:\/\/agora.xtec.cat\/insalfonscostafreda\/wp-json\/wp\/v2\/comments?post=81"}],"version-history":[{"count":6,"href":"https:\/\/agora.xtec.cat\/insalfonscostafreda\/wp-json\/wp\/v2\/pages\/81\/revisions"}],"predecessor-version":[{"id":13206,"href":"https:\/\/agora.xtec.cat\/insalfonscostafreda\/wp-json\/wp\/v2\/pages\/81\/revisions\/13206"}],"wp:attachment":[{"href":"https:\/\/agora.xtec.cat\/insalfonscostafreda\/wp-json\/wp\/v2\/media?parent=81"}],"curies":[{"name":"wp","href":"https:\/\/api.w.org\/{rel}","templated":true}]}}