{"id":764,"date":"2023-10-28T12:25:58","date_gmt":"2023-10-28T10:25:58","guid":{"rendered":"https:\/\/agora.xtec.cat\/insalfonscostafreda\/?page_id=764"},"modified":"2026-02-04T08:59:22","modified_gmt":"2026-02-04T07:59:22","slug":"pla-educatiu-entorn","status":"publish","type":"page","link":"https:\/\/agora.xtec.cat\/insalfonscostafreda\/projectes\/programes-de-vinculacio-amb-lentorn\/pla-educatiu-entorn\/","title":{"rendered":"Pla Educatiu d&#8217;Entorn"},"content":{"rendered":"\n<p><img loading=\"lazy\" decoding=\"async\" width=\"112\" height=\"128\" class=\"wp-image-14458\" style=\"width: 112px;\" src=\"https:\/\/agora.xtec.cat\/insalfonscostafreda\/wp-content\/uploads\/usu2359\/logo_pee_tarrega.png\" alt=\"\"><\/p>\n\n\n\n<p>El Pla Educatiu d\u2019Entorn (PEE) \u00e9s un instrument per donar una resposta integrada i comunit\u00e0ria a les necessitats educatives de l&#8217;alumnat, m\u00e9s enll\u00e0 de l\u2019\u00e0mbit acad\u00e8mic.<\/p>\n\n\n\n<p>Xarxa local estable de suport a la comunitat educativa, que permet un treball formatiu fora de l&#8217;entorn escolar amb la col\u00b7laboraci\u00f3 dels diferents serveis i recursos municipals i tamb\u00e9 de les altres institucions i entitats dels \u00e0mbits social, cultural i esportiu.<\/p>\n\n\n\n<p><span class=\"JsGRdQ\">El Pla Educatiu d&#8217;Entorn &#8211; PEE de T\u00e0rrega \u00e9s un pla coliderat pel Departament d&#8217;Educaci\u00f3<\/span><span class=\"JsGRdQ\">&nbsp;i l&#8217;Ajuntament de T\u00e0rrega. Aquest projecte pret\u00e9n esdeveni<\/span><span class=\"JsGRdQ\">r un punt d&#8217;articulaci\u00f3 i palanca de l&#8217;acci\u00f3 de la xarxa educativa, per tal d&#8217;aconsegui<\/span>r l&#8217;\u00e8xit educatiu de tot l&#8217;alumnat a trav\u00e9s de la construcci\u00f3 d\u2019itineraris educatius personalitzats que vinculin aprenentatges formals i no formals, l\u2019impuls de la corresponsabilitat entre escola i fam\u00edlia, l&#8217;atenci\u00f3 a infants i joves de T\u00e0rrega dels 0 als 20 anys i l&#8217;orientaci\u00f3 educativa.<\/p>\n\n\n\n<p class=\" \"><strong><span class=\"JsGRdQ\">Qu\u00e8 ofereix?<\/span><\/strong><\/p>\n\n\n\n<ul class=\"wp-block-list\">\n<li><span class=\"JsGRdQ\">Generaci\u00f3 d&#8217;un cont\u00ednuum educatiu (formal i no formal) que incrementi les possibilitats d\u2019\u00e8xit acad\u00e8mic, personal i relacional de l\u2019alumnat.<\/span><\/li>\n\n\n\n<li><span class=\"JsGRdQ\">Orientaci\u00f3 i acompanyament a l\u2019alumnat i les seves fam\u00edlies dels 0 als 20 anys, especialment en la transici\u00f3 d\u2019etapes educatives i en risc d\u2019abandonament a trav\u00e9s del SOAC.<\/span><\/li>\n\n\n\n<li><span class=\"JsGRdQ\">Potenciaci\u00f3 de la participaci\u00f3 de l&#8217;alumnat tant en el centre com en l\u2019entorn educatiu.<\/span><\/li>\n\n\n\n<li><span class=\"JsGRdQ\">Promoci\u00f3 de l\u2019acci\u00f3 tutorial compartida com a eina per facilitar la implicaci\u00f3 de les fam\u00edlies en el proc\u00e9s educatiu dels seus fills i filles.<\/span><\/li>\n\n\n\n<li><span class=\"JsGRdQ\">Promoci\u00f3 de l\u2019\u00fas de la llengua catalana com a element de cohesi\u00f3 social i l\u2019educaci\u00f3 intercultural en un marc d\u2019elements i valors compartits.<\/span><\/li>\n\n\n\n<li><span class=\"JsGRdQ\">Potenciaci\u00f3 dels estils de vida saludables i la pr\u00e0ctica regular de l\u2019activitat fisicoesportiva.<\/span><\/li>\n<\/ul>\n\n\n\n<h2 class=\"wp-block-heading\">V\u00eddeo presentaci\u00f3 del PEE<\/h2>\n\n\n\n<p><iframe loading=\"lazy\" title=\"YouTube video player\" src=\"https:\/\/www.youtube.com\/embed\/sSA_7ZRp3V4?si=76avUW4FlC-ywOEL\" width=\"560\" height=\"315\" frameborder=\"0\" allowfullscreen=\"allowfullscreen\"><\/iframe><\/p>\n","protected":false},"excerpt":{"rendered":"<p>El Pla Educatiu d\u2019Entorn (PEE) \u00e9s un instrument per donar una resposta integrada i comunit\u00e0ria a les necessitats educatives de l&#8217;alumnat, m\u00e9s enll\u00e0 de l\u2019\u00e0mbit acad\u00e8mic. Xarxa local estable de suport a la comunitat educativa, que permet un treball formatiu fora de l&#8217;entorn escolar amb la col\u00b7laboraci\u00f3 dels diferents serveis i recursos municipals i tamb\u00e9 [&hellip;]<\/p>\n","protected":false},"author":1,"featured_media":0,"parent":14436,"menu_order":1,"comment_status":"closed","ping_status":"closed","template":"page-templates\/side-menu.php","meta":{"_bbp_topic_count":0,"_bbp_reply_count":0,"_bbp_total_topic_count":0,"_bbp_total_reply_count":0,"_bbp_voice_count":0,"_bbp_anonymous_reply_count":0,"_bbp_topic_count_hidden":0,"_bbp_reply_count_hidden":0,"_bbp_forum_subforum_count":0,"site-sidebar-layout":"default","site-content-layout":"","ast-site-content-layout":"","site-content-style":"default","site-sidebar-style":"default","ast-global-header-display":"","ast-banner-title-visibility":"","ast-main-header-display":"","ast-hfb-above-header-display":"","ast-hfb-below-header-display":"","ast-hfb-mobile-header-display":"","site-post-title":"","ast-breadcrumbs-content":"","ast-featured-img":"","footer-sml-layout":"","theme-transparent-header-meta":"","adv-header-id-meta":"","stick-header-meta":"","header-above-stick-meta":"","header-main-stick-meta":"","header-below-stick-meta":"","astra-migrate-meta-layouts":"default","ast-page-background-enabled":"default","ast-page-background-meta":{"desktop":{"background-color":"var(--ast-global-color-4)","background-image":"","background-repeat":"repeat","background-position":"center center","background-size":"auto","background-attachment":"scroll","background-type":"","background-media":"","overlay-type":"","overlay-color":"","overlay-opacity":"","overlay-gradient":""},"tablet":{"background-color":"","background-image":"","background-repeat":"repeat","background-position":"center center","background-size":"auto","background-attachment":"scroll","background-type":"","background-media":"","overlay-type":"","overlay-color":"","overlay-opacity":"","overlay-gradient":""},"mobile":{"background-color":"","background-image":"","background-repeat":"repeat","background-position":"center center","background-size":"auto","background-attachment":"scroll","background-type":"","background-media":"","overlay-type":"","overlay-color":"","overlay-opacity":"","overlay-gradient":""}},"ast-content-background-meta":{"desktop":{"background-color":"var(--ast-global-color-5)","background-image":"","background-repeat":"repeat","background-position":"center center","background-size":"auto","background-attachment":"scroll","background-type":"","background-media":"","overlay-type":"","overlay-color":"","overlay-opacity":"","overlay-gradient":""},"tablet":{"background-color":"var(--ast-global-color-5)","background-image":"","background-repeat":"repeat","background-position":"center center","background-size":"auto","background-attachment":"scroll","background-type":"","background-media":"","overlay-type":"","overlay-color":"","overlay-opacity":"","overlay-gradient":""},"mobile":{"background-color":"var(--ast-global-color-5)","background-image":"","background-repeat":"repeat","background-position":"center center","background-size":"auto","background-attachment":"scroll","background-type":"","background-media":"","overlay-type":"","overlay-color":"","overlay-opacity":"","overlay-gradient":""}},"footnotes":""},"class_list":["post-764","page","type-page","status-publish","hentry"],"post_mailing_queue_ids":[],"_links":{"self":[{"href":"https:\/\/agora.xtec.cat\/insalfonscostafreda\/wp-json\/wp\/v2\/pages\/764","targetHints":{"allow":["GET"]}}],"collection":[{"href":"https:\/\/agora.xtec.cat\/insalfonscostafreda\/wp-json\/wp\/v2\/pages"}],"about":[{"href":"https:\/\/agora.xtec.cat\/insalfonscostafreda\/wp-json\/wp\/v2\/types\/page"}],"author":[{"embeddable":true,"href":"https:\/\/agora.xtec.cat\/insalfonscostafreda\/wp-json\/wp\/v2\/users\/1"}],"replies":[{"embeddable":true,"href":"https:\/\/agora.xtec.cat\/insalfonscostafreda\/wp-json\/wp\/v2\/comments?post=764"}],"version-history":[{"count":5,"href":"https:\/\/agora.xtec.cat\/insalfonscostafreda\/wp-json\/wp\/v2\/pages\/764\/revisions"}],"predecessor-version":[{"id":14460,"href":"https:\/\/agora.xtec.cat\/insalfonscostafreda\/wp-json\/wp\/v2\/pages\/764\/revisions\/14460"}],"up":[{"embeddable":true,"href":"https:\/\/agora.xtec.cat\/insalfonscostafreda\/wp-json\/wp\/v2\/pages\/14436"}],"wp:attachment":[{"href":"https:\/\/agora.xtec.cat\/insalfonscostafreda\/wp-json\/wp\/v2\/media?parent=764"}],"curies":[{"name":"wp","href":"https:\/\/api.w.org\/{rel}","templated":true}]}}