{"id":758,"date":"2023-10-28T12:10:11","date_gmt":"2023-10-28T10:10:11","guid":{"rendered":"https:\/\/agora.xtec.cat\/insalfonscostafreda\/?page_id=758"},"modified":"2026-03-24T15:03:06","modified_gmt":"2026-03-24T14:03:06","slug":"erasmus","status":"publish","type":"page","link":"https:\/\/agora.xtec.cat\/insalfonscostafreda\/erasmus\/","title":{"rendered":"Erasmus+"},"content":{"rendered":"\n<div class=\"wp-block-columns is-layout-flex wp-container-core-columns-is-layout-1 wp-block-columns-is-layout-flex\">\n<div class=\"wp-block-column is-layout-flow wp-block-column-is-layout-flow\">\n<figure class=\"wp-block-image size-large\"><img loading=\"lazy\" decoding=\"async\" width=\"724\" height=\"1024\" src=\"https:\/\/agora.xtec.cat\/insalfonscostafreda\/wp-content\/uploads\/usu2359\/activitats-amb-francesos-i-alemanys-1-724x1024.png\" alt=\"\" class=\"wp-image-13494\" srcset=\"https:\/\/agora.xtec.cat\/insalfonscostafreda\/wp-content\/uploads\/usu2359\/activitats-amb-francesos-i-alemanys-1-724x1024.png 724w, https:\/\/agora.xtec.cat\/insalfonscostafreda\/wp-content\/uploads\/usu2359\/activitats-amb-francesos-i-alemanys-1-212x300.png 212w, https:\/\/agora.xtec.cat\/insalfonscostafreda\/wp-content\/uploads\/usu2359\/activitats-amb-francesos-i-alemanys-1-768x1086.png 768w, https:\/\/agora.xtec.cat\/insalfonscostafreda\/wp-content\/uploads\/usu2359\/activitats-amb-francesos-i-alemanys-1-1086x1536.png 1086w, https:\/\/agora.xtec.cat\/insalfonscostafreda\/wp-content\/uploads\/usu2359\/activitats-amb-francesos-i-alemanys-1.png 1414w\" sizes=\"auto, (max-width: 724px) 100vw, 724px\" \/><\/figure>\n<\/div>\n\n\n\n<div class=\"wp-block-column is-layout-flow wp-block-column-is-layout-flow\">\n<figure class=\"wp-block-image size-large\"><img loading=\"lazy\" decoding=\"async\" width=\"724\" height=\"1024\" src=\"https:\/\/agora.xtec.cat\/insalfonscostafreda\/wp-content\/uploads\/usu2359\/activitats-amb-austriacs-1-724x1024.png\" alt=\"\" class=\"wp-image-13493\" srcset=\"https:\/\/agora.xtec.cat\/insalfonscostafreda\/wp-content\/uploads\/usu2359\/activitats-amb-austriacs-1-724x1024.png 724w, https:\/\/agora.xtec.cat\/insalfonscostafreda\/wp-content\/uploads\/usu2359\/activitats-amb-austriacs-1-212x300.png 212w, https:\/\/agora.xtec.cat\/insalfonscostafreda\/wp-content\/uploads\/usu2359\/activitats-amb-austriacs-1-768x1086.png 768w, https:\/\/agora.xtec.cat\/insalfonscostafreda\/wp-content\/uploads\/usu2359\/activitats-amb-austriacs-1-1086x1536.png 1086w, https:\/\/agora.xtec.cat\/insalfonscostafreda\/wp-content\/uploads\/usu2359\/activitats-amb-austriacs-1.png 1414w\" sizes=\"auto, (max-width: 724px) 100vw, 724px\" \/><\/figure>\n<\/div>\n<\/div>\n\n\n\n<p><strong>Qu\u00e8 <\/strong>\u00e9s Erasmus+?<\/p>\n\n\n\n<p>Erasmus+ \u00e9s un programa que pret\u00e9n potenciar l\u2019aprenentatge permanent i la <strong>mobilitat<\/strong>, millorar la qualitat i l\u2019efic\u00e0cia de l\u2019educaci\u00f3 i la formaci\u00f3, promoure l\u2019equitat, la cohesi\u00f3 social i la ciutadania activa i incrementar la creativitat i la innovaci\u00f3, fins it tot l\u2019esperit empresarial, en sectors de l\u2019educaci\u00f3 i la formaci\u00f3.<\/p>\n\n\n\n<p><strong>Qui <\/strong>pot sol\u00b7licitar un Erasmus+?<\/p>\n\n\n\n<ul class=\"wp-block-list\">\n<li>Qualsevol alumne del centre que cursi un cicle de formaci\u00f3 professional.<\/li>\n\n\n\n<li>Qualsevol professional amb vinculaci\u00f3 docent al centre.<\/li>\n<\/ul>\n\n\n\n<p><strong>Quan <\/strong>es fan les mobilitats?<\/p>\n\n\n\n<p>Normalment, les mobilitats es duen a terme durant l\u2019estiu, per no coincidir amb el curs escolar, per\u00f2&nbsp; sempre dependr\u00e0 del tipus de mobilitat que es sol\u00b7licita.<\/p>\n\n\n\n<p><b>On&nbsp;<\/b>es va?<\/p>\n\n\n\n<p>Les mobilitats es poden sol\u00b7licitar a qualsevol dels pa\u00efsos seg\u00fcents:<\/p>\n\n\n\n<ul class=\"wp-block-list\">\n<li><strong>Grup 1:<\/strong> Dinamarca, Finlandia, Irlanda, Islandia, Liechtenstein, Luxemburg, Noruega, Regne Unit, Su\u00e8cia<\/li>\n\n\n\n<li><strong>Grup 2<\/strong>: Alemanya, \u00c0ustria, B\u00e8lgica, Xipre, Fran\u00e7a, Gr\u00e8cia, It\u00e0lia, Malta, Pa\u00efsos Baixos, Portugal<\/li>\n\n\n\n<li><strong>Grup 3:<\/strong> Bulg\u00e0ria, Cro\u00e0cia, Eslov\u00e0quia, Eslov\u00e8nia, Est\u00f2nia, Hongria, Let\u00f2nia, Litu\u00e0nia, Pol\u00f2nia, Rep\u00fablica Txeca, Rep\u00fablica de Maced\u00f2nia del Nord, Romania, S\u00e8rbia, Turquia<\/li>\n<\/ul>\n\n\n\n<p><b>Per qu\u00e8&nbsp;<\/b>hauria de fer un Erasmus+?<\/p>\n\n\n\n<p>Et podr\u00edem exposar tota la s\u00e8rie de motius que creiem que et farien decantar per aquesta experi\u00e8ncia: aprenentatge internacional, noves perspectives, millor curr\u00edculum, pr\u00e0ctica d\u2019idioma estranger, formaci\u00f3 reglada i reconeguda, pr\u00e0ctiques a l\u2019estranger, <em>networking<\/em>, experi\u00e8ncia \u00fanica, viatge subvencionat, per\u00f2 et recomanem que ho preguntis a companys i companyes que hi hagin anat: t\u2019assegurem que tots et donaran motius de sobres per anar-hi.<\/p>\n\n\n\n<p><b>Com&nbsp;<\/b>he de demanar un Erasmus+?<\/p>\n\n\n\n<p>Hauries de contactar amb la coordinaci\u00f3 de mobilitat del centre o b\u00e9 enviar un correu electr\u00f2nic a <mark style=\"background-color:rgba(0, 0, 0, 0)\" class=\"has-inline-color has-ast-global-color-0-color\"><strong>mobilitat@insalfonscostafreda.cat<\/strong><\/mark><br><\/p>\n\n\n\n<p><b>I per qu\u00e8 al Costafreda?<\/b><\/p>\n\n\n\n<p>Perqu\u00e8 l\u2019Institut Alfons Costafreda apostem per la mobilitat internacional i \u00e9s un centre de refer\u00e8ncia en aquest \u00e0mbit. Aix\u00ed ho contempla la nostra Carta Erasmus que ens va concedir la Comissi\u00f3 Europea i la Declaraci\u00f3 de la Pol\u00edtica d\u2019Erasmus.<\/p>\n","protected":false},"excerpt":{"rendered":"<p>Qu\u00e8 \u00e9s Erasmus+? Erasmus+ \u00e9s un programa que pret\u00e9n potenciar l\u2019aprenentatge permanent i la mobilitat, millorar la qualitat i l\u2019efic\u00e0cia de l\u2019educaci\u00f3 i la formaci\u00f3, promoure l\u2019equitat, la cohesi\u00f3 social i la ciutadania activa i incrementar la creativitat i la innovaci\u00f3, fins it tot l\u2019esperit empresarial, en sectors de l\u2019educaci\u00f3 i la formaci\u00f3. Qui pot [&hellip;]<\/p>\n","protected":false},"author":1,"featured_media":0,"parent":0,"menu_order":0,"comment_status":"closed","ping_status":"closed","template":"","meta":{"_bbp_topic_count":0,"_bbp_reply_count":0,"_bbp_total_topic_count":0,"_bbp_total_reply_count":0,"_bbp_voice_count":0,"_bbp_anonymous_reply_count":0,"_bbp_topic_count_hidden":0,"_bbp_reply_count_hidden":0,"_bbp_forum_subforum_count":0,"site-sidebar-layout":"default","site-content-layout":"","ast-site-content-layout":"default","site-content-style":"default","site-sidebar-style":"default","ast-global-header-display":"","ast-banner-title-visibility":"","ast-main-header-display":"","ast-hfb-above-header-display":"","ast-hfb-below-header-display":"","ast-hfb-mobile-header-display":"","site-post-title":"","ast-breadcrumbs-content":"","ast-featured-img":"","footer-sml-layout":"","theme-transparent-header-meta":"","adv-header-id-meta":"","stick-header-meta":"","header-above-stick-meta":"","header-main-stick-meta":"","header-below-stick-meta":"","astra-migrate-meta-layouts":"set","ast-page-background-enabled":"default","ast-page-background-meta":{"desktop":{"background-color":"var(--ast-global-color-4)","background-image":"","background-repeat":"repeat","background-position":"center center","background-size":"auto","background-attachment":"scroll","background-type":"","background-media":"","overlay-type":"","overlay-color":"","overlay-opacity":"","overlay-gradient":""},"tablet":{"background-color":"","background-image":"","background-repeat":"repeat","background-position":"center center","background-size":"auto","background-attachment":"scroll","background-type":"","background-media":"","overlay-type":"","overlay-color":"","overlay-opacity":"","overlay-gradient":""},"mobile":{"background-color":"","background-image":"","background-repeat":"repeat","background-position":"center center","background-size":"auto","background-attachment":"scroll","background-type":"","background-media":"","overlay-type":"","overlay-color":"","overlay-opacity":"","overlay-gradient":""}},"ast-content-background-meta":{"desktop":{"background-color":"var(--ast-global-color-5)","background-image":"","background-repeat":"repeat","background-position":"center center","background-size":"auto","background-attachment":"scroll","background-type":"","background-media":"","overlay-type":"","overlay-color":"","overlay-opacity":"","overlay-gradient":""},"tablet":{"background-color":"var(--ast-global-color-5)","background-image":"","background-repeat":"repeat","background-position":"center center","background-size":"auto","background-attachment":"scroll","background-type":"","background-media":"","overlay-type":"","overlay-color":"","overlay-opacity":"","overlay-gradient":""},"mobile":{"background-color":"var(--ast-global-color-5)","background-image":"","background-repeat":"repeat","background-position":"center center","background-size":"auto","background-attachment":"scroll","background-type":"","background-media":"","overlay-type":"","overlay-color":"","overlay-opacity":"","overlay-gradient":""}},"footnotes":""},"class_list":["post-758","page","type-page","status-publish","hentry"],"post_mailing_queue_ids":[],"_links":{"self":[{"href":"https:\/\/agora.xtec.cat\/insalfonscostafreda\/wp-json\/wp\/v2\/pages\/758","targetHints":{"allow":["GET"]}}],"collection":[{"href":"https:\/\/agora.xtec.cat\/insalfonscostafreda\/wp-json\/wp\/v2\/pages"}],"about":[{"href":"https:\/\/agora.xtec.cat\/insalfonscostafreda\/wp-json\/wp\/v2\/types\/page"}],"author":[{"embeddable":true,"href":"https:\/\/agora.xtec.cat\/insalfonscostafreda\/wp-json\/wp\/v2\/users\/1"}],"replies":[{"embeddable":true,"href":"https:\/\/agora.xtec.cat\/insalfonscostafreda\/wp-json\/wp\/v2\/comments?post=758"}],"version-history":[{"count":6,"href":"https:\/\/agora.xtec.cat\/insalfonscostafreda\/wp-json\/wp\/v2\/pages\/758\/revisions"}],"predecessor-version":[{"id":14687,"href":"https:\/\/agora.xtec.cat\/insalfonscostafreda\/wp-json\/wp\/v2\/pages\/758\/revisions\/14687"}],"wp:attachment":[{"href":"https:\/\/agora.xtec.cat\/insalfonscostafreda\/wp-json\/wp\/v2\/media?parent=758"}],"curies":[{"name":"wp","href":"https:\/\/api.w.org\/{rel}","templated":true}]}}