{"id":75,"date":"2014-09-18T10:21:02","date_gmt":"2014-09-18T08:21:02","guid":{"rendered":"http:\/\/agora.xtec.cat\/insalfonscostafreda\/?page_id=75"},"modified":"2024-10-15T19:10:42","modified_gmt":"2024-10-15T17:10:42","slug":"activitats-extraescolars","status":"publish","type":"page","link":"https:\/\/agora.xtec.cat\/insalfonscostafreda\/families\/activitats-extraescolars\/","title":{"rendered":"Activitats extraescolars"},"content":{"rendered":"<p><img loading=\"lazy\" decoding=\"async\" class=\"wp-image-1332 alignleft\" src=\"https:\/\/agora.xtec.cat\/insalfonscostafreda\/wp-content\/uploads\/usu2359\/TDSRE-al-centre-educatiu-PEE-0-20-Tarrega-724x1024.png\" alt=\"\" width=\"323\" height=\"461\" \/>En el marc del Pla Educatiu d&#8217;Entorn 0-20 de T\u00e0rrega, el nostre centre educatiu participa en els <strong>Tallers Diversificats de Suport i Refor\u00e7 Educatiu<\/strong> que tenen com a finalitat esdevenir una acci\u00f3 educativa orientada a acompanyar els infants i els joves en l\u2019adquisici\u00f3 de capacitats i compet\u00e8ncies, generant condicions d\u2019igualtat d\u2019oportunitats en els processos escolars i en els resultats acad\u00e8mics.<\/p>\n<p>Aquesta proposta est\u00e0 dissenyada per donar resposta a les diferents necessitats i interessos de l\u2019alumnat, amb la finalitat de facilitar la construcci\u00f3 de traject\u00f2ries educatives i personals d\u2019\u00e8xit. En aquest sentit, i per garantir la m\u00e0xima efic\u00e0cia de la intervenci\u00f3 educativa, s\u2019elabora una proposta diversificada que pugui atendre l\u2019alumnat que prov\u00e9 dels centres educatius de la ciutat.<\/p>\n<p>Aquesta actuaci\u00f3 forma part del Programa d\u2019orientaci\u00f3 i refor\u00e7 per a l\u2019avan\u00e7 i suport a l\u2019educaci\u00f3 del Ministeri d\u2019Educaci\u00f3 i Formaci\u00f3 Professional i est\u00e0 cofinan\u00e7at pel Programa operatiu d\u2019ocupaci\u00f3, formaci\u00f3 i educaci\u00f3 del Fons Social Europeu 2014-2020 (POEFE).<\/p>\n<p>\u00a0<\/p>\n<p>\u00a0<\/p>\n<p>\u00a0<\/p>\n<p>A banda d&#8217;aquesta proposta, l&#8217;AFA ha organitzat les seg\u00fcents <strong>activitats pel curs 2024-2025<\/strong><\/p>\n\n\n<div data-wp-interactive=\"core\/file\" class=\"wp-block-file\"><object data-wp-bind--hidden=\"!state.hasPdfPreview\" hidden class=\"wp-block-file__embed\" data=\"https:\/\/agora.xtec.cat\/insalfonscostafreda\/wp-content\/uploads\/usu2359\/Extraescolars-INS-Costafreda-1-1_compressed.pdf\" type=\"application\/pdf\" style=\"width:100%;height:600px\" aria-label=\"Incrustaci\u00f3 del fitxer Extraescolars-INS-Costafreda-1-1_compressed.\"><\/object><a id=\"wp-block-file--media-431846ef-1588-42af-ae1a-481a55bd8e8d\" href=\"https:\/\/agora.xtec.cat\/insalfonscostafreda\/wp-content\/uploads\/usu2359\/Extraescolars-INS-Costafreda-1-1_compressed.pdf\">Extraescolars-INS-Costafreda-1-1_compressed<\/a><a href=\"https:\/\/agora.xtec.cat\/insalfonscostafreda\/wp-content\/uploads\/usu2359\/Extraescolars-INS-Costafreda-1-1_compressed.pdf\" class=\"wp-block-file__button wp-element-button\" download aria-describedby=\"wp-block-file--media-431846ef-1588-42af-ae1a-481a55bd8e8d\">Baixa<\/a><\/div>\n","protected":false},"excerpt":{"rendered":"<p>En el marc del Pla Educatiu d&#8217;Entorn 0-20 de T\u00e0rrega, el nostre centre educatiu participa en els Tallers Diversificats de Suport i Refor\u00e7 Educatiu que tenen com a finalitat esdevenir una acci\u00f3 educativa orientada a acompanyar els infants i els joves en l\u2019adquisici\u00f3 de capacitats i compet\u00e8ncies, generant condicions d\u2019igualtat d\u2019oportunitats en els processos escolars [&hellip;]<\/p>\n","protected":false},"author":1,"featured_media":0,"parent":805,"menu_order":3,"comment_status":"closed","ping_status":"closed","template":"page-templates\/side-menu.php","meta":{"_bbp_topic_count":0,"_bbp_reply_count":0,"_bbp_total_topic_count":0,"_bbp_total_reply_count":0,"_bbp_voice_count":0,"_bbp_anonymous_reply_count":0,"_bbp_topic_count_hidden":0,"_bbp_reply_count_hidden":0,"_bbp_forum_subforum_count":0,"site-sidebar-layout":"default","site-content-layout":"","ast-site-content-layout":"","site-content-style":"default","site-sidebar-style":"default","ast-global-header-display":"","ast-banner-title-visibility":"","ast-main-header-display":"","ast-hfb-above-header-display":"","ast-hfb-below-header-display":"","ast-hfb-mobile-header-display":"","site-post-title":"","ast-breadcrumbs-content":"","ast-featured-img":"","footer-sml-layout":"","theme-transparent-header-meta":"","adv-header-id-meta":"","stick-header-meta":"","header-above-stick-meta":"","header-main-stick-meta":"","header-below-stick-meta":"","astra-migrate-meta-layouts":"default","ast-page-background-enabled":"default","ast-page-background-meta":{"desktop":{"background-color":"var(--ast-global-color-4)","background-image":"","background-repeat":"repeat","background-position":"center center","background-size":"auto","background-attachment":"scroll","background-type":"","background-media":"","overlay-type":"","overlay-color":"","overlay-opacity":"","overlay-gradient":""},"tablet":{"background-color":"","background-image":"","background-repeat":"repeat","background-position":"center center","background-size":"auto","background-attachment":"scroll","background-type":"","background-media":"","overlay-type":"","overlay-color":"","overlay-opacity":"","overlay-gradient":""},"mobile":{"background-color":"","background-image":"","background-repeat":"repeat","background-position":"center center","background-size":"auto","background-attachment":"scroll","background-type":"","background-media":"","overlay-type":"","overlay-color":"","overlay-opacity":"","overlay-gradient":""}},"ast-content-background-meta":{"desktop":{"background-color":"var(--ast-global-color-5)","background-image":"","background-repeat":"repeat","background-position":"center center","background-size":"auto","background-attachment":"scroll","background-type":"","background-media":"","overlay-type":"","overlay-color":"","overlay-opacity":"","overlay-gradient":""},"tablet":{"background-color":"var(--ast-global-color-5)","background-image":"","background-repeat":"repeat","background-position":"center center","background-size":"auto","background-attachment":"scroll","background-type":"","background-media":"","overlay-type":"","overlay-color":"","overlay-opacity":"","overlay-gradient":""},"mobile":{"background-color":"var(--ast-global-color-5)","background-image":"","background-repeat":"repeat","background-position":"center center","background-size":"auto","background-attachment":"scroll","background-type":"","background-media":"","overlay-type":"","overlay-color":"","overlay-opacity":"","overlay-gradient":""}},"footnotes":""},"class_list":["post-75","page","type-page","status-publish","hentry"],"post_mailing_queue_ids":[],"_links":{"self":[{"href":"https:\/\/agora.xtec.cat\/insalfonscostafreda\/wp-json\/wp\/v2\/pages\/75","targetHints":{"allow":["GET"]}}],"collection":[{"href":"https:\/\/agora.xtec.cat\/insalfonscostafreda\/wp-json\/wp\/v2\/pages"}],"about":[{"href":"https:\/\/agora.xtec.cat\/insalfonscostafreda\/wp-json\/wp\/v2\/types\/page"}],"author":[{"embeddable":true,"href":"https:\/\/agora.xtec.cat\/insalfonscostafreda\/wp-json\/wp\/v2\/users\/1"}],"replies":[{"embeddable":true,"href":"https:\/\/agora.xtec.cat\/insalfonscostafreda\/wp-json\/wp\/v2\/comments?post=75"}],"version-history":[{"count":6,"href":"https:\/\/agora.xtec.cat\/insalfonscostafreda\/wp-json\/wp\/v2\/pages\/75\/revisions"}],"predecessor-version":[{"id":13049,"href":"https:\/\/agora.xtec.cat\/insalfonscostafreda\/wp-json\/wp\/v2\/pages\/75\/revisions\/13049"}],"up":[{"embeddable":true,"href":"https:\/\/agora.xtec.cat\/insalfonscostafreda\/wp-json\/wp\/v2\/pages\/805"}],"wp:attachment":[{"href":"https:\/\/agora.xtec.cat\/insalfonscostafreda\/wp-json\/wp\/v2\/media?parent=75"}],"curies":[{"name":"wp","href":"https:\/\/api.w.org\/{rel}","templated":true}]}}