{"id":742,"date":"2023-10-28T11:55:46","date_gmt":"2023-10-28T09:55:46","guid":{"rendered":"https:\/\/agora.xtec.cat\/insalfonscostafreda\/?page_id=742"},"modified":"2026-02-04T11:26:34","modified_gmt":"2026-02-04T10:26:34","slug":"la-formacio-professional-dual","status":"publish","type":"page","link":"https:\/\/agora.xtec.cat\/insalfonscostafreda\/empreses\/la-formacio-professional-dual\/","title":{"rendered":"La Formaci\u00f3 DUAL"},"content":{"rendered":"\n<figure class=\"wp-block-image aligncenter size-full is-resized\"><img loading=\"lazy\" decoding=\"async\" width=\"798\" height=\"457\" src=\"https:\/\/agora.xtec.cat\/insalfonscostafreda\/wp-content\/uploads\/usu2359\/image-6.png\" alt=\"\" class=\"wp-image-14485\" style=\"width:386px;height:auto\" srcset=\"https:\/\/agora.xtec.cat\/insalfonscostafreda\/wp-content\/uploads\/usu2359\/image-6.png 798w, https:\/\/agora.xtec.cat\/insalfonscostafreda\/wp-content\/uploads\/usu2359\/image-6-300x172.png 300w, https:\/\/agora.xtec.cat\/insalfonscostafreda\/wp-content\/uploads\/usu2359\/image-6-768x440.png 768w\" sizes=\"auto, (max-width: 798px) 100vw, 798px\" \/><\/figure>\n\n\n<p>La\u00a0<strong>formaci\u00f3 dual<\/strong>\u00a0\u00e9s la modalitat de la formaci\u00f3 professional (FP) en la qual l&#8217;estudiant esdev\u00e9 aprenent i combina la formaci\u00f3 en el centre educatiu amb l&#8217;activitat productiva en l&#8217;empresa.<\/p>\n<p>Els objectius s\u00f3n:<\/p>\n<ul>\n<li>Adequar la formaci\u00f3 professional a les necessitats de les empreses,<\/li>\n<li>Establir una major vinculaci\u00f3 i coresponsabilitat entre els centres de formaci\u00f3 professional i les empreses, en el proc\u00e9s formatiu del jovent,<\/li>\n<li>Millorar el proc\u00e9s d&#8217;aprenentatge dels estudiants de formaci\u00f3 professional.<\/li>\n<\/ul>\n<p>Els centres i les empreses comparteixen les responsabilitats formatives, per tal que els ensenyaments professionals s&#8217;adeq\u00fcin a les necessitats del mercat laboral.<\/p>\n<h2 class=\"basic_title col-sm-12 pd-10\">Beneficis<\/h2>\n<div class=\"col-xs-12 columna_esquerra\">\n<div class=\"cos_bloc basic_text_peq pd-15 link-dotted\">\n<p>La formaci\u00f3 dual aporta als alumnes:<\/p>\n<ul>\n<li>Millorar el currr\u00edculum professional<\/li>\n<li>Desenvolupar les compet\u00e8ncies professionals en un entorn laboral real<\/li>\n<li>Afavorir la incorporaci\u00f3 al m\u00f3n laboral com a aprenent qualificat<\/li>\n<li>Recon\u00e8ixer el valor que aporta l&#8217;estudiant per l&#8217;activitat desenvolupada a l&#8217;empresa<\/li>\n<li>Adquirir experi\u00e8ncia acad\u00e8mica i laboral durant l\u2019estada<\/li>\n<\/ul>\n<p>Alhora l&#8217;empresa i el centre educatiu tamb\u00e9 n&#8217;obtenen beneficis, en tant en quant incorporen personal qualificat a l&#8217;Empresa, i els centres intercanvien i transfereixen coneixements amb les empreses.<\/p>\n<p>M\u00e9s informaci\u00f3: <a href=\"https:\/\/triaeducativa.gencat.cat\/ca\/fp\/cataleg-serveis\/fp-dual\/index.html\">https:\/\/triaeducativa.gencat.cat\/ca\/fp\/cataleg-serveis\/fp-dual\/index.html<\/a><\/p>\n<h2>La Dual al Costafreda<\/h2>\n<p>L\u2019INS Alfons Costafreda ha estat un dels centres pioners a Catalunya en en la modalitat de la FP en alternan\u00e7a a l\u2019empresa.<\/p>\n<p>El centre col.labora amb importants empreses de la zona des del 2006, amb l\u2019objectiu de poder satisfer la demanda de treballadors formats en determinades qualificacions professionals. Aix\u00f2 ha suposat adaptar els perfils professionals i els curr\u00edculums a les demandes del mercat laboral i implantar la formaci\u00f3 en alternan\u00e7a escola-empresa.<\/p>\n<p>La formaci\u00f3 en alternan\u00e7a s\u2019implant\u00e0 al nostre centre el curs 2008-09 i s\u2019oferta Cicles Formatius en alternan\u00e7a Dual des del curs 2012-13.<\/p>\n<p><strong>Tots els cicles formatius que s\u2019imparteixen al centre es poden cursar en la modalitat DUAL.<\/strong><\/p>\n<div>\n<blockquote>\n<p>\u00a0<em>Campanya cofinan\u00e7ada pel Fons Social Europeu<\/em><\/p>\n<p><em><img loading=\"lazy\" decoding=\"async\" src=\"https:\/\/www.insalfonscostafreda.cat\/web\/images\/fotos19\/logo.png\" alt=\"\" width=\"595\" height=\"80\" \/><\/em><\/p>\n<\/blockquote>\n<\/div>\n<\/div>\n<\/div>","protected":false},"excerpt":{"rendered":"<p>La\u00a0formaci\u00f3 dual\u00a0\u00e9s la modalitat de la formaci\u00f3 professional (FP) en la qual l&#8217;estudiant esdev\u00e9 aprenent i combina la formaci\u00f3 en el centre educatiu amb l&#8217;activitat productiva en l&#8217;empresa. Els objectius s\u00f3n: Adequar la formaci\u00f3 professional a les necessitats de les empreses, Establir una major vinculaci\u00f3 i coresponsabilitat entre els centres de formaci\u00f3 professional i les [&hellip;]<\/p>\n","protected":false},"author":1,"featured_media":0,"parent":528,"menu_order":0,"comment_status":"closed","ping_status":"closed","template":"page-templates\/side-menu.php","meta":{"_bbp_topic_count":0,"_bbp_reply_count":0,"_bbp_total_topic_count":0,"_bbp_total_reply_count":0,"_bbp_voice_count":0,"_bbp_anonymous_reply_count":0,"_bbp_topic_count_hidden":0,"_bbp_reply_count_hidden":0,"_bbp_forum_subforum_count":0,"site-sidebar-layout":"default","site-content-layout":"","ast-site-content-layout":"","site-content-style":"default","site-sidebar-style":"default","ast-global-header-display":"","ast-banner-title-visibility":"","ast-main-header-display":"","ast-hfb-above-header-display":"","ast-hfb-below-header-display":"","ast-hfb-mobile-header-display":"","site-post-title":"","ast-breadcrumbs-content":"","ast-featured-img":"","footer-sml-layout":"","theme-transparent-header-meta":"","adv-header-id-meta":"","stick-header-meta":"","header-above-stick-meta":"","header-main-stick-meta":"","header-below-stick-meta":"","astra-migrate-meta-layouts":"default","ast-page-background-enabled":"default","ast-page-background-meta":{"desktop":{"background-color":"var(--ast-global-color-4)","background-image":"","background-repeat":"repeat","background-position":"center center","background-size":"auto","background-attachment":"scroll","background-type":"","background-media":"","overlay-type":"","overlay-color":"","overlay-opacity":"","overlay-gradient":""},"tablet":{"background-color":"","background-image":"","background-repeat":"repeat","background-position":"center center","background-size":"auto","background-attachment":"scroll","background-type":"","background-media":"","overlay-type":"","overlay-color":"","overlay-opacity":"","overlay-gradient":""},"mobile":{"background-color":"","background-image":"","background-repeat":"repeat","background-position":"center center","background-size":"auto","background-attachment":"scroll","background-type":"","background-media":"","overlay-type":"","overlay-color":"","overlay-opacity":"","overlay-gradient":""}},"ast-content-background-meta":{"desktop":{"background-color":"var(--ast-global-color-5)","background-image":"","background-repeat":"repeat","background-position":"center center","background-size":"auto","background-attachment":"scroll","background-type":"","background-media":"","overlay-type":"","overlay-color":"","overlay-opacity":"","overlay-gradient":""},"tablet":{"background-color":"var(--ast-global-color-5)","background-image":"","background-repeat":"repeat","background-position":"center center","background-size":"auto","background-attachment":"scroll","background-type":"","background-media":"","overlay-type":"","overlay-color":"","overlay-opacity":"","overlay-gradient":""},"mobile":{"background-color":"var(--ast-global-color-5)","background-image":"","background-repeat":"repeat","background-position":"center center","background-size":"auto","background-attachment":"scroll","background-type":"","background-media":"","overlay-type":"","overlay-color":"","overlay-opacity":"","overlay-gradient":""}},"footnotes":""},"class_list":["post-742","page","type-page","status-publish","hentry"],"post_mailing_queue_ids":[],"_links":{"self":[{"href":"https:\/\/agora.xtec.cat\/insalfonscostafreda\/wp-json\/wp\/v2\/pages\/742","targetHints":{"allow":["GET"]}}],"collection":[{"href":"https:\/\/agora.xtec.cat\/insalfonscostafreda\/wp-json\/wp\/v2\/pages"}],"about":[{"href":"https:\/\/agora.xtec.cat\/insalfonscostafreda\/wp-json\/wp\/v2\/types\/page"}],"author":[{"embeddable":true,"href":"https:\/\/agora.xtec.cat\/insalfonscostafreda\/wp-json\/wp\/v2\/users\/1"}],"replies":[{"embeddable":true,"href":"https:\/\/agora.xtec.cat\/insalfonscostafreda\/wp-json\/wp\/v2\/comments?post=742"}],"version-history":[{"count":6,"href":"https:\/\/agora.xtec.cat\/insalfonscostafreda\/wp-json\/wp\/v2\/pages\/742\/revisions"}],"predecessor-version":[{"id":14487,"href":"https:\/\/agora.xtec.cat\/insalfonscostafreda\/wp-json\/wp\/v2\/pages\/742\/revisions\/14487"}],"up":[{"embeddable":true,"href":"https:\/\/agora.xtec.cat\/insalfonscostafreda\/wp-json\/wp\/v2\/pages\/528"}],"wp:attachment":[{"href":"https:\/\/agora.xtec.cat\/insalfonscostafreda\/wp-json\/wp\/v2\/media?parent=742"}],"curies":[{"name":"wp","href":"https:\/\/api.w.org\/{rel}","templated":true}]}}