{"id":719,"date":"2023-10-28T11:38:42","date_gmt":"2023-10-28T09:38:42","guid":{"rendered":"https:\/\/agora.xtec.cat\/insalfonscostafreda\/?page_id=719"},"modified":"2023-12-30T11:29:04","modified_gmt":"2023-12-30T10:29:04","slug":"mediacio","status":"publish","type":"page","link":"https:\/\/agora.xtec.cat\/insalfonscostafreda\/serveis\/mediacio\/","title":{"rendered":"Mediaci\u00f3"},"content":{"rendered":"<p><strong>La mediaci\u00f3 \u00e9s&#8230;<\/strong><\/p>\n<ul>\n<li>Un intent de treballar amb l\u2019altre i no contra l\u2019altre, buscant una via pac\u00edfica i equitativa d\u2019afrontar els conflictes en un entorn de creixement, d\u2019acceptaci\u00f3, d\u2019aprenentatge i de respecte mutu.<\/li>\n<li>Un proc\u00e9s de comunicaci\u00f3 horitzontal a tres bandes en el qual el mediador\/a crea les condicions per tal que els protagonistes del conflicte puguin compartir inquietuds, plantejaments, punts de vista i limitacions amb l\u2019\u00e0nim d\u2019elaborar el conflicte i posar-se d\u2019acord.<\/li>\n<li>Una via volunt\u00e0ria d\u2019explorar els conflictes en qu\u00e8 els protagonistes prenen les seves pr\u00f2pies decisions per consens i sense ser coaccionats per cap mena de poder.<\/li>\n<\/ul>\n<p><strong>A qui va adre\u00e7at el Servei de Mediaci\u00f3?<\/strong><\/p>\n<ul>\n<li>A tot l\u2019alumnat de l\u2019institut.<\/li>\n<\/ul>\n<p><strong>Com s\u2019ha de sol.licitar?<\/strong><\/p>\n<ul>\n<li>Enviant un correu a: <a href=\"mailto:mediacio@alumnescostafreda.cat\">mediacio@insalfonscostafreda.cat<\/a><\/li>\n<li>Demanant una sol.licitud al tutor\/a o als encarregats de mediaci\u00f3.<\/li>\n<\/ul>\n","protected":false},"excerpt":{"rendered":"<p>La mediaci\u00f3 \u00e9s&#8230; Un intent de treballar amb l\u2019altre i no contra l\u2019altre, buscant una via pac\u00edfica i equitativa d\u2019afrontar els conflictes en un entorn de creixement, d\u2019acceptaci\u00f3, d\u2019aprenentatge i de respecte mutu. Un proc\u00e9s de comunicaci\u00f3 horitzontal a tres bandes en el qual el mediador\/a crea les condicions per tal que els protagonistes del [&hellip;]<\/p>\n","protected":false},"author":1,"featured_media":0,"parent":63,"menu_order":4,"comment_status":"closed","ping_status":"closed","template":"page-templates\/side-menu.php","meta":{"_bbp_topic_count":0,"_bbp_reply_count":0,"_bbp_total_topic_count":0,"_bbp_total_reply_count":0,"_bbp_voice_count":0,"_bbp_anonymous_reply_count":0,"_bbp_topic_count_hidden":0,"_bbp_reply_count_hidden":0,"_bbp_forum_subforum_count":0,"site-sidebar-layout":"default","site-content-layout":"","ast-site-content-layout":"","site-content-style":"default","site-sidebar-style":"default","ast-global-header-display":"","ast-banner-title-visibility":"","ast-main-header-display":"","ast-hfb-above-header-display":"","ast-hfb-below-header-display":"","ast-hfb-mobile-header-display":"","site-post-title":"","ast-breadcrumbs-content":"","ast-featured-img":"","footer-sml-layout":"","theme-transparent-header-meta":"","adv-header-id-meta":"","stick-header-meta":"","header-above-stick-meta":"","header-main-stick-meta":"","header-below-stick-meta":"","astra-migrate-meta-layouts":"default","ast-page-background-enabled":"default","ast-page-background-meta":{"desktop":{"background-color":"var(--ast-global-color-4)","background-image":"","background-repeat":"repeat","background-position":"center center","background-size":"auto","background-attachment":"scroll","background-type":"","background-media":"","overlay-type":"","overlay-color":"","overlay-opacity":"","overlay-gradient":""},"tablet":{"background-color":"","background-image":"","background-repeat":"repeat","background-position":"center center","background-size":"auto","background-attachment":"scroll","background-type":"","background-media":"","overlay-type":"","overlay-color":"","overlay-opacity":"","overlay-gradient":""},"mobile":{"background-color":"","background-image":"","background-repeat":"repeat","background-position":"center center","background-size":"auto","background-attachment":"scroll","background-type":"","background-media":"","overlay-type":"","overlay-color":"","overlay-opacity":"","overlay-gradient":""}},"ast-content-background-meta":{"desktop":{"background-color":"var(--ast-global-color-5)","background-image":"","background-repeat":"repeat","background-position":"center center","background-size":"auto","background-attachment":"scroll","background-type":"","background-media":"","overlay-type":"","overlay-color":"","overlay-opacity":"","overlay-gradient":""},"tablet":{"background-color":"var(--ast-global-color-5)","background-image":"","background-repeat":"repeat","background-position":"center center","background-size":"auto","background-attachment":"scroll","background-type":"","background-media":"","overlay-type":"","overlay-color":"","overlay-opacity":"","overlay-gradient":""},"mobile":{"background-color":"var(--ast-global-color-5)","background-image":"","background-repeat":"repeat","background-position":"center center","background-size":"auto","background-attachment":"scroll","background-type":"","background-media":"","overlay-type":"","overlay-color":"","overlay-opacity":"","overlay-gradient":""}},"footnotes":""},"class_list":["post-719","page","type-page","status-publish","hentry"],"post_mailing_queue_ids":[],"_links":{"self":[{"href":"https:\/\/agora.xtec.cat\/insalfonscostafreda\/wp-json\/wp\/v2\/pages\/719","targetHints":{"allow":["GET"]}}],"collection":[{"href":"https:\/\/agora.xtec.cat\/insalfonscostafreda\/wp-json\/wp\/v2\/pages"}],"about":[{"href":"https:\/\/agora.xtec.cat\/insalfonscostafreda\/wp-json\/wp\/v2\/types\/page"}],"author":[{"embeddable":true,"href":"https:\/\/agora.xtec.cat\/insalfonscostafreda\/wp-json\/wp\/v2\/users\/1"}],"replies":[{"embeddable":true,"href":"https:\/\/agora.xtec.cat\/insalfonscostafreda\/wp-json\/wp\/v2\/comments?post=719"}],"version-history":[{"count":2,"href":"https:\/\/agora.xtec.cat\/insalfonscostafreda\/wp-json\/wp\/v2\/pages\/719\/revisions"}],"predecessor-version":[{"id":1258,"href":"https:\/\/agora.xtec.cat\/insalfonscostafreda\/wp-json\/wp\/v2\/pages\/719\/revisions\/1258"}],"up":[{"embeddable":true,"href":"https:\/\/agora.xtec.cat\/insalfonscostafreda\/wp-json\/wp\/v2\/pages\/63"}],"wp:attachment":[{"href":"https:\/\/agora.xtec.cat\/insalfonscostafreda\/wp-json\/wp\/v2\/media?parent=719"}],"curies":[{"name":"wp","href":"https:\/\/api.w.org\/{rel}","templated":true}]}}