{"id":687,"date":"2023-10-28T10:47:50","date_gmt":"2023-10-28T08:47:50","guid":{"rendered":"https:\/\/agora.xtec.cat\/insalfonscostafreda\/?page_id=687"},"modified":"2025-02-08T17:38:08","modified_gmt":"2025-02-08T16:38:08","slug":"pfi","status":"publish","type":"page","link":"https:\/\/agora.xtec.cat\/insalfonscostafreda\/estudis\/pfi\/","title":{"rendered":"PFI"},"content":{"rendered":"<p>Els programes de formaci\u00f3 i inserci\u00f3 (PFI) s\u00f3n el primer nivell de qualificaci\u00f3 dins dels estudis de formaci\u00f3 professional i s&#8217;adscriuen a diferents fam\u00edlies professionals.<\/p>\n<p>La finalitat d&#8217;aquests programes \u00e9s proporcionar a aquests joves la possibilitat d&#8217;incorporar-se de nou al sistema educatiu per continuar estudis de formaci\u00f3 professional. Han de facilitar, tamb\u00e9, l&#8217;aprenentatge imprescindible per accedir al mercat de treball amb millors possibilitats d&#8217;aconseguir una ocupaci\u00f3 qualificada i duradora.<\/p>\n<p>Els PFI s&#8217;adrecen a joves d&#8217;entre 16 i 21 anys que no han finalitzat l&#8217;educaci\u00f3 secund\u00e0ria obligat\u00f2ria. S\u00f3n estudis voluntaris i la seva durada \u00e9s d&#8217;un curs acad\u00e8mic (1.000 hores).<\/p>\n<p>Els i les alumnes de PFI reben un acompanyament i una tutoritzaci\u00f3 essencial per a l&#8217;assoliment dels objectius del programa. Els aprenentatges s\u00f3n vivencials i vinculats amb l&#8217;entorn proper, i inclouen pr\u00e0ctiques en empresa; s&#8217;apr\u00e8n fent, utilitzant metodologies actives i globals.<\/p>\n<p>Amb els PFI, d&#8217;una banda, es facilita la continu\u00eftat formativa dins de la formaci\u00f3 professional i, de l&#8217;altra, l&#8217;aprenentatge de les compet\u00e8ncies transversals i professionals necess\u00e0ries per al m\u00f3n del treball.<\/p>\n<p><iframe loading=\"lazy\" title=\"YouTube video player\" src=\"https:\/\/www.youtube.com\/embed\/66coN-9lAXc?si=ca-LcVrkAEMcjPdd\" width=\"560\" height=\"315\" frameborder=\"0\" allowfullscreen=\"allowfullscreen\"><\/iframe><\/p>\n<p>M\u00e9s informaci\u00f3: <a href=\"https:\/\/triaeducativa.gencat.cat\/ca\/fp\/pfi\/index.html\">https:\/\/triaeducativa.gencat.cat\/ca\/fp\/pfi\/index.html<\/a><\/p>\n","protected":false},"excerpt":{"rendered":"<p>Els programes de formaci\u00f3 i inserci\u00f3 (PFI) s\u00f3n el primer nivell de qualificaci\u00f3 dins dels estudis de formaci\u00f3 professional i s&#8217;adscriuen a diferents fam\u00edlies professionals. La finalitat d&#8217;aquests programes \u00e9s proporcionar a aquests joves la possibilitat d&#8217;incorporar-se de nou al sistema educatiu per continuar estudis de formaci\u00f3 professional. Han de facilitar, tamb\u00e9, l&#8217;aprenentatge imprescindible per [&hellip;]<\/p>\n","protected":false},"author":1,"featured_media":0,"parent":195,"menu_order":0,"comment_status":"closed","ping_status":"closed","template":"page-templates\/side-menu.php","meta":{"_bbp_topic_count":0,"_bbp_reply_count":0,"_bbp_total_topic_count":0,"_bbp_total_reply_count":0,"_bbp_voice_count":0,"_bbp_anonymous_reply_count":0,"_bbp_topic_count_hidden":0,"_bbp_reply_count_hidden":0,"_bbp_forum_subforum_count":0,"site-sidebar-layout":"default","site-content-layout":"","ast-site-content-layout":"","site-content-style":"default","site-sidebar-style":"default","ast-global-header-display":"","ast-banner-title-visibility":"","ast-main-header-display":"","ast-hfb-above-header-display":"","ast-hfb-below-header-display":"","ast-hfb-mobile-header-display":"","site-post-title":"","ast-breadcrumbs-content":"","ast-featured-img":"","footer-sml-layout":"","theme-transparent-header-meta":"","adv-header-id-meta":"","stick-header-meta":"","header-above-stick-meta":"","header-main-stick-meta":"","header-below-stick-meta":"","astra-migrate-meta-layouts":"default","ast-page-background-enabled":"default","ast-page-background-meta":{"desktop":{"background-color":"var(--ast-global-color-4)","background-image":"","background-repeat":"repeat","background-position":"center center","background-size":"auto","background-attachment":"scroll","background-type":"","background-media":"","overlay-type":"","overlay-color":"","overlay-opacity":"","overlay-gradient":""},"tablet":{"background-color":"","background-image":"","background-repeat":"repeat","background-position":"center center","background-size":"auto","background-attachment":"scroll","background-type":"","background-media":"","overlay-type":"","overlay-color":"","overlay-opacity":"","overlay-gradient":""},"mobile":{"background-color":"","background-image":"","background-repeat":"repeat","background-position":"center center","background-size":"auto","background-attachment":"scroll","background-type":"","background-media":"","overlay-type":"","overlay-color":"","overlay-opacity":"","overlay-gradient":""}},"ast-content-background-meta":{"desktop":{"background-color":"var(--ast-global-color-5)","background-image":"","background-repeat":"repeat","background-position":"center center","background-size":"auto","background-attachment":"scroll","background-type":"","background-media":"","overlay-type":"","overlay-color":"","overlay-opacity":"","overlay-gradient":""},"tablet":{"background-color":"var(--ast-global-color-5)","background-image":"","background-repeat":"repeat","background-position":"center center","background-size":"auto","background-attachment":"scroll","background-type":"","background-media":"","overlay-type":"","overlay-color":"","overlay-opacity":"","overlay-gradient":""},"mobile":{"background-color":"var(--ast-global-color-5)","background-image":"","background-repeat":"repeat","background-position":"center center","background-size":"auto","background-attachment":"scroll","background-type":"","background-media":"","overlay-type":"","overlay-color":"","overlay-opacity":"","overlay-gradient":""}},"footnotes":""},"class_list":["post-687","page","type-page","status-publish","hentry"],"post_mailing_queue_ids":[],"_links":{"self":[{"href":"https:\/\/agora.xtec.cat\/insalfonscostafreda\/wp-json\/wp\/v2\/pages\/687","targetHints":{"allow":["GET"]}}],"collection":[{"href":"https:\/\/agora.xtec.cat\/insalfonscostafreda\/wp-json\/wp\/v2\/pages"}],"about":[{"href":"https:\/\/agora.xtec.cat\/insalfonscostafreda\/wp-json\/wp\/v2\/types\/page"}],"author":[{"embeddable":true,"href":"https:\/\/agora.xtec.cat\/insalfonscostafreda\/wp-json\/wp\/v2\/users\/1"}],"replies":[{"embeddable":true,"href":"https:\/\/agora.xtec.cat\/insalfonscostafreda\/wp-json\/wp\/v2\/comments?post=687"}],"version-history":[{"count":4,"href":"https:\/\/agora.xtec.cat\/insalfonscostafreda\/wp-json\/wp\/v2\/pages\/687\/revisions"}],"predecessor-version":[{"id":13337,"href":"https:\/\/agora.xtec.cat\/insalfonscostafreda\/wp-json\/wp\/v2\/pages\/687\/revisions\/13337"}],"up":[{"embeddable":true,"href":"https:\/\/agora.xtec.cat\/insalfonscostafreda\/wp-json\/wp\/v2\/pages\/195"}],"wp:attachment":[{"href":"https:\/\/agora.xtec.cat\/insalfonscostafreda\/wp-json\/wp\/v2\/media?parent=687"}],"curies":[{"name":"wp","href":"https:\/\/api.w.org\/{rel}","templated":true}]}}