{"id":665,"date":"2023-10-28T10:22:11","date_gmt":"2023-10-28T08:22:11","guid":{"rendered":"https:\/\/agora.xtec.cat\/insalfonscostafreda\/?page_id=665"},"modified":"2025-12-10T19:47:00","modified_gmt":"2025-12-10T18:47:00","slug":"desenvolupament-aplicacions-multiplataforma","status":"publish","type":"page","link":"https:\/\/agora.xtec.cat\/insalfonscostafreda\/estudis\/cicles-formatius\/desenvolupament-aplicacions-multiplataforma\/","title":{"rendered":"Desenvolupament d&#8217;Aplicacions Multiplataforma"},"content":{"rendered":"<p><img loading=\"lazy\" decoding=\"async\" class=\"wp-image-1224 alignleft\" src=\"https:\/\/agora.xtec.cat\/insalfonscostafreda\/wp-content\/uploads\/usu2359\/familia-informatica.png\" alt=\"\" width=\"249\" height=\"186\" srcset=\"https:\/\/agora.xtec.cat\/insalfonscostafreda\/wp-content\/uploads\/usu2359\/familia-informatica.png 380w, https:\/\/agora.xtec.cat\/insalfonscostafreda\/wp-content\/uploads\/usu2359\/familia-informatica-300x225.png 300w, https:\/\/agora.xtec.cat\/insalfonscostafreda\/wp-content\/uploads\/usu2359\/familia-informatica-200x150.png 200w\" sizes=\"auto, (max-width: 249px) 100vw, 249px\" \/>Aquests estudis postobligatoris capaciten per desenvolupar, implantar, documentar i mantenir aplicacions inform\u00e0tiques multiplataforma, utilitzant tecnologies i entorns de desenvolupament espec\u00edfics, garantint l&#8217;acc\u00e9s a les dades de forma segura i complint els criteris de usabilitat i qualitat exigides en els est\u00e0ndards establerts.<\/p>\n<p>Tenen una durada de 2.000 hores distribu\u00efdes en dos cursos<strong>\u00a0<\/strong>acad\u00e8mics.<\/p>\n<p>M\u00e9s informaci\u00f3 a la web de <a href=\"https:\/\/triaeducativa.gencat.cat\/ca\/estudis\/?desenvolupament-aplicacions-multiplataforma&amp;p_id=219\">Tria Educativa<\/a><\/p>\n\n\n<h2 class=\"wp-block-heading\">Organitzaci\u00f3 curricular<\/h2>\n\n\n\n<div data-wp-interactive=\"core\/file\" class=\"wp-block-file\"><object data-wp-bind--hidden=\"!state.hasPdfPreview\" hidden class=\"wp-block-file__embed\" data=\"https:\/\/agora.xtec.cat\/insalfonscostafreda\/wp-content\/uploads\/usu2359\/GS-DAM_Curriculum-web-1.pdf\" type=\"application\/pdf\" style=\"width:100%;height:600px\" aria-label=\"Incrustaci\u00f3 del fitxer GS DAM_Curriculum web.\"><\/object><a id=\"wp-block-file--media-c4bd7292-8aca-4f45-9068-015a830389d0\" href=\"https:\/\/agora.xtec.cat\/insalfonscostafreda\/wp-content\/uploads\/usu2359\/GS-DAM_Curriculum-web-1.pdf\">GS DAM_Curriculum web<\/a><a href=\"https:\/\/agora.xtec.cat\/insalfonscostafreda\/wp-content\/uploads\/usu2359\/GS-DAM_Curriculum-web-1.pdf\" class=\"wp-block-file__button wp-element-button\" download aria-describedby=\"wp-block-file--media-c4bd7292-8aca-4f45-9068-015a830389d0\">Baixa<\/a><\/div>\n","protected":false},"excerpt":{"rendered":"<p>Aquests estudis postobligatoris capaciten per desenvolupar, implantar, documentar i mantenir aplicacions inform\u00e0tiques multiplataforma, utilitzant tecnologies i entorns de desenvolupament espec\u00edfics, garantint l&#8217;acc\u00e9s a les dades de forma segura i complint els criteris de usabilitat i qualitat exigides en els est\u00e0ndards establerts. Tenen una durada de 2.000 hores distribu\u00efdes en dos cursos\u00a0acad\u00e8mics. M\u00e9s informaci\u00f3 a la [&hellip;]<\/p>\n","protected":false},"author":1,"featured_media":0,"parent":632,"menu_order":8,"comment_status":"closed","ping_status":"closed","template":"page-templates\/side-menu.php","meta":{"_bbp_topic_count":0,"_bbp_reply_count":0,"_bbp_total_topic_count":0,"_bbp_total_reply_count":0,"_bbp_voice_count":0,"_bbp_anonymous_reply_count":0,"_bbp_topic_count_hidden":0,"_bbp_reply_count_hidden":0,"_bbp_forum_subforum_count":0,"site-sidebar-layout":"default","site-content-layout":"","ast-site-content-layout":"","site-content-style":"default","site-sidebar-style":"default","ast-global-header-display":"","ast-banner-title-visibility":"","ast-main-header-display":"","ast-hfb-above-header-display":"","ast-hfb-below-header-display":"","ast-hfb-mobile-header-display":"","site-post-title":"","ast-breadcrumbs-content":"","ast-featured-img":"","footer-sml-layout":"","theme-transparent-header-meta":"","adv-header-id-meta":"","stick-header-meta":"","header-above-stick-meta":"","header-main-stick-meta":"","header-below-stick-meta":"","astra-migrate-meta-layouts":"default","ast-page-background-enabled":"default","ast-page-background-meta":{"desktop":{"background-color":"var(--ast-global-color-4)","background-image":"","background-repeat":"repeat","background-position":"center center","background-size":"auto","background-attachment":"scroll","background-type":"","background-media":"","overlay-type":"","overlay-color":"","overlay-opacity":"","overlay-gradient":""},"tablet":{"background-color":"","background-image":"","background-repeat":"repeat","background-position":"center center","background-size":"auto","background-attachment":"scroll","background-type":"","background-media":"","overlay-type":"","overlay-color":"","overlay-opacity":"","overlay-gradient":""},"mobile":{"background-color":"","background-image":"","background-repeat":"repeat","background-position":"center center","background-size":"auto","background-attachment":"scroll","background-type":"","background-media":"","overlay-type":"","overlay-color":"","overlay-opacity":"","overlay-gradient":""}},"ast-content-background-meta":{"desktop":{"background-color":"var(--ast-global-color-5)","background-image":"","background-repeat":"repeat","background-position":"center center","background-size":"auto","background-attachment":"scroll","background-type":"","background-media":"","overlay-type":"","overlay-color":"","overlay-opacity":"","overlay-gradient":""},"tablet":{"background-color":"var(--ast-global-color-5)","background-image":"","background-repeat":"repeat","background-position":"center center","background-size":"auto","background-attachment":"scroll","background-type":"","background-media":"","overlay-type":"","overlay-color":"","overlay-opacity":"","overlay-gradient":""},"mobile":{"background-color":"var(--ast-global-color-5)","background-image":"","background-repeat":"repeat","background-position":"center center","background-size":"auto","background-attachment":"scroll","background-type":"","background-media":"","overlay-type":"","overlay-color":"","overlay-opacity":"","overlay-gradient":""}},"footnotes":""},"class_list":["post-665","page","type-page","status-publish","hentry"],"post_mailing_queue_ids":[],"_links":{"self":[{"href":"https:\/\/agora.xtec.cat\/insalfonscostafreda\/wp-json\/wp\/v2\/pages\/665","targetHints":{"allow":["GET"]}}],"collection":[{"href":"https:\/\/agora.xtec.cat\/insalfonscostafreda\/wp-json\/wp\/v2\/pages"}],"about":[{"href":"https:\/\/agora.xtec.cat\/insalfonscostafreda\/wp-json\/wp\/v2\/types\/page"}],"author":[{"embeddable":true,"href":"https:\/\/agora.xtec.cat\/insalfonscostafreda\/wp-json\/wp\/v2\/users\/1"}],"replies":[{"embeddable":true,"href":"https:\/\/agora.xtec.cat\/insalfonscostafreda\/wp-json\/wp\/v2\/comments?post=665"}],"version-history":[{"count":4,"href":"https:\/\/agora.xtec.cat\/insalfonscostafreda\/wp-json\/wp\/v2\/pages\/665\/revisions"}],"predecessor-version":[{"id":14179,"href":"https:\/\/agora.xtec.cat\/insalfonscostafreda\/wp-json\/wp\/v2\/pages\/665\/revisions\/14179"}],"up":[{"embeddable":true,"href":"https:\/\/agora.xtec.cat\/insalfonscostafreda\/wp-json\/wp\/v2\/pages\/632"}],"wp:attachment":[{"href":"https:\/\/agora.xtec.cat\/insalfonscostafreda\/wp-json\/wp\/v2\/media?parent=665"}],"curies":[{"name":"wp","href":"https:\/\/api.w.org\/{rel}","templated":true}]}}