{"id":661,"date":"2023-10-28T10:12:53","date_gmt":"2023-10-28T08:12:53","guid":{"rendered":"https:\/\/agora.xtec.cat\/insalfonscostafreda\/?page_id=661"},"modified":"2025-02-11T12:34:15","modified_gmt":"2025-02-11T11:34:15","slug":"blog-cicles-formatius","status":"publish","type":"page","link":"https:\/\/agora.xtec.cat\/insalfonscostafreda\/estudis\/cicles-formatius\/blog-cicles-formatius\/","title":{"rendered":"Blog"},"content":{"rendered":"\n        <div class=\"wp-block-getwid-post-carousel custom-post-type-post has-slides-gap-small is-carousel has-arrows-outside has-dots-outside\">\n            <div data-slider-option=\"{&quot;sliderSlidesToShowDesktop&quot;:&quot;2&quot;,&quot;getwid_slidesToShowLaptop&quot;:&quot;1&quot;,&quot;getwid_slidesToShowTablet&quot;:&quot;1&quot;,&quot;getwid_slidesToShowMobile&quot;:&quot;1&quot;,&quot;getwid_autoplay_speed&quot;:6000,&quot;getwid_animation_speed&quot;:800,&quot;getwid_slidesToScroll&quot;:&quot;1&quot;,&quot;getwid_autoplay&quot;:false,&quot;getwid_pause_on_hover&quot;:false,&quot;getwid_infinite&quot;:true,&quot;getwid_center_mode&quot;:false,&quot;getwid_arrows&quot;:&quot;outside&quot;,&quot;getwid_dots&quot;:&quot;outside&quot;}\" class=\"wp-block-getwid-post-carousel__wrapper\">\n                \t\t\t\t\t\t\t<div class=\"wp-block-getwid-post-carousel__slide\">\n\t\t\t\t\t\t\t\t\n<div class=\"wp-block-getwid-post-carousel__post\">\n            <div class=\"wp-block-getwid-post-carousel__post-thumbnail\">\n            <a href=\"https:\/\/agora.xtec.cat\/insalfonscostafreda\/general\/beques-i-ajuts-per-a-alumnat-destudis-postobligatoris-per-al-curs-2026-2027\/\"><img loading=\"lazy\" decoding=\"async\" width=\"411\" height=\"709\" src=\"https:\/\/agora.xtec.cat\/insalfonscostafreda\/wp-content\/uploads\/usu2359\/2026-04-08-10-15-51.png\" class=\"attachment-post-thumbnail size-post-thumbnail wp-post-image\" alt=\"\" srcset=\"https:\/\/agora.xtec.cat\/insalfonscostafreda\/wp-content\/uploads\/usu2359\/2026-04-08-10-15-51.png 411w, https:\/\/agora.xtec.cat\/insalfonscostafreda\/wp-content\/uploads\/usu2359\/2026-04-08-10-15-51-174x300.png 174w\" sizes=\"auto, (max-width: 411px) 100vw, 411px\" \/><\/a>\n        <\/div>\n        <div class=\"wp-block-getwid-post-carousel__post-content-wrapper\">\n        <div class=\"wp-block-getwid-post-carousel__post-header\">\n            <h3 class=\"wp-block-getwid-post-carousel__post-title\"><a href=\"https:\/\/agora.xtec.cat\/insalfonscostafreda\/general\/beques-i-ajuts-per-a-alumnat-destudis-postobligatoris-per-al-curs-2026-2027\/\">Beques i ajuts per a alumnat d\u2019estudis postobligatoris per al curs 2026-2027<\/a><\/h3>        <\/div>\n        <div class=\"wp-block-getwid-post-carousel__post-excerpt\"><p>Us informem s&#8217;ha publicat al BOE l&#8217;extracte de la Resoluci\u00f3 de 24 de mar\u00e7 de 2026, per la que es convoquen els ajuts per a alumnat d\u2019estudis postobligatoris per al curs 2026-2027.&nbsp; Els terminis seran des del dia 7 d&#8217;abril fins el de 18 maig de 2026 a les 15:00 (hora peninsular). La beca s&#8217;ha [&hellip;]<\/p>\n<\/div>\n    <\/div>\n<\/div>\n\n\t\t\t\t\t\t\t<\/div>\n\t\t\t\t\t\t\t\t\t\t\t\t\t<div class=\"wp-block-getwid-post-carousel__slide\">\n\t\t\t\t\t\t\t\t\n<div class=\"wp-block-getwid-post-carousel__post\">\n            <div class=\"wp-block-getwid-post-carousel__post-thumbnail\">\n            <a href=\"https:\/\/agora.xtec.cat\/insalfonscostafreda\/general\/%f0%9f%ab%92%f0%9f%9b%a0%ef%b8%8fvisita-a-borges-baieo%f0%9f%9b%a0%ef%b8%8f%f0%9f%ab%92\/\"><img loading=\"lazy\" decoding=\"async\" width=\"1080\" height=\"1080\" src=\"https:\/\/agora.xtec.cat\/insalfonscostafreda\/wp-content\/uploads\/usu2359\/Visita-Borges-Baieo-2026.png\" class=\"attachment-post-thumbnail size-post-thumbnail wp-post-image\" alt=\"\" srcset=\"https:\/\/agora.xtec.cat\/insalfonscostafreda\/wp-content\/uploads\/usu2359\/Visita-Borges-Baieo-2026.png 1080w, https:\/\/agora.xtec.cat\/insalfonscostafreda\/wp-content\/uploads\/usu2359\/Visita-Borges-Baieo-2026-300x300.png 300w, https:\/\/agora.xtec.cat\/insalfonscostafreda\/wp-content\/uploads\/usu2359\/Visita-Borges-Baieo-2026-1024x1024.png 1024w, https:\/\/agora.xtec.cat\/insalfonscostafreda\/wp-content\/uploads\/usu2359\/Visita-Borges-Baieo-2026-150x150.png 150w, https:\/\/agora.xtec.cat\/insalfonscostafreda\/wp-content\/uploads\/usu2359\/Visita-Borges-Baieo-2026-768x768.png 768w\" sizes=\"auto, (max-width: 1080px) 100vw, 1080px\" \/><\/a>\n        <\/div>\n        <div class=\"wp-block-getwid-post-carousel__post-content-wrapper\">\n        <div class=\"wp-block-getwid-post-carousel__post-header\">\n            <h3 class=\"wp-block-getwid-post-carousel__post-title\"><a href=\"https:\/\/agora.xtec.cat\/insalfonscostafreda\/general\/%f0%9f%ab%92%f0%9f%9b%a0%ef%b8%8fvisita-a-borges-baieo%f0%9f%9b%a0%ef%b8%8f%f0%9f%ab%92\/\">\ud83e\uded2\ud83d\udee0\ufe0fVisita a Borges Baieo\ud83d\udee0\ufe0f\ud83e\uded2<\/a><\/h3>        <\/div>\n        <div class=\"wp-block-getwid-post-carousel__post-excerpt\"><p>A l\u2019INS Alfons Costafreda creiem que la millor manera d\u2019aprendre \u00e9s veure, tocar i experimentar \ud83d\udd27\ud83e\udd16 Per aix\u00f2, l\u2019alumnat de cicles de Manteniment i Mecatr\u00f2nica ha visitat les instal\u00b7lacions de Borges Baieo T\u00e0rrega, on han pogut con\u00e8ixer de prop el funcionament industrial i els reptes reals del sector \ud83c\udfed \u2728 Una jornada plena de descobertes [&hellip;]<\/p>\n<\/div>\n    <\/div>\n<\/div>\n\n\t\t\t\t\t\t\t<\/div>\n\t\t\t\t\t\t\t\t\t\t\t\t\t<div class=\"wp-block-getwid-post-carousel__slide\">\n\t\t\t\t\t\t\t\t\n<div class=\"wp-block-getwid-post-carousel__post\">\n            <div class=\"wp-block-getwid-post-carousel__post-thumbnail\">\n            <a href=\"https:\/\/agora.xtec.cat\/insalfonscostafreda\/eso\/publicacio-de-la-resolucio-definitiva-de-candidatures-erasmus\/\"><img loading=\"lazy\" decoding=\"async\" width=\"532\" height=\"310\" src=\"https:\/\/agora.xtec.cat\/insalfonscostafreda\/wp-content\/uploads\/usu2359\/foto_mobilitat_web-1.png\" class=\"attachment-post-thumbnail size-post-thumbnail wp-post-image\" alt=\"\" srcset=\"https:\/\/agora.xtec.cat\/insalfonscostafreda\/wp-content\/uploads\/usu2359\/foto_mobilitat_web-1.png 532w, https:\/\/agora.xtec.cat\/insalfonscostafreda\/wp-content\/uploads\/usu2359\/foto_mobilitat_web-1-300x175.png 300w\" sizes=\"auto, (max-width: 532px) 100vw, 532px\" \/><\/a>\n        <\/div>\n        <div class=\"wp-block-getwid-post-carousel__post-content-wrapper\">\n        <div class=\"wp-block-getwid-post-carousel__post-header\">\n            <h3 class=\"wp-block-getwid-post-carousel__post-title\"><a href=\"https:\/\/agora.xtec.cat\/insalfonscostafreda\/eso\/publicacio-de-la-resolucio-definitiva-de-candidatures-erasmus\/\">Publicaci\u00f3 de la resoluci\u00f3 definitiva de candidatures Erasmus+<\/a><\/h3>        <\/div>\n        <div class=\"wp-block-getwid-post-carousel__post-excerpt\"><p>Com que no s\u2019ha presentat cap al\u00b7legaci\u00f3 a la resoluci\u00f3 provisional de candidatures Erasmus+ per al professorat, ens avancem al calendari previst i avui es fa p\u00fablica la llista definitiva de puntuacions i ordre de les candidatures per a les mobilitats del programa Erasmus+ per al professorat d&#8217;aquest centre. D\u2019acord amb els fons assignats per [&hellip;]<\/p>\n<\/div>\n    <\/div>\n<\/div>\n\n\t\t\t\t\t\t\t<\/div>\n\t\t\t\t\t\t\t\t\t\t\t\t\t<div class=\"wp-block-getwid-post-carousel__slide\">\n\t\t\t\t\t\t\t\t\n<div class=\"wp-block-getwid-post-carousel__post\">\n            <div class=\"wp-block-getwid-post-carousel__post-thumbnail\">\n            <a href=\"https:\/\/agora.xtec.cat\/insalfonscostafreda\/general\/publicacio-de-la-resolucio-provisional-de-candidatures-erasmus\/\"><img loading=\"lazy\" decoding=\"async\" width=\"532\" height=\"310\" src=\"https:\/\/agora.xtec.cat\/insalfonscostafreda\/wp-content\/uploads\/usu2359\/foto_mobilitat_web-1.png\" class=\"attachment-post-thumbnail size-post-thumbnail wp-post-image\" alt=\"\" srcset=\"https:\/\/agora.xtec.cat\/insalfonscostafreda\/wp-content\/uploads\/usu2359\/foto_mobilitat_web-1.png 532w, https:\/\/agora.xtec.cat\/insalfonscostafreda\/wp-content\/uploads\/usu2359\/foto_mobilitat_web-1-300x175.png 300w\" sizes=\"auto, (max-width: 532px) 100vw, 532px\" \/><\/a>\n        <\/div>\n        <div class=\"wp-block-getwid-post-carousel__post-content-wrapper\">\n        <div class=\"wp-block-getwid-post-carousel__post-header\">\n            <h3 class=\"wp-block-getwid-post-carousel__post-title\"><a href=\"https:\/\/agora.xtec.cat\/insalfonscostafreda\/general\/publicacio-de-la-resolucio-provisional-de-candidatures-erasmus\/\">\u00a0Publicaci\u00f3 de la resoluci\u00f3 provisional de candidatures Erasmus+<\/a><\/h3>        <\/div>\n        <div class=\"wp-block-getwid-post-carousel__post-excerpt\"><p>Avui dijous 12 de mar\u00e7 es fa p\u00fablica la llista provisional de puntuacions i ordre de les candidatures presentades per a les mobilitats del programa Erasmus+ per al professorat d&#8217;aquest centre. D\u2019acord amb els fons assignats per a la present convocat\u00f2ria, el nombre de mobilitats disponibles \u00e9s el seg\u00fcent: La taula seg\u00fcent mostra l\u2019ordenaci\u00f3 de [&hellip;]<\/p>\n<\/div>\n    <\/div>\n<\/div>\n\n\t\t\t\t\t\t\t<\/div>\n\t\t\t\t\t\t\t\t\t\t\t\t\t<div class=\"wp-block-getwid-post-carousel__slide\">\n\t\t\t\t\t\t\t\t\n<div class=\"wp-block-getwid-post-carousel__post\">\n            <div class=\"wp-block-getwid-post-carousel__post-thumbnail\">\n            <a href=\"https:\/\/agora.xtec.cat\/insalfonscostafreda\/portada\/%f0%9f%a4%96-experiencia-immersiva-a-abb-robotics-aprenentatge-innovacio-i-tecnologia-en-accio-%f0%9f%a4%96\/\"><img loading=\"lazy\" decoding=\"async\" width=\"1080\" height=\"1080\" src=\"https:\/\/agora.xtec.cat\/insalfonscostafreda\/wp-content\/uploads\/usu2359\/Visita-a-ABB-Robotics-2026-1.png\" class=\"attachment-post-thumbnail size-post-thumbnail wp-post-image\" alt=\"\" srcset=\"https:\/\/agora.xtec.cat\/insalfonscostafreda\/wp-content\/uploads\/usu2359\/Visita-a-ABB-Robotics-2026-1.png 1080w, https:\/\/agora.xtec.cat\/insalfonscostafreda\/wp-content\/uploads\/usu2359\/Visita-a-ABB-Robotics-2026-1-300x300.png 300w, https:\/\/agora.xtec.cat\/insalfonscostafreda\/wp-content\/uploads\/usu2359\/Visita-a-ABB-Robotics-2026-1-1024x1024.png 1024w, https:\/\/agora.xtec.cat\/insalfonscostafreda\/wp-content\/uploads\/usu2359\/Visita-a-ABB-Robotics-2026-1-150x150.png 150w, https:\/\/agora.xtec.cat\/insalfonscostafreda\/wp-content\/uploads\/usu2359\/Visita-a-ABB-Robotics-2026-1-768x768.png 768w\" sizes=\"auto, (max-width: 1080px) 100vw, 1080px\" \/><\/a>\n        <\/div>\n        <div class=\"wp-block-getwid-post-carousel__post-content-wrapper\">\n        <div class=\"wp-block-getwid-post-carousel__post-header\">\n            <h3 class=\"wp-block-getwid-post-carousel__post-title\"><a href=\"https:\/\/agora.xtec.cat\/insalfonscostafreda\/portada\/%f0%9f%a4%96-experiencia-immersiva-a-abb-robotics-aprenentatge-innovacio-i-tecnologia-en-accio-%f0%9f%a4%96\/\">\ud83e\udd16 Experi\u00e8ncia Immersiva a ABB ROBOTICS: Aprenentatge, Innovaci\u00f3 i Tecnologia en Acci\u00f3 \ud83e\udd16<\/a><\/h3>        <\/div>\n        <div class=\"wp-block-getwid-post-carousel__post-excerpt\"><p>Els estudiants han gaudit d\u2019una jornada formativa d\u2019alt nivell a les instal\u00b7lacions d\u2019ABB ROBOTICS a Sant Quirze del Vall\u00e8s \ud83e\udd16\u2728. La visita va comen\u00e7ar a l\u2019aula de formaci\u00f3 de l\u2019empresa, on els alumnes van rebre una lli\u00e7\u00f3 magistral sobre l\u2019evoluci\u00f3 de la rob\u00f2tica industrial. Durant la sessi\u00f3, es va analitzar com la implantaci\u00f3 de robots [&hellip;]<\/p>\n<\/div>\n    <\/div>\n<\/div>\n\n\t\t\t\t\t\t\t<\/div>\n\t\t\t\t\t\t            <\/div>\n        <\/div>\n        ","protected":false},"excerpt":{"rendered":"","protected":false},"author":1,"featured_media":0,"parent":632,"menu_order":11,"comment_status":"closed","ping_status":"closed","template":"page-templates\/side-menu.php","meta":{"_bbp_topic_count":0,"_bbp_reply_count":0,"_bbp_total_topic_count":0,"_bbp_total_reply_count":0,"_bbp_voice_count":0,"_bbp_anonymous_reply_count":0,"_bbp_topic_count_hidden":0,"_bbp_reply_count_hidden":0,"_bbp_forum_subforum_count":0,"site-sidebar-layout":"default","site-content-layout":"","ast-site-content-layout":"","site-content-style":"default","site-sidebar-style":"default","ast-global-header-display":"","ast-banner-title-visibility":"","ast-main-header-display":"","ast-hfb-above-header-display":"","ast-hfb-below-header-display":"","ast-hfb-mobile-header-display":"","site-post-title":"","ast-breadcrumbs-content":"","ast-featured-img":"","footer-sml-layout":"","theme-transparent-header-meta":"","adv-header-id-meta":"","stick-header-meta":"","header-above-stick-meta":"","header-main-stick-meta":"","header-below-stick-meta":"","astra-migrate-meta-layouts":"default","ast-page-background-enabled":"default","ast-page-background-meta":{"desktop":{"background-color":"var(--ast-global-color-4)","background-image":"","background-repeat":"repeat","background-position":"center center","background-size":"auto","background-attachment":"scroll","background-type":"","background-media":"","overlay-type":"","overlay-color":"","overlay-opacity":"","overlay-gradient":""},"tablet":{"background-color":"","background-image":"","background-repeat":"repeat","background-position":"center center","background-size":"auto","background-attachment":"scroll","background-type":"","background-media":"","overlay-type":"","overlay-color":"","overlay-opacity":"","overlay-gradient":""},"mobile":{"background-color":"","background-image":"","background-repeat":"repeat","background-position":"center center","background-size":"auto","background-attachment":"scroll","background-type":"","background-media":"","overlay-type":"","overlay-color":"","overlay-opacity":"","overlay-gradient":""}},"ast-content-background-meta":{"desktop":{"background-color":"var(--ast-global-color-5)","background-image":"","background-repeat":"repeat","background-position":"center center","background-size":"auto","background-attachment":"scroll","background-type":"","background-media":"","overlay-type":"","overlay-color":"","overlay-opacity":"","overlay-gradient":""},"tablet":{"background-color":"var(--ast-global-color-5)","background-image":"","background-repeat":"repeat","background-position":"center center","background-size":"auto","background-attachment":"scroll","background-type":"","background-media":"","overlay-type":"","overlay-color":"","overlay-opacity":"","overlay-gradient":""},"mobile":{"background-color":"var(--ast-global-color-5)","background-image":"","background-repeat":"repeat","background-position":"center center","background-size":"auto","background-attachment":"scroll","background-type":"","background-media":"","overlay-type":"","overlay-color":"","overlay-opacity":"","overlay-gradient":""}},"footnotes":""},"class_list":["post-661","page","type-page","status-publish","hentry"],"post_mailing_queue_ids":[],"_links":{"self":[{"href":"https:\/\/agora.xtec.cat\/insalfonscostafreda\/wp-json\/wp\/v2\/pages\/661","targetHints":{"allow":["GET"]}}],"collection":[{"href":"https:\/\/agora.xtec.cat\/insalfonscostafreda\/wp-json\/wp\/v2\/pages"}],"about":[{"href":"https:\/\/agora.xtec.cat\/insalfonscostafreda\/wp-json\/wp\/v2\/types\/page"}],"author":[{"embeddable":true,"href":"https:\/\/agora.xtec.cat\/insalfonscostafreda\/wp-json\/wp\/v2\/users\/1"}],"replies":[{"embeddable":true,"href":"https:\/\/agora.xtec.cat\/insalfonscostafreda\/wp-json\/wp\/v2\/comments?post=661"}],"version-history":[{"count":3,"href":"https:\/\/agora.xtec.cat\/insalfonscostafreda\/wp-json\/wp\/v2\/pages\/661\/revisions"}],"predecessor-version":[{"id":13350,"href":"https:\/\/agora.xtec.cat\/insalfonscostafreda\/wp-json\/wp\/v2\/pages\/661\/revisions\/13350"}],"up":[{"embeddable":true,"href":"https:\/\/agora.xtec.cat\/insalfonscostafreda\/wp-json\/wp\/v2\/pages\/632"}],"wp:attachment":[{"href":"https:\/\/agora.xtec.cat\/insalfonscostafreda\/wp-json\/wp\/v2\/media?parent=661"}],"curies":[{"name":"wp","href":"https:\/\/api.w.org\/{rel}","templated":true}]}}