{"id":637,"date":"2023-10-28T09:49:04","date_gmt":"2023-10-28T07:49:04","guid":{"rendered":"https:\/\/agora.xtec.cat\/insalfonscostafreda\/?page_id=637"},"modified":"2025-07-28T11:56:13","modified_gmt":"2025-07-28T09:56:13","slug":"llibres_cicles_formatius","status":"publish","type":"page","link":"https:\/\/agora.xtec.cat\/insalfonscostafreda\/estudis\/cicles-formatius\/llibres_cicles_formatius\/","title":{"rendered":"Llibres i material"},"content":{"rendered":"<h2>Cicles Formatius de Grau Mitj\u00e0 (CFGM)<\/h2>\n<ol>\n<li><a href=\"https:\/\/agora.xtec.cat\/insalfonscostafreda\/wp-content\/uploads\/usu2359\/Llibres_GA-_25-26.docx-1.pdf\" target=\"_blank\" rel=\"noopener\">Gesti\u00f3 Administrativa<\/a><\/li>\n<li><a href=\"https:\/\/agora.xtec.cat\/insalfonscostafreda\/wp-content\/uploads\/usu2359\/Material_Llibres_MANTENIMENT-25-26.docx.pdf\" target=\"_blank\" rel=\"noopener\">Manteniment Electromec\u00e0nic<\/a><\/li>\n<li><a href=\"https:\/\/agora.xtec.cat\/insalfonscostafreda\/wp-content\/uploads\/usu2359\/Material-i-Llibres-SMX-curs-25-26-v2.docx.pdf\">Sistemes Microinform\u00e0tics i Xarxes<\/a><\/li>\n<li><a href=\"https:\/\/agora.xtec.cat\/insalfonscostafreda\/wp-content\/uploads\/usu2359\/Material_Llibres-_XARXES-AIGUA-25-26.docx.pdf\" target=\"_blank\" rel=\"noopener\">Xarxes i estacions de tractament d&#8217;aig\u00fces<\/a><\/li>\n<\/ol>\n<h2>Cicles Formatius de Grau Superior (CFGS)<\/h2>\n<ol>\n<li><a href=\"https:\/\/agora.xtec.cat\/insalfonscostafreda\/wp-content\/uploads\/usu2359\/Llibres_AIF_25-26.docx.pdf\" target=\"_blank\" rel=\"noopener\">Administraci\u00f3 i Finances<\/a><\/li>\n<li><a href=\"https:\/\/agora.xtec.cat\/insalfonscostafreda\/wp-content\/uploads\/usu2359\/Material-i-Llibres-DAM-curs-25-26.docx-1.pdf\" target=\"_blank\" rel=\"noopener\">Desenvolupament d&#8217;aplicacions Multiplataforma<\/a><\/li>\n<li><a href=\"https:\/\/agora.xtec.cat\/insalfonscostafreda\/wp-content\/uploads\/usu2359\/Material_Llibres_MECATRONICA_25-26.docx.pdf\" target=\"_blank\" rel=\"noopener\">Mecatr\u00f2nica Industrial<\/a><\/li>\n<\/ol>\n\n\n<p><\/p>\n","protected":false},"excerpt":{"rendered":"<p>Cicles Formatius de Grau Mitj\u00e0 (CFGM) Gesti\u00f3 Administrativa Manteniment Electromec\u00e0nic Sistemes Microinform\u00e0tics i Xarxes Xarxes i estacions de tractament d&#8217;aig\u00fces Cicles Formatius de Grau Superior (CFGS) Administraci\u00f3 i Finances Desenvolupament d&#8217;aplicacions Multiplataforma Mecatr\u00f2nica Industrial<\/p>\n","protected":false},"author":1,"featured_media":0,"parent":632,"menu_order":10,"comment_status":"closed","ping_status":"closed","template":"page-templates\/side-menu.php","meta":{"_bbp_topic_count":0,"_bbp_reply_count":0,"_bbp_total_topic_count":0,"_bbp_total_reply_count":0,"_bbp_voice_count":0,"_bbp_anonymous_reply_count":0,"_bbp_topic_count_hidden":0,"_bbp_reply_count_hidden":0,"_bbp_forum_subforum_count":0,"site-sidebar-layout":"default","site-content-layout":"","ast-site-content-layout":"","site-content-style":"default","site-sidebar-style":"default","ast-global-header-display":"","ast-banner-title-visibility":"","ast-main-header-display":"","ast-hfb-above-header-display":"","ast-hfb-below-header-display":"","ast-hfb-mobile-header-display":"","site-post-title":"","ast-breadcrumbs-content":"","ast-featured-img":"","footer-sml-layout":"","theme-transparent-header-meta":"","adv-header-id-meta":"","stick-header-meta":"","header-above-stick-meta":"","header-main-stick-meta":"","header-below-stick-meta":"","astra-migrate-meta-layouts":"default","ast-page-background-enabled":"default","ast-page-background-meta":{"desktop":{"background-color":"var(--ast-global-color-4)","background-image":"","background-repeat":"repeat","background-position":"center center","background-size":"auto","background-attachment":"scroll","background-type":"","background-media":"","overlay-type":"","overlay-color":"","overlay-opacity":"","overlay-gradient":""},"tablet":{"background-color":"","background-image":"","background-repeat":"repeat","background-position":"center center","background-size":"auto","background-attachment":"scroll","background-type":"","background-media":"","overlay-type":"","overlay-color":"","overlay-opacity":"","overlay-gradient":""},"mobile":{"background-color":"","background-image":"","background-repeat":"repeat","background-position":"center center","background-size":"auto","background-attachment":"scroll","background-type":"","background-media":"","overlay-type":"","overlay-color":"","overlay-opacity":"","overlay-gradient":""}},"ast-content-background-meta":{"desktop":{"background-color":"var(--ast-global-color-5)","background-image":"","background-repeat":"repeat","background-position":"center center","background-size":"auto","background-attachment":"scroll","background-type":"","background-media":"","overlay-type":"","overlay-color":"","overlay-opacity":"","overlay-gradient":""},"tablet":{"background-color":"var(--ast-global-color-5)","background-image":"","background-repeat":"repeat","background-position":"center center","background-size":"auto","background-attachment":"scroll","background-type":"","background-media":"","overlay-type":"","overlay-color":"","overlay-opacity":"","overlay-gradient":""},"mobile":{"background-color":"var(--ast-global-color-5)","background-image":"","background-repeat":"repeat","background-position":"center center","background-size":"auto","background-attachment":"scroll","background-type":"","background-media":"","overlay-type":"","overlay-color":"","overlay-opacity":"","overlay-gradient":""}},"footnotes":""},"class_list":["post-637","page","type-page","status-publish","hentry"],"post_mailing_queue_ids":[],"_links":{"self":[{"href":"https:\/\/agora.xtec.cat\/insalfonscostafreda\/wp-json\/wp\/v2\/pages\/637","targetHints":{"allow":["GET"]}}],"collection":[{"href":"https:\/\/agora.xtec.cat\/insalfonscostafreda\/wp-json\/wp\/v2\/pages"}],"about":[{"href":"https:\/\/agora.xtec.cat\/insalfonscostafreda\/wp-json\/wp\/v2\/types\/page"}],"author":[{"embeddable":true,"href":"https:\/\/agora.xtec.cat\/insalfonscostafreda\/wp-json\/wp\/v2\/users\/1"}],"replies":[{"embeddable":true,"href":"https:\/\/agora.xtec.cat\/insalfonscostafreda\/wp-json\/wp\/v2\/comments?post=637"}],"version-history":[{"count":6,"href":"https:\/\/agora.xtec.cat\/insalfonscostafreda\/wp-json\/wp\/v2\/pages\/637\/revisions"}],"predecessor-version":[{"id":14050,"href":"https:\/\/agora.xtec.cat\/insalfonscostafreda\/wp-json\/wp\/v2\/pages\/637\/revisions\/14050"}],"up":[{"embeddable":true,"href":"https:\/\/agora.xtec.cat\/insalfonscostafreda\/wp-json\/wp\/v2\/pages\/632"}],"wp:attachment":[{"href":"https:\/\/agora.xtec.cat\/insalfonscostafreda\/wp-json\/wp\/v2\/media?parent=637"}],"curies":[{"name":"wp","href":"https:\/\/api.w.org\/{rel}","templated":true}]}}