{"id":632,"date":"2023-10-28T09:42:38","date_gmt":"2023-10-28T07:42:38","guid":{"rendered":"https:\/\/agora.xtec.cat\/insalfonscostafreda\/?page_id=632"},"modified":"2026-01-19T16:03:20","modified_gmt":"2026-01-19T15:03:20","slug":"cicles-formatius","status":"publish","type":"page","link":"https:\/\/agora.xtec.cat\/insalfonscostafreda\/estudis\/cicles-formatius\/","title":{"rendered":"Cicles Formatius"},"content":{"rendered":"<p>La formaci\u00f3 professional capacita per exercir de manera qualificada diverses professions i proporciona la formaci\u00f3 necess\u00e0ria per adquirir la compet\u00e8ncia professional i el coneixement propis de cada sector.<\/p>\n<p>La formaci\u00f3 professional s&#8217;organitza per fam\u00edlies professionals. Els ensenyaments de la formaci\u00f3 professional s&#8217;ordenen en:<\/p>\n<ul>\n<li><strong>itineraris formatius espec\u00edfics,<\/strong> que s\u00f3n ensenyaments professionals adre\u00e7ats a alumnes d&#8217;entre 16 i 20 anys amb necessitats educatives especials associades a una discapacitat intel\u00b7lectual lleu o moderada i que no es troben en disposici\u00f3 de seguir la formaci\u00f3 professional ordin\u00e0ria;<\/li>\n<li><strong>programes de formaci\u00f3 i inserci\u00f3 (PFI)<\/strong>, que estan pensats per a joves d&#8217;entre 16 i 21 anys que han deixat l&#8217;educaci\u00f3 secund\u00e0ria obligat\u00f2ria amb l&#8217;objectiu de proporcionar-los, d&#8217;una banda, la continu\u00eftat formativa dins de la formaci\u00f3 professional i, de l&#8217;altra, l&#8217;aprenentatge imprescindible per accedir al mercat de treball;<\/li>\n<li><strong>cicles de grau b\u00e0sic, de grau mitj\u00e0 i de grau superior<\/strong>, en qu\u00e8 tamb\u00e9 hi ha cursos d&#8217;especialitzaci\u00f3 per aprofundir coneixements despr\u00e9s d&#8217;haver cursat un cicle formatiu. Els cicles formatius tenen una durada de 2.000 hores, que s&#8217;organitzen en dos cursos acad\u00e8mics; una part d&#8217;aquestes hores es destina a la formaci\u00f3 en un centre educatiu i una altra part a la formaci\u00f3 pr\u00e0ctica en centres de treball. Els cursos d&#8217;especialitzaci\u00f3 tenen una durada d&#8217;entre 500 i 720 hores. Amb la superaci\u00f3 d&#8217;un cicle formatiu de grau b\u00e0sic s&#8217;obt\u00e9 el t\u00edtol de t\u00e8cnic b\u00e0sic o t\u00e8cnica b\u00e0sica; amb la superaci\u00f3 d&#8217;un cicle formatiu de grau mitj\u00e0 s&#8217;obt\u00e9 el t\u00edtol de t\u00e8cnic o t\u00e8cnica, i amb la superaci\u00f3 d&#8217;un de grau superior, el de t\u00e8cnic o t\u00e8cnica superior.<\/li>\n<\/ul>\n<p>Les <strong>finalitats<\/strong> dels ensenyaments de formaci\u00f3 professional s\u00f3n les seg\u00fcents:<\/p>\n<ol style=\"list-style-type: lower-alpha;\">\n<li>Satisfer les necessitats de formaci\u00f3 i de qualificaci\u00f3 professional de les persones perqu\u00e8 puguin respondre a les necessitats derivades de la competitivitat del teixit econ\u00f2mic i de la cohesi\u00f3 social i territorial.<\/li>\n<li>Impulsar i aprofundir en la cooperaci\u00f3 i participaci\u00f3 de les empreses i les seves organitzacions en la seva planificaci\u00f3 i desenvolupament.<\/li>\n<li>Facilitar l&#8217;acc\u00e9s a la qualificaci\u00f3, la millora de la qualificaci\u00f3 assolida, i l&#8217;orientaci\u00f3 al llarg de la vida.<\/li>\n<\/ol>\n<p>Els <strong>objectius<\/strong> dels ensenyaments de formaci\u00f3 professional inicial consisteixen en el fet que l&#8217;alumnat pugui:<\/p>\n<ol style=\"list-style-type: lower-alpha;\">\n<li>Adquirir les compet\u00e8ncies professionals, personals i socials corresponents als ensenyaments cursats.<\/li>\n<li>Comprendre l&#8217;organitzaci\u00f3 i les caracter\u00edstiques del sector corresponent, aix\u00ed com els mecanismes d&#8217;inserci\u00f3 professional; con\u00e8ixer la legislaci\u00f3 laboral i els drets i obligacions que es deriven de les relacions laborals, i adquirir els coneixements i aptituds necess\u00e0ries per treballar en condicions de seguretat i salut i prevenir els possibles riscos derivats del treball.<\/li>\n<li>Adquirir la compet\u00e8ncia ling\u00fc\u00edstica instrumental en la llengua o lleng\u00fces estrangeres adients a l&#8217;\u00e0mbit professional de treball.<\/li>\n<li>Adquirir la sensibilitat i la capacitat per desenvolupar les seves activitats respectant el medi ambient i amb la utilitzaci\u00f3 dels recursos en el grau adequat a la finalitat a assolir.<\/li>\n<li>Adquirir una identitat i maduresa professional emprenedora en el desenvolupament de les activitats professionals, i motivadora per a l&#8217;autoaprenentatge i per a l&#8217;actualitzaci\u00f3 permanent de les seves compet\u00e8ncies.<\/li>\n<li>Adquirir les capacitats i habilitats per treballar en equip.<\/li>\n<\/ol>\n<p><iframe loading=\"lazy\" width=\"560\" height=\"315\" src=\"https:\/\/www.youtube.com\/embed\/GkfLutTIcTA?si=tzArI4pSbE8AWla3\" title=\"YouTube video player\" frameborder=\"0\" allow=\"accelerometer; autoplay; clipboard-write; encrypted-media; gyroscope; picture-in-picture; web-share\" referrerpolicy=\"strict-origin-when-cross-origin\" allowfullscreen><\/iframe><\/p>\n<p>M\u00e9s informaci\u00f3: <a href=\"https:\/\/triaeducativa.gencat.cat\/ca\/fp\/\">https:\/\/triaeducativa.gencat.cat\/ca\/fp\/<\/a><\/p>\n","protected":false},"excerpt":{"rendered":"<p>La formaci\u00f3 professional capacita per exercir de manera qualificada diverses professions i proporciona la formaci\u00f3 necess\u00e0ria per adquirir la compet\u00e8ncia professional i el coneixement propis de cada sector. La formaci\u00f3 professional s&#8217;organitza per fam\u00edlies professionals. Els ensenyaments de la formaci\u00f3 professional s&#8217;ordenen en: itineraris formatius espec\u00edfics, que s\u00f3n ensenyaments professionals adre\u00e7ats a alumnes d&#8217;entre 16 [&hellip;]<\/p>\n","protected":false},"author":1,"featured_media":0,"parent":195,"menu_order":2,"comment_status":"closed","ping_status":"closed","template":"page-templates\/side-menu.php","meta":{"_bbp_topic_count":0,"_bbp_reply_count":0,"_bbp_total_topic_count":0,"_bbp_total_reply_count":0,"_bbp_voice_count":0,"_bbp_anonymous_reply_count":0,"_bbp_topic_count_hidden":0,"_bbp_reply_count_hidden":0,"_bbp_forum_subforum_count":0,"site-sidebar-layout":"default","site-content-layout":"","ast-site-content-layout":"","site-content-style":"default","site-sidebar-style":"default","ast-global-header-display":"","ast-banner-title-visibility":"","ast-main-header-display":"","ast-hfb-above-header-display":"","ast-hfb-below-header-display":"","ast-hfb-mobile-header-display":"","site-post-title":"","ast-breadcrumbs-content":"","ast-featured-img":"","footer-sml-layout":"","theme-transparent-header-meta":"","adv-header-id-meta":"","stick-header-meta":"","header-above-stick-meta":"","header-main-stick-meta":"","header-below-stick-meta":"","astra-migrate-meta-layouts":"default","ast-page-background-enabled":"default","ast-page-background-meta":{"desktop":{"background-color":"var(--ast-global-color-4)","background-image":"","background-repeat":"repeat","background-position":"center center","background-size":"auto","background-attachment":"scroll","background-type":"","background-media":"","overlay-type":"","overlay-color":"","overlay-opacity":"","overlay-gradient":""},"tablet":{"background-color":"","background-image":"","background-repeat":"repeat","background-position":"center center","background-size":"auto","background-attachment":"scroll","background-type":"","background-media":"","overlay-type":"","overlay-color":"","overlay-opacity":"","overlay-gradient":""},"mobile":{"background-color":"","background-image":"","background-repeat":"repeat","background-position":"center center","background-size":"auto","background-attachment":"scroll","background-type":"","background-media":"","overlay-type":"","overlay-color":"","overlay-opacity":"","overlay-gradient":""}},"ast-content-background-meta":{"desktop":{"background-color":"var(--ast-global-color-5)","background-image":"","background-repeat":"repeat","background-position":"center center","background-size":"auto","background-attachment":"scroll","background-type":"","background-media":"","overlay-type":"","overlay-color":"","overlay-opacity":"","overlay-gradient":""},"tablet":{"background-color":"var(--ast-global-color-5)","background-image":"","background-repeat":"repeat","background-position":"center center","background-size":"auto","background-attachment":"scroll","background-type":"","background-media":"","overlay-type":"","overlay-color":"","overlay-opacity":"","overlay-gradient":""},"mobile":{"background-color":"var(--ast-global-color-5)","background-image":"","background-repeat":"repeat","background-position":"center center","background-size":"auto","background-attachment":"scroll","background-type":"","background-media":"","overlay-type":"","overlay-color":"","overlay-opacity":"","overlay-gradient":""}},"footnotes":""},"class_list":["post-632","page","type-page","status-publish","hentry"],"post_mailing_queue_ids":[],"_links":{"self":[{"href":"https:\/\/agora.xtec.cat\/insalfonscostafreda\/wp-json\/wp\/v2\/pages\/632","targetHints":{"allow":["GET"]}}],"collection":[{"href":"https:\/\/agora.xtec.cat\/insalfonscostafreda\/wp-json\/wp\/v2\/pages"}],"about":[{"href":"https:\/\/agora.xtec.cat\/insalfonscostafreda\/wp-json\/wp\/v2\/types\/page"}],"author":[{"embeddable":true,"href":"https:\/\/agora.xtec.cat\/insalfonscostafreda\/wp-json\/wp\/v2\/users\/1"}],"replies":[{"embeddable":true,"href":"https:\/\/agora.xtec.cat\/insalfonscostafreda\/wp-json\/wp\/v2\/comments?post=632"}],"version-history":[{"count":6,"href":"https:\/\/agora.xtec.cat\/insalfonscostafreda\/wp-json\/wp\/v2\/pages\/632\/revisions"}],"predecessor-version":[{"id":14268,"href":"https:\/\/agora.xtec.cat\/insalfonscostafreda\/wp-json\/wp\/v2\/pages\/632\/revisions\/14268"}],"up":[{"embeddable":true,"href":"https:\/\/agora.xtec.cat\/insalfonscostafreda\/wp-json\/wp\/v2\/pages\/195"}],"wp:attachment":[{"href":"https:\/\/agora.xtec.cat\/insalfonscostafreda\/wp-json\/wp\/v2\/media?parent=632"}],"curies":[{"name":"wp","href":"https:\/\/api.w.org\/{rel}","templated":true}]}}