{"id":624,"date":"2023-10-28T09:38:10","date_gmt":"2023-10-28T07:38:10","guid":{"rendered":"https:\/\/agora.xtec.cat\/insalfonscostafreda\/?page_id=624"},"modified":"2024-09-04T16:33:42","modified_gmt":"2024-09-04T14:33:42","slug":"manteniment-electromecanic","status":"publish","type":"page","link":"https:\/\/agora.xtec.cat\/insalfonscostafreda\/estudis\/cicles-formatius\/manteniment-electromecanic\/","title":{"rendered":"Manteniment Electromec\u00e0nic"},"content":{"rendered":"<p><img loading=\"lazy\" decoding=\"async\" class=\"wp-image-1229 alignleft\" src=\"https:\/\/agora.xtec.cat\/insalfonscostafreda\/wp-content\/uploads\/usu2359\/familia-manteniment.png\" alt=\"\" width=\"204\" height=\"166\" \/><\/p>\n<p>Aquests estudis capaciten per muntar i mantenir maquin\u00e0ria i equips industrials i l\u00ednies automatitzades de producci\u00f3 d&#8217;acord amb els reglaments i les normes establertes, seguint els protocols de qualitat, seguretat i prevenci\u00f3 de riscos laborals i respecte ambiental.<\/p>\n<p>Tenen una durada de 2.000 horas distribu\u00efdes en dos cursos acad\u00e8mics.<\/p>\n<h2>V\u00eddeo de presentaci\u00f3<\/h2>\n<p><iframe loading=\"lazy\" title=\"YouTube video player\" src=\"https:\/\/www.youtube.com\/embed\/1dDbvHZ-uJg?si=qq94NumKs4zHRC6v\" width=\"560\" height=\"315\" frameborder=\"0\" allowfullscreen=\"allowfullscreen\"><\/iframe><\/p>\n<p>M\u00e9s informaci\u00f3 a la web de <a href=\"https:\/\/triaeducativa.gencat.cat\/ca\/estudis\/?manteniment-electromecanic&amp;p_id=1490\">Tria Educativa<\/a><\/p>\n\n\n<h2 class=\"wp-block-heading\">Organitzaci\u00f3 curricular<\/h2>\n\n\n\n<div data-wp-interactive=\"core\/file\" class=\"wp-block-file\"><object data-wp-bind--hidden=\"!state.hasPdfPreview\" hidden class=\"wp-block-file__embed\" data=\"https:\/\/agora.xtec.cat\/insalfonscostafreda\/wp-content\/uploads\/usu2359\/GM-Manteniment_Curriculum-web.pdf\" type=\"application\/pdf\" style=\"width:100%;height:600px\" aria-label=\"Incrustaci\u00f3 del fitxer GM-Manteniment_Curriculum-web.\"><\/object><a id=\"wp-block-file--media-03c5baf7-d5d3-4418-9359-61013d6006fa\" href=\"https:\/\/agora.xtec.cat\/insalfonscostafreda\/wp-content\/uploads\/usu2359\/GM-Manteniment_Curriculum-web.pdf\">GM-Manteniment_Curriculum-web<\/a><a href=\"https:\/\/agora.xtec.cat\/insalfonscostafreda\/wp-content\/uploads\/usu2359\/GM-Manteniment_Curriculum-web.pdf\" class=\"wp-block-file__button wp-element-button\" download aria-describedby=\"wp-block-file--media-03c5baf7-d5d3-4418-9359-61013d6006fa\">Baixa<\/a><\/div>\n","protected":false},"excerpt":{"rendered":"<p>Aquests estudis capaciten per muntar i mantenir maquin\u00e0ria i equips industrials i l\u00ednies automatitzades de producci\u00f3 d&#8217;acord amb els reglaments i les normes establertes, seguint els protocols de qualitat, seguretat i prevenci\u00f3 de riscos laborals i respecte ambiental. Tenen una durada de 2.000 horas distribu\u00efdes en dos cursos acad\u00e8mics. V\u00eddeo de presentaci\u00f3 M\u00e9s informaci\u00f3 a [&hellip;]<\/p>\n","protected":false},"author":1,"featured_media":0,"parent":632,"menu_order":2,"comment_status":"closed","ping_status":"closed","template":"page-templates\/side-menu.php","meta":{"_bbp_topic_count":0,"_bbp_reply_count":0,"_bbp_total_topic_count":0,"_bbp_total_reply_count":0,"_bbp_voice_count":0,"_bbp_anonymous_reply_count":0,"_bbp_topic_count_hidden":0,"_bbp_reply_count_hidden":0,"_bbp_forum_subforum_count":0,"site-sidebar-layout":"default","site-content-layout":"","ast-site-content-layout":"","site-content-style":"default","site-sidebar-style":"default","ast-global-header-display":"","ast-banner-title-visibility":"","ast-main-header-display":"","ast-hfb-above-header-display":"","ast-hfb-below-header-display":"","ast-hfb-mobile-header-display":"","site-post-title":"","ast-breadcrumbs-content":"","ast-featured-img":"","footer-sml-layout":"","theme-transparent-header-meta":"","adv-header-id-meta":"","stick-header-meta":"","header-above-stick-meta":"","header-main-stick-meta":"","header-below-stick-meta":"","astra-migrate-meta-layouts":"default","ast-page-background-enabled":"default","ast-page-background-meta":{"desktop":{"background-color":"var(--ast-global-color-4)","background-image":"","background-repeat":"repeat","background-position":"center center","background-size":"auto","background-attachment":"scroll","background-type":"","background-media":"","overlay-type":"","overlay-color":"","overlay-opacity":"","overlay-gradient":""},"tablet":{"background-color":"","background-image":"","background-repeat":"repeat","background-position":"center center","background-size":"auto","background-attachment":"scroll","background-type":"","background-media":"","overlay-type":"","overlay-color":"","overlay-opacity":"","overlay-gradient":""},"mobile":{"background-color":"","background-image":"","background-repeat":"repeat","background-position":"center center","background-size":"auto","background-attachment":"scroll","background-type":"","background-media":"","overlay-type":"","overlay-color":"","overlay-opacity":"","overlay-gradient":""}},"ast-content-background-meta":{"desktop":{"background-color":"var(--ast-global-color-5)","background-image":"","background-repeat":"repeat","background-position":"center center","background-size":"auto","background-attachment":"scroll","background-type":"","background-media":"","overlay-type":"","overlay-color":"","overlay-opacity":"","overlay-gradient":""},"tablet":{"background-color":"var(--ast-global-color-5)","background-image":"","background-repeat":"repeat","background-position":"center center","background-size":"auto","background-attachment":"scroll","background-type":"","background-media":"","overlay-type":"","overlay-color":"","overlay-opacity":"","overlay-gradient":""},"mobile":{"background-color":"var(--ast-global-color-5)","background-image":"","background-repeat":"repeat","background-position":"center center","background-size":"auto","background-attachment":"scroll","background-type":"","background-media":"","overlay-type":"","overlay-color":"","overlay-opacity":"","overlay-gradient":""}},"footnotes":""},"class_list":["post-624","page","type-page","status-publish","hentry"],"post_mailing_queue_ids":[],"_links":{"self":[{"href":"https:\/\/agora.xtec.cat\/insalfonscostafreda\/wp-json\/wp\/v2\/pages\/624","targetHints":{"allow":["GET"]}}],"collection":[{"href":"https:\/\/agora.xtec.cat\/insalfonscostafreda\/wp-json\/wp\/v2\/pages"}],"about":[{"href":"https:\/\/agora.xtec.cat\/insalfonscostafreda\/wp-json\/wp\/v2\/types\/page"}],"author":[{"embeddable":true,"href":"https:\/\/agora.xtec.cat\/insalfonscostafreda\/wp-json\/wp\/v2\/users\/1"}],"replies":[{"embeddable":true,"href":"https:\/\/agora.xtec.cat\/insalfonscostafreda\/wp-json\/wp\/v2\/comments?post=624"}],"version-history":[{"count":6,"href":"https:\/\/agora.xtec.cat\/insalfonscostafreda\/wp-json\/wp\/v2\/pages\/624\/revisions"}],"predecessor-version":[{"id":12860,"href":"https:\/\/agora.xtec.cat\/insalfonscostafreda\/wp-json\/wp\/v2\/pages\/624\/revisions\/12860"}],"up":[{"embeddable":true,"href":"https:\/\/agora.xtec.cat\/insalfonscostafreda\/wp-json\/wp\/v2\/pages\/632"}],"wp:attachment":[{"href":"https:\/\/agora.xtec.cat\/insalfonscostafreda\/wp-json\/wp\/v2\/media?parent=624"}],"curies":[{"name":"wp","href":"https:\/\/api.w.org\/{rel}","templated":true}]}}