{"id":622,"date":"2023-10-28T09:37:47","date_gmt":"2023-10-28T07:37:47","guid":{"rendered":"https:\/\/agora.xtec.cat\/insalfonscostafreda\/?page_id=622"},"modified":"2024-09-04T16:35:02","modified_gmt":"2024-09-04T14:35:02","slug":"sistemes-microinformatics-i-xarxes","status":"publish","type":"page","link":"https:\/\/agora.xtec.cat\/insalfonscostafreda\/estudis\/cicles-formatius\/sistemes-microinformatics-i-xarxes\/","title":{"rendered":"Sistemes Microinform\u00e0tics i Xarxes"},"content":{"rendered":"<p><img loading=\"lazy\" decoding=\"async\" class=\"wp-image-1224 alignleft\" src=\"https:\/\/agora.xtec.cat\/insalfonscostafreda\/wp-content\/uploads\/usu2359\/familia-informatica.png\" alt=\"\" width=\"224\" height=\"193\" \/>Aquests estudis postobligatoris capaciten per instal\u00b7lar i mantenir serveis de xarxes fixes i m\u00f2bils, serveis d\u2019Internet i sistemes inform\u00e0tics i tamb\u00e9 per prestar suport als usuaris i usu\u00e0ries.<\/p>\n<p>Tenen una durada de 2.000 hores distribu\u00efdes en dos cursos<strong>\u00a0<\/strong>acad\u00e8mics.<\/p>\n<p>M\u00e9s informaci\u00f3 a la web de <a href=\"https:\/\/triaeducativa.gencat.cat\/ca\/estudis\/?sistemes-microinformatics-xarxes&amp;p_id=123\">Tria Educativa<\/a><\/p>\n\n\n<h2 class=\"wp-block-heading\">Organitzaci\u00f3 curricular<\/h2>\n\n\n\n<div data-wp-interactive=\"core\/file\" class=\"wp-block-file\"><object data-wp-bind--hidden=\"!state.hasPdfPreview\" hidden class=\"wp-block-file__embed\" data=\"https:\/\/agora.xtec.cat\/insalfonscostafreda\/wp-content\/uploads\/usu2359\/GM-SMIX_Curriculum-web.pdf\" type=\"application\/pdf\" style=\"width:100%;height:600px\" aria-label=\"Incrustaci\u00f3 del fitxer GM-SMIX_Curriculum-web.\"><\/object><a id=\"wp-block-file--media-09809349-7235-4e9a-89f6-3d0619834d9b\" href=\"https:\/\/agora.xtec.cat\/insalfonscostafreda\/wp-content\/uploads\/usu2359\/GM-SMIX_Curriculum-web.pdf\">GM-SMIX_Curriculum-web<\/a><a href=\"https:\/\/agora.xtec.cat\/insalfonscostafreda\/wp-content\/uploads\/usu2359\/GM-SMIX_Curriculum-web.pdf\" class=\"wp-block-file__button wp-element-button\" download aria-describedby=\"wp-block-file--media-09809349-7235-4e9a-89f6-3d0619834d9b\">Baixa<\/a><\/div>\n","protected":false},"excerpt":{"rendered":"<p>Aquests estudis postobligatoris capaciten per instal\u00b7lar i mantenir serveis de xarxes fixes i m\u00f2bils, serveis d\u2019Internet i sistemes inform\u00e0tics i tamb\u00e9 per prestar suport als usuaris i usu\u00e0ries. Tenen una durada de 2.000 hores distribu\u00efdes en dos cursos\u00a0acad\u00e8mics. M\u00e9s informaci\u00f3 a la web de Tria Educativa Organitzaci\u00f3 curricular<\/p>\n","protected":false},"author":1,"featured_media":0,"parent":632,"menu_order":4,"comment_status":"closed","ping_status":"closed","template":"page-templates\/side-menu.php","meta":{"_bbp_topic_count":0,"_bbp_reply_count":0,"_bbp_total_topic_count":0,"_bbp_total_reply_count":0,"_bbp_voice_count":0,"_bbp_anonymous_reply_count":0,"_bbp_topic_count_hidden":0,"_bbp_reply_count_hidden":0,"_bbp_forum_subforum_count":0,"site-sidebar-layout":"default","site-content-layout":"","ast-site-content-layout":"","site-content-style":"default","site-sidebar-style":"default","ast-global-header-display":"","ast-banner-title-visibility":"","ast-main-header-display":"","ast-hfb-above-header-display":"","ast-hfb-below-header-display":"","ast-hfb-mobile-header-display":"","site-post-title":"","ast-breadcrumbs-content":"","ast-featured-img":"","footer-sml-layout":"","theme-transparent-header-meta":"","adv-header-id-meta":"","stick-header-meta":"","header-above-stick-meta":"","header-main-stick-meta":"","header-below-stick-meta":"","astra-migrate-meta-layouts":"default","ast-page-background-enabled":"default","ast-page-background-meta":{"desktop":{"background-color":"var(--ast-global-color-4)","background-image":"","background-repeat":"repeat","background-position":"center center","background-size":"auto","background-attachment":"scroll","background-type":"","background-media":"","overlay-type":"","overlay-color":"","overlay-opacity":"","overlay-gradient":""},"tablet":{"background-color":"","background-image":"","background-repeat":"repeat","background-position":"center center","background-size":"auto","background-attachment":"scroll","background-type":"","background-media":"","overlay-type":"","overlay-color":"","overlay-opacity":"","overlay-gradient":""},"mobile":{"background-color":"","background-image":"","background-repeat":"repeat","background-position":"center center","background-size":"auto","background-attachment":"scroll","background-type":"","background-media":"","overlay-type":"","overlay-color":"","overlay-opacity":"","overlay-gradient":""}},"ast-content-background-meta":{"desktop":{"background-color":"var(--ast-global-color-5)","background-image":"","background-repeat":"repeat","background-position":"center center","background-size":"auto","background-attachment":"scroll","background-type":"","background-media":"","overlay-type":"","overlay-color":"","overlay-opacity":"","overlay-gradient":""},"tablet":{"background-color":"var(--ast-global-color-5)","background-image":"","background-repeat":"repeat","background-position":"center center","background-size":"auto","background-attachment":"scroll","background-type":"","background-media":"","overlay-type":"","overlay-color":"","overlay-opacity":"","overlay-gradient":""},"mobile":{"background-color":"var(--ast-global-color-5)","background-image":"","background-repeat":"repeat","background-position":"center center","background-size":"auto","background-attachment":"scroll","background-type":"","background-media":"","overlay-type":"","overlay-color":"","overlay-opacity":"","overlay-gradient":""}},"footnotes":""},"class_list":["post-622","page","type-page","status-publish","hentry"],"post_mailing_queue_ids":[],"_links":{"self":[{"href":"https:\/\/agora.xtec.cat\/insalfonscostafreda\/wp-json\/wp\/v2\/pages\/622","targetHints":{"allow":["GET"]}}],"collection":[{"href":"https:\/\/agora.xtec.cat\/insalfonscostafreda\/wp-json\/wp\/v2\/pages"}],"about":[{"href":"https:\/\/agora.xtec.cat\/insalfonscostafreda\/wp-json\/wp\/v2\/types\/page"}],"author":[{"embeddable":true,"href":"https:\/\/agora.xtec.cat\/insalfonscostafreda\/wp-json\/wp\/v2\/users\/1"}],"replies":[{"embeddable":true,"href":"https:\/\/agora.xtec.cat\/insalfonscostafreda\/wp-json\/wp\/v2\/comments?post=622"}],"version-history":[{"count":4,"href":"https:\/\/agora.xtec.cat\/insalfonscostafreda\/wp-json\/wp\/v2\/pages\/622\/revisions"}],"predecessor-version":[{"id":12864,"href":"https:\/\/agora.xtec.cat\/insalfonscostafreda\/wp-json\/wp\/v2\/pages\/622\/revisions\/12864"}],"up":[{"embeddable":true,"href":"https:\/\/agora.xtec.cat\/insalfonscostafreda\/wp-json\/wp\/v2\/pages\/632"}],"wp:attachment":[{"href":"https:\/\/agora.xtec.cat\/insalfonscostafreda\/wp-json\/wp\/v2\/media?parent=622"}],"curies":[{"name":"wp","href":"https:\/\/api.w.org\/{rel}","templated":true}]}}