{"id":614,"date":"2023-10-28T09:29:56","date_gmt":"2023-10-28T07:29:56","guid":{"rendered":"https:\/\/agora.xtec.cat\/insalfonscostafreda\/?page_id=614"},"modified":"2024-03-11T10:41:18","modified_gmt":"2024-03-11T09:41:18","slug":"ptt","status":"publish","type":"page","link":"https:\/\/agora.xtec.cat\/insalfonscostafreda\/estudis\/pfi\/ptt\/","title":{"rendered":"PTT"},"content":{"rendered":"<div class=\"NG-menu__wrapper_title\" role=\"main\">\n<h2 class=\"NG-menu__title\">Auxiliar de Comer\u00e7 i Atenci\u00f3 al P\u00fablic<\/h2>\n<\/div>\n<div class=\"NG-menu__wrapper_title2\">\n<div class=\"tornar-box\">\n<p>Aquests estudis capaciten per dur a terme tasques auxiliars de comercialitzaci\u00f3, marxandatge i emmagatzematge de productes i mercaderies, aix\u00ed com organitzar els procediments administratius d&#8217;aquesta activitat.<\/p>\n<p>Tenen una durada total de 1.000 hores, un curs acad\u00e8mic.<\/p>\n<\/div>\n<\/div>\n<p>M\u00e9s informaci\u00f3 a la web de <a href=\"https:\/\/triaeducativa.gencat.cat\/ca\/estudis\/?auxiliar-vendes-oficina-atencio-public&amp;p_id=2770\">Tria Educativa<\/a><\/p>\n","protected":false},"excerpt":{"rendered":"<p>Auxiliar de Comer\u00e7 i Atenci\u00f3 al P\u00fablic Aquests estudis capaciten per dur a terme tasques auxiliars de comercialitzaci\u00f3, marxandatge i emmagatzematge de productes i mercaderies, aix\u00ed com organitzar els procediments administratius d&#8217;aquesta activitat. Tenen una durada total de 1.000 hores, un curs acad\u00e8mic. M\u00e9s informaci\u00f3 a la web de Tria Educativa<\/p>\n","protected":false},"author":1,"featured_media":0,"parent":687,"menu_order":0,"comment_status":"closed","ping_status":"closed","template":"page-templates\/side-menu.php","meta":{"_bbp_topic_count":0,"_bbp_reply_count":0,"_bbp_total_topic_count":0,"_bbp_total_reply_count":0,"_bbp_voice_count":0,"_bbp_anonymous_reply_count":0,"_bbp_topic_count_hidden":0,"_bbp_reply_count_hidden":0,"_bbp_forum_subforum_count":0,"site-sidebar-layout":"default","site-content-layout":"","ast-site-content-layout":"","site-content-style":"default","site-sidebar-style":"default","ast-global-header-display":"","ast-banner-title-visibility":"","ast-main-header-display":"","ast-hfb-above-header-display":"","ast-hfb-below-header-display":"","ast-hfb-mobile-header-display":"","site-post-title":"","ast-breadcrumbs-content":"","ast-featured-img":"","footer-sml-layout":"","theme-transparent-header-meta":"","adv-header-id-meta":"","stick-header-meta":"","header-above-stick-meta":"","header-main-stick-meta":"","header-below-stick-meta":"","astra-migrate-meta-layouts":"default","ast-page-background-enabled":"default","ast-page-background-meta":{"desktop":{"background-color":"var(--ast-global-color-4)","background-image":"","background-repeat":"repeat","background-position":"center center","background-size":"auto","background-attachment":"scroll","background-type":"","background-media":"","overlay-type":"","overlay-color":"","overlay-opacity":"","overlay-gradient":""},"tablet":{"background-color":"","background-image":"","background-repeat":"repeat","background-position":"center center","background-size":"auto","background-attachment":"scroll","background-type":"","background-media":"","overlay-type":"","overlay-color":"","overlay-opacity":"","overlay-gradient":""},"mobile":{"background-color":"","background-image":"","background-repeat":"repeat","background-position":"center center","background-size":"auto","background-attachment":"scroll","background-type":"","background-media":"","overlay-type":"","overlay-color":"","overlay-opacity":"","overlay-gradient":""}},"ast-content-background-meta":{"desktop":{"background-color":"var(--ast-global-color-5)","background-image":"","background-repeat":"repeat","background-position":"center center","background-size":"auto","background-attachment":"scroll","background-type":"","background-media":"","overlay-type":"","overlay-color":"","overlay-opacity":"","overlay-gradient":""},"tablet":{"background-color":"var(--ast-global-color-5)","background-image":"","background-repeat":"repeat","background-position":"center center","background-size":"auto","background-attachment":"scroll","background-type":"","background-media":"","overlay-type":"","overlay-color":"","overlay-opacity":"","overlay-gradient":""},"mobile":{"background-color":"var(--ast-global-color-5)","background-image":"","background-repeat":"repeat","background-position":"center center","background-size":"auto","background-attachment":"scroll","background-type":"","background-media":"","overlay-type":"","overlay-color":"","overlay-opacity":"","overlay-gradient":""}},"footnotes":""},"class_list":["post-614","page","type-page","status-publish","hentry"],"post_mailing_queue_ids":[],"_links":{"self":[{"href":"https:\/\/agora.xtec.cat\/insalfonscostafreda\/wp-json\/wp\/v2\/pages\/614","targetHints":{"allow":["GET"]}}],"collection":[{"href":"https:\/\/agora.xtec.cat\/insalfonscostafreda\/wp-json\/wp\/v2\/pages"}],"about":[{"href":"https:\/\/agora.xtec.cat\/insalfonscostafreda\/wp-json\/wp\/v2\/types\/page"}],"author":[{"embeddable":true,"href":"https:\/\/agora.xtec.cat\/insalfonscostafreda\/wp-json\/wp\/v2\/users\/1"}],"replies":[{"embeddable":true,"href":"https:\/\/agora.xtec.cat\/insalfonscostafreda\/wp-json\/wp\/v2\/comments?post=614"}],"version-history":[{"count":4,"href":"https:\/\/agora.xtec.cat\/insalfonscostafreda\/wp-json\/wp\/v2\/pages\/614\/revisions"}],"predecessor-version":[{"id":2160,"href":"https:\/\/agora.xtec.cat\/insalfonscostafreda\/wp-json\/wp\/v2\/pages\/614\/revisions\/2160"}],"up":[{"embeddable":true,"href":"https:\/\/agora.xtec.cat\/insalfonscostafreda\/wp-json\/wp\/v2\/pages\/687"}],"wp:attachment":[{"href":"https:\/\/agora.xtec.cat\/insalfonscostafreda\/wp-json\/wp\/v2\/media?parent=614"}],"curies":[{"name":"wp","href":"https:\/\/api.w.org\/{rel}","templated":true}]}}